{"id":15780,"date":"2025-01-19T14:58:13","date_gmt":"2025-01-19T14:58:13","guid":{"rendered":"https:\/\/www.hydraulic-cylinders.net\/product\/bucket-cylinder-for-tck-hd1533lc-8h\/"},"modified":"2025-01-19T14:58:15","modified_gmt":"2025-01-19T14:58:15","slug":"bucket-cylinder-for-tck-hd1533lc-8h","status":"publish","type":"product","link":"https:\/\/www.hydraulic-cylinders.net\/sl\/izdelek\/bucket-cylinder-for-tck-hd1533lc-8h\/","title":{"rendered":"Valj \u017elice za TCK HD1533LC-8H"},"content":{"rendered":"<h1>Valj \u017elice za TCK HD1533LC-8H<\/h1>\n<h2>Uvod<\/h2>\n<p>Hidravli\u010dni valj \u017elice je posebej zasnovan hidravli\u010dni valj, ki se uporablja za krmiljenje gibanja \u017elice v te\u017ekih strojih, kot so bagri, bagri nakladalniki in \u010delni nakladalniki. Njegova glavna funkcija je olaj\u0161anje dvigovanja, spu\u0161\u010danja in nagibanja \u017elice za razli\u010dna opravila ravnanja z materiali. V hidravli\u010dnem sistemu valj \u017elice dose\u017ee natan\u010den nadzor nad \u017elico s spreminjanjem tlaka hidravli\u010dnega olja, kar omogo\u010da upravljavcem u\u010dinkovito ravnanje s te\u017ekimi bremeni in prilagajanje kompleksnim delovnim okoljem ter raznolikim zahtevam dela.<\/p>\n<p><img decoding=\"async\" src=\"https:\/\/www.hydraulic-cylinders.net\/wp-content\/uploads\/2025\/01\/songte-company-2.webp\"><\/p>\n<h2>Zna\u010dilnosti<\/h2>\n<ul>\n<li><strong>Visoka trdnost in vzdr\u017eljivost:<\/strong> Obi\u010dajno izdelan iz visoko trdnega jekla ali aluminija, lahko valj z \u017elico prenese visok tlak in velike obremenitve, s \u010dimer se prilagodi te\u017ekim delovnim pogojem. Njegova zasnova upo\u0161teva odpornost proti obrabi in koroziji, kar podalj\u0161uje njegovo \u017eivljenjsko dobo.<\/li>\n<li><strong>U\u010dinkovito hidravli\u010dno delovanje:<\/strong> Z izkori\u0161\u010danjem tlaka hidravli\u010dnega olja omogo\u010da valj \u017elice gladko iztegovanje in vstavljanje, kar omogo\u010da hiter odziv na krmilne ukaze in zagotavlja mo\u010dne potisne in vle\u010dne sile. Primeren je za ravnanje s te\u017ekimi bremeni in kompleksnimi delovnimi nalogami.<\/li>\n<li><strong>Vsestranske vrste:<\/strong> Valj \u017elice je lahko glede na specifi\u010dne operativne potrebe enosmerno delujo\u010d (hidravli\u010dna sila deluje samo v eno smer) ali dvosmerno delujo\u010d (hidravli\u010dna sila deluje v obe smeri). Nekateri modeli so teleskopski, kar omogo\u010da ve\u010dji razteg brez pove\u010danja zunanjih dimenzij, zaradi \u010desar so primerni za uporabo v omejenem prostoru.<\/li>\n<\/ul>\n<p><img decoding=\"async\" src=\"https:\/\/www.hydraulic-cylinders.net\/wp-content\/uploads\/2025\/01\/songte-cylinder-head-with-all-kinds-excavator-models.webp\"><\/p>\n<h2>Aplikacije<\/h2>\n<ul>\n<li><strong>Gradbena oprema:<\/strong> Nahajajo se v bagrih in so klju\u010dni za kopanje, nakladanje in premikanje zemlje ali ru\u0161evin. Pri bagrih nakladalnikih cilinder \u017elice pomaga tako pri kopanju kot dvigovanju.<\/li>\n<li><strong>Kmetijska mehanizacija:<\/strong> Uporablja se v \u010delnih nakladalnikih za zajemanje, dvigovanje in prevoz zemlje, sena in drugih materialov.<\/li>\n<li><strong>Bagri:<\/strong> Cilinder \u017elice omogo\u010da izkopavanje, saj omogo\u010da, da \u017elica prodre v zemljo.<\/li>\n<li><strong>Nakladalci:<\/strong> Pri \u010delnih nakladalnikih pomagajo pri u\u010dinkovitem dvigovanju in nagibanju blaga.<\/li>\n<\/ul>\n<h2>Oblikovalski vidiki in izbirna merila<\/h2>\n<p>Pri na\u010drtovanju imajo klju\u010dni dejavniki, kot so nosilnost, tesnjenje, vzdr\u017eljivost, varnost in vzdr\u017eevanje, pomembno vlogo pri zagotavljanju delovanja in dolge \u017eivljenjske dobe cilindra vedra.<\/p>\n<p><img decoding=\"async\" src=\"https:\/\/www.hydraulic-cylinders.net\/wp-content\/uploads\/2025\/01\/songte-oil-pipes-and-spare-parts.webp\"><\/p>\n<h2>Tesnjenje in mazanje<\/h2>\n<p>Valj \u017elice uporablja razli\u010dne tesnilne komponente, kot so tesnila bata in tesnila palic, izdelana iz materialov, odpornih proti obrabi, kot sta poliuretan in nitrilna guma. Telo valja in navojne kon\u010dne povr\u0161ine so skrbno obdelane za pove\u010danje odpornosti proti obrabi. Za nemoteno delovanje je potrebno redno mazanje z ustreznimi koli\u010dinami hidravli\u010dnega olja.<\/p>\n<h2>Redni pregledi in preventivni vzdr\u017eevalni ukrepi<\/h2>\n<ul>\n<li>Redno pregledujte valj vedra glede morebitnih znakov obrabe, pu\u0161\u010danja ali po\u0161kodb.<\/li>\n<li>Zagotovite ustrezno mazanje, da prepre\u010dite prekomerno trenje in prezgodnjo okvaro.<\/li>\n<li>Za ohranjanje optimalnega delovanja pravo\u010dasno zamenjajte obrabljena ali po\u0161kodovana tesnila in druge komponente.<\/li>\n<\/ul>\n<p><img decoding=\"async\" src=\"https:\/\/www.hydraulic-cylinders.net\/wp-content\/uploads\/2025\/01\/songte-chushion-collar.webp\"><\/p>\n<h2>Varnostni vidiki in okoljski dejavniki<\/h2>\n<p>Pri uporabi cilindra \u017elice je nujno upo\u0161tevati varnostne ukrepe za prepre\u010devanje nesre\u010d in zagotavljanje dobrega po\u010dutja upravljavca. Pravilno ravnanje s hidravli\u010dnimi sistemi in upo\u0161tevanje varnostnih smernic sta izjemnega pomena.<\/p>\n<h2>Diagnoza napak in pogoste te\u017eave<\/h2>\n<p>Pogoste te\u017eave z cilindrom \u017elice lahko vklju\u010dujejo pu\u0161\u010danje, nezadostno mo\u010d ali nepravilno gibanje. Hitro odpravljanje te\u017eav in metode re\u0161evanja lahko pomagajo u\u010dinkovito diagnosticirati in odpraviti te\u017eave, preventivni ukrepi pa lahko zmanj\u0161ajo morebitne te\u017eave.<\/p>\n<p><img decoding=\"async\" src=\"https:\/\/www.hydraulic-cylinders.net\/wp-content\/uploads\/2025\/01\/songte-bushings-with-all-kinds-of-excavator-models.webp\"><\/p>\n<p>Ne pozabite logi\u010dno organizirati \u010dlanka, uporabiti podnaslovov za la\u017ejo navigacijo, vklju\u010diti ustreznih slik ali grafikonov za bolj\u0161e razumevanje ter zagotoviti, da je vsebina jasna, jedrnata in primerna za bralce z razli\u010dnimi stopnjami tehni\u010dnega znanja.<\/p>\n<h2>Na\u0161e podjetje<\/h2>\n<p>Na\u0161e podjetje je proizvajalec nadomestnih hidravli\u010dnih cilindrov in ponuja \u0161iroko paleto izdelkov. Postali smo eden vodilnih proizvajalcev in veleprodajnih distributerjev hidravli\u010dnih cilindrov na doma\u010dem in mednarodnem trgu. S poudarkom na odli\u010dni kakovosti in industrializiranih strategijah upravljanja proizvodnje, ki jih podpirajo napredni proizvodni obrati in profesionalni sistemi testiranja, nenehno izbolj\u0161ujemo na\u0161o proizvodno platformo in izpopolnjujemo proizvodno pot kakovosti izdelkov. Imamo mo\u010dno ustvarjalno sposobnost in se dr\u017eimo na\u010del visoke u\u010dinkovitosti, visoke natan\u010dnosti in visoke kakovosti, da bi zadovoljili raznolike potrebe strank.<\/p>\n<p><img decoding=\"async\" src=\"https:\/\/www.hydraulic-cylinders.net\/wp-content\/uploads\/2025\/01\/songte-company-3.webp\"><\/p>\n<p>Poleg tega smo znani po na\u0161i profesionalnosti, mednarodnih certifikatih, prilagojenih storitvah, proizvodnih obratih in poprodajnih storitvah.<\/p>\n<p>Avtor: lyl<\/p>","protected":false},"excerpt":{"rendered":"<p>Bucket Cylinder For TCK HD1533LC-8H Introduction The bucket cylinder is a specially designed hydraulic cylinder used to control the movement of the bucket in heavy machinery such as excavators, backhoe loaders, and front-end loaders. Its main function is to facilitate the lifting, lowering, and tilting of the bucket for various material handling tasks. In a [&hellip;]<\/p>","protected":false},"featured_media":14785,"comment_status":"open","ping_status":"closed","template":"","meta":{"_et_pb_use_builder":"","_et_pb_old_content":"","_et_gb_content_width":""},"product_brand":[],"product_cat":[1494],"product_tag":[1495,1496],"class_list":{"0":"post-15780","1":"product","2":"type-product","3":"status-publish","4":"has-post-thumbnail","6":"product_cat-bucket-cylinders","7":"product_tag-bucket-cylinders","8":"product_tag-hydraulic-cylinders","10":"first","11":"instock","12":"shipping-taxable","13":"product-type-simple"},"amp_enabled":true,"_links":{"self":[{"href":"https:\/\/www.hydraulic-cylinders.net\/sl\/wp-json\/wp\/v2\/product\/15780","targetHints":{"allow":["GET"]}}],"collection":[{"href":"https:\/\/www.hydraulic-cylinders.net\/sl\/wp-json\/wp\/v2\/product"}],"about":[{"href":"https:\/\/www.hydraulic-cylinders.net\/sl\/wp-json\/wp\/v2\/types\/product"}],"replies":[{"embeddable":true,"href":"https:\/\/www.hydraulic-cylinders.net\/sl\/wp-json\/wp\/v2\/comments?post=15780"}],"wp:featuredmedia":[{"embeddable":true,"href":"https:\/\/www.hydraulic-cylinders.net\/sl\/wp-json\/wp\/v2\/media\/14785"}],"wp:attachment":[{"href":"https:\/\/www.hydraulic-cylinders.net\/sl\/wp-json\/wp\/v2\/media?parent=15780"}],"wp:term":[{"taxonomy":"product_brand","embeddable":true,"href":"https:\/\/www.hydraulic-cylinders.net\/sl\/wp-json\/wp\/v2\/product_brand?post=15780"},{"taxonomy":"product_cat","embeddable":true,"href":"https:\/\/www.hydraulic-cylinders.net\/sl\/wp-json\/wp\/v2\/product_cat?post=15780"},{"taxonomy":"product_tag","embeddable":true,"href":"https:\/\/www.hydraulic-cylinders.net\/sl\/wp-json\/wp\/v2\/product_tag?post=15780"}],"curies":[{"name":"delovni list","href":"https:\/\/api.w.org\/{rel}","templated":true}]}}