{"id":15788,"date":"2025-01-19T14:59:11","date_gmt":"2025-01-19T14:59:11","guid":{"rendered":"https:\/\/www.hydraulic-cylinders.net\/product\/bucket-cylinder-for-sgzg-sd25-9\/"},"modified":"2025-01-19T14:59:13","modified_gmt":"2025-01-19T14:59:13","slug":"bucket-cylinder-for-sgzg-sd25-9","status":"publish","type":"product","link":"https:\/\/www.hydraulic-cylinders.net\/sl\/izdelek\/bucket-cylinder-for-sgzg-sd25-9\/","title":{"rendered":"Valj \u017elice za SGZG SD25-9"},"content":{"rendered":"<h1>Valj \u017elice za SGZG SD25-9<\/h1>\n<h2>Uvod<\/h2>\n<p>Hidravli\u010dni cilinder \u017elice je specializiran hidravli\u010dni cilinder, zasnovan za krmiljenje gibanja \u017elic v te\u017ekih strojih, kot so bagri, bagri nakladalniki in \u010delni nakladalniki. Njegova glavna funkcija je omogo\u010danje dvigovanja, spu\u0161\u010danja in nagibanja \u017elice, kar olaj\u0161a opravljanje razli\u010dnih nalog prevoza materiala. V hidravli\u010dnem sistemu cilinder \u017elice uporablja spremembe tlaka hidravli\u010dnega olja za doseganje natan\u010dnega nadzora \u017elice, kar omogo\u010da upravljavcem u\u010dinkovito rokovanje s te\u017ekimi predmeti, prilagajanje kompleksnim delovnim okoljem in raznolikim operativnim zahtevam.<\/p>\n<p><img decoding=\"async\" src=\"https:\/\/www.hydraulic-cylinders.net\/wp-content\/uploads\/2025\/01\/songte-company-2.webp\" alt=\"Valj \u017elice za SGZG SD25-9\" \/><\/p>\n<h2>Zna\u010dilnosti<\/h2>\n<ul>\n<li>Visoka trdnost in vzdr\u017eljivost: Valji z \u017elico, obi\u010dajno izdelani iz visoko trdnega jekla ali aluminija, lahko prenesejo visok tlak in velike obremenitve, se prilagajajo zahtevnim delovnim okoljem in so zasnovani za odpornost proti obrabi in koroziji, kar podalj\u0161a njihovo \u017eivljenjsko dobo.<\/li>\n<li>U\u010dinkovito hidravli\u010dno delovanje: Gladko iztegovanje in vstavljanje se dose\u017ee z uporabo hidravli\u010dnega tlaka olja, ki zagotavlja mo\u010dne potisne in vle\u010dne sile ter se hitro odziva na krmilne ukaze, zaradi \u010desar so primerni za ravnanje s te\u017ekimi predmeti in kompleksne delovne naloge.<\/li>\n<li>Razli\u010dne vrste: Enojno delujo\u010di (hidravlika se uporablja samo v eni smeri) ali dvostransko delujo\u010di (hidravlika se uporablja v dveh smereh) cilindri se lahko izberejo glede na potrebe za izpolnjevanje razli\u010dnih operativnih zahtev. Nekateri modeli so teleskopski, kar omogo\u010da ve\u010dji razteg brez pove\u010danja zunanjih dimenzij, zaradi \u010desar so primerni za uporabo v omejenem prostoru.<\/li>\n<li>Zamenljivo: Na\u0161i izdelki lahko popolnoma nadomestijo te hidravli\u010dne cilindre.<\/li>\n<\/ul>\n<p><img decoding=\"async\" src=\"https:\/\/www.hydraulic-cylinders.net\/wp-content\/uploads\/2025\/01\/songte-cylinder-head-with-all-kinds-excavator-models.webp\" alt=\"Valj \u017elice za SGZG SD25-9\" \/><\/p>\n<h2>Aplikacije<\/h2>\n<h3>Gradbena oprema<\/h3>\n<p>Pri bagrih so klju\u010dni za kopanje, nakladanje in premikanje zemlje ali ru\u0161evin. Pri bagrih nakladalnikih cilindri \u017elice pomagajo tako pri kopanju kot pri dvigovanju. Uporabljajo se tudi pri \u010delnih nakladalnikih za zajemanje, dvigovanje in prevoz zemlje, sena in drugih materialov.<\/p>\n<h3>Kmetijska mehanizacija<\/h3>\n<p>Cilindri \u017elice se uporabljajo za \u010delne nakladalnike in se uporabljajo za zajemanje, dvigovanje in prevoz zemlje, sena in drugih materialov. Pri bagrih cilinder \u017elice dose\u017ee kopanje tako, da \u017elici omogo\u010di prodiranje v zemljo. Pri \u010delnih nakladalnikih pomagajo pri u\u010dinkovitem odlaganju in izravnavanju tovora.<\/p>\n<h2>Oblikovalski vidiki in izbirna merila<\/h2>\n<ul>\n<li>Nosilnost: Valj \u017elice mora biti zasnovan tako, da prenese visoke obremenitve in tlak.<\/li>\n<li>Tesnjenje: Za prepre\u010devanje pu\u0161\u010danja olja in zagotavljanje u\u010dinkovitega delovanja se uporabljajo razli\u010dne tesnilne komponente, kot so tesnilni obro\u010di bata in tesnilni obro\u010di palice.<\/li>\n<li>Vzdr\u017eljivost: Telo valja in povr\u0161ina navojnega konca sta fino obdelana za izbolj\u0161anje odpornosti proti obrabi.<\/li>\n<li>Varnost: Za prepre\u010devanje nesre\u010d med delovanjem je treba sprejeti ustrezne varnostne ukrepe.<\/li>\n<li>Vzdr\u017eevanje: Jeklenka mora biti zasnovana za enostavno vzdr\u017eevanje, z enostavnim dostopom do zamenljivih komponent in rednim oljenjem.<\/li>\n<\/ul>\n<p><img decoding=\"async\" src=\"https:\/\/www.hydraulic-cylinders.net\/wp-content\/uploads\/2025\/01\/songte-oil-pipes-and-spare-parts.webp\" alt=\"Valj \u017elice za SGZG SD25-9\" \/><\/p>\n<h2>Tesnjenje in mazanje<\/h2>\n<p>Za prepre\u010devanje pu\u0161\u010danja olja in zagotavljanje u\u010dinkovitega delovanja cilindra vedra se uporabljajo razli\u010dni tesnilni elementi. Za tesnilne obro\u010de se obi\u010dajno uporabljajo materiali, kot sta poliuretan in nitrilna guma. Telo cilindra in povr\u0161ina navojnega konca sta fino obdelana za izbolj\u0161anje odpornosti proti obrabi. Za mazanje cilindra in zagotavljanje njegovega u\u010dinkovitega delovanja je potrebno redno oljenje.<\/p>\n<h2>Vzdr\u017eevanje in popravila<\/h2>\n<p>Redno vzdr\u017eevanje in preventivni ukrepi so pomembni za podalj\u0161anje \u017eivljenjske dobe valja z \u017elico. Pogosta vzdr\u017eevalna opravila vklju\u010dujejo redne preglede, pravilno mazanje ter zamenjavo tesnil in preverjanje kalibracije. Pomembna je tudi pravilna namestitev valja z navodili za pravilno poravnavo, ki zagotavljajo njegovo u\u010dinkovito delovanje. Priporo\u010dljiva je uporaba ustreznih monta\u017enih nosilcev za pritrditev valja. Navedeni so priporo\u010deni postopki pregleda, popravila in zamenjave ter nasveti za podalj\u0161anje \u017eivljenjske dobe valja z \u017elico.<\/p>\n<p><img decoding=\"async\" src=\"https:\/\/www.hydraulic-cylinders.net\/wp-content\/uploads\/2025\/01\/songte-chushion-collar.webp\" alt=\"Valj \u017elice za SGZG SD25-9\" \/><\/p>\n<h2>Varnostni in okoljski vidiki<\/h2>\n<p>Med namestitvijo in delovanjem cilindra z vedrom je treba sprejeti ustrezne varnostne ukrepe, da prepre\u010dite nesre\u010de. Med delovanjem je treba upo\u0161tevati tudi okoljske dejavnike, da se \u010dim bolj zmanj\u0161a vpliv na okolico.<\/p>\n<h2>Diagnoza in odpravljanje te\u017eav<\/h2>\n<p>Pogoste te\u017eave, ki se lahko pojavijo pri cilindrih \u017elic, vklju\u010dujejo pu\u0161\u010danje olja, nezadosten tlak in nenavadne zvoke med delovanjem. Na voljo so nasveti za odpravljanje te\u017eav in re\u0161itve, ki bralcem pomagajo u\u010dinkovito diagnosticirati in odpraviti te te\u017eave.<\/p>\n<p><img decoding=\"async\" src=\"https:\/\/www.hydraulic-cylinders.net\/wp-content\/uploads\/2025\/01\/songte-bushings-with-all-kinds-of-excavator-models.webp\" alt=\"Valj \u017elice za SGZG SD25-9\" \/><\/p>\n<h2>O na\u0161em podjetju<\/h2>\n<p>Smo proizvajalec hidravli\u010dnih cilindrov in imamo celovito paleto izdelkov. Smo eden vodilnih proizvajalcev in veleprodajnih distributerjev hidravli\u010dnih cilindrov na doma\u010dem in mednarodnem trgu. Sledimo na\u010delu odli\u010dne kakovosti in se zana\u0161amo na industrializirane strategije upravljanja proizvodnje v finih proizvodnih delavnicah. Z uporabo tehni\u010dnih talentov, vrhunske digitalne proizvodne opreme in profesionalnih sistemov za testiranje nenehno izbolj\u0161ujemo proizvodno platformo delavnice, izbolj\u0161ujemo kakovost proizvodnje izdelkov in imamo mo\u010dno ustvarjalno sposobnost. Zadovoljujemo razli\u010dne potrebe strank po na\u010delih visoke u\u010dinkovitosti, visoke natan\u010dnosti in visoke kakovosti.<\/p>\n<p>Nudimo profesionalne, mednarodno certificirane in prilagojene storitve. Imamo napredno proizvodno opremo in zagotavljamo visokokakovostne poprodajne storitve.<\/p>\n<p><img decoding=\"async\" src=\"https:\/\/www.hydraulic-cylinders.net\/wp-content\/uploads\/2025\/01\/songte-company-3.webp\" alt=\"Valj \u017elice za SGZG SD25-9\" \/><\/p>\n<p>Avtor: lyl<\/p>","protected":false},"excerpt":{"rendered":"<p>Bucket Cylinder for SGZG SD25-9 Introduction A bucket cylinder is a specialized hydraulic cylinder designed to control the movement of buckets in heavy machinery such as excavators, backhoe loaders, and front loaders. Its main function is to enable the bucket to be lifted, lowered, and tilted, making it easier to handle various material transport tasks. [&hellip;]<\/p>","protected":false},"featured_media":14769,"comment_status":"open","ping_status":"closed","template":"","meta":{"_et_pb_use_builder":"","_et_pb_old_content":"","_et_gb_content_width":""},"product_brand":[],"product_cat":[1494],"product_tag":[1495,1496],"class_list":{"0":"post-15788","1":"product","2":"type-product","3":"status-publish","4":"has-post-thumbnail","6":"product_cat-bucket-cylinders","7":"product_tag-bucket-cylinders","8":"product_tag-hydraulic-cylinders","10":"first","11":"instock","12":"shipping-taxable","13":"product-type-simple"},"amp_enabled":true,"_links":{"self":[{"href":"https:\/\/www.hydraulic-cylinders.net\/sl\/wp-json\/wp\/v2\/product\/15788","targetHints":{"allow":["GET"]}}],"collection":[{"href":"https:\/\/www.hydraulic-cylinders.net\/sl\/wp-json\/wp\/v2\/product"}],"about":[{"href":"https:\/\/www.hydraulic-cylinders.net\/sl\/wp-json\/wp\/v2\/types\/product"}],"replies":[{"embeddable":true,"href":"https:\/\/www.hydraulic-cylinders.net\/sl\/wp-json\/wp\/v2\/comments?post=15788"}],"wp:featuredmedia":[{"embeddable":true,"href":"https:\/\/www.hydraulic-cylinders.net\/sl\/wp-json\/wp\/v2\/media\/14769"}],"wp:attachment":[{"href":"https:\/\/www.hydraulic-cylinders.net\/sl\/wp-json\/wp\/v2\/media?parent=15788"}],"wp:term":[{"taxonomy":"product_brand","embeddable":true,"href":"https:\/\/www.hydraulic-cylinders.net\/sl\/wp-json\/wp\/v2\/product_brand?post=15788"},{"taxonomy":"product_cat","embeddable":true,"href":"https:\/\/www.hydraulic-cylinders.net\/sl\/wp-json\/wp\/v2\/product_cat?post=15788"},{"taxonomy":"product_tag","embeddable":true,"href":"https:\/\/www.hydraulic-cylinders.net\/sl\/wp-json\/wp\/v2\/product_tag?post=15788"}],"curies":[{"name":"delovni list","href":"https:\/\/api.w.org\/{rel}","templated":true}]}}