{"id":15821,"date":"2025-01-19T15:01:58","date_gmt":"2025-01-19T15:01:58","guid":{"rendered":"https:\/\/www.hydraulic-cylinders.net\/product\/bucket-cylinder-for-pushhm-pz220-8\/"},"modified":"2025-01-19T15:02:00","modified_gmt":"2025-01-19T15:02:00","slug":"bucket-cylinder-for-pushhm-pz220-8","status":"publish","type":"product","link":"https:\/\/www.hydraulic-cylinders.net\/sl\/izdelek\/bucket-cylinder-for-pushhm-pz220-8\/","title":{"rendered":"Cilinder \u017elice za Pushhm PZ220-8"},"content":{"rendered":"<h1>Cilinder \u017elice za Pushhm PZ220-8<\/h1>\n<h2>Uvod<\/h2>\n<h3>Kaj je valj z vedrom?<\/h3>\n<p>Hidravli\u010dni valj \u017elice je specializiran hidravli\u010dni valj, zasnovan predvsem za krmiljenje gibanja \u017elic v te\u017ekih strojih, kot so bagri, bagri in \u010delni nakladalniki. Njegova glavna funkcija je omogo\u010diti dvigovanje, spu\u0161\u010danje in nagibanje \u017elice, kar olaj\u0161a izvajanje razli\u010dnih nalog ravnanja z materiali. V hidravli\u010dnem sistemu cilindri \u017elice dose\u017eejo natan\u010den nadzor nad \u017elico s spremembami tlaka hidravli\u010dnega olja, kar upravljavcem omogo\u010da u\u010dinkovito ravnanje s te\u017ekimi bremeni in prilagajanje kompleksnim delovnim okoljem ter raznolikim operativnim zahtevam.<\/p>\n<p><img decoding=\"async\" src=\"https:\/\/www.hydraulic-cylinders.net\/wp-content\/uploads\/2025\/01\/songte-company-2.webp\" alt=\"Slika valjaste \u017elice\"><\/p>\n<h3>Zna\u010dilnosti<\/h3>\n<ul>\n<li><strong>Visoka trdnost in vzdr\u017eljivost:<\/strong> Valji z \u017elico, obi\u010dajno izdelani iz visoko trdnega jekla ali aluminija, lahko prenesejo visok tlak in velike obremenitve, se prilagodijo zahtevnim delovnim okoljem in so zasnovani tako, da so odporni proti obrabi in koroziji, kar podalj\u0161a njihovo \u017eivljenjsko dobo.<\/li>\n<li><strong>U\u010dinkovito hidravli\u010dno delovanje:<\/strong> Z uporabo tlaka hidravli\u010dnega olja za doseganje gladkih gibov iztegovanja in kr\u010denja se lahko cilindri \u017elice hitro odzovejo na krmilne ukaze, zagotavljajo mo\u010dne potisne in vle\u010dne sile ter so primerni za ravnanje s te\u017ekimi bremeni in kompleksnimi operativnimi nalogami.<\/li>\n<li><strong>Razli\u010dne vrste:<\/strong> Cilindri \u017elice so lahko glede na posebne zahteve enojno delujo\u010di (hidravli\u010dni samo v eno smer) ali dvojno delujo\u010di (hidravli\u010dni v obe smeri), nekateri modeli pa so tudi teleskopski, kar omogo\u010da ve\u010dji razteg brez pove\u010danja zunanjih dimenzij, zaradi \u010desar so idealni za uporabo z omejenim prostorom.<\/li>\n<li><strong>Zamenljivo:<\/strong> Na\u0161 izdelek lahko popolnoma nadomesti te hidravli\u010dne cilindre<\/li>\n<\/ul>\n<p><img decoding=\"async\" src=\"https:\/\/www.hydraulic-cylinders.net\/wp-content\/uploads\/2025\/01\/songte-cylinder-head-with-all-kinds-excavator-models.webp\" alt=\"Slika valjaste \u017elice\"><\/p>\n<h3>Aplikacije<\/h3>\n<p>Valji z \u017elico imajo razli\u010dne uporabe na razli\u010dnih podro\u010djih:<\/p>\n<ul>\n<li><strong>Gradbena oprema:<\/strong> Pri bagrih so klju\u010dni za kopanje, nakladanje in premikanje zemlje ali ru\u0161evin. Pri bagrih cilindri \u017elice pomagajo tako pri kopanju kot pri dvigovanju. <\/li>\n<li><strong>Kmetijska mehanizacija:<\/strong> Uporabljajo se v \u010delnih nakladalnikih, cilindri \u017elice izkopavajo, dvigujejo in preva\u017eajo zemljo, seno in druge materiale. <\/li>\n<li><strong>Bagri:<\/strong> Cilinder \u017elice omogo\u010da, da \u017elica prodre v zemljo za kopanje. <\/li>\n<li><strong>Nakladalci:<\/strong> Pri \u010delnih nakladalnikih cilindri \u017elice u\u010dinkovito pomagajo pri dvigovanju in razkladanju tovora. <\/li>\n<\/ul>\n<h3>Standardi na\u010drtovanja in izbire<\/h3>\n<p>Pri zasnovi cilindra vedra se upo\u0161teva ve\u010d dejavnikov, vklju\u010dno z nosilnostjo, tesnjenjem, vzdr\u017eljivostjo, varnostjo in vzdr\u017eevanjem.<\/p>\n<h4>Nosilnost<\/h4>\n<p>Valji za \u017elice so zasnovani za prena\u0161anje te\u017ekih bremen. Izdelani so iz visoko trdnih materialov in zlitin, ki zagotavljajo njihovo dolgo \u017eivljenjsko dobo, vzdr\u017eljivost in odpornost proti obrabi. <\/p>\n<h4>Tesnjenje<\/h4>\n<p>Valji z \u017elico so opremljeni z razli\u010dnimi vrstami tesnilnih elementov, vklju\u010dno s tesnili bata, tesnili palice in tesnili brisalcev, ki pomagajo prepre\u010devati pu\u0161\u010danje teko\u010dine, zmanj\u0161ujejo trenje in zagotavljajo nemoteno delovanje. Na\u0161 izdelek za tesnjenje uporablja materiale, odporne proti obrabi, kot sta poliuretan in nitrilna guma.<\/p>\n<h4>Vzdr\u017eljivost<\/h4>\n<p>Telo valja in navojni konci cilindrov \u017elice so natan\u010dno obdelani za izbolj\u0161anje njihove odpornosti proti obrabi. Optimalna izbira materiala, skupaj z ustrezno toplotno obdelavo in povr\u0161inskimi premazi, lahko pove\u010da vzdr\u017eljivost cilindrov \u017elice.<\/p>\n<h4>Varnost<\/h4>\n<p>Jeklenke z vedrom morajo biti zasnovane tako, da izpolnjujejo varnostne standarde, kot sta ISO 9001 in CE. Za prepre\u010devanje nesre\u010d in zagotavljanje varnosti upravljavca je treba izvajati ustrezne ukrepe, kot so varnostni ventili.<\/p>\n<h4>Vzdr\u017eevanje<\/h4>\n<p>Za optimalno delovanje cilindrov je potrebno redno vzdr\u017eevanje. Redni pregledi in zamenjava delov, kot so tesnila in le\u017eaji, lahko prepre\u010dijo okvare in ohranijo nemoteno delovanje cilindra. <\/p>\n<p><img decoding=\"async\" src=\"https:\/\/www.hydraulic-cylinders.net\/wp-content\/uploads\/2025\/01\/songte-oil-pipes-and-spare-parts.webp\" alt=\"Slika valjaste \u017elice\"><\/p>\n<h3>Tesnjenje in mazanje<\/h3>\n<p>Uporaba razli\u010dnih tesnilnih elementov, kot so tesnila bata, tesnila palic in tesnila brisalcev, pomaga prepre\u010devati pu\u0161\u010danje hidravli\u010dnega olja, zmanj\u0161uje trenje in zagotavlja stabilno delovanje. Ohi\u0161je valja in navojni konci cilindrov \u017elice so natan\u010dno obdelani, ustrezno mazanje pa pomaga zmanj\u0161ati obrabo. Redna menjava olja in pravilno mazanje lahko podalj\u0161ata \u017eivljenjsko dobo cilindrov \u017elice. <\/p>\n<h3>Vzdr\u017eevanje in popravila<\/h3>\n<p>Pravilno vzdr\u017eevanje in popravilo cilindrov \u017elice sta klju\u010dnega pomena za njihovo pravilno delovanje in dolgo \u017eivljenjsko dobo. Potrebni so redni pregledi, mazanje in zamenjava po\u0161kodovanih ali obrabljenih delov, kot so tesnila, le\u017eaji in palice. <\/p>\n<h4>Navodila za namestitev<\/h4>\n<p>Pravilna namestitev jeklenk je bistvenega pomena za njihovo optimalno delovanje in dolgo \u017eivljenjsko dobo. Naslednji koraki lahko pomagajo zagotoviti pravilno namestitev:<\/p>\n<ul>\n<li>Pravilno poravnajte valj z monta\u017enimi to\u010dkami in se prepri\u010dajte, da je pravokoten na monta\u017eno povr\u0161ino.<\/li>\n<li>Za pritrditev cilindra uporabite ustrezne monta\u017ene nosilce ali opore.<\/li>\n<li>Prepri\u010dajte se, da so oljne cevi pravilno priklju\u010dene in brez ostankov ali ne\u010disto\u010d.<\/li>\n<li>Po namestitvi preverite delovanje cilindra in morebitna pu\u0161\u010danja.<\/li>\n<\/ul>\n<h4>Vzdr\u017eevalna opravila<\/h4>\n<p>Za zagotovitev optimalnega delovanja cilindrov \u017elice je treba redno izvajati naslednja vzdr\u017eevalna dela:<\/p>\n<ul>\n<li><strong>Pregled:<\/strong> Redni pregled ohi\u0161ja valja, bata in oljnih cevi lahko pomaga odkriti morebitne po\u0161kodbe ali obrabo, ki jih je treba odpraviti.<\/li>\n<li><strong>Mazanje:<\/strong> Pravilno mazanje ohi\u0161ja valja, bata in oljnih cevi lahko zmanj\u0161a trenje in prepre\u010di obrabo.<\/li>\n<li><strong>Zamenjava tesnila:<\/strong> Redna menjava tesnil in tesnil lahko pomaga prepre\u010diti pu\u0161\u010danje olja in zagotoviti pravilno delovanje valja.<\/li>\n<\/ul>\n<h3>Varnostni vidiki in okoljski dejavniki<\/h3>\n<p>Valje z \u017elico je treba uporabljati z ustreznimi varnostnimi ukrepi, kot so varnostni ventili, da se prepre\u010dijo nesre\u010de in zagotovi varnost upravljavca. Uporaba okolju prijaznih hidravli\u010dnih olj lahko zmanj\u0161a vpliv valjev z \u017elico na okolje. <\/p>\n<h3>Pogoste napake in odpravljanje te\u017eav<\/h3>\n<p>Sledi nekaj pogostih napak, ki se lahko pojavijo pri cilindrih \u017elice:<\/p>\n<ul>\n<li><strong>Pu\u0161\u010danje olja:<\/strong> To lahko povzro\u010dijo obrabljena tesnila ali po\u0161kodba ohi\u0161ja valja. Tesnila je treba zamenjati in ohi\u0161je valja pregledati glede morebitnih po\u0161kodb.<\/li>\n<li><strong>Po\u010dasno delovanje:<\/strong> To lahko povzro\u010di nizek hidravli\u010dni tlak ali okvarjen regulacijski ventil. Hidravli\u010dni sistem je treba pregledati glede morebitnih blokad ali po\u0161kodb, regulacijski ventil pa je treba popraviti ali zamenjati.<\/li>\n<li><strong>Zataknjen bat:<\/strong> To lahko povzro\u010di po\u0161kodba ali obraba bata. Bat je treba pregledati in po potrebi zamenjati.<\/li>\n<\/ul>\n<h3>O na\u0161em podjetju<\/h3>\n<p>Smo proizvajalec hidravli\u010dnih cilindrov in vodilni proizvajalec ter veleprodajni distributer hidravli\u010dnih cilindrov na doma\u010dem in mednarodnem trgu. Sledimo na\u010delu odli\u010dne kakovosti, pri \u010demer se zana\u0161amo na industrializirano strategijo upravljanja proizvodnje v finih proizvodnih delavnicah. Na\u0161e podjetje nenehno izbolj\u0161uje proizvodno platformo delavnice, izbolj\u0161uje proizvodno linijo za kakovost izdelkov in ima mo\u010dno ustvarjalnost. Zagotavljamo u\u010dinkovite, visoko natan\u010dne in visokokakovostne izdelke, ki ustrezajo raznolikim potrebam na\u0161ih strank.<\/p>\n<p>Na\u0161e podjetje ponuja profesionalne na\u010drte, mednarodne certifikate, storitve po meri, napredno proizvodno opremo in poprodajne storitve.<\/p>\n<p><img decoding=\"async\" src=\"https:\/\/hzpt.com\/wp-content\/uploads\/2024\/11\/songte-company-1.webp\" alt=\"Slika valjaste \u017elice\"><br \/>\n<img decoding=\"async\" src=\"https:\/\/www.hydraulic-cylinders.net\/wp-content\/uploads\/2025\/01\/songte-chushion-collar.webp\" alt=\"Slika valjaste \u017elice\"><br \/>\n<img decoding=\"async\" src=\"https:\/\/www.hydraulic-cylinders.net\/wp-content\/uploads\/2025\/01\/songte-bushings-with-all-kinds-of-excavator-models.webp\" alt=\"Slika valjaste \u017elice\"><\/p>\n<h4>Avtor: lyl<\/h4>","protected":false},"excerpt":{"rendered":"<p>Bucket Cylinder For Pushhm PZ220-8 Introduction What is a bucket cylinder? A bucket cylinder is a specialized hydraulic cylinder designed mainly for controlling the movement of buckets in heavy machinery such as excavators, backhoes, and front loaders. Its main function is to enable the bucket to lift, lower, and tilt, making it easier to carry [&hellip;]<\/p>","protected":false},"featured_media":14761,"comment_status":"open","ping_status":"closed","template":"","meta":{"_et_pb_use_builder":"","_et_pb_old_content":"","_et_gb_content_width":""},"product_brand":[],"product_cat":[1494],"product_tag":[1495,1496],"class_list":{"0":"post-15821","1":"product","2":"type-product","3":"status-publish","4":"has-post-thumbnail","6":"product_cat-bucket-cylinders","7":"product_tag-bucket-cylinders","8":"product_tag-hydraulic-cylinders","10":"first","11":"instock","12":"shipping-taxable","13":"product-type-simple"},"amp_enabled":true,"_links":{"self":[{"href":"https:\/\/www.hydraulic-cylinders.net\/sl\/wp-json\/wp\/v2\/product\/15821","targetHints":{"allow":["GET"]}}],"collection":[{"href":"https:\/\/www.hydraulic-cylinders.net\/sl\/wp-json\/wp\/v2\/product"}],"about":[{"href":"https:\/\/www.hydraulic-cylinders.net\/sl\/wp-json\/wp\/v2\/types\/product"}],"replies":[{"embeddable":true,"href":"https:\/\/www.hydraulic-cylinders.net\/sl\/wp-json\/wp\/v2\/comments?post=15821"}],"wp:featuredmedia":[{"embeddable":true,"href":"https:\/\/www.hydraulic-cylinders.net\/sl\/wp-json\/wp\/v2\/media\/14761"}],"wp:attachment":[{"href":"https:\/\/www.hydraulic-cylinders.net\/sl\/wp-json\/wp\/v2\/media?parent=15821"}],"wp:term":[{"taxonomy":"product_brand","embeddable":true,"href":"https:\/\/www.hydraulic-cylinders.net\/sl\/wp-json\/wp\/v2\/product_brand?post=15821"},{"taxonomy":"product_cat","embeddable":true,"href":"https:\/\/www.hydraulic-cylinders.net\/sl\/wp-json\/wp\/v2\/product_cat?post=15821"},{"taxonomy":"product_tag","embeddable":true,"href":"https:\/\/www.hydraulic-cylinders.net\/sl\/wp-json\/wp\/v2\/product_tag?post=15821"}],"curies":[{"name":"delovni list","href":"https:\/\/api.w.org\/{rel}","templated":true}]}}