{"id":15824,"date":"2025-01-19T15:02:11","date_gmt":"2025-01-19T15:02:11","guid":{"rendered":"https:\/\/www.hydraulic-cylinders.net\/product\/bucket-cylinder-for-nante-nt08\/"},"modified":"2025-01-19T15:02:13","modified_gmt":"2025-01-19T15:02:13","slug":"bucket-cylinder-for-nante-nt08","status":"publish","type":"product","link":"https:\/\/www.hydraulic-cylinders.net\/sl\/izdelek\/bucket-cylinder-for-nante-nt08\/","title":{"rendered":"Cilinder za Nante NT08"},"content":{"rendered":"<h1>Cilinder za Nante NT08<\/h1>\n<h2>Uvod<\/h2>\n<p>Hidravli\u010dni cilinder \u017elice za Nante NT08 je specializiran hidravli\u010dni cilinder, zasnovan za krmiljenje gibanja \u017elic v te\u017ekih strojih, kot so bagri, bagri nakladalniki in \u010delni nakladalniki. Njegova glavna funkcija je omogo\u010danje dvigovanja, spu\u0161\u010danja in nagibanja \u017elice, kar olaj\u0161a opravljanje razli\u010dnih nalog ravnanja z materiali. V hidravli\u010dnem sistemu cilinder \u017elice dose\u017ee natan\u010den nadzor nad \u017elico z uporabo sprememb tlaka hidravli\u010dnega olja, kar omogo\u010da upravljavcem u\u010dinkovito ravnanje s te\u017ekimi bremeni in prilagajanje kompleksnim delovnim okoljem ter raznolikim zahtevam dela.<\/p>\n<p><img decoding=\"async\" src=\"https:\/\/www.hydraulic-cylinders.net\/wp-content\/uploads\/2025\/01\/songte-company-2.webp\" alt=\"Slika valjaste \u017elice\"><\/p>\n<h2>Zna\u010dilnosti<\/h2>\n<ul>\n<li><strong>Visoka trdnost in vzdr\u017eljivost:<\/strong> Obi\u010dajno je izdelan iz visoko trdnega jekla ali aluminija in lahko prenese visok tlak in velike obremenitve, s \u010dimer se prilagaja zahtevnim delovnim okoljem. Njegova zasnova upo\u0161teva odpornost proti obrabi in koroziji, kar podalj\u0161uje njegovo \u017eivljenjsko dobo.<\/li>\n<li><strong>U\u010dinkovito hidravli\u010dno delovanje:<\/strong> Z uporabo hidravli\u010dnega oljnega tlaka dose\u017ee valj \u017elice gladko iztegovanje in vle\u010denje, kar omogo\u010da hiter odziv na krmilne ukaze in zagotavlja mo\u010dne potisne in vle\u010dne sile. Primeren je za ravnanje s te\u017ekimi bremeni in kompleksnimi delovnimi nalogami.<\/li>\n<li><strong>Vsestranske vrste:<\/strong> Valj \u017elice je lahko glede na specifi\u010dne operativne zahteve izbran kot enosmerno delujo\u010d (hidravli\u010dni tlak se uporablja samo v eni smeri) ali dvosmerno delujo\u010d (hidravli\u010dni tlak se uporablja v obeh smereh). Nekateri modeli so teleskopski, kar omogo\u010da ve\u010dji razteg brez pove\u010danja zunanjih dimenzij, zaradi \u010desar so primerni za uporabo v omejenem prostoru.<\/li>\n<li><strong>Popolna zamenjava:<\/strong> Na\u0161 izdelek lahko popolnoma nadomesti te hidravli\u010dne cilindre.<\/li>\n<\/ul>\n<p><img decoding=\"async\" src=\"https:\/\/www.hydraulic-cylinders.net\/wp-content\/uploads\/2025\/01\/songte-cylinder-head-with-all-kinds-excavator-models.webp\" alt=\"Slika hidravli\u010dnega cilindra\"><\/p>\n<h2>Aplikacije<\/h2>\n<p>Valj z \u017elico se uporablja v razli\u010dni opremi, vklju\u010dno z:<\/p>\n<ul>\n<li><strong>Gradbena oprema:<\/strong> Nahajajo se v bagrih in so klju\u010dni za izkopavanje, nakladanje in premikanje zemlje ali ru\u0161evin. Pri bagrih nakladalnikih cilinder \u017elice pomaga tako pri kopanju kot dvigovanju.<\/li>\n<li><strong>Kmetijska mehanizacija:<\/strong> Uporablja se v \u010delnih nakladalnikih za zajemanje, dvigovanje in prevoz zemlje, sena in drugih materialov.<\/li>\n<li><strong>Bagri:<\/strong> Cilinder \u017elice omogo\u010da kopanje, saj \u017elici omogo\u010da prodiranje v zemljo.<\/li>\n<li><strong>\u010celni nakladalniki:<\/strong> Pri \u010delnih nakladalnikih pomagajo pri u\u010dinkovitem dvigovanju in razkladanju blaga.<\/li>\n<\/ul>\n<h2>Oblikovalski vidiki in izbirna merila<\/h2>\n<p>Pri na\u010drtovanju cilindra z \u017elico je treba upo\u0161tevati ve\u010d klju\u010dnih dejavnikov in izbirnih meril:<\/p>\n<ul>\n<li><strong>Nosilnost:<\/strong> Jeklenka mora biti zasnovana tako, da prenese predvideno obremenitev in sile.<\/li>\n<li><strong>Tesnjenje:<\/strong> Za zagotovitev ustreznega tesnjenja in prepre\u010devanje pu\u0161\u010danja hidravli\u010dnega olja je treba uporabiti razli\u010dne tesnilne komponente, kot so tesnila bata in tesnila palic.<\/li>\n<li><strong>Vzdr\u017eljivost:<\/strong> Jeklenka mora biti zasnovana tako, da prenese pri\u010dakovane delovne pogoje, pri \u010demer je treba upo\u0161tevati dejavnike, kot sta odpornost proti obrabi in koroziji.<\/li>\n<li><strong>Varnost:<\/strong> V zasnovo je treba vklju\u010diti varnostne elemente, da se zagotovi za\u0161\u010dita upravljavcev in prepre\u010dijo nesre\u010de.<\/li>\n<li><strong>Vzdr\u017eevanje:<\/strong> Zasnova cilindra mora omogo\u010dati enostavno vzdr\u017eevanje, popravilo in zamenjavo komponent, da se \u010dim bolj zmanj\u0161a \u010das izpada.<\/li>\n<\/ul>\n<p><img decoding=\"async\" src=\"https:\/\/www.hydraulic-cylinders.net\/wp-content\/uploads\/2025\/01\/songte-oil-pipes-and-spare-parts.webp\" alt=\"Slika delov hidravli\u010dnega cilindra\"><\/p>\n<h2>Tesnjenje in mazanje<\/h2>\n<p>Valj \u017elice uporablja razli\u010dne tesnilne komponente, kot so tesnila bata in tesnila palic, izdelana iz materialov, odpornih proti obrabi, kot sta poliuretan in nitrilna guma. Telo valja in navojni konci so fino obdelani za izbolj\u0161anje odpornosti proti obrabi. Za zagotovitev nemotenega delovanja in prepre\u010devanje prekomerne obrabe je potrebno redno mazanje z ustreznim hidravli\u010dnim oljem.<\/p>\n<h2>Redni pregledi in preventivno vzdr\u017eevanje<\/h2>\n<ul>\n<li>Redno pregledujte valj vedra glede morebitnih znakov po\u0161kodb, pu\u0161\u010danja ali nenormalne obrabe.<\/li>\n<li>Pravilno nama\u017eite valj in se prepri\u010dajte, da so vsi priklju\u010dki varno pritrjeni.<\/li>\n<li>Za optimalno delovanje redno menjajte tesnila in izvajajte kalibracijske preglede.<\/li>\n<\/ul>\n<h2>Pravilni priro\u010dnik za namestitev izdelka<\/h2>\n<p>Pri name\u0161\u010danju cilindra vedra upo\u0161tevajte naslednja navodila:<\/p>\n<ul>\n<li>Zagotovite pravilno poravnavo cilindra.<\/li>\n<li>Za pritrditev cilindra uporabite ustrezne monta\u017ene nosilce.<\/li>\n<\/ul>\n<p><img decoding=\"async\" src=\"https:\/\/www.hydraulic-cylinders.net\/wp-content\/uploads\/2025\/01\/songte-chushion-collar.webp\" alt=\"Slika ovratnika z blazino\"><\/p>\n<h2>Vzdr\u017eevalna opravila<\/h2>\n<p>Pogosta vzdr\u017eevalna opravila za cilinder \u017elice vklju\u010dujejo:<\/p>\n<ul>\n<li>Redni pregled<\/li>\n<li>Pravilno mazanje<\/li>\n<li>Zamenjava tesnila<\/li>\n<li>Preverjanja kalibracije<\/li>\n<\/ul>\n<p>Pomembno je poudariti pomen pravilne namestitve, mazanja in nastavitve. Navedite smernice za pravilno poravnavo cilindra in priporo\u010dite uporabo ustreznih monta\u017enih nosilcev za pritrditev cilindra. Priporo\u010dite postopke pregleda, popravila in zamenjave ter podajte nasvete za podalj\u0161anje \u017eivljenjske dobe cilindra z \u017elico.<\/p>\n<p><img decoding=\"async\" src=\"https:\/\/www.hydraulic-cylinders.net\/wp-content\/uploads\/2025\/01\/songte-bushings-with-all-kinds-of-excavator-models.webp\" alt=\"Slika pu\u0161e bagra\"><\/p>\n<h2>Varnostni vidiki in okoljski dejavniki<\/h2>\n<p>Pri uporabi cilindra z \u017elico je pomembno dati prednost varnostnim ukrepom za prepre\u010devanje nesre\u010d in zagotavljanje dobrega po\u010dutja upravljavca. Upo\u0161tevati je treba tudi okoljske dejavnike, da se \u010dim bolj zmanj\u0161a morebiten negativen vpliv.<\/p>\n<h2>Diagnoza napak in pogoste te\u017eave<\/h2>\n<p>Pogoste napake in te\u017eave, povezane z valjastim cilindrom, vklju\u010dujejo:<\/p>\n<ul>\n<li>Pu\u0161\u010danje<\/li>\n<li>Izguba mo\u010di<\/li>\n<li>Po\u010dasno delovanje<\/li>\n<\/ul>\n<p>Zagotovite nasvete in re\u0161itve za odpravljanje te\u017eav, ki bodo bralcem pomagale u\u010dinkovito diagnosticirati in obravnavati te te\u017eave. Ponudite preventivne ukrepe za zmanj\u0161anje morebitnih te\u017eav.<\/p>\n<p><img decoding=\"async\" src=\"https:\/\/www.hydraulic-cylinders.net\/wp-content\/uploads\/2025\/01\/songte-company-1.webp\" alt=\"Slika podjetja\"><\/p>\n<h2>O na\u0161em podjetju<\/h2>\n<p>Smo proizvajalec, specializiran za proizvodnjo nadomestnih hidravli\u010dnih cilindrov. Na\u0161e podjetje ponuja \u0161iroko paleto izdelkov in je postalo eden vodilnih proizvajalcev in veleprodajnih distributerjev hidravli\u010dnih cilindrov na doma\u010dem in mednarodnem trgu. V na\u0161i dobro opremljeni proizvodni delavnici se dr\u017eimo na\u010del odli\u010dnosti in se zana\u0161amo na strategije upravljanja industrijske proizvodnje. Z na\u0161imi tehni\u010dnimi talenti, napredno digitalno proizvodno opremo in profesionalnimi testnimi sistemi nenehno izbolj\u0161ujemo na\u0161o proizvodno platformo in proizvodne poti za kakovost izdelkov. Imamo mo\u010dno ustvarjalno sposobnost in si prizadevamo zadovoljiti raznolike potrebe strank z visoko u\u010dinkovitostjo, natan\u010dnostjo in kakovostjo.<\/p>\n<p><img decoding=\"async\" src=\"https:\/\/www.hydraulic-cylinders.net\/wp-content\/uploads\/2025\/01\/songte-company-3.webp\" alt=\"Slika podjetja\"><\/p>\n<h2>Pregled podjetja<\/h2>\n<ul>\n<li><strong>Profesionalnost:<\/strong> Imamo visoko usposobljene strokovnjake, ki zagotavljajo kakovost na\u0161ih izdelkov.<\/li>\n<li><strong>Mednarodni certifikati:<\/strong> Na\u0161i izdelki ustrezajo mednarodnim standardom kakovosti in imajo ustrezne certifikate.<\/li>\n<li><strong>Storitve prilagajanja:<\/strong> Ponujamo prilagojene re\u0161itve, ki ustrezajo specifi\u010dnim zahtevam strank.<\/li>\n<li><strong>Proizvodna oprema:<\/strong> Uporabljamo napredno proizvodno opremo, da zagotovimo odli\u010dnost izdelkov.<\/li>\n<li><strong>Poprodajne storitve:<\/strong> Nudimo celovite poprodajne storitve<br \/>","protected":false},"excerpt":{"rendered":"<p>Bucket Cylinder For Nante NT08 Introduction The bucket cylinder for Nante NT08 is a specialized hydraulic cylinder designed for controlling the movement of buckets in heavy machinery such as excavators, backhoe loaders, and front-end loaders. Its main function is to enable the lifting, lowering, and tilting of the bucket, making it easier to handle various [&hellip;]<\/p>","protected":false},"featured_media":14787,"comment_status":"open","ping_status":"closed","template":"","meta":{"_et_pb_use_builder":"","_et_pb_old_content":"","_et_gb_content_width":""},"product_brand":[],"product_cat":[1494],"product_tag":[1495,1496],"class_list":{"0":"post-15824","1":"product","2":"type-product","3":"status-publish","4":"has-post-thumbnail","6":"product_cat-bucket-cylinders","7":"product_tag-bucket-cylinders","8":"product_tag-hydraulic-cylinders","10":"first","11":"instock","12":"shipping-taxable","13":"product-type-simple"},"amp_enabled":true,"_links":{"self":[{"href":"https:\/\/www.hydraulic-cylinders.net\/sl\/wp-json\/wp\/v2\/product\/15824","targetHints":{"allow":["GET"]}}],"collection":[{"href":"https:\/\/www.hydraulic-cylinders.net\/sl\/wp-json\/wp\/v2\/product"}],"about":[{"href":"https:\/\/www.hydraulic-cylinders.net\/sl\/wp-json\/wp\/v2\/types\/product"}],"replies":[{"embeddable":true,"href":"https:\/\/www.hydraulic-cylinders.net\/sl\/wp-json\/wp\/v2\/comments?post=15824"}],"wp:featuredmedia":[{"embeddable":true,"href":"https:\/\/www.hydraulic-cylinders.net\/sl\/wp-json\/wp\/v2\/media\/14787"}],"wp:attachment":[{"href":"https:\/\/www.hydraulic-cylinders.net\/sl\/wp-json\/wp\/v2\/media?parent=15824"}],"wp:term":[{"taxonomy":"product_brand","embeddable":true,"href":"https:\/\/www.hydraulic-cylinders.net\/sl\/wp-json\/wp\/v2\/product_brand?post=15824"},{"taxonomy":"product_cat","embeddable":true,"href":"https:\/\/www.hydraulic-cylinders.net\/sl\/wp-json\/wp\/v2\/product_cat?post=15824"},{"taxonomy":"product_tag","embeddable":true,"href":"https:\/\/www.hydraulic-cylinders.net\/sl\/wp-json\/wp\/v2\/product_tag?post=15824"}],"curies":[{"name":"delovni list","href":"https:\/\/api.w.org\/{rel}","templated":true}]}}