{"id":15835,"date":"2025-01-19T15:03:04","date_gmt":"2025-01-19T15:03:04","guid":{"rendered":"https:\/\/www.hydraulic-cylinders.net\/product\/bucket-cylinder-for-yanmar-vi55-5b\/"},"modified":"2025-01-19T15:03:06","modified_gmt":"2025-01-19T15:03:06","slug":"bucket-cylinder-for-yanmar-vi55-5b","status":"publish","type":"product","link":"https:\/\/www.hydraulic-cylinders.net\/sl\/izdelek\/bucket-cylinder-for-yanmar-vi55-5b\/","title":{"rendered":"Cilinder \u017elice za Yanmar VI55-5B"},"content":{"rendered":"<p><!-- Bucket Cylinder For Yanmar VI55-5B --><\/p>\n<h1>Cilinder \u017elice za Yanmar VI55-5B<\/h1>\n<p><!-- Introduction --><\/p>\n<h2>Uvod<\/h2>\n<p>Hidravli\u010dni cilinder \u017elice za Yanmar VI55-5B je posebej zasnovan hidravli\u010dni cilinder, ki se uporablja za nadzor gibanja \u017elice v te\u017ekih strojih, kot so bagri, bagri nakladalniki in \u010delni nakladalniki. Njegova glavna funkcija je omogo\u010danje dvigovanja, spu\u0161\u010danja in nagibanja \u017elice, kar olaj\u0161a opravljanje razli\u010dnih nalog ravnanja z materiali. V hidravli\u010dnem sistemu cilinder \u017elice dose\u017ee natan\u010den nadzor gibanja \u017elice s spremembami tlaka hidravli\u010dnega olja, kar upravljavcem omogo\u010da u\u010dinkovito ravnanje s te\u017ekimi bremeni in prilagajanje kompleksnim delovnim okoljem ter raznolikim zahtevam dela.<\/p>\n<p><!-- Product Image --><br \/>\n<img decoding=\"async\" src=\"https:\/\/www.hydraulic-cylinders.net\/wp-content\/uploads\/2025\/01\/songte-company-2.webp\" alt=\"Slika cilindra \u017elice za Yanmar VI55-5B\"><\/p>\n<p><!-- Key Features --><\/p>\n<h2>Klju\u010dne lastnosti<\/h2>\n<ul>\n<li>Visoka trdnost in vzdr\u017eljivost: Obi\u010dajno so izdelani iz visoko trdnega jekla ali aluminija, sposobni prenesti visok tlak in velike obremenitve, se prilagajajo zahtevnim delovnim okoljem in so zasnovani z mislijo na odpornost proti obrabi in koroziji, kar podalj\u0161uje \u017eivljenjsko dobo.<\/li>\n<li>U\u010dinkovito hidravli\u010dno delovanje: Gladko gibanje iztegovanja in kr\u010denja se dose\u017ee z uporabo tlaka hidravli\u010dnega olja, kar omogo\u010da hiter odziv na krmilne ukaze in zagotavlja mo\u010dno potisno in vle\u010dno silo, primerno za ravnanje s te\u017ekimi bremeni in kompleksnimi delovnimi nalogami.<\/li>\n<li>Razli\u010dne vrste: Enojno delujo\u010di (hidravli\u010dni, ki se uporablja samo v eni smeri) ali dvostransko delujo\u010di (hidravli\u010dni, ki se uporablja v obeh smereh) cilindri se lahko izberejo glede na potrebe za izpolnjevanje razli\u010dnih operativnih potreb. Nekateri modeli so teleskopski, kar omogo\u010da ve\u010dji razteg brez pove\u010danja zunanjih dimenzij, primerni za uporabo z omejenim prostorom.<\/li>\n<li>Popolna zamenjava: Na\u0161 izdelek lahko popolnoma nadomesti te hidravli\u010dne cilindre. <\/li>\n<\/ul>\n<p><!-- Product Replacement Image --><br \/>\n<img decoding=\"async\" src=\"https:\/\/www.hydraulic-cylinders.net\/wp-content\/uploads\/2025\/01\/songte-cylinder-head-with-all-kinds-excavator-models.webp\" alt=\"Slika zamenjave cilindra vedra\"><\/p>\n<p><!-- Applications --><\/p>\n<h2>Aplikacije<\/h2>\n<p>Cilinder \u017elice za Yanmar VI55-5B se pogosto uporablja v razli\u010dnih te\u017ekih strojih, kot so:<\/p>\n<ul>\n<li>Gradbena oprema: Pri bagrih so bistveni za kopanje, nakladanje in premikanje zemlje ali ru\u0161evin. Pri bagrih nakladalnikih cilinder \u017elice pomaga tako pri kopanju kot pri dvigovanju. <\/li>\n<li>Kmetijska mehanizacija: Uporablja se za \u010delne nakladalnike, pobiranje, dvigovanje in prevoz zemlje, sena in drugih materialov. <\/li>\n<li>Bagri: Cilinder \u017elice dose\u017ee kopanje tako, da \u017elici omogo\u010di prodiranje v zemljo. <\/li>\n<li>Nakladalniki: Pri \u010delnih nakladalnikih pomagajo u\u010dinkovito dvigovati in nagibati tovor.<\/li>\n<\/ul>\n<p><!-- Design Considerations and Selection Criteria --><\/p>\n<h2>Oblikovalski vidiki in izbirna merila<\/h2>\n<p>Pri na\u010drtovanju in izbiri cilindrov za vedra je treba upo\u0161tevati ve\u010d klju\u010dnih dejavnikov, vklju\u010dno z:<\/p>\n<ul>\n<li>Nosilnost: Cilinder mora biti sposoben prenesti najve\u010djo obremenitev brez okvare.<\/li>\n<li>Tesnjenje: Za prepre\u010devanje pu\u0161\u010danja teko\u010dine in podalj\u0161anje \u017eivljenjske dobe valjev se uporabljajo razli\u010dne tesnilne komponente, kot so tesnilni obro\u010dki bata in tesnilni obro\u010dki palice. <\/li>\n<li>Vzdr\u017eljivost: Jeklenka mora biti sposobna prenesti pogosto uporabo in te\u017eke obratovalne pogoje brez okvare.<\/li>\n<li>Varnost: Jeklenka mora biti zasnovana z mislijo na varnost, da se zagotovi varno in zanesljivo delovanje brez tveganja za ljudi ali opremo.<\/li>\n<li>Vzdr\u017eevanje: Jeklenka mora biti enostavna za vzdr\u017eevanje in popravilo, da se \u010dim bolj zmanj\u0161a \u010das izpada. <\/li>\n<\/ul>\n<p><!-- Product Parts Image --><br \/>\n<img decoding=\"async\" src=\"https:\/\/www.hydraulic-cylinders.net\/wp-content\/uploads\/2025\/01\/songte-oil-pipes-and-spare-parts.webp\" alt=\"Slika delov cilindra \u017elice\"><\/p>\n<p><!-- Seal and Lubrication --><\/p>\n<h2>Tesnilo in mazanje<\/h2>\n<p>Za prepre\u010devanje pu\u0161\u010danja teko\u010dine in podalj\u0161anje \u017eivljenjske dobe cilindra se uporabljajo razli\u010dne tesnilne komponente, kot so tesnilni obro\u010dki bata in tesnilni obro\u010dki palice. Tesnilne komponente so izdelane iz materialov, odpornih proti obrabi, kot sta poliuretan in nitrilna guma. Telo cilindra in navojna kon\u010dna povr\u0161ina sta fino obdelana za izbolj\u0161anje odpornosti proti obrabi. Redno mazanje z ustreznim hidravli\u010dnim oljem je potrebno za nemoteno delovanje cilindra in podalj\u0161anje \u017eivljenjske dobe.<\/p>\n<p><!-- Maintenance --><\/p>\n<h2>Vzdr\u017eevanje<\/h2>\n<p>Redni pregledi in preventivni vzdr\u017eevalni ukrepi so bistveni za vzdr\u017eevanje cilindra vedra in prepre\u010devanje morebitnih te\u017eav. Pogosta vzdr\u017eevalna opravila vklju\u010dujejo:<\/p>\n<ul>\n<li>Redni pregled: Preverite ohi\u0161je valja, batnico in tesnila glede znakov obrabe ali po\u0161kodb. <\/li>\n<li>Pravilno mazanje: Za nemoteno delovanje redno ma\u017eite valj s hidravli\u010dnim oljem. <\/li>\n<li>Zamenjava tesnila: Za prepre\u010ditev pu\u0161\u010danja teko\u010dine zamenjajte obrabljena ali po\u0161kodovana tesnila. <\/li>\n<li>Preverjanje kalibracije: Ob\u010dasno preverite pravilno kalibracijo cilindra. <\/li>\n<\/ul>\n<p><!-- Safety and Environment --><\/p>\n<h2>Varnost in okolje<\/h2>\n<p>Pri uporabi cilindra z vedrom je pomembno upo\u0161tevati varnostne ukrepe za prepre\u010devanje nesre\u010d in zagotavljanje varnega delovanja. Prav tako je bistveno upo\u0161tevati okoljske dejavnike in sprejeti ukrepe za zmanj\u0161anje vpliva na okolje.<\/p>\n<p><!-- Troubleshooting --><\/p>\n<h2>Odpravljanje te\u017eav in pogoste te\u017eave<\/h2>\n<p>Pogoste te\u017eave, ki se lahko pojavijo z valjem \u017elice, vklju\u010dujejo pu\u0161\u010danje teko\u010dine, premikanje valja in slabo delovanje. Nasveti za odpravljanje te\u017eav in re\u0161itve za te te\u017eave vklju\u010dujejo:<\/p>\n<ul>\n<li>Pu\u0161\u010danje teko\u010dine: Preverite tesnila in jih zamenjajte, \u010de so obrabljena ali po\u0161kodovana. <\/li>\n<li>Zmikanje cilindra: Preverite kalibracijo in jo po potrebi prilagodite. <\/li>\n<li>Slabo delovanje: Preverite hidravli\u010dni sistem glede blokad ali pu\u0161\u010danj in jih po potrebi popravite. <\/li>\n<\/ul>\n<p><!-- Product Bushings Image --><br \/>\n<img decoding=\"async\" src=\"https:\/\/www.hydraulic-cylinders.net\/wp-content\/uploads\/2025\/01\/songte-bushings-with-all-kinds-of-excavator-models.webp\" alt=\"Slika pu\u0161 cilindra \u017elice\"><\/p>\n<p><!-- Company Introduction --><\/p>\n<h2>Predstavitev podjetja<\/h2>\n<p>Smo vodilni proizvajalec in veleprodajni distributer hidravli\u010dnih cilindrov na doma\u010dem in mednarodnem trgu s celotno paleto vrst izdelkov. Dr\u017eimo se na\u010dela odli\u010dnosti v kakovosti in se zana\u0161amo na industrializirane strategije upravljanja proizvodnje iz sofisticiranih proizvodnih delavnic, nenehno izbolj\u0161ujemo proizvodno platformo delavnice, izbolj\u0161ujemo proizvodno linijo za kakovost izdelkov in imamo mo\u010dne ustvarjalne sposobnosti. Z visoko u\u010dinkovitostjo, visoko natan\u010dnostjo in visoko kakovostjo izpolnjujemo raznolike potrebe strank ter smo postali eden vodilnih proizvajalcev in veleprodajnih distributerjev hidravli\u010dnih cilindrov na doma\u010dem in mednarodnem trgu. <\/p>\n<p><!-- Company Image --><br \/>\n<img decoding=\"async\" src=\"https:\/\/hzpt.com\/wp-content\/uploads\/2024\/11\/songte-company-1.webp\" alt=\"Slika podjetja\"><\/p>\n<p><!-- Company Features --><\/p>\n<h2>Zna\u010dilnosti podjetja<\/h2>\n<ul>\n<li>Profesionalnost: Imamo ekipo profesionalnih in\u017eenirjev in tehnikov, ki so zavezani zagotavljanju visokokakovostnih izdelkov in storitev strankam. <\/li>\n<li>Mednarodni certifikat: Na\u0161i izdelki so prejeli mednarodne certifikate, kot sta ISO9001 in CE, kar zagotavlja njihovo kakovost in zanesljivost. <\/li>\n<li>Storitev prilagajanja: Nudimo prilagojene storitve glede na zahteve strank in izpolnjujemo njihove posebne potrebe. <\/li>\n<li>Proizvodna oprema: Za zagotavljanje visoke natan\u010dnosti in kakovosti uporabljamo napredno proizvodno opremo, kot so CNC obdelovalni centri in varilni roboti. <\/li>\n<li>Poprodajne storitve: Zagotavljamo celovite poprodajne storitve, vklju\u010dno s popravilom izdelkov, zamenjavo in obnovo, da zagotovimo zadovoljstvo strank.<\/li>\n<\/ul>\n<p><!-- Company Image --><br \/>\n<img decoding=\"async\" src=\"https:\/\/www.hydraulic-cylinders.net\/wp-content\/uploads\/2025\/01\/songte-company-3.webp\" alt=\"Slika podjetja\"><\/p>\n<p>Skratka, cilinder \u017elice za Yanmar VI55-5B je bistvena komponenta te\u017eke mehanizacije, ki pomaga nadzorovati gibanje \u017elice in olaj\u0161a opravljanje razli\u010dnih nalog ravnanja z materiali. Pravilna zasnova in izbira, redno vzdr\u017eevanje ter upo\u0161tevanje varnostnih ukrepov so bistveni za zagotavljanje optimalne zmogljivosti in podalj\u0161anje \u017eivljenjske dobe. Smo vodilni proizvajalec in veleprodajni distributer hidravli\u010dnih cilindrov, ki strankam po vsem svetu zagotavlja visokokakovostne izdelke in storitve. <\/p>\n<p>Avtor: lyl<\/p>","protected":false},"excerpt":{"rendered":"<p>Bucket Cylinder For Yanmar VI55-5B Introduction The bucket cylinder for Yanmar VI55-5B is a specifically designed hydraulic cylinder used to control the movement of the bucket in heavy machinery such as excavators, backhoe loaders, and front-end loaders. Its primary function is to enable the bucket to lift, lower, and tilt, making it easier to handle [&hellip;]<\/p>","protected":false},"featured_media":14762,"comment_status":"open","ping_status":"closed","template":"","meta":{"_et_pb_use_builder":"","_et_pb_old_content":"","_et_gb_content_width":""},"product_brand":[],"product_cat":[1494],"product_tag":[1495,1496],"class_list":{"0":"post-15835","1":"product","2":"type-product","3":"status-publish","4":"has-post-thumbnail","6":"product_cat-bucket-cylinders","7":"product_tag-bucket-cylinders","8":"product_tag-hydraulic-cylinders","10":"first","11":"instock","12":"shipping-taxable","13":"product-type-simple"},"amp_enabled":true,"_links":{"self":[{"href":"https:\/\/www.hydraulic-cylinders.net\/sl\/wp-json\/wp\/v2\/product\/15835","targetHints":{"allow":["GET"]}}],"collection":[{"href":"https:\/\/www.hydraulic-cylinders.net\/sl\/wp-json\/wp\/v2\/product"}],"about":[{"href":"https:\/\/www.hydraulic-cylinders.net\/sl\/wp-json\/wp\/v2\/types\/product"}],"replies":[{"embeddable":true,"href":"https:\/\/www.hydraulic-cylinders.net\/sl\/wp-json\/wp\/v2\/comments?post=15835"}],"wp:featuredmedia":[{"embeddable":true,"href":"https:\/\/www.hydraulic-cylinders.net\/sl\/wp-json\/wp\/v2\/media\/14762"}],"wp:attachment":[{"href":"https:\/\/www.hydraulic-cylinders.net\/sl\/wp-json\/wp\/v2\/media?parent=15835"}],"wp:term":[{"taxonomy":"product_brand","embeddable":true,"href":"https:\/\/www.hydraulic-cylinders.net\/sl\/wp-json\/wp\/v2\/product_brand?post=15835"},{"taxonomy":"product_cat","embeddable":true,"href":"https:\/\/www.hydraulic-cylinders.net\/sl\/wp-json\/wp\/v2\/product_cat?post=15835"},{"taxonomy":"product_tag","embeddable":true,"href":"https:\/\/www.hydraulic-cylinders.net\/sl\/wp-json\/wp\/v2\/product_tag?post=15835"}],"curies":[{"name":"delovni list","href":"https:\/\/api.w.org\/{rel}","templated":true}]}}