{"id":15839,"date":"2025-01-19T15:03:20","date_gmt":"2025-01-19T15:03:20","guid":{"rendered":"https:\/\/www.hydraulic-cylinders.net\/product\/bucket-cylinder-for-yanmar-v55-6\/"},"modified":"2025-01-19T15:03:22","modified_gmt":"2025-01-19T15:03:22","slug":"bucket-cylinder-for-yanmar-v55-6","status":"publish","type":"product","link":"https:\/\/www.hydraulic-cylinders.net\/sl\/izdelek\/bucket-cylinder-for-yanmar-v55-6\/","title":{"rendered":"Cilinder \u017elice za Yanmar V55-6"},"content":{"rendered":"<p><!DOCTYPE html><br \/>\n<html><br \/>\n<head><br \/>\n\t<title>Cilinder \u017elice za Yanmar V55-6<\/title><br \/>\n<\/head><br \/>\n<body><\/p>\n<h1>Cilinder \u017elice za Yanmar V55-6<\/h1>\n<h2>Uvod<\/h2>\n<p>Hidravli\u010dni cilinder \u017elice za Yanmar V55-6 je specializiran hidravli\u010dni cilinder, zasnovan za krmiljenje gibanja \u017elice v te\u017ekih strojih, kot so bagri, bagri nakladalniki in \u010delni nakladalniki. Njegova glavna funkcija je omogo\u010danje dvigovanja, spu\u0161\u010danja in nagibanja \u017elice, kar olaj\u0161a razli\u010dna opravila ravnanja z materiali. V hidravli\u010dnem sistemu cilinder \u017elice dose\u017ee natan\u010den nadzor nad \u017elico z uporabo sprememb tlaka hidravli\u010dnega olja, kar upravljavcem omogo\u010da u\u010dinkovito ravnanje s te\u017ekimi bremeni in prilagajanje kompleksnim delovnim okoljem ter raznolikim zahtevam dela.<\/p>\n<p>\t<img decoding=\"async\" src=\"https:\/\/www.hydraulic-cylinders.net\/wp-content\/uploads\/2025\/01\/songte-company-2.webp\" alt=\"Cilinder za vedro\" \/><\/p>\n<h2>Zna\u010dilnosti<\/h2>\n<ul>\n<li>Visoka trdnost in vzdr\u017eljivost: Obi\u010dajno je izdelan iz visoko trdnega jekla ali aluminija, zato lahko prenese visok tlak in velike obremenitve ter se prilagaja zahtevnim delovnim okoljem. Zasnova vpliva na odpornost proti obrabi in koroziji, kar podalj\u0161uje njegovo \u017eivljenjsko dobo.<\/li>\n<li>U\u010dinkovito hidravli\u010dno delovanje: Z uporabo hidravli\u010dnega oljnega tlaka omogo\u010da gladko iztegovanje in vle\u010denje, hitro odzivanje na krmilne ukaze ter zagotavlja mo\u010dne potisne in vle\u010dne sile, primerne za ravnanje s te\u017ekimi bremeni in kompleksne delovne naloge.<\/li>\n<li>Razli\u010dne vrste: Na voljo z enosmernim (hidravli\u010dni tlak se uporablja samo v eni smeri) ali dvosmernim (hidravli\u010dni tlak se uporablja v obeh smereh) cilindri, kar omogo\u010da razli\u010dne operativne potrebe. Nekateri modeli so teleskopski, kar omogo\u010da ve\u010dji razteg brez pove\u010danja zunanjih dimenzij, primerni za uporabo z omejenim prostorom.<\/li>\n<li>Popolna zamenjava: Na\u0161i izdelki lahko popolnoma nadomestijo te hidravli\u010dne cilindre.<\/li>\n<\/ul>\n<p>\t<img decoding=\"async\" src=\"https:\/\/www.hydraulic-cylinders.net\/wp-content\/uploads\/2025\/01\/songte-cylinder-head-with-all-kinds-excavator-models.webp\" alt=\"Hidravli\u010dni cilindri\" \/><\/p>\n<h2>Aplikacije<\/h2>\n<ul>\n<li>Gradbena oprema: Bistvena pri bagrih za kopanje, nakladanje in premikanje zemlje ali ru\u0161evin. Pri bagrih nakladalnikih cilinder \u017elice pomaga pri kopanju in dvigovanju.<\/li>\n<li>Kmetijska mehanizacija: Uporablja se v \u010delnih nakladalnikih za zajemanje, dvigovanje in prevoz zemlje, sena in drugih materialov.<\/li>\n<li>Bagri: Cilinder \u017elice omogo\u010da kopanje, saj \u017elici omogo\u010da prodiranje v zemljo.<\/li>\n<li>Nakladalci: Pri \u010delnih nakladalcih pomagajo pri u\u010dinkovitem dvigovanju in odlaganju blaga.<\/li>\n<\/ul>\n<h2>Oblikovalski vidiki in izbirna merila<\/h2>\n<ul>\n<li>Nosilnost: Zmo\u017enost valja, da prenese obremenitev, je klju\u010dni dejavnik pri zasnovi.<\/li>\n<li>Tesnjenje: Razli\u010dne tesnilne komponente, kot so tesnila bata in ojnice, izdelane iz materialov, odpornih proti obrabi, kot sta poliuretan ali nitrilna guma, zagotavljajo u\u010dinkovito tesnjenje.<\/li>\n<li>Vzdr\u017eljivost: Ohi\u0161je valja in navojne kon\u010dne povr\u0161ine so natan\u010dno obdelane za ve\u010djo odpornost proti obrabi.<\/li>\n<li>Varnost: Med na\u010drtovanjem se upo\u0161tevajo varnostni vidiki, da se zagotovi varno delovanje.<\/li>\n<li>Vzdr\u017eevanje: Zasnova omogo\u010da enostavno vzdr\u017eevanje in popravila.<\/li>\n<\/ul>\n<p>\t<img decoding=\"async\" src=\"https:\/\/www.hydraulic-cylinders.net\/wp-content\/uploads\/2025\/01\/songte-oil-pipes-and-spare-parts.webp\" alt=\"Deli hidravli\u010dnega cilindra\" \/><\/p>\n<h2>Tesnjenje in mazanje<\/h2>\n<p>Valj \u017elice uporablja razli\u010dne tesnilne komponente, kot so tesnila bata in tesnila palic, ki so izdelana iz materialov, odpornih proti obrabi, kot sta poliuretan ali nitrilna guma. Telo valja in navojne kon\u010dne povr\u0161ine so fino obdelane za izbolj\u0161anje odpornosti proti obrabi. Za nemoteno delovanje je potrebno redno mazanje z ustrezno koli\u010dino hidravli\u010dnega olja.<\/p>\n<h2>Pregled in preventivno vzdr\u017eevanje<\/h2>\n<ul>\n<li>Redne preglede je treba izvajati, da se odkrijejo morebitne te\u017eave in zagotovi optimalno delovanje.<\/li>\n<li>Pravilno mazanje je bistvenega pomena za ohranjanje u\u010dinkovitosti valja in podalj\u0161anje njegove \u017eivljenjske dobe.<\/li>\n<li>Tesnila je treba redno preverjati in po potrebi zamenjati, da se prepre\u010di pu\u0161\u010danje.<\/li>\n<li>Za zagotovitev natan\u010dnega delovanja jeklenke je treba opraviti kalibracijske preglede.<\/li>\n<\/ul>\n<p>\t<img decoding=\"async\" src=\"https:\/\/www.hydraulic-cylinders.net\/wp-content\/uploads\/2025\/01\/songte-chushion-collar.webp\" alt=\"Vzdr\u017eevanje hidravli\u010dnih cilindrov\" \/><\/p>\n<h2>Varnostni vidiki in okoljski dejavniki<\/h2>\n<p>Pri uporabi cilindra z vedrom je pomembno upo\u0161tevati varnostne ukrepe za zagotovitev varnosti upravljavca in opreme. Ti ukrepi vklju\u010dujejo pravilno namestitev, redno vzdr\u017eevanje in upo\u0161tevanje varnostnih smernic.<\/p>\n<p>\t<img decoding=\"async\" src=\"https:\/\/www.hydraulic-cylinders.net\/wp-content\/uploads\/2025\/01\/songte-bushings-with-all-kinds-of-excavator-models.webp\" alt=\"Pu\u0161e cilindra \u017elice\" \/><\/p>\n<h2>Odpravljanje te\u017eav in pogoste te\u017eave<\/h2>\n<p>Pri te\u017eavah z cilindrom vedra je pomembno, da te\u017eavo pravilno diagnosticirate in uporabite ustrezne re\u0161itve. Pogoste te\u017eave lahko vklju\u010dujejo pu\u0161\u010danje, neustrezno delovanje ali nenavadne zvoke. Pravilno vzdr\u017eevanje in upo\u0161tevanje preventivnih ukrepov lahko pomagata zmanj\u0161ati morebitne te\u017eave.<\/p>\n<h2>Na\u0161e podjetje<\/h2>\n<p>Smo vodilni proizvajalec in veleprodajni distributer hidravli\u010dnih cilindrov na doma\u010dem in mednarodnem trgu. S poudarkom na odli\u010dni kakovosti sledimo industrijskim standardom v strategiji upravljanja proizvodnje, pri \u010demer uporabljamo napredno proizvodno opremo, profesionalne sisteme testiranja in ekipo tehni\u010dnih strokovnjakov. Na\u0161a zavezanost u\u010dinkovitosti, natan\u010dnosti in visokokakovostnim izdelkom nam omogo\u010da, da zadovoljimo raznolike potrebe na\u0161ih strank.<\/p>\n<p>\t<img decoding=\"async\" src=\"https:\/\/www.hydraulic-cylinders.net\/wp-content\/uploads\/2025\/01\/songte-company-3.webp\" alt=\"Pregled podjetja\" \/><\/p>\n<h3>Na\u0161e prednosti:<\/h3>\n<ul>\n<li>Profesionalnost: Predani smo zagotavljanju vrhunskih hidravli\u010dnih cilindrov.<\/li>\n<li>Mednarodni certifikati: Na\u0161i izdelki izpolnjujejo mednarodne standarde in certifikate.<\/li>\n<li>Storitve prilagajanja: Ponujamo re\u0161itve po meri, ki ustrezajo specifi\u010dnim zahtevam strank.<\/li>\n<li>Proizvodna oprema: Na\u0161a napredna proizvodna oprema zagotavlja visokokakovostne izdelke.<\/li>\n<li>Poprodajne storitve: Na\u0161im strankam nudimo celovito poprodajno podporo.<\/li>\n<\/ul>\n<p>\t<img decoding=\"async\" src=\"https:\/\/hzpt.com\/wp-content\/uploads\/2024\/11\/songte-company-1.webp\" alt=\"Pregled podjetja\" \/><\/p>\n<p>Avtor: lyl<\/p>\n<p><\/body><br \/>\n<\/html><\/p>","protected":false},"excerpt":{"rendered":"<p>Bucket Cylinder For Yanmar V55-6 Bucket Cylinder For Yanmar V55-6 Introduction The bucket cylinder for Yanmar V55-6 is a specialized hydraulic cylinder designed for controlling the movement of the bucket in heavy machinery such as excavators, backhoe loaders, and front-end loaders. Its main function is to enable the lifting, lowering, and tilting of the bucket, [&hellip;]<\/p>","protected":false},"featured_media":14787,"comment_status":"open","ping_status":"closed","template":"","meta":{"_et_pb_use_builder":"","_et_pb_old_content":"","_et_gb_content_width":""},"product_brand":[],"product_cat":[1494],"product_tag":[1495,1496],"class_list":{"0":"post-15839","1":"product","2":"type-product","3":"status-publish","4":"has-post-thumbnail","6":"product_cat-bucket-cylinders","7":"product_tag-bucket-cylinders","8":"product_tag-hydraulic-cylinders","10":"first","11":"instock","12":"shipping-taxable","13":"product-type-simple"},"amp_enabled":true,"_links":{"self":[{"href":"https:\/\/www.hydraulic-cylinders.net\/sl\/wp-json\/wp\/v2\/product\/15839","targetHints":{"allow":["GET"]}}],"collection":[{"href":"https:\/\/www.hydraulic-cylinders.net\/sl\/wp-json\/wp\/v2\/product"}],"about":[{"href":"https:\/\/www.hydraulic-cylinders.net\/sl\/wp-json\/wp\/v2\/types\/product"}],"replies":[{"embeddable":true,"href":"https:\/\/www.hydraulic-cylinders.net\/sl\/wp-json\/wp\/v2\/comments?post=15839"}],"wp:featuredmedia":[{"embeddable":true,"href":"https:\/\/www.hydraulic-cylinders.net\/sl\/wp-json\/wp\/v2\/media\/14787"}],"wp:attachment":[{"href":"https:\/\/www.hydraulic-cylinders.net\/sl\/wp-json\/wp\/v2\/media?parent=15839"}],"wp:term":[{"taxonomy":"product_brand","embeddable":true,"href":"https:\/\/www.hydraulic-cylinders.net\/sl\/wp-json\/wp\/v2\/product_brand?post=15839"},{"taxonomy":"product_cat","embeddable":true,"href":"https:\/\/www.hydraulic-cylinders.net\/sl\/wp-json\/wp\/v2\/product_cat?post=15839"},{"taxonomy":"product_tag","embeddable":true,"href":"https:\/\/www.hydraulic-cylinders.net\/sl\/wp-json\/wp\/v2\/product_tag?post=15839"}],"curies":[{"name":"delovni list","href":"https:\/\/api.w.org\/{rel}","templated":true}]}}