{"id":15843,"date":"2025-01-19T15:03:53","date_gmt":"2025-01-19T15:03:53","guid":{"rendered":"https:\/\/www.hydraulic-cylinders.net\/product\/bucket-cylinder-for-yishan-ys220\/"},"modified":"2025-01-19T15:03:59","modified_gmt":"2025-01-19T15:03:59","slug":"bucket-cylinder-for-yishan-ys220","status":"publish","type":"product","link":"https:\/\/www.hydraulic-cylinders.net\/sl\/izdelek\/bucket-cylinder-for-yishan-ys220\/","title":{"rendered":"Cilinder za Yishan YS220"},"content":{"rendered":"<h1>Cilinder za Yishan YS220<\/h1>\n<h2>Uvod<\/h2>\n<p>Hidravli\u010dni cilinder \u017elice za Yishan YS220 je specializiran hidravli\u010dni cilinder, zasnovan za nadzor gibanja \u017elic v te\u017ekih strojih, kot so bagri, bagri nakladalniki in \u010delni nakladalniki. Njegova glavna funkcija je omogo\u010diti dvigovanje, spu\u0161\u010danje in nagibanje \u017elice, kar olaj\u0161a izvajanje razli\u010dnih nalog ravnanja z materiali. V hidravli\u010dnih sistemih cilinder \u017elice uporablja spremembo tlaka hidravli\u010dnega olja za doseganje natan\u010dnega nadzora \u017elice, kar omogo\u010da upravljavcem u\u010dinkovito ravnanje s te\u017ekimi bremeni, prilagajanje kompleksnim delovnim okoljem in raznolikim operativnim zahtevam.<\/p>\n<p><img decoding=\"async\" src=\"https:\/\/www.hydraulic-cylinders.net\/wp-content\/uploads\/2025\/01\/songte-company-2.webp\" alt=\"Cilinder za Yishan YS220\"><\/p>\n<h2>Zna\u010dilnosti<\/h2>\n<ul>\n<li>Visoka trdnost in vzdr\u017eljivost: Obi\u010dajno je izdelan iz visoko trdnega jekla ali aluminija, zato lahko prenese visok tlak in velike obremenitve ter se prilagaja zahtevnim delovnim okoljem. Zasnova upo\u0161teva odpornost proti obrabi in koroziji, kar podalj\u0161uje njegovo \u017eivljenjsko dobo.<\/li>\n<li>U\u010dinkovito hidravli\u010dno delovanje: Gladko iztegovanje in kr\u010denje se dose\u017ee z uporabo hidravli\u010dnega tlaka olja, kar omogo\u010da hiter odziv na krmilne ukaze in zagotavlja mo\u010dne potisne in vle\u010dne sile, primerne za ravnanje s te\u017ekimi predmeti in kompleksna delovna opravila.<\/li>\n<li>Razli\u010dne vrste: Enosmerno delujo\u010di (hidravli\u010dni se uporablja samo v eni smeri) ali dvosmerno delujo\u010di (hidravli\u010dni se uporablja v obeh smereh) cilindri se lahko izberejo glede na operativne zahteve. Nekateri modeli so teleskopski, kar omogo\u010da ve\u010dji razteg brez pove\u010danja zunanjih dimenzij, primerni za uporabo z omejenim prostorom.<\/li>\n<li>Popolna zamenjava: Na\u0161i izdelki lahko popolnoma nadomestijo te hidravli\u010dne cilindre.<\/li>\n<\/ul>\n<p><img decoding=\"async\" src=\"https:\/\/www.hydraulic-cylinders.net\/wp-content\/uploads\/2025\/01\/songte-cylinder-head-with-all-kinds-excavator-models.webp\" alt=\"Cilinder za Yishan YS220\"><\/p>\n<h2>Aplikacije<\/h2>\n<h3>Gradbena oprema:<\/h3>\n<p>Pri bagrih so bistveni za kopanje, nakladanje in premikanje zemlje ali ru\u0161evin. Pri bagrih nakladalnikih cilindri \u017elice pomagajo tako pri kopanju kot dvigovanju. Pri \u010delnih nakladalnikih pomagajo pri u\u010dinkovitem dvigovanju in nagibanju tovora.<\/p>\n<h3>Kmetijska mehanizacija:<\/h3>\n<p>Uporablja se v \u010delnih nakladalnikih za zajemanje, dvigovanje in prevoz zemlje, sena in drugih materialov. Pri bagrih cilinder \u017elice omogo\u010da kopanje, saj \u017elici omogo\u010da, da prodre v zemljo.<\/p>\n<h2>Oblikovalski vidiki in izbirna merila<\/h2>\n<ul>\n<li>Nosilnost: Hidravli\u010dni cilinder mora imeti zadostno nosilnost, da izpolnjuje zahteve uporabe.<\/li>\n<li>Tesnilna zmogljivost: Za izbolj\u0161anje tesnilne zmogljivosti se uporabljajo razli\u010dne tesnilne komponente, kot so tesnila bata in tesnila palic, izdelana iz materialov, odpornih proti obrabi, kot sta poliuretan in nitrilna guma.<\/li>\n<li>Vzdr\u017eljivost: Ohi\u0161je valja in navojna kon\u010dna povr\u0161ina sta natan\u010dno obdelana za izbolj\u0161anje odpornosti proti obrabi. Redno mazanje je potrebno za prepre\u010devanje obrabe in zagotavljanje normalnega delovanja.<\/li>\n<li>Varnost: Med namestitvijo in delovanjem je treba sprejeti ustrezne varnostne ukrepe za zagotovitev varne uporabe.<\/li>\n<li>Vzdr\u017eevanje: Redni pregledi in vzdr\u017eevanje so potrebni za odkrivanje in prepre\u010devanje morebitnih te\u017eav. Na voljo so tudi storitve zamenjave rezervnih delov in obnove.<\/li>\n<\/ul>\n<p><img decoding=\"async\" src=\"https:\/\/www.hydraulic-cylinders.net\/wp-content\/uploads\/2025\/01\/songte-oil-pipes-and-spare-parts.webp\" alt=\"Cilinder za Yishan YS220\"><\/p>\n<h2>Tesnjenje in mazanje<\/h2>\n<p>Za izbolj\u0161anje tesnilne u\u010dinkovitosti se uporabljajo razli\u010dne tesnilne komponente, kot so tesnila bata in tesnila palic, izdelana iz materialov, odpornih proti obrabi, kot sta poliuretan in nitrilni kav\u010duk. Telo valja in navojna kon\u010dna povr\u0161ina sta natan\u010dno obdelana za izbolj\u0161anje odpornosti proti obrabi. Redno mazanje je potrebno za prepre\u010devanje obrabe in zagotavljanje normalnega delovanja.<\/p>\n<h2>Vzdr\u017eevanje in popravila<\/h2>\n<p>Redni pregledi in vzdr\u017eevanje so potrebni za odkrivanje in prepre\u010devanje morebitnih te\u017eav. Pogosta vzdr\u017eevalna opravila vklju\u010dujejo redne preglede, ustrezno mazanje in zamenjavo tesnil. Pravilna namestitev, mazanje in nastavitev so klju\u010dnega pomena za zagotovitev dolge \u017eivljenjske dobe izdelka. Priporo\u010dljivo je uporabiti ustrezne nosilce za pritrditev cilindra. Ponujamo priporo\u010dene postopke pregleda, popravila in zamenjave, nadomestne dele in storitve obnove za podalj\u0161anje \u017eivljenjske dobe izdelka.<\/p>\n<p><img decoding=\"async\" src=\"https:\/\/www.hydraulic-cylinders.net\/wp-content\/uploads\/2025\/01\/songte-chushion-collar.webp\" alt=\"Cilinder za Yishan YS220\"><\/p>\n<h2>Varnostni in okoljski vidiki<\/h2>\n<p>Pri uporabi hidravli\u010dnih cilindrov je klju\u010dnega pomena pravilna uporaba varnostnih ukrepov. Paziti je treba, da se izognete pu\u0161\u010danju hidravli\u010dne teko\u010dine, ki lahko \u0161koduje okolju in ogrozi osebje.<\/p>\n<h2>Diagnostika napak in odpravljanje te\u017eav<\/h2>\n<p>Nekatere pogoste te\u017eave s hidravli\u010dnimi cilindri vklju\u010dujejo okvaro tesnila, pu\u0161\u010danje in nezmo\u017enost iztegovanja ali vstavljanja. Te je mogo\u010de odpraviti z ugotavljanjem vzroka in zamenjavo po\u0161kodovanih delov. Preventivni ukrepi, kot sta redno vzdr\u017eevanje in pregledi, lahko pomagajo prepre\u010diti te\u017eave, preden se pojavijo.<\/p>\n<p><img decoding=\"async\" src=\"https:\/\/www.hydraulic-cylinders.net\/wp-content\/uploads\/2025\/01\/songte-bushings-with-all-kinds-of-excavator-models.webp\" alt=\"Cilinder za Yishan YS220\"><\/p>\n<h2>O nas<\/h2>\n<p>Smo proizvajalec hidravli\u010dnih cilindrov, ki proizvaja celotno paleto izdelkov in je postal eden vodilnih proizvajalcev in veleprodajnih distributerjev hidravli\u010dnih cilindrov na doma\u010dem in mednarodnem trgu. V na\u0161i sofisticirani proizvodni delavnici se dr\u017eimo na\u010dela odli\u010dne kakovosti in se zana\u0161amo na strategijo upravljanja proizvodnje v industriji. Z uporabo tehnolo\u0161kih talentov, vrhunske digitalne proizvodne opreme in profesionalnih sistemov za testiranje nenehno izbolj\u0161ujemo na\u0161o proizvodno platformo, izpopolnjujemo proizvodne linije za kakovost izdelkov in imamo mo\u010dne ustvarjalne sposobnosti. Raznolike potrebe strank izpolnjujemo z visoko u\u010dinkovitostjo, visoko natan\u010dnostjo in na\u010deli visoke kakovosti.<\/p>\n<ul>\n<li>Profesionalnost: Imamo ekipo strokovnjakov, ki dobro poznajo hidravli\u010dne cilindre in njihovo uporabo.<\/li>\n<li>Mednarodni certifikat: Na\u0161i izdelki so pridobili mednarodne certifikate, kot sta CE in ISO9001.<\/li>\n<li>Storitve prilagajanja: Nudimo storitve po meri, ki ustrezajo specifi\u010dnim potrebam na\u0161ih strank.<\/li>\n<li>Proizvodna oprema: Za zagotavljanje visokokakovostnih izdelkov uporabljamo sofisticirano proizvodno opremo, kot so natan\u010dni CNC stroji in varilni roboti.<\/li>\n<li>Poprodajne storitve: Na\u0161im strankam nudimo poprodajne storitve, vklju\u010dno s tehni\u010dno podporo, zamenjavo rezervnih delov in obnovo.<\/li>\n<\/ul>\n<p><img decoding=\"async\" src=\"https:\/\/hzpt.com\/wp-content\/uploads\/2024\/11\/songte-company-1.webp\" alt=\"Cilinder za Yishan YS220\"><\/p>\n<p>Avtor: lyl<\/p>","protected":false},"excerpt":{"rendered":"<p>Bucket Cylinder For Yishan YS220 Introduction The Bucket Cylinder for Yishan YS220 is a specialized hydraulic cylinder designed to control the movement of buckets in heavy machinery such as excavators, backhoe loaders, and front loaders. Its primary function is to enable the bucket to lift, lower, and tilt, making it easier to carry out various [&hellip;]<\/p>","protected":false},"featured_media":14780,"comment_status":"open","ping_status":"closed","template":"","meta":{"_et_pb_use_builder":"","_et_pb_old_content":"","_et_gb_content_width":""},"product_brand":[],"product_cat":[1494],"product_tag":[1495,1496],"class_list":{"0":"post-15843","1":"product","2":"type-product","3":"status-publish","4":"has-post-thumbnail","6":"product_cat-bucket-cylinders","7":"product_tag-bucket-cylinders","8":"product_tag-hydraulic-cylinders","10":"first","11":"instock","12":"shipping-taxable","13":"product-type-simple"},"amp_enabled":true,"_links":{"self":[{"href":"https:\/\/www.hydraulic-cylinders.net\/sl\/wp-json\/wp\/v2\/product\/15843","targetHints":{"allow":["GET"]}}],"collection":[{"href":"https:\/\/www.hydraulic-cylinders.net\/sl\/wp-json\/wp\/v2\/product"}],"about":[{"href":"https:\/\/www.hydraulic-cylinders.net\/sl\/wp-json\/wp\/v2\/types\/product"}],"replies":[{"embeddable":true,"href":"https:\/\/www.hydraulic-cylinders.net\/sl\/wp-json\/wp\/v2\/comments?post=15843"}],"wp:featuredmedia":[{"embeddable":true,"href":"https:\/\/www.hydraulic-cylinders.net\/sl\/wp-json\/wp\/v2\/media\/14780"}],"wp:attachment":[{"href":"https:\/\/www.hydraulic-cylinders.net\/sl\/wp-json\/wp\/v2\/media?parent=15843"}],"wp:term":[{"taxonomy":"product_brand","embeddable":true,"href":"https:\/\/www.hydraulic-cylinders.net\/sl\/wp-json\/wp\/v2\/product_brand?post=15843"},{"taxonomy":"product_cat","embeddable":true,"href":"https:\/\/www.hydraulic-cylinders.net\/sl\/wp-json\/wp\/v2\/product_cat?post=15843"},{"taxonomy":"product_tag","embeddable":true,"href":"https:\/\/www.hydraulic-cylinders.net\/sl\/wp-json\/wp\/v2\/product_tag?post=15843"}],"curies":[{"name":"delovni list","href":"https:\/\/api.w.org\/{rel}","templated":true}]}}