{"id":15853,"date":"2025-01-19T15:04:38","date_gmt":"2025-01-19T15:04:38","guid":{"rendered":"https:\/\/www.hydraulic-cylinders.net\/product\/bucket-cylinder-for-yuchai-yc18sr\/"},"modified":"2025-01-19T15:04:43","modified_gmt":"2025-01-19T15:04:43","slug":"bucket-cylinder-for-yuchai-yc18sr","status":"publish","type":"product","link":"https:\/\/www.hydraulic-cylinders.net\/sl\/izdelek\/bucket-cylinder-for-yuchai-yc18sr\/","title":{"rendered":"Cilinder \u017elice za Yuchai YC18SR"},"content":{"rendered":"<h2>Cilinder \u017elice za Yuchai YC18SR<\/h2>\n<h3>Uvod<\/h3>\n<p>Hidravli\u010dni valj \u017elice je posebej zasnovan hidravli\u010dni valj, ki se uporablja predvsem za nadzor gibanja \u017elice v te\u017ekih strojih, kot so bagri, bagri z nakladalnimi ko\u0161arami in \u010delni nakladalniki. Njegova glavna funkcija je omogo\u010danje dvigovanja, spu\u0161\u010danja in nagibanja \u017elice, kar olaj\u0161a izvajanje razli\u010dnih nalog ravnanja z materiali. V hidravli\u010dnem sistemu valj \u017elice dose\u017ee natan\u010den nadzor nad \u017elico s spreminjanjem tlaka hidravli\u010dnega olja, kar upravljavcem omogo\u010da u\u010dinkovito ravnanje s te\u017ekimi materiali, prilagajanje kompleksnim delovnim okoljem in raznolikim operativnim zahtevam.<\/p>\n<p><img decoding=\"async\" src=\"https:\/\/www.hydraulic-cylinders.net\/wp-content\/uploads\/2025\/01\/songte-company-2.webp\" \/><\/p>\n<h3>Zna\u010dilnosti<\/h3>\n<ul>\n<li><strong>Visoka trdnost in vzdr\u017eljivost:<\/strong> Obi\u010dajno je izdelan iz visoko trdnega jekla ali aluminija, zato lahko prenese visok tlak in velike obremenitve, se prilagodi zahtevnim delovnim okoljem in je zasnovan z mislijo na odpornost proti obrabi in koroziji, kar podalj\u0161uje \u017eivljenjsko dobo.<\/li>\n<li><strong>U\u010dinkovito hidravli\u010dno delovanje:<\/strong> Uporablja tlak hidravli\u010dnega olja za doseganje gladkih gibov iztegovanja in vvla\u010devanja, se lahko hitro odzove na krmilne ukaze, zagotavlja mo\u010dne potisne in vle\u010dne sile ter je primeren za ravnanje s te\u017ekimi materiali in kompleksne operativne naloge.<\/li>\n<li><strong>Razli\u010dne vrste:<\/strong> Enosmerno delujo\u010di (hidravli\u010dni samo v eno smer) ali dvosmerno delujo\u010di (hidravli\u010dni v obe smeri) cilindri se lahko izberejo glede na operativne zahteve, nekateri modeli pa so tudi teleskopski, kar omogo\u010da ve\u010dji razteg brez pove\u010danja zunanjih dimenzij, zaradi \u010desar so primerni za uporabo z omejenim prostorom.<\/li>\n<li><strong>Zdru\u017eljivost:<\/strong> Na\u0161 izdelek lahko popolnoma nadomesti te hidravli\u010dne cilindre in ta izdelek lahko tudi izdelamo.<\/li>\n<\/ul>\n<p><img decoding=\"async\" src=\"https:\/\/www.hydraulic-cylinders.net\/wp-content\/uploads\/2025\/01\/songte-cylinder-head-with-all-kinds-excavator-models.webp\" \/><\/p>\n<h3>Aplikacije<\/h3>\n<p>Valji z \u017elico se pogosto uporabljajo v razli\u010dnih panogah, vklju\u010dno z:<\/p>\n<ul>\n<li><strong>Gradbena oprema:<\/strong> Pri bagrih so klju\u010dni za kopanje, nakladanje in premikanje zemlje ali ru\u0161evin. Pri bagrih z nakladalno glavo cilinder \u017elice pomaga tako pri kopanju kot dvigovanju. <\/li>\n<li><strong>Kmetijska mehanizacija:<\/strong> Uporablja se v \u010delnih nakladalnikih za zajemanje, dvigovanje in prevoz zemlje, sena in drugih materialov. <\/li>\n<li><strong>Bagri:<\/strong> Cilinder \u017elice dose\u017ee kopanje tako, da \u017elici omogo\u010di prodiranje v zemljo. <\/li>\n<li><strong>Nakladalci:<\/strong> Pri \u010delnih nakladalnikih pomagajo pri u\u010dinkovitem dvigovanju in nagibanju blaga. <\/li>\n<\/ul>\n<h3>Merila za na\u010drtovanje in izbor<\/h3>\n<p>Pri na\u010drtovanju cilindri\u010dnih konstrukcij je treba upo\u0161tevati ve\u010d dejavnikov, kot so:<\/p>\n<ul>\n<li><strong>Nosilnost:<\/strong> Jeklenka mora biti sposobna prenesti te\u017eo dvignjenega materiala brez deformacije ali po\u0161kodbe.<\/li>\n<li><strong>Tesnjenje:<\/strong> Za prepre\u010devanje pu\u0161\u010danja in vzdr\u017eevanje tlaka je treba uporabiti razli\u010dne tesnilne komponente, kot so tesnila bata in tesnila batnic.<\/li>\n<li><strong>Vzdr\u017eljivost:<\/strong> Material valja mora biti odporen proti obrabi, koroziji in utrujanju, povr\u0161ina pa mora biti fino obdelana za pove\u010danje odpornosti proti obrabi.<\/li>\n<li><strong>Varnost:<\/strong> Jeklenka mora biti zasnovana tako, da prepre\u010duje nesre\u010de, kot so pu\u0161\u010danje, preobremenitev in nenadna odpoved.<\/li>\n<li><strong>Vzdr\u017eevanje:<\/strong> Jeklenko je treba enostavno razstaviti in popraviti, ustrezni nadomestni deli pa morajo biti takoj na voljo.<\/li>\n<\/ul>\n<p><img decoding=\"async\" src=\"https:\/\/www.hydraulic-cylinders.net\/wp-content\/uploads\/2025\/01\/songte-oil-pipes-and-spare-parts.webp\" \/><\/p>\n<h3>Tesnjenje in mazanje<\/h3>\n<p>Valji z \u017elico uporabljajo razli\u010dne tesnilne komponente, kot so tesnila bata in tesnila palic, izdelana iz materialov, odpornih proti obrabi, kot sta poliuretan in nitrilna guma. Telo valja in povr\u0161ine navojnih kon\u010dnic so fino obdelane za pove\u010danje odpornosti proti obrabi. Redno mazanje s hidravli\u010dnim oljem je potrebno za zagotovitev nemotenega gibanja in zmanj\u0161anje obrabe.<\/p>\n<h3>Vzdr\u017eevanje in popravila<\/h3>\n<p>Za zagotovitev dolge \u017eivljenjske dobe in zanesljivega delovanja cilindrov z \u017elico je treba redno pregledovati in izvajati preventivne vzdr\u017eevalne ukrepe. Pogosta vzdr\u017eevalna opravila vklju\u010dujejo:<\/p>\n<ul>\n<li><strong>Redni pregled:<\/strong> Preverite morebitna pu\u0161\u010danja, ohlapne povezave in znake obrabe.<\/li>\n<li><strong>Mazanje:<\/strong> Cilinder naj bo dobro namazan s hidravli\u010dnim oljem, kot priporo\u010da proizvajalec.<\/li>\n<li><strong>Zamenjava tesnila:<\/strong> Obrabljena ali po\u0161kodovana tesnila \u010dim prej zamenjajte, da prepre\u010dite pu\u0161\u010danje in izgubo tlaka.<\/li>\n<li><strong>Preverjanje poravnave:<\/strong> Med namestitvijo pravilno poravnajte valj, da prepre\u010dite po\u0161kodbe in zagotovite nemoteno delovanje.<\/li>\n<li><strong>Popravilo in zamenjava:<\/strong> Upo\u0161tevajte priporo\u010dene postopke za popravilo ali zamenjavo po\u0161kodovanih komponent in razmislite o storitvah obnove, da podalj\u0161ate \u017eivljenjsko dobo jeklenke.<\/li>\n<\/ul>\n<p><img decoding=\"async\" src=\"https:\/\/www.hydraulic-cylinders.net\/wp-content\/uploads\/2025\/01\/songte-chushion-collar.webp\" \/><\/p>\n<h3>Varnostni in okoljski vidiki<\/h3>\n<p>Pri uporabi cilindrov z \u017elico je treba sprejeti varnostne ukrepe za prepre\u010devanje nesre\u010d, kot so preobremenitev, nenadna odpoved in pu\u0161\u010danje. Pravilno odstranjevanje starih ali po\u0161kodovanih cilindrov in hidravli\u010dnega olja je bistvenega pomena za prepre\u010devanje onesna\u017eevanja in \u0161kode za okolje.<\/p>\n<h3>Diagnostika napak in odpravljanje te\u017eav<\/h3>\n<p>Pogoste te\u017eave z cilindri z \u017elico vklju\u010dujejo pu\u0161\u010danje, nezadosten tlak in nenavaden hrup. Te\u017eave je treba odpraviti hitro s preverjanjem ohlapnih priklju\u010dkov, po\u0161kodovanih tesnil in drugih mo\u017enih vzrokov. Redni pregledi in vzdr\u017eevanje lahko pomagajo prepre\u010diti \u0161tevilne te\u017eave.<\/p>\n<p><img decoding=\"async\" src=\"https:\/\/www.hydraulic-cylinders.net\/wp-content\/uploads\/2025\/01\/songte-bushings-with-all-kinds-of-excavator-models.webp\" \/><\/p>\n<h2>Na\u0161e podjetje<\/h2>\n<p>Smo proizvajalec nadomestnih hidravli\u010dnih cilindrov s \u0161iroko paleto vrst izdelkov. Smo eden vodilnih proizvajalcev in veleprodajnih distributerjev hidravli\u010dnih cilindrov na doma\u010dem in mednarodnem trgu. Dr\u017eimo se odli\u010dne kakovosti in se zana\u0161amo na strategije upravljanja industrijske proizvodnje v natan\u010dno izdelanih proizvodnih delavnicah. Podjetje nenehno izbolj\u0161uje proizvodno platformo delavnice z uporabo tehni\u010dnih talentov, vrhunske digitalne proizvodne opreme in profesionalnih sistemov testiranja, s \u010dimer izbolj\u0161ujemo kakovost proizvodne linije in izpopolnjujemo proizvodno pot. Podjetje ima mo\u010dne ustvarjalne sposobnosti in se dr\u017ei na\u010dela visoke u\u010dinkovitosti, visoke natan\u010dnosti in visoke kakovosti, da bi zadovoljilo raznolike potrebe strank.<\/p>\n<p><img decoding=\"async\" src=\"https:\/\/hzpt.com\/wp-content\/uploads\/2024\/11\/songte-company-1.webp\" \/><\/p>\n<h3>Profesionalnost<\/h3>\n<p>Na\u0161o ekipo sestavljajo visoko usposobljeni strokovnjaki z bogatimi izku\u0161njami na podro\u010dju na\u010drtovanja in izdelave hidravli\u010dnih cilindrov. Uporabljamo napredne procese na\u010drtovanja in izdelave, da zagotovimo, da na\u0161i izdelki izpolnjujejo najvi\u0161je industrijske standarde.<\/p>\n<h3>Mednarodno certificiranje<\/h3>\n<p>Na\u0161e izdelke so certificirale mednarodne organizacije za standardizacijo, vklju\u010dno z ISO 9001 in CE. To dokazuje na\u0161o zavezanost kakovosti in sposobnost zagotavljanja izdelkov, ki izpolnjujejo najzahtevnej\u0161e zahteve strank.<\/p>\n<h3>Storitve prilagajanja<\/h3>\n<p>Ponujamo storitve prilagajanja, da zadostimo specifi\u010dnim potrebam na\u0161ih strank. Na\u0161a ekipa strokovnjakov lahko sodeluje s strankami pri na\u010drtovanju in izdelavi hidravli\u010dnih cilindrov po meri, ki ustrezajo njihovim edinstvenim zahtevam.<\/p>\n<h3>Proizvodna oprema<\/h3>\n<p>Uporabljamo najsodobnej\u0161o proizvodno opremo, da zagotovimo najvi\u0161jo kakovost na\u0161ih izdelkov. Na\u0161a proizvodna oprema vklju\u010duje CNC obdelovalne centre, opremo za hidravli\u010dno testiranje in druge visokotehnolo\u0161ke stroje.<\/p>\n<h3>Poprodajne storitve<\/h3>\n<p>Nudimo odli\u010dno poprodajno storitev, da zagotovimo zadovoljstvo na\u0161ih strank z nakupi. Na\u0161a ekipa strokovnjakov je na voljo za odgovore na vsa vpra\u0161anja in podporo skozi celoten \u017eivljenjski cikel izdelka.<\/p>\n<h4>Avtor: lyl<\/h4>","protected":false},"excerpt":{"rendered":"<p>Bucket Cylinder for Yuchai YC18SR Introduction A bucket cylinder is a specially designed hydraulic cylinder that is primarily used to control the movement of the bucket in heavy machinery such as excavators, backhoe excavators, and front loaders. Its main function is to allow the bucket to lift, lower, and tilt, making it easier to carry [&hellip;]<\/p>","protected":false},"featured_media":14788,"comment_status":"open","ping_status":"closed","template":"","meta":{"_et_pb_use_builder":"","_et_pb_old_content":"","_et_gb_content_width":""},"product_brand":[],"product_cat":[1494],"product_tag":[1495,1496],"class_list":{"0":"post-15853","1":"product","2":"type-product","3":"status-publish","4":"has-post-thumbnail","6":"product_cat-bucket-cylinders","7":"product_tag-bucket-cylinders","8":"product_tag-hydraulic-cylinders","10":"first","11":"instock","12":"shipping-taxable","13":"product-type-simple"},"amp_enabled":true,"_links":{"self":[{"href":"https:\/\/www.hydraulic-cylinders.net\/sl\/wp-json\/wp\/v2\/product\/15853","targetHints":{"allow":["GET"]}}],"collection":[{"href":"https:\/\/www.hydraulic-cylinders.net\/sl\/wp-json\/wp\/v2\/product"}],"about":[{"href":"https:\/\/www.hydraulic-cylinders.net\/sl\/wp-json\/wp\/v2\/types\/product"}],"replies":[{"embeddable":true,"href":"https:\/\/www.hydraulic-cylinders.net\/sl\/wp-json\/wp\/v2\/comments?post=15853"}],"wp:featuredmedia":[{"embeddable":true,"href":"https:\/\/www.hydraulic-cylinders.net\/sl\/wp-json\/wp\/v2\/media\/14788"}],"wp:attachment":[{"href":"https:\/\/www.hydraulic-cylinders.net\/sl\/wp-json\/wp\/v2\/media?parent=15853"}],"wp:term":[{"taxonomy":"product_brand","embeddable":true,"href":"https:\/\/www.hydraulic-cylinders.net\/sl\/wp-json\/wp\/v2\/product_brand?post=15853"},{"taxonomy":"product_cat","embeddable":true,"href":"https:\/\/www.hydraulic-cylinders.net\/sl\/wp-json\/wp\/v2\/product_cat?post=15853"},{"taxonomy":"product_tag","embeddable":true,"href":"https:\/\/www.hydraulic-cylinders.net\/sl\/wp-json\/wp\/v2\/product_tag?post=15853"}],"curies":[{"name":"delovni list","href":"https:\/\/api.w.org\/{rel}","templated":true}]}}