{"id":15861,"date":"2025-01-19T15:05:21","date_gmt":"2025-01-19T15:05:21","guid":{"rendered":"https:\/\/www.hydraulic-cylinders.net\/product\/bucket-cylinder-for-yuchai-yc35sr\/"},"modified":"2025-01-19T15:05:23","modified_gmt":"2025-01-19T15:05:23","slug":"bucket-cylinder-for-yuchai-yc35sr","status":"publish","type":"product","link":"https:\/\/www.hydraulic-cylinders.net\/sl\/izdelek\/bucket-cylinder-for-yuchai-yc35sr\/","title":{"rendered":"Cilinder \u017elice za Yuchai YC35SR"},"content":{"rendered":"<h2>Cilinder \u017elice za Yuchai YC35SR<\/h2>\n<h3>Uvod<\/h3>\n<p>Hidravli\u010dni valj \u017elice je posebej zasnovan hidravli\u010dni valj, ki se uporablja za krmiljenje gibanja \u017elic v te\u017ekih strojih, kot so bagri, bagri z nakladalnimi ko\u0161arami in \u010delni nakladalniki. Njegova glavna funkcija je omogo\u010danje dvigovanja, spu\u0161\u010danja in nagibanja \u017elice za razli\u010dna opravila ravnanja z materiali. V hidravli\u010dnem sistemu valj \u017elice dose\u017ee natan\u010den nadzor nad \u017elico s spremembami tlaka hidravli\u010dnega olja, kar upravljavcem omogo\u010da u\u010dinkovito ravnanje s te\u017ekimi bremeni, prilagajanje kompleksnim delovnim okoljem in raznolikim operativnim potrebam.<\/p>\n<p><img decoding=\"async\" src=\"https:\/\/www.hydraulic-cylinders.net\/wp-content\/uploads\/2025\/01\/songte-company-2.webp\"><\/p>\n<h3>Zna\u010dilnosti<\/h3>\n<ul>\n<li><strong>Visoka trdnost in vzdr\u017eljivost:<\/strong> Obi\u010dajno je izdelan iz visoko trdnega jekla ali aluminija, zato lahko prenese visok tlak in velike obremenitve ter se prilagaja te\u017ekim delovnim pogojem. Zasnovan je z upo\u0161tevanjem odpornosti proti obrabi in koroziji, kar podalj\u0161a njegovo \u017eivljenjsko dobo.<\/li>\n<li><strong>U\u010dinkovito hidravli\u010dno delovanje:<\/strong> Uporablja hidravli\u010dni tlak olja za doseganje gladkega iztegovanja in vvla\u010devanja, hitro odzivanje na krmilne ukaze, zagotavljanje mo\u010dnih potiskih in vle\u010dnih sil, primerno za ravnanje s te\u017ekimi bremeni in kompleksne operativne naloge.<\/li>\n<li><strong>Razli\u010dne vrste:<\/strong> Enosmerno delujo\u010di (hidravli\u010dni, ki se uporablja samo v eni smeri) ali dvosmerno delujo\u010di (hidravli\u010dni, ki se uporablja v obeh smereh) cilindri se lahko izberejo glede na zahteve, da se zadosti razli\u010dnim operativnim potrebam. Nekateri modeli so teleskopski, kar omogo\u010da ve\u010dji razteg brez pove\u010danja zunanjih dimenzij, primerni za uporabo v omejenem prostoru.<\/li>\n<li><strong>Popolna zamenjava:<\/strong> Na\u0161 izdelek lahko popolnoma nadomesti te hidravli\u010dne cilindre.<\/li>\n<\/ul>\n<p><img decoding=\"async\" src=\"https:\/\/www.hydraulic-cylinders.net\/wp-content\/uploads\/2025\/01\/songte-cylinder-head-with-all-kinds-excavator-models.webp\"><\/p>\n<h3>Aplikacije<\/h3>\n<p><strong>Gradbena oprema:<\/strong> Najdemo jih v bagrih in so bistveni za kopanje, nakladanje in premikanje zemlje ali ru\u0161evin. Pri bagrih z nakladalnimi \u017elicami cilindri pomagajo pri kopanju in dvigovanju. Pri \u010delnih nakladalnikih pomagajo pri u\u010dinkovitem dvigovanju in odlaganju blaga.<\/p>\n<p><strong>Kmetijska mehanizacija:<\/strong> Uporabljajo se za \u010delne nakladalnike, kjer zajemajo, dvigujejo in preva\u017eajo zemljo, seno in druge materiale. Pri bagrih cilindri \u017elice omogo\u010dajo kopanje, saj omogo\u010dajo, da \u017elica prodre v zemljo. Pri nakladalnikih pomagajo pri u\u010dinkovitem dvigovanju in odlaganju blaga.<\/p>\n<h3>Oblikovalski vidiki in izbirna merila<\/h3>\n<p>Glede na oblikovalske vidike, kot so nosilnost, tesnjenje, trajnost, varnost in vzdr\u017eevanje, obravnavamo naslednje to\u010dke:<\/p>\n<ul>\n<li><strong>Nosilnost:<\/strong> Zagotovite, da lahko jeklenka prenese najve\u010djo obremenitev, in da mora biti na\u010drtovani varnostni faktor ustrezen za zagotovitev varnega delovanja.<\/li>\n<li><strong>Tesnjenje:<\/strong> Za prepre\u010devanje pu\u0161\u010danja hidravli\u010dne teko\u010dine in za\u0161\u010dito pred onesna\u017eevalci se uporabljajo razli\u010dne tesnilne komponente, kot so tesnila bata in tesnila ojnic.<\/li>\n<li><strong>Vzdr\u017eljivost:<\/strong> Ohi\u0161je in kon\u010dni pokrovi valja so obi\u010dajno izdelani iz visoko trdnih materialov, ki so odporni proti obrabi in koroziji.<\/li>\n<li><strong>Varnost:<\/strong> Za zagotovitev varnega delovanja in prepre\u010devanje nesre\u010d je mogo\u010de dodati varnostne ventile in druge varnostne naprave.<\/li>\n<li><strong>Vzdr\u017eevanje:<\/strong> Jeklenko mora biti enostavno razstaviti in popraviti, nadomestni deli pa morajo biti zlahka dostopni.<\/li>\n<\/ul>\n<p><img decoding=\"async\" src=\"https:\/\/www.hydraulic-cylinders.net\/wp-content\/uploads\/2025\/01\/songte-oil-pipes-and-spare-parts.webp\"><\/p>\n<h3>Tesnjenje in mazanje<\/h3>\n<p>Valj uporablja razli\u010dne tesnilne komponente, kot so tesnila bata in tesnila palic, izdelane iz materialov, odpornih proti obrabi, kot sta poliuretan in nitrilni kav\u010duk, da prepre\u010di pu\u0161\u010danje hidravli\u010dne teko\u010dine in prepre\u010di vdor onesna\u017eevalcev. Telo valja in povr\u0161ina vijaka sta fino obdelani za izbolj\u0161anje odpornosti proti obrabi. Za nemoteno delovanje je potrebno redno mazanje z ustrezno koli\u010dino hidravli\u010dnega olja.<\/p>\n<h3>Vzdr\u017eevanje in popravila<\/h3>\n<p>Za ohranjanje dobrega delovnega stanja jeklenke so potrebni redni pregledi in preventivni vzdr\u017eevalni ukrepi. Sledijo obi\u010dajna vzdr\u017eevalna opravila:<\/p>\n<ul>\n<li><strong>Redni pregled:<\/strong> Redno pregledujte jeklenko glede znakov po\u0161kodb, obrabe ali pu\u0161\u010danja in zamenjajte vse po\u0161kodovane dele.<\/li>\n<li><strong>Pravilno mazanje:<\/strong> Za zagotovitev nemotenega delovanja zagotovite, da je valj namazan s pravo koli\u010dino hidravli\u010dnega olja.<\/li>\n<li><strong>Zamenjava tesnila:<\/strong> Redno menjajte tesnila bata in ojnice, da prepre\u010dite pu\u0161\u010danje hidravli\u010dne teko\u010dine in vdor onesna\u017eevalcev.<\/li>\n<\/ul>\n<p>Pravilna namestitev, mazanje in nastavitev so bistveni za varno in u\u010dinkovito delovanje jeklenke. Med namestitvijo je treba zagotoviti ustrezno poravnavo, za pritrditev jeklenke pa uporabiti ustrezne nosilce. Priporo\u010deni postopki pregleda, popravila in zamenjave ter storitve obnove za podalj\u0161anje \u017eivljenjske dobe jeklenke.<\/p>\n<p><img decoding=\"async\" src=\"https:\/\/www.hydraulic-cylinders.net\/wp-content\/uploads\/2025\/01\/songte-chushion-collar.webp\"><\/p>\n<h3>Varnostni in okoljski vidiki<\/h3>\n<p>Varno delovanje jeklenke je klju\u010dnega pomena in pri njeni uporabi je treba sprejeti varnostne ukrepe. Upravljavci morajo biti usposobljeni za pravilno uporabo jeklenke, vse varnostne naprave pa morajo biti v dobrem delovnem stanju. Z jeklenko je treba ravnati previdno, da se izognete po\u0161kodbam ali po\u0161kodbam. Pri odstranjevanju jeklenke ali zamenjavi njenih delov je treba upo\u0161tevati tudi okoljske vidike.<\/p>\n<h3>Odpravljanje te\u017eav in pogoste te\u017eave<\/h3>\n<p>Med uporabo cilindra se lahko pojavijo naslednje pogoste te\u017eave:<\/p>\n<ul>\n<li><strong>Pu\u0161\u010danje teko\u010dine:<\/strong> Preverite tesnila in druge komponente glede po\u0161kodb in jih po potrebi zamenjajte.<\/li>\n<li><strong>Pomanjkanje mo\u010di:<\/strong> Preverite hidravli\u010dni sistem glede pu\u0161\u010danja ali blokad in ga po potrebi popravite.<\/li>\n<li><strong>\u010cudni zvoki:<\/strong> Preverite valj glede znakov po\u0161kodb ali obrabe in zamenjajte vse po\u0161kodovane komponente.<\/li>\n<\/ul>\n<p>Za prepre\u010devanje resnej\u0161ih te\u017eav sta potrebna pravilna diagnoza in hitro odpravljanje te\u017eav. Redni pregledi in preventivno vzdr\u017eevanje lahko prepre\u010dijo nastanek \u0161tevilnih te\u017eav.<\/p>\n<p><img decoding=\"async\" src=\"https:\/\/www.hydraulic-cylinders.net\/wp-content\/uploads\/2025\/01\/songte-bushings-with-all-kinds-of-excavator-models.webp\"><\/p>\n<h3>O nas<\/h3>\n<p>Smo proizvajalec nadomestnih delov za hidravli\u010dne cilindre in ponujamo \u0161iroko paleto izdelkov. Postali smo eden vodilnih proizvajalcev in veleprodajnih distributerjev hidravli\u010dnih cilindrov na doma\u010dem in mednarodnem trgu. Dr\u017eimo se svoje zavezanosti k odli\u010dnosti v kakovosti, pri \u010demer se v na\u0161ih natan\u010dno izdelanih proizvodnih delavnicah zana\u0161amo na industrializirane strategije upravljanja proizvodnje. Nenehno izbolj\u0161ujemo na\u0161o proizvodno platformo in izbolj\u0161ujemo na\u0161e proizvodne linije za kakovost izdelkov s tehni\u010dnim osebjem, vrhunsko digitalno proizvodno opremo in profesionalnimi sistemi za testiranje. Imamo mo\u010dno ustvarjalno sposobnost, da zadovoljimo raznolike potrebe strank z visoko u\u010dinkovitostjo, visoko natan\u010dnostjo in visokokakovostnimi na\u010deli.<\/p>\n<p>Nudimo profesionalne, mednarodne certifikate, storitve po meri, proizvodno opremo in poprodajne storitve.<\/p>\n<p><img decoding=\"async\" src=\"https:\/\/hzpt.com\/wp-content\/uploads\/2024\/11\/songte-company-1.webp\"><\/p>\n<p>Avtor: lyl.<\/p>","protected":false},"excerpt":{"rendered":"<p>Bucket Cylinder For Yuchai YC35SR Introduction A bucket cylinder is a specially designed hydraulic cylinder used to control the movement of buckets in heavy machinery such as excavators, backhoe excavators, and front-end loaders. Its main function is to enable the bucket to lift, lower, and tilt for various material handling tasks. In the hydraulic system, [&hellip;]<\/p>","protected":false},"featured_media":14773,"comment_status":"open","ping_status":"closed","template":"","meta":{"_et_pb_use_builder":"","_et_pb_old_content":"","_et_gb_content_width":""},"product_brand":[],"product_cat":[1494],"product_tag":[1495,1496],"class_list":{"0":"post-15861","1":"product","2":"type-product","3":"status-publish","4":"has-post-thumbnail","6":"product_cat-bucket-cylinders","7":"product_tag-bucket-cylinders","8":"product_tag-hydraulic-cylinders","10":"first","11":"instock","12":"shipping-taxable","13":"product-type-simple"},"amp_enabled":true,"_links":{"self":[{"href":"https:\/\/www.hydraulic-cylinders.net\/sl\/wp-json\/wp\/v2\/product\/15861","targetHints":{"allow":["GET"]}}],"collection":[{"href":"https:\/\/www.hydraulic-cylinders.net\/sl\/wp-json\/wp\/v2\/product"}],"about":[{"href":"https:\/\/www.hydraulic-cylinders.net\/sl\/wp-json\/wp\/v2\/types\/product"}],"replies":[{"embeddable":true,"href":"https:\/\/www.hydraulic-cylinders.net\/sl\/wp-json\/wp\/v2\/comments?post=15861"}],"wp:featuredmedia":[{"embeddable":true,"href":"https:\/\/www.hydraulic-cylinders.net\/sl\/wp-json\/wp\/v2\/media\/14773"}],"wp:attachment":[{"href":"https:\/\/www.hydraulic-cylinders.net\/sl\/wp-json\/wp\/v2\/media?parent=15861"}],"wp:term":[{"taxonomy":"product_brand","embeddable":true,"href":"https:\/\/www.hydraulic-cylinders.net\/sl\/wp-json\/wp\/v2\/product_brand?post=15861"},{"taxonomy":"product_cat","embeddable":true,"href":"https:\/\/www.hydraulic-cylinders.net\/sl\/wp-json\/wp\/v2\/product_cat?post=15861"},{"taxonomy":"product_tag","embeddable":true,"href":"https:\/\/www.hydraulic-cylinders.net\/sl\/wp-json\/wp\/v2\/product_tag?post=15861"}],"curies":[{"name":"delovni list","href":"https:\/\/api.w.org\/{rel}","templated":true}]}}