{"id":15866,"date":"2025-01-19T15:05:41","date_gmt":"2025-01-19T15:05:41","guid":{"rendered":"https:\/\/www.hydraulic-cylinders.net\/product\/bucket-cylinder-for-yuchai-yc240lc-8\/"},"modified":"2025-01-19T15:05:46","modified_gmt":"2025-01-19T15:05:46","slug":"bucket-cylinder-for-yuchai-yc240lc-8","status":"publish","type":"product","link":"https:\/\/www.hydraulic-cylinders.net\/sl\/izdelek\/bucket-cylinder-for-yuchai-yc240lc-8\/","title":{"rendered":"Cilinder \u017elice za Yuchai YC240LC-8"},"content":{"rendered":"<h1>Cilinder \u017elice za Yuchai YC240LC-8<\/h1>\n<h2>Uvod<\/h2>\n<p>Bucket Cylinder is a specially designed hydraulic cylinder primarily used to control the movement of the bucket in heavy machinery such as excavators, backhoe loaders, and front-end loaders. Its main function is to enable the bucket to lift, lower, and tilt, making it easier to handle various material-handling tasks. In the hydraulic system, the bucket cylinder achieves precise control of the bucket&#8217;s movements through changes in hydraulic oil pressure, allowing operators to efficiently handle heavy loads, adapt to complex working environments and diverse operational needs.<\/p>\n<p><img decoding=\"async\" src=\"https:\/\/www.hydraulic-cylinders.net\/wp-content\/uploads\/2025\/01\/songte-company-2.webp\" alt=\"Cilinder za vedro\" \/><\/p>\n<h2>Zna\u010dilnosti<\/h2>\n<ul>\n<li>\n<h3>Visoka trdnost in vzdr\u017eljivost<\/h3>\n<p>Valji z \u017elico so obi\u010dajno izdelani iz visoko trdnega jekla ali aluminija, ki lahko prenesejo visok tlak in velike obremenitve, ter so zasnovani z mislijo na odpornost proti obrabi in koroziji, kar podalj\u0161uje njihovo \u017eivljenjsko dobo.<\/p>\n<\/li>\n<li>\n<h3>U\u010dinkovito hidravli\u010dno delovanje<\/h3>\n<p>Cilindri \u017elice izkori\u0161\u010dajo tlak hidravli\u010dnega olja za doseganje gladkega iztegovanja in vvla\u010devanja, se hitro odzivajo na krmilne ukaze in zagotavljajo mo\u010dno potisno in vle\u010dno silo, primerne za ravnanje s te\u017ekimi bremeni in kompleksne operativne naloge.<\/p>\n<\/li>\n<li>\n<h3>Razli\u010dne vrste<\/h3>\n<p>Cilindri \u017elice so lahko glede na zahteve enosmerno delujo\u010di (hidravli\u010dni pogon se uporablja samo v eno smer) ali dvosmerno delujo\u010di (hidravli\u010dni pogon se uporablja v obe smeri), nekateri modeli pa so tudi teleskopski, kar omogo\u010da dalj\u0161i izvle\u010dek brez pove\u010danja zunanjih dimenzij, primerni za uporabo z omejenim prostorom.<\/p>\n<\/li>\n<li>\n<h3>Popolna zamenjava<\/h3>\n<p>Na\u0161e podjetje proizvaja cilindre za \u017elice, ki lahko odli\u010dno nadomestijo te hidravli\u010dne cilindre.<\/p>\n<p><img decoding=\"async\" src=\"https:\/\/www.hydraulic-cylinders.net\/wp-content\/uploads\/2025\/01\/songte-cylinder-head-with-all-kinds-excavator-models.webp\" alt=\"Zamenjava cilindra \u017elice\" \/><\/p>\n<\/li>\n<li>\n<h3>\u0160iroka uporaba<\/h3>\n<p>Valji z \u017elico se pogosto uporabljajo v razli\u010dnih te\u017ekih strojih, vklju\u010dno z:<\/p>\n<ul>\n<li><strong>Gradbena oprema:<\/strong> Cilindri \u017elice so bistveni za kopanje, nakladanje in premikanje zemlje ali ru\u0161evin v bagrih. Pri bagrih nakladalnikih cilindri \u017elice pomagajo pri kopanju in dvigovanju.<\/li>\n<li><strong>Kmetijska mehanizacija:<\/strong> Uporabljajo se za \u010delne nakladalnike, cilindri \u017elice pobirajo, dvigujejo in preva\u017eajo zemljo, seno in druge materiale. Pri bagrih cilindri \u017elice prodirajo v zemljo, da dose\u017eejo kopanje.<\/li>\n<li><strong>Nalagalnik:<\/strong> Pri \u010delnem nakladalniku cilindri \u017elice u\u010dinkovito pomagajo pri dvigovanju in odlaganju blaga.<\/li>\n<\/ul>\n<\/li>\n<\/ul>\n<h2>Oblikovalski vidiki in izbirna merila<\/h2>\n<p><img decoding=\"async\" src=\"https:\/\/www.hydraulic-cylinders.net\/wp-content\/uploads\/2025\/01\/songte-oil-pipes-and-spare-parts.webp\" alt=\"Zasnova cilindra vedra\" \/><\/p>\n<ul>\n<li>\n<h3>Nosilnost<\/h3>\n<p>Valji z \u017elico so zasnovani tako, da prenesejo visok tlak in velike obremenitve, kar zagotavlja, da njihova nosilnost ustreza industrijskim standardom.<\/p>\n<\/li>\n<li>\n<h3>Tesnjenje in vzdr\u017eljivost<\/h3>\n<p>Valji z \u017elico uporabljajo razli\u010dne tesnilne komponente, kot so tesnila bata, tesnila palic in tesnila brisalcev, izdelana iz materialov, kot sta poliuretan in nitrilna guma, ki zagotavljajo odpornost proti obrabi. Telo valja in navojna \u010delna povr\u0161ina sta fino obdelana za izbolj\u0161anje odpornosti proti obrabi. Za mazanje je potrebno redno dodajanje ustrezne koli\u010dine hidravli\u010dnega olja.<\/p>\n<\/li>\n<li>\n<h3>Varnost<\/h3>\n<p>Valji z \u017elico morajo zagotavljati zanesljivo oporo in stabilnost, da se zagotovi varnost pri delovanju. Za prepre\u010devanje nesre\u010d med uporabo je treba upo\u0161tevati varnostne smernice in izbrati ustrezne varnostne ukrepe.<\/p>\n<\/li>\n<li>\n<h3>Vzdr\u017eevanje<\/h3>\n<p>Valji z \u017elico morajo biti zasnovani za enostavno vzdr\u017eevanje in popravilo. Redni pregledi, pravo\u010dasna zamenjava obrabljenih delov in preverjanje kalibracije so bistveni za podalj\u0161anje njihove uporabne dobe.<\/p>\n<\/li>\n<\/ul>\n<h2>Navodila za namestitev<\/h2>\n<p>Pravilna namestitev je klju\u010dnega pomena za optimalno delovanje cilindra vedra. Upo\u0161tevati je treba naslednje korake:<\/p>\n<ul>\n<li>\n<h3>Poravnava<\/h3>\n<p>Poravnajte palico valja s sredi\u0161\u010dnico bremena.<\/p>\n<\/li>\n<li>\n<h3>Monta\u017eni nosilec<\/h3>\n<p>Za pritrditev cilindra uporabite ustrezen nosilec.<\/p>\n<\/li>\n<li>\n<h3>Mazanje<\/h3>\n<p>V valj dodajte ustrezno koli\u010dino hidravli\u010dnega olja in se prepri\u010dajte, da je popolnoma namazan.<\/p>\n<\/li>\n<\/ul>\n<h2>Vzdr\u017eevanje in popravila<\/h2>\n<p><img decoding=\"async\" src=\"https:\/\/www.hydraulic-cylinders.net\/wp-content\/uploads\/2025\/01\/songte-chushion-collar.webp\" alt=\"Vzdr\u017eevanje in popravilo cilindrov \u017elice\" \/><\/p>\n<ul>\n<li>\n<h3>Redni pregled<\/h3>\n<p>Redno pregledovanje cilindra vedra glede obrabe, po\u0161kodb in pu\u0161\u010danja.<\/p>\n<\/li>\n<li>\n<h3>Mazanje<\/h3>\n<p>Redno mazanje pomaga prepre\u010diti obrabo komponent cilindra.<\/p>\n<\/li>\n<li>\n<h3>Zamenjava tesnila<\/h3>\n<p>Redna menjava tesnil in tesnilnih elementov za zagotovitev ustreznega tesnjenja in prepre\u010devanje pu\u0161\u010danja.<\/p>\n<\/li>\n<li>\n<h3>Preverjanje kalibracije<\/h3>\n<p>Redni pregledi kalibracije zagotavljajo optimalno in u\u010dinkovito delovanje cilindra.<\/p>\n<\/li>\n<\/ul>\n<h2>Varnostni vidiki in okoljski dejavniki<\/h2>\n<p>Pri uporabi hidravli\u010dnih cilindrov z \u017elico je pomembno upo\u0161tevati varnostne ukrepe, da prepre\u010dite nesre\u010de in zagotovite varno delovanje. Poleg tega je treba pri izbiri hidravli\u010dnih cilindrov upo\u0161tevati okoljske dejavnike, da prepre\u010dite \u0161kodo za okolje.<\/p>\n<p><img decoding=\"async\" src=\"https:\/\/hzpt.com\/wp-content\/uploads\/2024\/11\/songte-company-1.webp\" alt=\"Varnost valja z \u017elico\" \/><\/p>\n<h2>Diagnoza napak in pogoste te\u017eave<\/h2>\n<p><img decoding=\"async\" src=\"https:\/\/www.hydraulic-cylinders.net\/wp-content\/uploads\/2025\/01\/songte-bushings-with-all-kinds-of-excavator-models.webp\" alt=\"Diagnoza napake cilindra \u017elice\" \/><\/p>\n<ul>\n<li>\n<h3>Pu\u0161\u010danje<\/h3>\n<p>Preverite tesnila in tesnilne obloge glede po\u0161kodb ali obrabe in jih po potrebi zamenjajte.<\/p>\n<\/li>\n<li>\n<h3>Zmanj\u0161ana zmogljivost<\/h3>\n<p>Preverite hidravli\u010dni sistem glede onesna\u017eenosti ali nepravilne ravni teko\u010dine ter se prepri\u010dajte, da je \u010dist in pravilno napolnjen.<\/p>\n<\/li>\n<li>\n<h3>Hrup<\/h3>\n<p>Preverite valj glede po\u0161kodb ali obrabe in zamenjajte prizadete dele.<\/p>\n<\/li>\n<\/ul>\n<h2>O na\u0161em podjetju<\/h2>\n<p><img decoding=\"async\" src=\"https:\/\/www.hydraulic-cylinders.net\/wp-content\/uploads\/2025\/01\/songte-company-3.webp\" alt=\"O na\u0161em podjetju\" \/><\/p>\n<p>We are a manufacturer of replacement hydraulic cylinders with a complete range of products, becoming one of the leading manufacturers and wholesalers of hydraulic cylinders in the domestic and foreign markets. We adhere to the principles of excellent quality, rely on the industrialized production management strategy of fine manufacturing workshops, continuously improve the manufacturing platform of the workshop, improve the production quality route of the product, and have strong creative ability, satisfying customers&#8217; diverse needs with high efficiency, high precision, and high quality.<\/p>\n<ul>\n<li>\n<h3>Profesionalnost<\/h3>\n<p>Na\u0161e podjetje je zavezano k nenehnemu razvoju tehnologije hidravli\u010dnih cilindrov, s profesionalno ekipo in\u017eenirjev in tehni\u010dnih strokovnjakov, ki so vodilni v industriji na podro\u010dju na\u010drtovanja in razvoja izdelkov.<\/p>\n<\/li>\n<li>\n<h3>Mednarodno certificiranje<\/h3>\n<p>Na\u0161e podjetje je pridobilo certifikat sistema vodenja kakovosti ISO9001:2015, kar zagotavlja, da na\u0161i izdelki izpolnjujejo mednarodne standarde kakovosti.<\/p>\n<\/li>\n<li>\n<h3>Prilagojena storitev<\/h3>\n<p>Na\u0161e podjetje ponuja hidravli\u010dne cilindre po meri, ki ustrezajo specifi\u010dnim potrebam strank, in zagotavlja visokokakovostne re\u0161itve za kompleksne hidravli\u010dne zahteve.<\/p>\n<\/li>\n<li>\n<h3>Proizvodna oprema<\/h3>\n<p>Na\u0161e podjetje ima napredno proizvodno opremo, vklju\u010dno s CNC obdelovalnimi centri, visoko natan\u010dnimi stru\u017enicami in drugo specializirano opremo za proizvodnjo hidravli\u010dnih cilindrov, da zagotovi visokokakovostne izdelke.<\/p>\n<\/li>\n<li>\n<h3>Poprodajne storitve<\/h3>\n<p>Na\u0161e podjetje nudi celovito poprodajno storitev, vklju\u010dno z vzdr\u017eevanjem, popravilom in obnovo, s \u010dimer zagotavlja, da so na\u0161i izdelki vedno v vrhunskem stanju.<\/p>\n<\/li>\n<\/ul>\n<p>\u010clanek, ki ga je napisal\/a lyl.<\/p>","protected":false},"excerpt":{"rendered":"<p>Bucket Cylinder For Yuchai YC240LC-8 Introduction Bucket Cylinder is a specially designed hydraulic cylinder primarily used to control the movement of the bucket in heavy machinery such as excavators, backhoe loaders, and front-end loaders. Its main function is to enable the bucket to lift, lower, and tilt, making it easier to handle various material-handling tasks. [&hellip;]<\/p>","protected":false},"featured_media":14761,"comment_status":"open","ping_status":"closed","template":"","meta":{"_et_pb_use_builder":"","_et_pb_old_content":"","_et_gb_content_width":""},"product_brand":[],"product_cat":[1494],"product_tag":[1495,1496],"class_list":{"0":"post-15866","1":"product","2":"type-product","3":"status-publish","4":"has-post-thumbnail","6":"product_cat-bucket-cylinders","7":"product_tag-bucket-cylinders","8":"product_tag-hydraulic-cylinders","10":"first","11":"instock","12":"shipping-taxable","13":"product-type-simple"},"amp_enabled":true,"_links":{"self":[{"href":"https:\/\/www.hydraulic-cylinders.net\/sl\/wp-json\/wp\/v2\/product\/15866","targetHints":{"allow":["GET"]}}],"collection":[{"href":"https:\/\/www.hydraulic-cylinders.net\/sl\/wp-json\/wp\/v2\/product"}],"about":[{"href":"https:\/\/www.hydraulic-cylinders.net\/sl\/wp-json\/wp\/v2\/types\/product"}],"replies":[{"embeddable":true,"href":"https:\/\/www.hydraulic-cylinders.net\/sl\/wp-json\/wp\/v2\/comments?post=15866"}],"wp:featuredmedia":[{"embeddable":true,"href":"https:\/\/www.hydraulic-cylinders.net\/sl\/wp-json\/wp\/v2\/media\/14761"}],"wp:attachment":[{"href":"https:\/\/www.hydraulic-cylinders.net\/sl\/wp-json\/wp\/v2\/media?parent=15866"}],"wp:term":[{"taxonomy":"product_brand","embeddable":true,"href":"https:\/\/www.hydraulic-cylinders.net\/sl\/wp-json\/wp\/v2\/product_brand?post=15866"},{"taxonomy":"product_cat","embeddable":true,"href":"https:\/\/www.hydraulic-cylinders.net\/sl\/wp-json\/wp\/v2\/product_cat?post=15866"},{"taxonomy":"product_tag","embeddable":true,"href":"https:\/\/www.hydraulic-cylinders.net\/sl\/wp-json\/wp\/v2\/product_tag?post=15866"}],"curies":[{"name":"delovni list","href":"https:\/\/api.w.org\/{rel}","templated":true}]}}