{"id":15869,"date":"2025-01-19T15:05:57","date_gmt":"2025-01-19T15:05:57","guid":{"rendered":"https:\/\/www.hydraulic-cylinders.net\/product\/bucket-cylinder-for-tota-tx60c\/"},"modified":"2025-01-19T15:06:03","modified_gmt":"2025-01-19T15:06:03","slug":"bucket-cylinder-for-tota-tx60c","status":"publish","type":"product","link":"https:\/\/www.hydraulic-cylinders.net\/sl\/izdelek\/bucket-cylinder-for-tota-tx60c\/","title":{"rendered":"Cilinder \u017elice za Tota TX60C"},"content":{"rendered":"<h1>Cilinder \u017elice za Tota TX60C<\/h1>\n<h2>Uvod<\/h2>\n<p>The bucket cylinder for Tota TX60C is a specialized hydraulic cylinder mainly used to control the movement of the bucket in heavy machinery such as excavators, backhoe loaders, and front loaders. Its main function is to allow the bucket to lift, lower, and tilt, making it easier to handle various material-handling tasks. In the hydraulic system, the bucket cylinder precisely controls the bucket&#8217;s movement through changes in hydraulic oil pressure, enabling the operator to efficiently handle heavy loads, adapt to complex working environments, and fulfill diverse job needs.<\/p>\n<p><img decoding=\"async\" src=\"https:\/\/www.hydraulic-cylinders.net\/wp-content\/uploads\/2025\/01\/songte-company-2.webp\" alt=\"Cilinder \u017elice za Tota TX60C\" \/><\/p>\n<h3>Klju\u010dne lastnosti<\/h3>\n<ul>\n<li>\n<h4>Visoka trdnost in vzdr\u017eljivost:<\/h4>\n<p> Obi\u010dajno je izdelan iz visoko trdnega jekla ali aluminija, lahko prenese visok tlak in velike obremenitve ter je zasnovan z mislijo na odpornost proti obrabi in koroziji, kar podalj\u0161uje njegovo \u017eivljenjsko dobo.<\/li>\n<li>\n<h4>U\u010dinkovito hidravli\u010dno delovanje:<\/h4>\n<p> Z uporabo hidravli\u010dnega oljnega tlaka za doseganje gladkega teleskopskega gibanja se lahko hitro odzove na krmilne ukaze, zagotavlja mo\u010dne potisne in vle\u010dne sile ter je primeren za ravnanje s te\u017ekimi bremeni in kompleksnimi delovnimi nalogami.<\/li>\n<li>\n<h4>Razli\u010dne vrste:<\/h4>\n<p> Izbirate lahko med enosmerno delujo\u010dimi (hidravli\u010dni, ki se uporabljajo samo v eni smeri) ali dvosmerno delujo\u010dimi (hidravli\u010dni, ki se uporabljajo v dveh smereh) cilindri, da zadostite razli\u010dnim operativnim potrebam. Nekateri modeli so teleskopski, kar omogo\u010da ve\u010dji razteg brez pove\u010danja zunanjih dimenzij, zaradi \u010desar so primerni za uporabo v omejenem prostoru.<\/li>\n<li>\n<h4>Razpolo\u017eljivost nadomestnih delov:<\/h4>\n<p> Na\u0161 izdelek lahko popolnoma nadomesti te hidravli\u010dne cilindre.<\/li>\n<\/ul>\n<p><img decoding=\"async\" src=\"https:\/\/www.hydraulic-cylinders.net\/wp-content\/uploads\/2025\/01\/songte-cylinder-head-with-all-kinds-excavator-models.webp\" alt=\"Cilinder \u017elice za Tota TX60C\" \/><\/p>\n<h2>Aplikacije<\/h2>\n<p>Cilinder \u017elice za Tota TX60C se pogosto uporablja na razli\u010dnih podro\u010djih, vklju\u010dno z:<\/p>\n<ul>\n<li>\n<h3>Gradbena oprema:<\/h3>\n<p> Pri bagrih so klju\u010dni za izkopavanje, nakladanje in premikanje zemlje ali ru\u0161evin. Pri bagrih nakladalnikih cilinder \u017elice pomaga tako pri kopanju kot dvigovanju. <\/li>\n<li>\n<h3>Kmetijska mehanizacija:<\/h3>\n<p> Uporablja se v \u010delnih nakladalnikih za zajemanje, dvigovanje in prevoz zemlje, sena in drugih materialov. <\/li>\n<li>\n<h3>Bagri:<\/h3>\n<p> Cilinder \u017elice dose\u017ee kopanje tako, da \u017elici omogo\u010di prodiranje v zemljo.<\/li>\n<li>\n<h3>\u010celni nakladalniki:<\/h3>\n<p> Pri \u010delnih nakladalnikih pomagajo pri u\u010dinkovitem dvigovanju in nagibanju blaga.<\/li>\n<\/ul>\n<h2>Oblikovalski vidiki in izbirna merila<\/h2>\n<p>Pri na\u010drtovanju so v nadaljevanju obravnavani klju\u010dni dejavniki, kot so nosilnost, tesnjenje, vzdr\u017eljivost, varnost in enostavnost vzdr\u017eevanja:<\/p>\n<ul>\n<li>\n<h3>Nosilnost:<\/h3>\n<p> Jeklenka mora biti zasnovana tako, da prenese obremenitve, ki jim bo izpostavljena med uporabo. Uporabiti je treba visoko trdne materiale, kot sta jeklo ali aluminij.<\/li>\n<li>\n<h3>Tesnjenje:<\/h3>\n<p> Za u\u010dinkovito tesnjenje in prepre\u010devanje pu\u0161\u010danja olja je treba uporabiti razli\u010dna tesnila, kot so tesnila bata, tesnila ojnic itd., izdelana iz materialov, odpornih proti obrabi, kot sta poliuretan in nitrilna guma. Telo valja in navojne kon\u010dne povr\u0161ine je treba natan\u010dno obdelati za izbolj\u0161anje odpornosti proti obrabi.<\/li>\n<li>\n<h3>Vzdr\u017eljivost:<\/h3>\n<p> Jeklenka mora biti zasnovana tako, da je odporna proti obrabi in koroziji ter zagotavlja dolgotrajno delovanje v te\u017ekih pogojih.<\/li>\n<li>\n<h3>Varnost:<\/h3>\n<p> Jeklenka mora biti zasnovana tako, da prepre\u010di po\u0161kodbe upravljavcev in mimoido\u010dih v primeru okvare, z varnostnimi funkcijami, kot so tla\u010dni varnostni ventili in stikala za izklop v sili itd.<\/li>\n<li>\n<h3>Enostavnost vzdr\u017eevanja:<\/h3>\n<p> Jeklenka mora biti zasnovana za enostavno vzdr\u017eevanje, s postopki, kot so redna menjava olja, ob\u010dasni pregledi in zamenjava obrabljenih delov itd.<\/li>\n<\/ul>\n<p><img decoding=\"async\" src=\"https:\/\/www.hydraulic-cylinders.net\/wp-content\/uploads\/2025\/01\/songte-oil-pipes-and-spare-parts.webp\" alt=\"Cilinder \u017elice za Tota TX60C\" \/><\/p>\n<h2>Tesnjenje in mazanje<\/h2>\n<p>Za u\u010dinkovito tesnjenje in prepre\u010devanje pu\u0161\u010danja olja je treba uporabiti razli\u010dna tesnila, kot so tesnila bata, tesnila batnic itd., izdelana iz materialov, odpornih proti obrabi, kot so poliuretan, nitrilna guma itd. Telo valja in navojne kon\u010dne povr\u0161ine je treba natan\u010dno obdelati za izbolj\u0161anje odpornosti proti obrabi. Redno je treba dodajati ustrezno koli\u010dino hidravli\u010dnega olja, da se zagotovi nemoteno delovanje in mazanje gibljivih delov.<\/p>\n<h2>Pregled in preventivno vzdr\u017eevanje<\/h2>\n<p>Redne preglede je treba izvajati za odkrivanje in prepre\u010devanje morebitnih te\u017eav. Sledijo obi\u010dajna vzdr\u017eevalna opravila:<\/p>\n<ul>\n<li>\n<h3>Redno pregledujte:<\/h3>\n<p> Preverite pu\u0161\u010danje, razpoke in obrabo cilindra in njegovih komponent.<\/li>\n<li>\n<h3>Ustrezno nama\u017eite:<\/h3>\n<p> Za nemoteno delovanje in dolgo \u017eivljenjsko dobo nama\u017eite valj s priporo\u010denim oljem.<\/li>\n<li>\n<h3>Zamenjajte tesnila:<\/h3>\n<p> Za prepre\u010ditev pu\u0161\u010danja zamenjajte obrabljena ali po\u0161kodovana tesnila.<\/li>\n<li>\n<h3>Preverjanje kalibracije:<\/h3>\n<p> Ob\u010dasno preverite jeklenko, da se prepri\u010date, da je pravilno umerjena.<\/li>\n<\/ul>\n<p>Pravilna namestitev je klju\u010dnega pomena za zagotovitev dolge \u017eivljenjske dobe cilindra. Pravilna poravnava cilindra je med namestitvijo klju\u010dnega pomena, da prepre\u010dite po\u0161kodbe ali okvaro cilindra. Priporo\u010damo uporabo ustreznih monta\u017enih nosilcev za pritrditev cilindra. Ponujamo priporo\u010dene postopke pregleda, popravila in zamenjave za podalj\u0161anje \u017eivljenjske dobe cilindra.<\/p>\n<p><img decoding=\"async\" src=\"https:\/\/www.hydraulic-cylinders.net\/wp-content\/uploads\/2025\/01\/songte-chushion-collar.webp\" alt=\"Cilinder \u017elice za Tota TX60C\" \/><\/p>\n<h2>Varnostni vidiki in okoljski dejavniki<\/h2>\n<p>Pri uporabi cilindra \u017elice je nujno upo\u0161tevati varnostne ukrepe za prepre\u010devanje po\u0161kodb, \u0161kode ali nesre\u010d. To vklju\u010duje vzdr\u017eevanje \u010disto\u010de hidravli\u010dnega sistema, izogibanje preobremenitvi in \u200b\u200bupo\u0161tevanje priporo\u010denih postopkov delovanja.<\/p>\n<h2>Diagnoza napak in odpravljanje te\u017eav<\/h2>\n<p>Spodaj so obravnavane pogoste napake in nasveti za odpravljanje te\u017eav:<\/p>\n<ul>\n<li>\n<h3>Pu\u0161\u010danje olja:<\/h3>\n<p> Preverite, ali so tesnila obrabljena ali po\u0161kodovana, in jih zamenjajte. <\/li>\n<li>\n<h3>Po\u010dasno delovanje:<\/h3>\n<p> Preverite, ali je hidravli\u010dni tlak nizek, in dolijte priporo\u010deno olje. <\/li>\n<li>\n<h3>Hrupno delovanje:<\/h3>\n<p> Preverite, ali so prisotni ohlapni deli, po\u0161kodovana tesnila in obrabljene komponente, ter jih po potrebi zamenjajte. <\/li>\n<li>\n<h3>Cilinder se ne iztegne ali umakne:<\/h3>\n<p> Preverite, ali so hidravli\u010dni tlak nizek, odprtine zama\u0161ene in tesnila po\u0161kodovana, in jih zamenjajte.<\/li>\n<\/ul>\n<p>Preventivni ukrepi, kot so redno vzdr\u017eevanje, \u010di\u0161\u010denje in pravilna uporaba, lahko zmanj\u0161ajo tveganje za okvaro jeklenke.<\/p>\n<p><img decoding=\"async\" src=\"https:\/\/www.hydraulic-cylinders.net\/wp-content\/uploads\/2025\/01\/songte-bushings-with-all-kinds-of-excavator-models.webp\" alt=\"Cilinder \u017elice za Tota TX60C\" \/><\/p>\n<h2>O na\u0161em podjetju<\/h2>\n<p>Smo vodilni proizvajalec in veletrgovec hidravli\u010dnih cilindrov na doma\u010dem in mednarodnem trgu s celotno paleto izdelkov. Dr\u017eimo se na\u010dela odli\u010dne kakovosti in se zana\u0161amo na industrializirane strategije upravljanja proizvodnje v natan\u010dno izdelanih proizvodnih delavnicah. Nenehno izbolj\u0161ujemo na\u0161o proizvodno platformo v smislu tehni\u010dnega talenta, vrhunske digitalne proizvodne opreme in profesionalnih sistemov testiranja. Z visoko u\u010dinkovitostjo, visoko natan\u010dnostjo in na\u010deli visoke kakovosti izpolnjujemo raznolike potrebe na\u0161ih strank.<\/p>\n<h3>Profesionalnost:<\/h3>\n<p>Imamo visoko usposobljeno in izku\u0161eno ekipo strokovnjakov, ki na\u0161im strankam zagotavlja vrhunske izdelke in storitve.<\/p>\n<h3>Mednarodni certifikati:<\/h3>\n<p>Na\u0161i izdelki so certificirani po mednarodnih standardih, kot je ISO 9001:2015, in strankam zagotavljamo kakovost.<\/p>\n<h3>Storitve prilagajanja:<\/h3>\n<p>Nudimo prilagojene storitve, ki ustrezajo specifi\u010dnim zahtevam na\u0161ih strank.<\/p>\n<h3>Proizvodna oprema:<\/h3>\n<p>Imamo napredno proizvodno opremo in sodoben testni center, da zagotovimo kakovost na\u0161ih izdelkov.<\/p>\n<h3>Poprodajne storitve:<\/h3>\n<p>Nudimo zanesljivo poprodajno storitev, vklju\u010dno z vzdr\u017eevanjem, popravilom in zamenjavo, da zagotovimo dolgoro\u010dno delovanje na\u0161ih izdelkov.<\/p>\n<p><img decoding=\"async\" src=\"https:\/\/hzpt.com\/wp-content\/uploads\/2024\/11\/songte-company-1.webp\" alt=\"Cilinder \u017elice za Tota TX60C\" \/><\/p>\n<p><em>Avtor: lyl<\/em><\/p>","protected":false},"excerpt":{"rendered":"<p>Bucket Cylinder For Tota TX60C Introduction The bucket cylinder for Tota TX60C is a specialized hydraulic cylinder mainly used to control the movement of the bucket in heavy machinery such as excavators, backhoe loaders, and front loaders. Its main function is to allow the bucket to lift, lower, and tilt, making it easier to handle [&hellip;]<\/p>","protected":false},"featured_media":14787,"comment_status":"open","ping_status":"closed","template":"","meta":{"_et_pb_use_builder":"","_et_pb_old_content":"","_et_gb_content_width":""},"product_brand":[],"product_cat":[1494],"product_tag":[1495,1496],"class_list":{"0":"post-15869","1":"product","2":"type-product","3":"status-publish","4":"has-post-thumbnail","6":"product_cat-bucket-cylinders","7":"product_tag-bucket-cylinders","8":"product_tag-hydraulic-cylinders","10":"first","11":"instock","12":"shipping-taxable","13":"product-type-simple"},"amp_enabled":true,"_links":{"self":[{"href":"https:\/\/www.hydraulic-cylinders.net\/sl\/wp-json\/wp\/v2\/product\/15869","targetHints":{"allow":["GET"]}}],"collection":[{"href":"https:\/\/www.hydraulic-cylinders.net\/sl\/wp-json\/wp\/v2\/product"}],"about":[{"href":"https:\/\/www.hydraulic-cylinders.net\/sl\/wp-json\/wp\/v2\/types\/product"}],"replies":[{"embeddable":true,"href":"https:\/\/www.hydraulic-cylinders.net\/sl\/wp-json\/wp\/v2\/comments?post=15869"}],"wp:featuredmedia":[{"embeddable":true,"href":"https:\/\/www.hydraulic-cylinders.net\/sl\/wp-json\/wp\/v2\/media\/14787"}],"wp:attachment":[{"href":"https:\/\/www.hydraulic-cylinders.net\/sl\/wp-json\/wp\/v2\/media?parent=15869"}],"wp:term":[{"taxonomy":"product_brand","embeddable":true,"href":"https:\/\/www.hydraulic-cylinders.net\/sl\/wp-json\/wp\/v2\/product_brand?post=15869"},{"taxonomy":"product_cat","embeddable":true,"href":"https:\/\/www.hydraulic-cylinders.net\/sl\/wp-json\/wp\/v2\/product_cat?post=15869"},{"taxonomy":"product_tag","embeddable":true,"href":"https:\/\/www.hydraulic-cylinders.net\/sl\/wp-json\/wp\/v2\/product_tag?post=15869"}],"curies":[{"name":"delovni list","href":"https:\/\/api.w.org\/{rel}","templated":true}]}}