{"id":15872,"date":"2025-01-19T15:06:14","date_gmt":"2025-01-19T15:06:14","guid":{"rendered":"https:\/\/www.hydraulic-cylinders.net\/product\/bucket-cylinder-for-xinyuan-crawler-excavator-xy60-8\/"},"modified":"2025-01-19T15:06:16","modified_gmt":"2025-01-19T15:06:16","slug":"bucket-cylinder-for-xinyuan-crawler-excavator-xy60-8","status":"publish","type":"product","link":"https:\/\/www.hydraulic-cylinders.net\/sl\/izdelek\/bucket-cylinder-for-xinyuan-crawler-excavator-xy60-8\/","title":{"rendered":"Cilinder \u017elice za goseni\u010dni bager Xinyuan XY60-8"},"content":{"rendered":"<h1>Cilinder \u017elice za goseni\u010dni bager Xinyuan XY60-8<\/h1>\n<h2>Uvod<\/h2>\n<p>Hidravli\u010dni cilinder \u017elice je specializiran hidravli\u010dni cilinder, zasnovan za krmiljenje gibanja \u017elice v te\u017ekih strojih, kot so bagri, bagri z nakladalnikom in \u010delni nakladalniki. Njegova glavna funkcija je omogo\u010diti dvigovanje, spu\u0161\u010danje in nagibanje \u017elice, kar olaj\u0161a razli\u010dna opravila ravnanja z materiali. V hidravli\u010dnem sistemu cilinder \u017elice dose\u017ee natan\u010den nadzor nad gibanjem \u017elice s spremembami tlaka hidravli\u010dnega olja, kar upravljavcem omogo\u010da u\u010dinkovito ravnanje s te\u017ekimi bremeni in prilagajanje kompleksnim delovnim okoljem ter raznolikim operativnim potrebam.<\/p>\n<p><img decoding=\"async\" src=\"https:\/\/www.hydraulic-cylinders.net\/wp-content\/uploads\/2025\/01\/songte-company-2.webp\"><\/p>\n<h2>Zna\u010dilnosti<\/h2>\n<ul>\n<li>Visoka trdnost in vzdr\u017eljivost: Obi\u010dajno je izdelan iz visoko trdnega jekla ali aluminija, lahko prenese visok tlak in velike obremenitve, se prilagodi zahtevnim delovnim okoljem in je zasnovan z mislijo na odpornost proti obrabi in koroziji, kar podalj\u0161uje njegovo \u017eivljenjsko dobo.<\/li>\n<li>U\u010dinkovito hidravli\u010dno delovanje: Gladko iztegovanje in vstavljanje se dose\u017ee s pomo\u010djo hidravli\u010dnega tlaka olja, kar omogo\u010da hiter odziv na krmilne ukaze in zagotavlja mo\u010dno potisno in vle\u010dno silo, primerno za ravnanje s te\u017ekimi bremeni in kompleksnimi delovnimi nalogami.<\/li>\n<li>Razli\u010dne vrste: Enojno delujo\u010di (hidravli\u010dni, ki se uporabljajo samo v eni smeri) ali dvostransko delujo\u010di (hidravli\u010dni, ki se uporabljajo v obeh smereh) cilindri se lahko izberejo glede na zahteve za izpolnjevanje razli\u010dnih operativnih potreb. Nekateri modeli so teleskopski, kar omogo\u010da ve\u010dji razteg brez pove\u010danja zunanjih dimenzij, zaradi \u010desar so primerni za uporabo v omejenem prostoru.<\/li>\n<li>Prilagodljivost: Na\u0161 izdelek je mogo\u010de popolnoma nadomestiti s temi hidravli\u010dnimi cilindri.<\/li>\n<\/ul>\n<p><img decoding=\"async\" src=\"https:\/\/www.hydraulic-cylinders.net\/wp-content\/uploads\/2025\/01\/songte-cylinder-head-with-all-kinds-excavator-models.webp\"><\/p>\n<h2>Aplikacije<\/h2>\n<p>Cilinder \u017elice ima razli\u010dne uporabe v naslednji gradbeni opremi:<\/p>\n<h3>Bagri<\/h3>\n<p>Cilinder \u017elice omogo\u010da kopanje, saj \u017elici omogo\u010da prodiranje v zemljo.<\/p>\n<h3>Bagri z ro\u010dnim nakladanjem<\/h3>\n<p>Cilinder \u017elice pomaga pri kopanju in dvigovanju.<\/p>\n<h3>\u010celni nakladalniki<\/h3>\n<p>Cilinder \u017elice pomaga pri dvigovanju in nagibanju za u\u010dinkovito odlaganje materiala.<\/p>\n<h3>Kmetijska mehanizacija<\/h3>\n<p>Uporablja se za \u010delne nakladalnike, za zajemanje, dvigovanje in prevoz zemlje, sena in drugih materialov.<\/p>\n<p>V vsaki uporabi imajo cilindri \u017elice klju\u010dno vlogo pri delovanju stroja.<\/p>\n<h2>Oblikovalski vidiki in izbirna merila<\/h2>\n<p>Pri na\u010drtovanju cilindrov z \u017elico je treba upo\u0161tevati ve\u010d dejavnikov. Sledijo nekateri najpomembnej\u0161i dejavniki:<\/p>\n<h3>Nosilnost<\/h3>\n<p>Valji z \u017elico morajo biti trdni in vzdr\u017eljivi, da prenesejo te\u017eo materiala, s katerim se ravna.<\/p>\n<h3>Tesnjenje<\/h3>\n<p>Uporaba razli\u010dnih tesnilnih elementov, kot so tesnilni obro\u010di bata in tesnilni obro\u010di palic, izbira materialov, odpornih proti obrabi, kot sta poliuretan in nitrilna guma, za tesnilne elemente ter fina obdelava teles valjev in koncev navojev za izbolj\u0161anje odpornosti proti obrabi.<\/p>\n<h3>Vzdr\u017eljivost<\/h3>\n<p>Valji z \u017elico morajo biti zasnovani z mislijo na odpornost proti obrabi in koroziji, da se podalj\u0161a njihova \u017eivljenjska doba.<\/p>\n<h3>Varnost<\/h3>\n<p>Valji vedra morajo biti zasnovani tako, da prepre\u010dujejo kakr\u0161no koli pu\u0161\u010danje in zagotavljajo varnost upravljavcev med delovanjem stroja.<\/p>\n<h3>Vzdr\u017eevanje<\/h3>\n<p>Valji z \u017elico morajo biti zasnovani tako, da jih je mogo\u010de enostavno vzdr\u017eevati in popravljati, ko je to potrebno.<\/p>\n<p><img decoding=\"async\" src=\"https:\/\/www.hydraulic-cylinders.net\/wp-content\/uploads\/2025\/01\/songte-oil-pipes-and-spare-parts.webp\"><\/p>\n<h2>Tesnjenje in mazanje<\/h2>\n<p>V cilindrih z \u017elico se uporabljajo razli\u010dni tesnilni elementi, kot so tesnilni obro\u010di bata in tesnilni obro\u010di palice, ki so izdelani iz materialov, odpornih proti obrabi, kot sta poliuretan in nitrilna guma. Telo cilindra in konci navojev so obdelani za izbolj\u0161anje njihove odpornosti proti obrabi. Potrebno je tudi redno dodajanje ustreznih koli\u010din hidravli\u010dnega olja za mazanje.<\/p>\n<h2>Vzdr\u017eevanje in popravila<\/h2>\n<p>Redni pregledi, pravilno mazanje, zamenjava tesnil in preverjanje kalibracije so pogosta vzdr\u017eevalna opravila za cilindre z \u017elico. Pravilna namestitev, mazanje in nastavitev so bistvenega pomena, pri \u010demer je priporo\u010dljivo zagotoviti pravilno vodenje za poravnavo cilindra med namestitvijo. Uporaba ustreznih monta\u017enih nosilcev za pritrditev cilindra in priporo\u010deni postopki pregleda, popravila in zamenjave lahko podalj\u0161ajo \u017eivljenjsko dobo cilindra z \u017elico.<\/p>\n<p><img decoding=\"async\" src=\"https:\/\/www.hydraulic-cylinders.net\/wp-content\/uploads\/2025\/01\/songte-chushion-collar.webp\"><\/p>\n<h2>Varnostni vidiki in okoljski dejavniki<\/h2>\n<p>Jeklenka z vedrom mora biti zasnovana in uporabljena z mislijo na varnost, upravljavci pa morajo pri delu s stroji upo\u0161tevati varnostne protokole in smernice. Jeklenke z vedrom je treba tudi odgovorno odstraniti, da se prepre\u010dijo negativni vplivi na okolje.<\/p>\n<h2>Odpravljanje te\u017eav in pogoste te\u017eave<\/h2>\n<p>Pogoste te\u017eave z cilindri \u017elic vklju\u010dujejo pu\u0161\u010danje, deformacijo in rjavenje. Nasveti in re\u0161itve za odpravljanje te\u017eav lahko bralcem pomagajo u\u010dinkovito diagnosticirati in re\u0161iti te te\u017eave. Za zmanj\u0161anje morebitnih te\u017eav je mogo\u010de izvesti tudi preventivne ukrepe.<\/p>\n<p><img decoding=\"async\" src=\"https:\/\/www.hydraulic-cylinders.net\/wp-content\/uploads\/2025\/01\/songte-bushings-with-all-kinds-of-excavator-models.webp\"><\/p>\n<h2>O na\u0161em podjetju<\/h2>\n<p>Smo proizvajalec hidravli\u010dnih cilindrov, ki lahko nadomestijo obi\u010dajne hidravli\u010dne cilindre. Na\u0161e podjetje ponuja celotno paleto izdelkov in je postalo eden vodilnih proizvajalcev in veleprodajnih distributerjev hidravli\u010dnih cilindrov na doma\u010dem in mednarodnem trgu. Dr\u017eimo se na\u010del odli\u010dne kakovosti in se zana\u0161amo na industrializirane strategije upravljanja proizvodnje v finih proizvodnih delavnicah, z uporabo tehni\u010dnih talentov, vrhunske digitalne proizvodne opreme in profesionalnih sistemov testiranja. Nenehno izbolj\u0161ujemo na\u0161o proizvodno platformo v delavnici, izbolj\u0161ujemo proizvodno pot kakovosti izdelkov in imamo mo\u010dne ustvarjalne sposobnosti za zadovoljevanje raznolikih potreb na\u0161ih strank z visoko u\u010dinkovitostjo, visoko natan\u010dnostjo in visoko kakovostjo.<\/p>\n<p><img decoding=\"async\" src=\"https:\/\/hzpt.com\/wp-content\/uploads\/2024\/11\/songte-company-1.webp\"><\/p>\n<h3>Profesionalnost<\/h3>\n<p>Imamo ekipo visoko profesionalnih in usposobljenih delavcev, ki si prizadevajo na\u0161im strankam zagotavljati visokokakovostne izdelke.<\/p>\n<h3>Mednarodno certificiranje<\/h3>\n<p>Na\u0161i izdelki so certificirani s strani mednarodnih organizacij, kot sta ISO in CE.<\/p>\n<h3>Storitve prilagajanja<\/h3>\n<p>Ponujamo prilagojene storitve, ki ustrezajo specifi\u010dnim potrebam na\u0161ih strank.<\/p>\n<h3>Proizvodna oprema<\/h3>\n<p>Za proizvodnjo na\u0161ih izdelkov uporabljamo napredno in vrhunsko proizvodno opremo.<\/p>\n<h3>Poprodajne storitve<\/h3>\n<p>Zagotavljamo odli\u010dno poprodajno storitev, da zagotovimo zadovoljstvo strank.<\/p>\n<p>Avtor: lyl<\/p>","protected":false},"excerpt":{"rendered":"<p>Bucket Cylinder For Xinyuan Crawler Excavator XY60-8 Introduction A bucket cylinder is a specialized hydraulic cylinder designed for controlling the movement of the bucket in heavy machinery such as excavators, backhoe excavators, and front-end loaders. Its main function is to enable the bucket to lift, lower, and tilt to facilitate various material handling tasks. In [&hellip;]<\/p>","protected":false},"featured_media":14782,"comment_status":"open","ping_status":"closed","template":"","meta":{"_et_pb_use_builder":"","_et_pb_old_content":"","_et_gb_content_width":""},"product_brand":[],"product_cat":[1494],"product_tag":[1495,1496],"class_list":{"0":"post-15872","1":"product","2":"type-product","3":"status-publish","4":"has-post-thumbnail","6":"product_cat-bucket-cylinders","7":"product_tag-bucket-cylinders","8":"product_tag-hydraulic-cylinders","10":"first","11":"instock","12":"shipping-taxable","13":"product-type-simple"},"amp_enabled":true,"_links":{"self":[{"href":"https:\/\/www.hydraulic-cylinders.net\/sl\/wp-json\/wp\/v2\/product\/15872","targetHints":{"allow":["GET"]}}],"collection":[{"href":"https:\/\/www.hydraulic-cylinders.net\/sl\/wp-json\/wp\/v2\/product"}],"about":[{"href":"https:\/\/www.hydraulic-cylinders.net\/sl\/wp-json\/wp\/v2\/types\/product"}],"replies":[{"embeddable":true,"href":"https:\/\/www.hydraulic-cylinders.net\/sl\/wp-json\/wp\/v2\/comments?post=15872"}],"wp:featuredmedia":[{"embeddable":true,"href":"https:\/\/www.hydraulic-cylinders.net\/sl\/wp-json\/wp\/v2\/media\/14782"}],"wp:attachment":[{"href":"https:\/\/www.hydraulic-cylinders.net\/sl\/wp-json\/wp\/v2\/media?parent=15872"}],"wp:term":[{"taxonomy":"product_brand","embeddable":true,"href":"https:\/\/www.hydraulic-cylinders.net\/sl\/wp-json\/wp\/v2\/product_brand?post=15872"},{"taxonomy":"product_cat","embeddable":true,"href":"https:\/\/www.hydraulic-cylinders.net\/sl\/wp-json\/wp\/v2\/product_cat?post=15872"},{"taxonomy":"product_tag","embeddable":true,"href":"https:\/\/www.hydraulic-cylinders.net\/sl\/wp-json\/wp\/v2\/product_tag?post=15872"}],"curies":[{"name":"delovni list","href":"https:\/\/api.w.org\/{rel}","templated":true}]}}