{"id":15876,"date":"2025-01-19T15:06:30","date_gmt":"2025-01-19T15:06:30","guid":{"rendered":"https:\/\/www.hydraulic-cylinders.net\/product\/bucket-cylinder-for-xinyuan-wheel-excavator-xy90\/"},"modified":"2025-01-19T15:06:32","modified_gmt":"2025-01-19T15:06:32","slug":"bucket-cylinder-for-xinyuan-wheel-excavator-xy90","status":"publish","type":"product","link":"https:\/\/www.hydraulic-cylinders.net\/sl\/izdelek\/bucket-cylinder-for-xinyuan-wheel-excavator-xy90\/","title":{"rendered":"Cilinder \u017elice za kolesni bager Xinyuan XY90"},"content":{"rendered":"<h2>Cilinder \u017elice za kolesni bager Xinyuan XY90<\/h2>\n<p>Hidravli\u010dni cilinder \u017elice za kolesni bager Xinyuan XY90 je bistveni hidravli\u010dni cilinder, zasnovan za nadzor gibanja \u017elice v te\u017ekih strojih, kot so bagri, bagri nakladalniki in kolesni nakladalniki. Njegova glavna funkcija je omogo\u010danje dvigovanja, spu\u0161\u010danja in nagibanja \u017elice, zaradi \u010desar je priro\u010dna za razli\u010dna opravila ravnanja z materiali. V hidravli\u010dnem sistemu cilinder \u017elice dose\u017ee natan\u010den nadzor nad \u017elico z izkori\u0161\u010danjem sprememb tlaka hidravli\u010dnega olja, kar omogo\u010da upravljavcem u\u010dinkovito ravnanje s te\u017ekimi bremeni in prilagajanje kompleksnim delovnim okoljem ter raznolikim zahtevam dela.<\/p>\n<p><img decoding=\"async\" src=\"https:\/\/www.hydraulic-cylinders.net\/wp-content\/uploads\/2025\/01\/songte-company-2.webp\"><\/p>\n<h3>Zna\u010dilnosti valja \u017elice za kolesni bager Xinyuan XY90:<\/h3>\n<ol>\n<li>Visoka trdnost in vzdr\u017eljivost: Obi\u010dajno je izdelan iz visoko trdnega jekla ali aluminija, zato lahko prenese visok tlak in velike obremenitve ter se prilagaja te\u017ekim delovnim pogojem. Zasnova upo\u0161teva odpornost proti obrabi in koroziji, kar podalj\u0161uje njegovo \u017eivljenjsko dobo.<\/li>\n<li>U\u010dinkovito hidravli\u010dno delovanje: Z uporabo tlaka hidravli\u010dnega olja dose\u017ee gladko iztegovanje in vle\u010denje, kar zagotavlja hiter odziv na krmilne ukaze in mo\u010dne potisne in vle\u010dne sile, primerne za ravnanje s te\u017ekimi bremeni in kompleksne delovne naloge.<\/li>\n<li>Razli\u010dne vrste: Valj \u017elice je mogo\u010de izbrati kot enosmerno delujo\u010d (hidravli\u010dno delovanje samo v eno smer) ali dvosmerno delujo\u010d (hidravli\u010dno delovanje v obe smeri) glede na zahteve za razli\u010dne operativne potrebe. Nekateri modeli so teleskopski, kar omogo\u010da ve\u010dji razteg brez pove\u010danja zunanjih dimenzij, primerni za uporabo z omejenim prostorom.<\/li>\n<li>Popolna zamenjava: Na\u0161i izdelki lahko popolnoma nadomestijo te hidravli\u010dne cilindre.<\/li>\n<\/ol>\n<p><img decoding=\"async\" src=\"https:\/\/www.hydraulic-cylinders.net\/wp-content\/uploads\/2025\/01\/songte-cylinder-head-with-all-kinds-excavator-models.webp\"><\/p>\n<h3>Uporaba valja \u017elice za kolesni bager Xinyuan XY90:<\/h3>\n<p>Valj z \u017elico se uporablja v razli\u010dni opremi:<\/p>\n<ul>\n<li>Gradbena oprema: Pri bagrih so bistveni za kopanje, nakladanje in premikanje zemlje ali ru\u0161evin. Pri bagrih nakladalnikih cilinder \u017elice pomaga tako pri kopanju kot pri dvigovanju.<\/li>\n<li>Kmetijska mehanizacija: Uporablja se v \u010delnih nakladalnikih za zajemanje, dvigovanje in prevoz zemlje, sena in drugih materialov.<\/li>\n<li>Bagri: Cilinder \u017elice omogo\u010da kopanje, saj \u017elici omogo\u010da prodiranje v zemljo.<\/li>\n<li>Kolesni nakladalci: Pri kolesnih nakladalcih pomagajo pri u\u010dinkovitem dvigovanju in odlaganju blaga.<\/li>\n<\/ul>\n<h3>Oblikovalski vidiki in izbirna merila:<\/h3>\n<p>Pri na\u010drtovanju cilindrov z \u017elico se upo\u0161teva ve\u010d dejavnikov:<\/p>\n<ol>\n<li>Nosilnost: Jeklenka mora biti zasnovana tako, da prenese pri\u010dakovane obremenitve in tlak.<\/li>\n<li>Tesnjenje: Uporabljajo se razli\u010dni tesnilni elementi, kot so tesnila bata in ojnice, z materiali, kot sta poliuretan in nitrilna guma, znana po svoji odpornosti proti obrabi.<\/li>\n<li>Vzdr\u017eljivost: Ohi\u0161je valja in navojni konci so fino obdelani za ve\u010djo odpornost proti obrabi.<\/li>\n<li>Varnost: V zasnovo so vklju\u010dene varnostne funkcije za prepre\u010devanje nesre\u010d med delovanjem.<\/li>\n<li>Vzdr\u017eevanje: Jeklenka mora biti zasnovana za enostavno vzdr\u017eevanje in popravilo.<\/li>\n<\/ol>\n<p><img decoding=\"async\" src=\"https:\/\/www.hydraulic-cylinders.net\/wp-content\/uploads\/2025\/01\/songte-oil-pipes-and-spare-parts.webp\"><\/p>\n<h3>Tesnjenje in mazanje cilindra \u017elice:<\/h3>\n<p>Valj \u017elice uporablja razli\u010dne tesnilne komponente, kot so tesnila bata in tesnila palice. Ta tesnila so izdelana iz materialov, odpornih proti obrabi, kot sta poliuretan in nitrilna guma. Telo valja in navojni konci so fino obdelani za ve\u010djo odpornost proti obrabi. Za nemoteno delovanje je potrebno redno mazanje z ustrezno koli\u010dino hidravli\u010dnega olja.<\/p>\n<h3>Redni pregledi in preventivni vzdr\u017eevalni ukrepi:<\/h3>\n<ul>\n<li>Redno pregledujte jeklenko glede morebitnih znakov obrabe, pu\u0161\u010danja ali po\u0161kodb.<\/li>\n<li>Zagotovite ustrezno mazanje vseh gibljivih delov.<\/li>\n<li>Ob\u010dasno zamenjajte tesnila in opravite kalibracijske preglede.<\/li>\n<\/ul>\n<h3>Pravilna navodila za namestitev cilindra z vedrom:<\/h3>\n<p>Za pravilno namestitev cilindra vedra sledite tem korakom:<\/p>\n<ol>\n<li>Med namestitvijo pravilno poravnajte valj.<\/li>\n<li>Za pritrditev cilindra uporabite ustrezne monta\u017ene nosilce.<\/li>\n<li>Upo\u0161tevajte priporo\u010dene postopke za pregled, popravilo in zamenjavo.<\/li>\n<li>Navedite nasvete za podalj\u0161anje \u017eivljenjske dobe valja z \u017elico.<\/li>\n<\/ol>\n<p><img decoding=\"async\" src=\"https:\/\/www.hydraulic-cylinders.net\/wp-content\/uploads\/2025\/01\/songte-chushion-collar.webp\"><\/p>\n<h3>Varnostni vidiki in okoljski dejavniki:<\/h3>\n<p>Pri uporabi jeklenke z vedrom je pomembno upo\u0161tevati varnostne ukrepe za prepre\u010devanje nesre\u010d. Pri izbiri materialov za jeklenko upo\u0161tevajte okoljske dejavnike, kot sta temperatura in izpostavljenost korozivnim snovem.<\/p>\n<h3>Diagnoza napak in pogoste te\u017eave:<\/h3>\n<p>Pogoste okvare in te\u017eave, povezane z valjastim cilindrom, vklju\u010dujejo:<\/p>\n<ul>\n<li>Pu\u0161\u010danje hidravli\u010dnega olja<\/li>\n<li>Nedosledno ali po\u010dasno gibanje \u017elice<\/li>\n<li>Prekomerne vibracije ali hrup<\/li>\n<\/ul>\n<p>Zagotovite nasvete in re\u0161itve za odpravljanje te\u017eav, ki bodo bralcem pomagale u\u010dinkovito diagnosticirati in odpraviti te te\u017eave. Ponudite preventivne ukrepe za zmanj\u0161anje morebitnih te\u017eav.<\/p>\n<p><img decoding=\"async\" src=\"https:\/\/www.hydraulic-cylinders.net\/wp-content\/uploads\/2025\/01\/songte-bushings-with-all-kinds-of-excavator-models.webp\"><\/p>\n<p>Ne pozabite logi\u010dno organizirati \u010dlanka, uporabiti podnaslovov za la\u017ejo navigacijo, vklju\u010diti ustreznih slik ali grafikonov za bolj\u0161e razumevanje ter zagotoviti jasno in jedrnato vsebino, primerno za bralce z razli\u010dnim tehni\u010dnim znanjem.<\/p>\n<h2>O na\u0161em podjetju<\/h2>\n<p>Smo proizvajalec nadomestnih hidravli\u010dnih cilindrov in eden vodilnih proizvajalcev in veleprodajnih distributerjev na doma\u010dem in mednarodnem trgu. V na\u0161i prefinjeni proizvodni delavnici se dr\u017eimo na\u010del odli\u010dne kakovosti in se zana\u0161amo na industrializirane strategije upravljanja proizvodnje. Z uporabo tehni\u010dnih talentov, vrhunske digitalne proizvodne opreme in profesionalnih sistemov testiranja nenehno izbolj\u0161ujemo na\u0161o proizvodno platformo, izpopolnjujemo proizvodno pot kakovosti izdelkov in imamo mo\u010dne inovacijske zmogljivosti. Prizadevamo si zadovoljiti raznolike zahteve strank z visoko u\u010dinkovitostjo, natan\u010dnostjo in kakovostjo.<\/p>\n<p><img decoding=\"async\" src=\"https:\/\/hzpt.com\/wp-content\/uploads\/2024\/11\/songte-company-1.webp\"><\/p>\n<h3>Zakaj izbrati nas:<\/h3>\n<ul>\n<li>Profesionalnost: Imamo ekipo strokovnjakov, ki se posve\u010da izdelavi visokokakovostnih hidravli\u010dnih cilindrov.<\/li>\n<li>Mednarodni certifikati: Na\u0161i izdelki izpolnjujejo mednarodne standarde kakovosti in varnosti.<\/li>\n<li>Storitve prilagajanja: Ponujamo re\u0161itve po meri, ki ustrezajo specifi\u010dnim zahtevam strank.<\/li>\n<li>Napredna proizvodna oprema: Za zagotavljanje kakovosti izdelkov uporabljamo napredno proizvodno opremo.<\/li>\n<li>Poprodajne storitve: Nudimo odli\u010dne poprodajne storitve za re\u0161evanje vseh te\u017eav strank.<\/li>\n<\/ul>\n<p><img decoding=\"async\" src=\"https:\/\/www.hydraulic-cylinders.net\/wp-content\/uploads\/2025\/01\/songte-company-3.webp\"><\/p>\n<p>???? lyl<\/p>","protected":false},"excerpt":{"rendered":"<p>Bucket Cylinder For Xinyuan Wheel Excavator XY90 The bucket cylinder for Xinyuan Wheel Excavator XY90 is an essential hydraulic cylinder designed to control the movement of the bucket in heavy machinery such as excavators, backhoe loaders, and wheel loaders. Its main function is to enable the lifting, lowering, and tilting of the bucket, making it [&hellip;]<\/p>","protected":false},"featured_media":14773,"comment_status":"open","ping_status":"closed","template":"","meta":{"_et_pb_use_builder":"","_et_pb_old_content":"","_et_gb_content_width":""},"product_brand":[],"product_cat":[1494],"product_tag":[1495,1496],"class_list":{"0":"post-15876","1":"product","2":"type-product","3":"status-publish","4":"has-post-thumbnail","6":"product_cat-bucket-cylinders","7":"product_tag-bucket-cylinders","8":"product_tag-hydraulic-cylinders","10":"first","11":"instock","12":"shipping-taxable","13":"product-type-simple"},"amp_enabled":true,"_links":{"self":[{"href":"https:\/\/www.hydraulic-cylinders.net\/sl\/wp-json\/wp\/v2\/product\/15876","targetHints":{"allow":["GET"]}}],"collection":[{"href":"https:\/\/www.hydraulic-cylinders.net\/sl\/wp-json\/wp\/v2\/product"}],"about":[{"href":"https:\/\/www.hydraulic-cylinders.net\/sl\/wp-json\/wp\/v2\/types\/product"}],"replies":[{"embeddable":true,"href":"https:\/\/www.hydraulic-cylinders.net\/sl\/wp-json\/wp\/v2\/comments?post=15876"}],"wp:featuredmedia":[{"embeddable":true,"href":"https:\/\/www.hydraulic-cylinders.net\/sl\/wp-json\/wp\/v2\/media\/14773"}],"wp:attachment":[{"href":"https:\/\/www.hydraulic-cylinders.net\/sl\/wp-json\/wp\/v2\/media?parent=15876"}],"wp:term":[{"taxonomy":"product_brand","embeddable":true,"href":"https:\/\/www.hydraulic-cylinders.net\/sl\/wp-json\/wp\/v2\/product_brand?post=15876"},{"taxonomy":"product_cat","embeddable":true,"href":"https:\/\/www.hydraulic-cylinders.net\/sl\/wp-json\/wp\/v2\/product_cat?post=15876"},{"taxonomy":"product_tag","embeddable":true,"href":"https:\/\/www.hydraulic-cylinders.net\/sl\/wp-json\/wp\/v2\/product_tag?post=15876"}],"curies":[{"name":"delovni list","href":"https:\/\/api.w.org\/{rel}","templated":true}]}}