{"id":15881,"date":"2025-01-19T15:06:53","date_gmt":"2025-01-19T15:06:53","guid":{"rendered":"https:\/\/www.hydraulic-cylinders.net\/product\/bucket-cylinder-for-volwa-small-excavator-dls860-10b\/"},"modified":"2025-01-19T15:06:55","modified_gmt":"2025-01-19T15:06:55","slug":"bucket-cylinder-for-volwa-small-excavator-dls860-10b","status":"publish","type":"product","link":"https:\/\/www.hydraulic-cylinders.net\/sl\/izdelek\/bucket-cylinder-for-volwa-small-excavator-dls860-10b\/","title":{"rendered":"Cilinder \u017elice za majhen bager Volwa DLS860-10B"},"content":{"rendered":"<h1>Cilinder \u017elice za majhen bager Volwa DLS860-10B<\/h1>\n<h2>Uvod<\/h2>\n<p>Hidravli\u010dni valj \u017elice je posebej zasnovan hidravli\u010dni valj, ki se uporablja predvsem za nadzor gibanja \u017elice v te\u017ekih strojih, kot so bagri, bagri nakladalniki in \u010delni nakladalniki. Njegova glavna funkcija je omogo\u010danje dvigovanja, spu\u0161\u010danja in nagibanja \u017elice, kar olaj\u0161a opravljanje razli\u010dnih nalog ravnanja z materiali. V hidravli\u010dnem sistemu valj \u017elice dose\u017ee natan\u010den nadzor nad \u017elico s spreminjanjem tlaka hidravli\u010dnega olja, kar omogo\u010da upravljavcem u\u010dinkovito rokovanje s te\u017ekimi predmeti, prilagajanje kompleksnim delovnim okoljem in raznolikim operativnim potrebam.<\/p>\n<p><img decoding=\"async\" src=\"https:\/\/www.hydraulic-cylinders.net\/wp-content\/uploads\/2025\/01\/songte-company-2.webp\"><\/p>\n<h2>Zna\u010dilnosti<\/h2>\n<h3>Visoka trdnost in vzdr\u017eljivost<\/h3>\n<p>Valj vedra je obi\u010dajno izdelan iz visoko trdnega jekla ali aluminija, ki lahko prenese visok tlak in velike obremenitve, se prilagaja zahtevnim delovnim okoljem in je zasnovan z upo\u0161tevanjem odpornosti proti obrabi in koroziji, da se podalj\u0161a njegova \u017eivljenjska doba.<\/p>\n<h3>U\u010dinkovito hidravli\u010dno delovanje<\/h3>\n<p>Cilinder \u017elice izkori\u0161\u010da tlak hidravli\u010dnega olja za doseganje gladkega iztegovanja in vle\u010denja, kar omogo\u010da hiter odziv na krmilne ukaze, zagotavlja mo\u010dne potisne in vle\u010dne sile ter je primeren za ravnanje s te\u017ekimi predmeti in kompleksne operativne naloge.<\/p>\n<h3>Razli\u010dne vrste<\/h3>\n<p>Valj \u017elice je mogo\u010de izbrati glede na potrebo po enosmernem (hidravli\u010dno delovanje samo v eni smeri) ali dvosmernem (hidravli\u010dno delovanje v dveh smereh) cilindru, da se zadosti razli\u010dnim operativnim potrebam. Nekateri modeli so teleskopski, kar omogo\u010da ve\u010dji razteg brez pove\u010danja zunanjih dimenzij, primerni za uporabo z omejenim prostorom.<\/p>\n<h3>Popolna zamenjava<\/h3>\n<p>Na\u0161 izdelek lahko popolnoma nadomesti te hidravli\u010dne cilindre.<\/p>\n<p><img decoding=\"async\" src=\"https:\/\/www.hydraulic-cylinders.net\/wp-content\/uploads\/2025\/01\/songte-cylinder-head-with-all-kinds-excavator-models.webp\"><\/p>\n<h2>Aplikacije<\/h2>\n<p>Cilinder z \u017elico ima \u0161iroko paleto uporabe, vklju\u010dno z, vendar ne omejeno na:<\/p>\n<h3>Gradbena oprema<\/h3>\n<p>Pri bagrih so bistveni za kopanje, nakladanje in premikanje zemlje ali ru\u0161evin. Pri bagrih nakladalnikih cilindri \u017elice pomagajo tako pri kopanju kot pri dvigovanju. <\/p>\n<h3>Kmetijska mehanizacija<\/h3>\n<p>Uporabljajo se v \u010delnih nakladalnikih za zajemanje, dvigovanje in prevoz zemlje, sena in drugih materialov. Pri bagrih valj \u017elice omogo\u010da kopanje, saj \u017elici omogo\u010da prodiranje v zemljo. Pri \u010delnih nakladalnikih pomagajo pri u\u010dinkovitem dvigovanju in odlaganju blaga.<\/p>\n<h3>Druge aplikacije<\/h3>\n<p>Valji z \u017elico se lahko uporabljajo tudi v razli\u010dnih drugih te\u017ekih strojih, kot so rudarska oprema, gozdarski stroji in oprema za ravnanje z materiali.<\/p>\n<h2>Oblikovalski vidiki in izbirna merila<\/h2>\n<h3>Nosilnost<\/h3>\n<p>Valj \u017elice mora biti zasnovan tako, da prenese najve\u010djo obratovalno obremenitev opreme. Uporaba visokotrdnostnih materialov in natan\u010dnih postopkov obdelave lahko pove\u010da njegovo nosilnost.<\/p>\n<h3>Tesnjenje in vzdr\u017eljivost<\/h3>\n<p>Cilinder vedra mora biti zasnovan tako, da ohranja visoko raven tesnilne zmogljivosti in vzdr\u017eljivosti, tudi v te\u017ekih delovnih pogojih. Uporaba razli\u010dnih tesnilnih komponent, kot so tesnila bata in ojnice iz materialov, odpornih proti obrabi, kot sta poliuretan in nitrilna guma, lahko pove\u010da njegovo vzdr\u017eljivost.<\/p>\n<h3>Varnost in vzdr\u017eevanje<\/h3>\n<p>Cilinder z \u017elico mora biti zasnovan tako, da zagotavlja varnost delovanja in enostavno vzdr\u017eevanje. Uporaba varnostnih ventilov in redni vzdr\u017eevalni pregledi lahko zagotovijo varno delovanje, uporaba visokokakovostnih materialov in natan\u010dnih postopkov obdelave pa lahko zmanj\u0161a potrebe po vzdr\u017eevanju.<\/p>\n<p><img decoding=\"async\" src=\"https:\/\/www.hydraulic-cylinders.net\/wp-content\/uploads\/2025\/01\/songte-oil-pipes-and-spare-parts.webp\"><\/p>\n<h2>Tesnjenje in mazanje<\/h2>\n<p>Valj \u017elice mora biti zasnovan tako, da ohranja visoko raven tesnjenja in mazanja. Uporaba razli\u010dnih tesnilnih komponent, kot so tesnila bata in tesnila palice, izdelana iz materialov, odpornih proti obrabi, kot sta poliuretan in nitrilna guma, lahko prepre\u010di pu\u0161\u010danje in zagotovi pravilno mazanje. Redni vzdr\u017eevalni pregledi in uporaba ustreznega hidravli\u010dnega olja lahko prav tako pomagajo ohranjati pravilno mazanje.<\/p>\n<h2>Vzdr\u017eevanje in popravila<\/h2>\n<p>Redno vzdr\u017eevanje in popravila so klju\u010dnega pomena za podalj\u0161anje \u017eivljenjske dobe cilindra vedra. Tri pogosta vzdr\u017eevalna opravila vklju\u010dujejo:<\/p>\n<h3>Redni pregled<\/h3>\n<p>Redni pregledi cilindra vedra lahko pomagajo odkriti in prepre\u010diti morebitne te\u017eave, preden postanejo resne. Priporo\u010dljivo je, da vsaj enkrat letno pregledate valj in njegove komponente glede obrabe in po\u0161kodb.<\/p>\n<h3>Mazanje<\/h3>\n<p>Pravilno mazanje cilindra \u017elice lahko pomaga zmanj\u0161ati trenje in obrabo ter podalj\u0161a njegovo \u017eivljenjsko dobo. Priporo\u010dljivo je, da cilinder in njegove komponente redno ma\u017eete s hidravli\u010dnim oljem.<\/p>\n<h3>Zamenjava tesnila in preverjanje kalibracije<\/h3>\n<p>Tesnila igrajo klju\u010dno vlogo pri ohranjanju celovitosti hidravli\u010dnega sistema in prepre\u010devanju pu\u0161\u010danja. Priporo\u010dljivo je, da tesnila zamenjate vsaj enkrat letno in preverite kalibracijo valja, da zagotovite pravilno delovanje.<\/p>\n<p>Pravilna namestitev, mazanje in nastavitev so klju\u010dnega pomena za varno in u\u010dinkovito delovanje cilindra z \u017elico. Priporo\u010dljivo je, da med namestitvijo valj pravilno poravnate in za pritrditev cilindra uporabite ustrezne nosilce. Redni pregledi, popravila in postopki zamenjave lahko pomagajo skraj\u0161ati \u010das izpada in podalj\u0161ati \u017eivljenjsko dobo cilindra z \u017elico.<\/p>\n<p><img decoding=\"async\" src=\"https:\/\/www.hydraulic-cylinders.net\/wp-content\/uploads\/2025\/01\/songte-chushion-collar.webp\"><\/p>\n<h2>Varnostni in okoljski vidiki<\/h2>\n<p>Pri uporabi cilindra \u017elice je pomembno upo\u0161tevati vse varnostne ukrepe in smernice. Ustrezno usposabljanje in varnostna oprema lahko pomagata prepre\u010diti nesre\u010de in po\u0161kodbe. Pravilno odstranjevanje rabljenega hidravli\u010dnega olja in drugih nevarnih snovi lahko pomaga varovati okolje.<\/p>\n<h2>Odpravljanje te\u017eav in pogoste te\u017eave<\/h2>\n<p>\u010ce valj \u017elice ne deluje pravilno, je to lahko posledica razli\u010dnih dejavnikov, vklju\u010dno s po\u0161kodovanimi tesnili, obrabljenimi komponentami ali nepravilno namestitvijo. Odpravljanje te\u017eav lahko pomaga ugotoviti vzrok te\u017eave in dolo\u010diti ustrezno re\u0161itev. Pogoste te\u017eave lahko vklju\u010dujejo pu\u0161\u010danje, pomanjkanje mazanja in nepravilno poravnavo.<\/p>\n<h2>Predstavitev podjetja<\/h2>\n<p>Smo proizvajalec hidravli\u010dnih cilindrov, ki lahko nadomestijo originalne. Na\u0161e podjetje ima \u0161iroko paleto izdelkov in je postalo eden vodilnih proizvajalcev in veletrgovcev s hidravli\u010dnimi cilindri na doma\u010dem in mednarodnem trgu. Dr\u017eimo se na\u010dela odli\u010dne kakovosti in se zana\u0161amo na industrializirane strategije upravljanja proizvodnje v finih proizvodnih delavnicah. Nenehno izbolj\u0161ujemo proizvodno platformo delavnice, izbolj\u0161ujemo proizvodno linijo za kakovost izdelkov in imamo mo\u010dno ustvarjalnost. Z visoko u\u010dinkovitostjo, visoko natan\u010dnostjo in visoko kakovostjo lahko zadovoljimo raznolike potrebe strank.<\/p>\n<p>Na\u0161e podjetje ponuja profesionalne storitve, mednarodno certificiranje, prilagojene storitve, napredno proizvodno opremo in poprodajne storitve. Na\u0161i izdelki so si pridobili zaupanje in podporo strank tako doma kot v tujini. Predani smo zagotavljanju visokokakovostnih hidravli\u010dnih cilindrov, ki lahko zadovoljijo raznolike potrebe na\u0161ih strank.<\/p>\n<p><img decoding=\"async\" src=\"https:\/\/hzpt.com\/wp-content\/uploads\/2024\/11\/songte-company-1.webp\"><\/p>\n<p>Avtor: lyl<\/p>","protected":false},"excerpt":{"rendered":"<p>Bucket Cylinder For Volwa Small Excavator DLS860-10B Introduction The bucket cylinder is a specially designed hydraulic cylinder used mainly to control the movement of the bucket in heavy machinery such as excavators, backhoe loaders, and front-end loaders. Its main function is to enable the bucket to be lifted, lowered, and tilted, making it easier to [&hellip;]<\/p>","protected":false},"featured_media":14761,"comment_status":"open","ping_status":"closed","template":"","meta":{"_et_pb_use_builder":"","_et_pb_old_content":"","_et_gb_content_width":""},"product_brand":[],"product_cat":[1494],"product_tag":[1495,1496],"class_list":{"0":"post-15881","1":"product","2":"type-product","3":"status-publish","4":"has-post-thumbnail","6":"product_cat-bucket-cylinders","7":"product_tag-bucket-cylinders","8":"product_tag-hydraulic-cylinders","10":"first","11":"instock","12":"shipping-taxable","13":"product-type-simple"},"amp_enabled":true,"_links":{"self":[{"href":"https:\/\/www.hydraulic-cylinders.net\/sl\/wp-json\/wp\/v2\/product\/15881","targetHints":{"allow":["GET"]}}],"collection":[{"href":"https:\/\/www.hydraulic-cylinders.net\/sl\/wp-json\/wp\/v2\/product"}],"about":[{"href":"https:\/\/www.hydraulic-cylinders.net\/sl\/wp-json\/wp\/v2\/types\/product"}],"replies":[{"embeddable":true,"href":"https:\/\/www.hydraulic-cylinders.net\/sl\/wp-json\/wp\/v2\/comments?post=15881"}],"wp:featuredmedia":[{"embeddable":true,"href":"https:\/\/www.hydraulic-cylinders.net\/sl\/wp-json\/wp\/v2\/media\/14761"}],"wp:attachment":[{"href":"https:\/\/www.hydraulic-cylinders.net\/sl\/wp-json\/wp\/v2\/media?parent=15881"}],"wp:term":[{"taxonomy":"product_brand","embeddable":true,"href":"https:\/\/www.hydraulic-cylinders.net\/sl\/wp-json\/wp\/v2\/product_brand?post=15881"},{"taxonomy":"product_cat","embeddable":true,"href":"https:\/\/www.hydraulic-cylinders.net\/sl\/wp-json\/wp\/v2\/product_cat?post=15881"},{"taxonomy":"product_tag","embeddable":true,"href":"https:\/\/www.hydraulic-cylinders.net\/sl\/wp-json\/wp\/v2\/product_tag?post=15881"}],"curies":[{"name":"delovni list","href":"https:\/\/api.w.org\/{rel}","templated":true}]}}