{"id":15889,"date":"2025-01-19T15:07:32","date_gmt":"2025-01-19T15:07:32","guid":{"rendered":"https:\/\/www.hydraulic-cylinders.net\/product\/bucket-cylinder-for-volwa-middle-excavator-dls210-8b\/"},"modified":"2025-01-19T15:07:34","modified_gmt":"2025-01-19T15:07:34","slug":"bucket-cylinder-for-volwa-middle-excavator-dls210-8b","status":"publish","type":"product","link":"https:\/\/www.hydraulic-cylinders.net\/sl\/izdelek\/bucket-cylinder-for-volwa-middle-excavator-dls210-8b\/","title":{"rendered":"Cilinder \u017elice za srednji bager Volwa DLS210-8B"},"content":{"rendered":"<h1>Cilinder \u017elice za srednji bager Volwa DLS210-8B<\/h1>\n<h2>Uvod<\/h2>\n<p>Hidravli\u010dni valj \u017elice je posebej zasnovan hidravli\u010dni valj, ki se uporablja predvsem za krmiljenje gibanja bagra v te\u017ekih strojih, kot so bagri, bagri z nakladalniki in \u010delni nakladalniki. Njegova glavna funkcija je omogo\u010danje dvigovanja, spu\u0161\u010danja in nagibanja bagra, kar olaj\u0161a opravljanje razli\u010dnih nalog ravnanja z materiali. V hidravli\u010dnem sistemu valj \u017elice dose\u017ee natan\u010den nadzor nad bagrom s spremembo tlaka hidravli\u010dnega olja, kar upravljavcem omogo\u010da u\u010dinkovito rokovanje s te\u017ekimi predmeti in prilagajanje kompleksnim delovnim okoljem ter raznolikim operativnim zahtevam.<\/p>\n<p><img decoding=\"async\" src=\"https:\/\/www.hydraulic-cylinders.net\/wp-content\/uploads\/2025\/01\/songte-company-2.webp\"><\/p>\n<h2>Zna\u010dilnosti<\/h2>\n<ul>\n<li>Visoka trdnost in vzdr\u017eljivost: Obi\u010dajno je izdelan iz visoko trdnega jekla ali aluminija, zato je sposoben prenesti visok tlak in velike obremenitve, se prilagaja te\u017ekim delovnim okoljem in je zasnovan z odpornostjo proti obrabi in koroziji za podalj\u0161anje \u017eivljenjske dobe.<\/li>\n<li>U\u010dinkovito hidravli\u010dno delovanje: Gladko gibanje raztezanja in kr\u010denja se dose\u017ee z uporabo tlaka hidravli\u010dnega olja, ki se lahko hitro odzove na krmilne ukaze, zagotavlja mo\u010dno potisno in vle\u010dno silo ter je primerno za ravnanje s te\u017ekimi predmeti in kompleksne delovne naloge.<\/li>\n<li>Razli\u010dne vrste: Enosmerno delujo\u010di (hidravli\u010dni se uporablja samo v eno smer) ali dvosmerno delujo\u010di (hidravli\u010dni se uporablja v obe smeri) cilindri se lahko izberejo glede na zahteve za razli\u010dne operativne potrebe. Nekateri modeli so teleskopski, kar omogo\u010da ve\u010dji razteg brez pove\u010danja zunanjih dimenzij, primerni za uporabo v omejenem prostoru.<\/li>\n<li>Zamenljivo: Na\u0161i izdelki lahko popolnoma nadomestijo te hidravli\u010dne cilindre.<\/li>\n<\/ul>\n<p><img decoding=\"async\" src=\"https:\/\/www.hydraulic-cylinders.net\/wp-content\/uploads\/2025\/01\/songte-cylinder-head-with-all-kinds-excavator-models.webp\"><\/p>\n<h2>Aplikacije<\/h2>\n<p>Cilindri za \u017elice so bistveni za razli\u010dno te\u017eko opremo, vklju\u010dno z:<\/p>\n<ul>\n<li>Gradbena oprema: Pri bagrih so klju\u010dni za kopanje, nakladanje in premikanje zemlje ali ru\u0161evin. Pri bagrih z nakladalno glavo cilinder \u017elice pomaga pri kopanju in dvigovanju.<\/li>\n<li>Kmetijska mehanizacija: Uporablja se za \u010delne nakladalnike, zajemanje, dvigovanje in prevoz zemlje, sena in drugih materialov. <\/li>\n<li>Bagri: Cilinder \u017elice dose\u017ee kopanje tako, da lopati omogo\u010di prodiranje v zemljo.<\/li>\n<li>Nakladalniki: Pomagajo pri u\u010dinkovitem dvigovanju in nagibanju blaga v \u010delnih nakladalnikih.<\/li>\n<\/ul>\n<h2>Oblikovalski vidiki in izbirna merila<\/h2>\n<p>Glede na konstrukcijske vidike, kot so nosilnost, tesnjenje, vzdr\u017eljivost, varnost in vzdr\u017eevanje, so cilindri z \u017elico zasnovani z mislijo na kakovost. Spodaj je nekaj klju\u010dnih konstrukcijskih vidikov:<\/p>\n<ul>\n<li>Nosilnost: Zmo\u017enost prena\u0161anja visokega tlaka in velikih obremenitev.<\/li>\n<li>Tesnjenje: Uporabljajo se razli\u010dna tesnila, kot so tesnila bata in tesnila palic, izdelana iz materialov, odpornih proti obrabi, kot sta poliuretan in nitrilna guma, telo valja in navojne kon\u010dne povr\u0161ine pa so fino obdelane za izbolj\u0161anje odpornosti proti obrabi. <\/li>\n<li>Vzdr\u017eljivost: Cilinder vedra je zasnovan tako, da je odporen proti obrabi in ima premaz, odporen proti koroziji, kar podalj\u0161a \u017eivljenjsko dobo.<\/li>\n<li>Varnost: Dodane so varnostne funkcije, kot so tla\u010dni varnostni ventili, da se prepre\u010di preobremenitev, jeklenka pa je zasnovana tako, da prepre\u010duje nenadne padce.<\/li>\n<li>Vzdr\u017eevanje: Jeklenka je zasnovana tako, da jo je mogo\u010de enostavno razstaviti in ponovno sestaviti, zato je za zagotovitev dolge \u017eivljenjske dobe potrebno redno vzdr\u017eevanje.<\/li>\n<\/ul>\n<p><img decoding=\"async\" src=\"https:\/\/www.hydraulic-cylinders.net\/wp-content\/uploads\/2025\/01\/songte-oil-pipes-and-spare-parts.webp\"><\/p>\n<h2>Tesnjenje in mazanje<\/h2>\n<p>V cilindrih z vedri se uporabljajo razli\u010dni tesnilni elementi, kot so tesnila bata in tesnila palic, izdelana iz materialov, odpornih proti obrabi, kot sta poliuretan in nitrilna guma. Telo cilindra in navojne kon\u010dne povr\u0161ine so fino obdelane za izbolj\u0161anje odpornosti proti obrabi. Potrebno je ustrezno mazanje in redne menjave olja za ohranjanje optimalne zmogljivosti in podalj\u0161anje \u017eivljenjske dobe.<\/p>\n<h2>Pregledi in preventivni vzdr\u017eevalni ukrepi<\/h2>\n<p>Redni pregledi in preventivni vzdr\u017eevalni ukrepi so potrebni za zagotovitev optimalne zmogljivosti in podalj\u0161anje \u017eivljenjske dobe. Spodaj je navedenih nekaj vzdr\u017eevalnih opravil:<\/p>\n<ul>\n<li>Redni pregled: Preverite valj za morebitne znake obrabe ali po\u0161kodb.<\/li>\n<li>Pravilno mazanje: Cilinder nama\u017eite v skladu s priporo\u010dili proizvajalca.<\/li>\n<li>Zamenjava tesnila: Obrabljena ali po\u0161kodovana tesnila takoj zamenjajte.<\/li>\n<li>Preverjanje kalibracije: Redno preverjanje kalibracije zagotavlja pravilno delovanje cilindra.<\/li>\n<li>Pravilna namestitev: Pravilna namestitev je klju\u010dnega pomena za optimalno delovanje. Pravilno poravnajte jeklenko in za pritrditev uporabite ustrezne monta\u017ene nosilce.<\/li>\n<\/ul>\n<p><img decoding=\"async\" src=\"https:\/\/www.hydraulic-cylinders.net\/wp-content\/uploads\/2025\/01\/songte-chushion-collar.webp\"><\/p>\n<h2>Varnostni vidiki in okoljski dejavniki<\/h2>\n<p>Vedrasti cilindri so zasnovani z mislijo na varnost, zato je treba pri njihovi uporabi upo\u0161tevati ustrezne varnostne ukrepe. Okoljski dejavniki, kot sta temperatura in vlaga, lahko vplivajo na delovanje cilindrov, kar povzro\u010di zmanj\u0161ano u\u010dinkovitost in prezgodnjo obrabo.<\/p>\n<h2>Odpravljanje te\u017eav in pogoste te\u017eave<\/h2>\n<p>Pogoste te\u017eave z cilindri z \u017elico vklju\u010dujejo pu\u0161\u010danje, po\u010dasno delovanje in te\u017eave pri upravljanju. Pravilna namestitev, redni pregledi in vzdr\u017eevanje lahko te te\u017eave zmanj\u0161ajo.<\/p>\n<h2>Podatki o podjetju<\/h2>\n<p>Smo proizvajalec hidravli\u010dnih cilindrov, specializiran za zamenjavo hidravli\u010dnih cilindrov. Imamo celovito paleto izdelkov in smo postali eden vodilnih proizvajalcev in veletrgovcev s hidravli\u010dnimi cilindri na doma\u010dem in mednarodnem trgu. Sledimo na\u010delu odli\u010dne kakovosti in se zana\u0161amo na industrializirano strategijo upravljanja proizvodnje v finih proizvodnih delavnicah. Nenehno izbolj\u0161ujemo na\u0161o proizvodno platformo, izbolj\u0161ujemo proizvodne linije za kakovost izdelkov in imamo mo\u010dne inovacijske zmogljivosti, da zadovoljimo raznolike potrebe strank z visoko u\u010dinkovitostjo, visoko natan\u010dnostjo in visoko kakovostjo.<\/p>\n<p><img decoding=\"async\" src=\"https:\/\/hzpt.com\/wp-content\/uploads\/2024\/11\/songte-company-1.webp\"><\/p>\n<p>Ponosni smo na svojo profesionalnost, mednarodne certifikate, prilagojene storitve, proizvodno opremo in poprodajne storitve.<\/p>\n<p>Avtor: lyl<\/p>","protected":false},"excerpt":{"rendered":"<p>Bucket Cylinder For Volwa Middle Excavator DLS210-8B Introduction A bucket cylinder is a specifically designed hydraulic cylinder that is mainly used to control the movement of the shovel in heavy machinery such as excavators, backhoe excavators, and front-end loaders. Its main function is to allow the shovel to lift, lower, and tilt, making it easier [&hellip;]<\/p>","protected":false},"featured_media":14778,"comment_status":"open","ping_status":"closed","template":"","meta":{"_et_pb_use_builder":"","_et_pb_old_content":"","_et_gb_content_width":""},"product_brand":[],"product_cat":[1494],"product_tag":[1495,1496],"class_list":{"0":"post-15889","1":"product","2":"type-product","3":"status-publish","4":"has-post-thumbnail","6":"product_cat-bucket-cylinders","7":"product_tag-bucket-cylinders","8":"product_tag-hydraulic-cylinders","10":"first","11":"instock","12":"shipping-taxable","13":"product-type-simple"},"amp_enabled":true,"_links":{"self":[{"href":"https:\/\/www.hydraulic-cylinders.net\/sl\/wp-json\/wp\/v2\/product\/15889","targetHints":{"allow":["GET"]}}],"collection":[{"href":"https:\/\/www.hydraulic-cylinders.net\/sl\/wp-json\/wp\/v2\/product"}],"about":[{"href":"https:\/\/www.hydraulic-cylinders.net\/sl\/wp-json\/wp\/v2\/types\/product"}],"replies":[{"embeddable":true,"href":"https:\/\/www.hydraulic-cylinders.net\/sl\/wp-json\/wp\/v2\/comments?post=15889"}],"wp:featuredmedia":[{"embeddable":true,"href":"https:\/\/www.hydraulic-cylinders.net\/sl\/wp-json\/wp\/v2\/media\/14778"}],"wp:attachment":[{"href":"https:\/\/www.hydraulic-cylinders.net\/sl\/wp-json\/wp\/v2\/media?parent=15889"}],"wp:term":[{"taxonomy":"product_brand","embeddable":true,"href":"https:\/\/www.hydraulic-cylinders.net\/sl\/wp-json\/wp\/v2\/product_brand?post=15889"},{"taxonomy":"product_cat","embeddable":true,"href":"https:\/\/www.hydraulic-cylinders.net\/sl\/wp-json\/wp\/v2\/product_cat?post=15889"},{"taxonomy":"product_tag","embeddable":true,"href":"https:\/\/www.hydraulic-cylinders.net\/sl\/wp-json\/wp\/v2\/product_tag?post=15889"}],"curies":[{"name":"delovni list","href":"https:\/\/api.w.org\/{rel}","templated":true}]}}