{"id":15891,"date":"2025-01-19T15:07:40","date_gmt":"2025-01-19T15:07:40","guid":{"rendered":"https:\/\/www.hydraulic-cylinders.net\/product\/bucket-cylinder-for-volwa-middle-excavator-dls270-8b\/"},"modified":"2025-01-19T15:07:42","modified_gmt":"2025-01-19T15:07:42","slug":"bucket-cylinder-for-volwa-middle-excavator-dls270-8b","status":"publish","type":"product","link":"https:\/\/www.hydraulic-cylinders.net\/sl\/izdelek\/bucket-cylinder-for-volwa-middle-excavator-dls270-8b\/","title":{"rendered":"Cilinder \u017elice za srednji bager Volwa DLS270-8B"},"content":{"rendered":"<p><!DOCTYPE html><br \/>\n<html><br \/>\n<head><br \/>\n<title>Cilinder \u017elice za srednji bager Volwa DLS270-8B<\/title><br \/>\n<\/head><br \/>\n<body><\/p>\n<h1>Cilinder \u017elice za srednji bager Volwa DLS270-8B<\/h1>\n<h2>Uvod<\/h2>\n<p>Hidravli\u010dni valj \u017elice je posebej zasnovan hidravli\u010dni valj, ki se uporablja za krmiljenje gibanja \u017elice v te\u017ekih strojih, kot so bagri, bagri nakladalniki in \u010delni nakladalniki. Njegova glavna funkcija je omogo\u010danje dvigovanja, spu\u0161\u010danja in nagibanja \u017elice, kar olaj\u0161a razli\u010dna opravila ravnanja z materiali. V hidravli\u010dnem sistemu valj \u017elice dose\u017ee natan\u010den nadzor nad \u017elico z uporabo spremembe tlaka hidravli\u010dnega olja, kar upravljavcem omogo\u010da u\u010dinkovito ravnanje s te\u017ekimi bremeni in prilagajanje kompleksnim delovnim okoljem ter raznolikim operativnim potrebam.<\/p>\n<p><img decoding=\"async\" src=\"https:\/\/www.hydraulic-cylinders.net\/wp-content\/uploads\/2025\/01\/songte-company-2.webp\" alt=\"Slika valjaste \u017elice\"><\/p>\n<h2>Zna\u010dilnosti<\/h2>\n<ul>\n<li><strong>Visoka trdnost in vzdr\u017eljivost:<\/strong> Obi\u010dajno izdelan iz visoko trdnega jekla ali aluminija, je valj z \u017elico odporen na visok tlak in velike obremenitve ter se prilagaja zahtevnim delovnim okoljem. Njegova zasnova upo\u0161teva odpornost proti obrabi in koroziji, kar podalj\u0161uje njegovo \u017eivljenjsko dobo.<\/li>\n<li><strong>U\u010dinkovito hidravli\u010dno delovanje:<\/strong> Z uporabo hidravli\u010dnega oljnega tlaka dose\u017ee valj \u017elice gladko iztegovanje in vstavljanje, kar omogo\u010da hiter odziv na krmilne ukaze in zagotavlja mo\u010dne potisne in vle\u010dne sile, primerne za rokovanje s te\u017ekimi bremeni in kompleksnimi nalogami.<\/li>\n<li><strong>Razli\u010dne vrste:<\/strong> Valj \u017elice je lahko glede na specifi\u010dne operativne zahteve enosmerno delujo\u010d (hidravli\u010dni tlak se uporablja samo v eni smeri) ali dvosmerno delujo\u010d (hidravli\u010dni tlak se uporablja v obeh smereh). Nekateri modeli so teleskopski, kar omogo\u010da ve\u010dji izvle\u010dek brez pove\u010danja zunanjih dimenzij, kar je idealno za uporabo z omejenim prostorom.<\/li>\n<li><strong>Popolna zamenjava:<\/strong> Na\u0161i izdelki lahko popolnoma nadomestijo te hidravli\u010dne cilindre.<\/li>\n<\/ul>\n<p><img decoding=\"async\" src=\"https:\/\/www.hydraulic-cylinders.net\/wp-content\/uploads\/2025\/01\/songte-cylinder-head-with-all-kinds-excavator-models.webp\" alt=\"Slika zamenjave cilindra vedra\"><\/p>\n<h2>Aplikacije<\/h2>\n<ul>\n<li><strong>Gradbena oprema:<\/strong> Cilindri \u017elice so klju\u010dnega pomena za bagre pri kopanju, nakladanju in premikanju zemlje ali ru\u0161evin. Pri bagrih nakladalnikih cilinder \u017elice pomaga tako pri izkopavanju kot pri dvigovanju.<\/li>\n<li><strong>Kmetijska mehanizacija:<\/strong> Uporablja se v \u010delnih nakladalnikih za zajemanje, dvigovanje in prevoz zemlje, sena in drugih materialov.<\/li>\n<li><strong>Bagri:<\/strong> Cilinder \u017elice omogo\u010da izkopavanje, saj omogo\u010da, da \u017elica prodre v zemljo.<\/li>\n<li><strong>\u010celni nakladalniki:<\/strong> Pri \u010delnih nakladalnikih pomagajo pri u\u010dinkovitem dvigovanju in nagibanju blaga.<\/li>\n<\/ul>\n<h2>Oblikovalski vidiki in izbirna merila<\/h2>\n<p>Pri na\u010drtovanju so klju\u010dni dejavniki, kot so nosilnost, tesnjenje, vzdr\u017eljivost, varnost in vzdr\u017eevanje.<\/p>\n<p><img decoding=\"async\" src=\"https:\/\/www.hydraulic-cylinders.net\/wp-content\/uploads\/2025\/01\/songte-oil-pipes-and-spare-parts.webp\" alt=\"Slika premislekov o zasnovi hidravli\u010dnega cilindra\"><\/p>\n<h2>Tesnjenje in mazanje<\/h2>\n<p>Valj \u017elice ima razli\u010dna tesnila, kot so tesnila bata in tesnila palic, izdelana iz materialov, odpornih proti obrabi, kot sta poliuretan in nitrilna guma. Telo valja in navojne kon\u010dne povr\u0161ine so fino obdelane za ve\u010djo odpornost proti obrabi. Potrebno je redno mazanje z ustrezno koli\u010dino hidravli\u010dnega olja.<\/p>\n<h2>Pregled in preventivno vzdr\u017eevanje<\/h2>\n<ul>\n<li>Redno preverjajte jeklenko glede morebitnih znakov pu\u0161\u010danja, po\u0161kodb ali obrabe.<\/li>\n<li>Zagotovite ustrezno mazanje vseh gibljivih delov.<\/li>\n<li>Po potrebi zamenjajte tesnila in druge obrabljene komponente.<\/li>\n<\/ul>\n<p><img decoding=\"async\" src=\"https:\/\/www.hydraulic-cylinders.net\/wp-content\/uploads\/2025\/01\/songte-chushion-collar.webp\" alt=\"Slika pregleda hidravli\u010dnega cilindra\"><\/p>\n<h2>Varnostni vidiki in okoljski dejavniki<\/h2>\n<p>Za prepre\u010devanje nesre\u010d ali po\u0161kodb je klju\u010dnega pomena zagotoviti varnostne ukrepe pri uporabi cilindra z vedrom. Pravilno ravnanje, vzdr\u017eevanje in upo\u0161tevanje varnostnih smernic so bistveni.<\/p>\n<p><img decoding=\"async\" src=\"https:\/\/www.hydraulic-cylinders.net\/wp-content\/uploads\/2025\/01\/songte-bushings-with-all-kinds-of-excavator-models.webp\" alt=\"Varnostna slika cilindra vedra\"><\/p>\n<h2>Odpravljanje te\u017eav in pogoste te\u017eave<\/h2>\n<p>Pravilno odpravljanje te\u017eav in hitro re\u0161evanje pogostih te\u017eav sta klju\u010dnega pomena za ohranjanje optimalne zmogljivosti. Redni pregledi, preventivni ukrepi in u\u010dinkovite tehnike re\u0161evanja te\u017eav pomagajo pri diagnosticiranju in odpravljanju te\u017eav.<\/p>\n<h2>Na\u0161e podjetje<\/h2>\n<p>Smo proizvajalec nadomestnih hidravli\u010dnih cilindrov in ponujamo \u0161iroko paleto izdelkov. Smo eden vodilnih proizvajalcev in veleprodajnih distributerjev hidravli\u010dnih cilindrov na doma\u010dem in mednarodnem trgu. Na\u0161e podjetje se dr\u017ei na\u010del odli\u010dnosti in se zana\u0161a na industrializirane strategije upravljanja proizvodnje v natan\u010dno izdelanih proizvodnih delavnicah. S poudarkom na tehnolo\u0161kih talentih, napredni digitalni proizvodni opremi in profesionalnih sistemih testiranja nenehno izbolj\u0161ujemo na\u0161o proizvodno platformo in proizvodne poti za kakovost izdelkov. Imamo mo\u010dno ustvarjalno sposobnost, ki zagotavlja u\u010dinkovito, natan\u010dno in visokokakovostno proizvodnjo, da zadostimo raznolikim zahtevam strank.<\/p>\n<p><img decoding=\"async\" src=\"https:\/\/www.hydraulic-cylinders.net\/wp-content\/uploads\/2025\/01\/songte-company-3.webp\" alt=\"Podoba na\u0161ega podjetja\"><br \/>\n<\/body><br \/>\n<\/html><\/p>","protected":false},"excerpt":{"rendered":"<p>Bucket Cylinder For Volwa Middle Excavator DLS270-8B Bucket Cylinder For Volwa Middle Excavator DLS270-8B Introduction The bucket cylinder is a specially designed hydraulic cylinder used to control the movement of the bucket in heavy machinery such as excavators, backhoe loaders, and front loaders. Its main function is to enable the lifting, lowering, and tilting of [&hellip;]<\/p>","protected":false},"featured_media":14773,"comment_status":"open","ping_status":"closed","template":"","meta":{"_et_pb_use_builder":"","_et_pb_old_content":"","_et_gb_content_width":""},"product_brand":[],"product_cat":[1494],"product_tag":[1495,1496],"class_list":{"0":"post-15891","1":"product","2":"type-product","3":"status-publish","4":"has-post-thumbnail","6":"product_cat-bucket-cylinders","7":"product_tag-bucket-cylinders","8":"product_tag-hydraulic-cylinders","10":"first","11":"instock","12":"shipping-taxable","13":"product-type-simple"},"amp_enabled":true,"_links":{"self":[{"href":"https:\/\/www.hydraulic-cylinders.net\/sl\/wp-json\/wp\/v2\/product\/15891","targetHints":{"allow":["GET"]}}],"collection":[{"href":"https:\/\/www.hydraulic-cylinders.net\/sl\/wp-json\/wp\/v2\/product"}],"about":[{"href":"https:\/\/www.hydraulic-cylinders.net\/sl\/wp-json\/wp\/v2\/types\/product"}],"replies":[{"embeddable":true,"href":"https:\/\/www.hydraulic-cylinders.net\/sl\/wp-json\/wp\/v2\/comments?post=15891"}],"wp:featuredmedia":[{"embeddable":true,"href":"https:\/\/www.hydraulic-cylinders.net\/sl\/wp-json\/wp\/v2\/media\/14773"}],"wp:attachment":[{"href":"https:\/\/www.hydraulic-cylinders.net\/sl\/wp-json\/wp\/v2\/media?parent=15891"}],"wp:term":[{"taxonomy":"product_brand","embeddable":true,"href":"https:\/\/www.hydraulic-cylinders.net\/sl\/wp-json\/wp\/v2\/product_brand?post=15891"},{"taxonomy":"product_cat","embeddable":true,"href":"https:\/\/www.hydraulic-cylinders.net\/sl\/wp-json\/wp\/v2\/product_cat?post=15891"},{"taxonomy":"product_tag","embeddable":true,"href":"https:\/\/www.hydraulic-cylinders.net\/sl\/wp-json\/wp\/v2\/product_tag?post=15891"}],"curies":[{"name":"delovni list","href":"https:\/\/api.w.org\/{rel}","templated":true}]}}