{"id":15892,"date":"2025-01-19T15:07:44","date_gmt":"2025-01-19T15:07:44","guid":{"rendered":"https:\/\/www.hydraulic-cylinders.net\/product\/bucket-cylinder-for-volwa-large-excavator-dls330-8b\/"},"modified":"2025-01-19T15:07:48","modified_gmt":"2025-01-19T15:07:48","slug":"bucket-cylinder-for-volwa-large-excavator-dls330-8b","status":"publish","type":"product","link":"https:\/\/www.hydraulic-cylinders.net\/sl\/izdelek\/bucket-cylinder-for-volwa-large-excavator-dls330-8b\/","title":{"rendered":"Cilinder \u017elice za velik bager Volwa DLS330-8B"},"content":{"rendered":"<h1>Cilinder \u017elice za velik bager Volwa DLS330-8B<\/h1>\n<h2>Uvod<\/h2>\n<p>Hidravli\u010dni valj \u017elice je posebej zasnovan hidravli\u010dni valj, ki se uporablja predvsem za krmiljenje gibanja \u017elic v te\u017ekih strojih, kot so bagri, bagri nakladalniki in \u010delni nakladalniki. Njegova glavna funkcija je omogo\u010danje dvigovanja, spu\u0161\u010danja in nagibanja \u017elice, kar olaj\u0161a opravljanje razli\u010dnih nalog ravnanja z materiali. V hidravli\u010dnem sistemu valj \u017elice dose\u017ee natan\u010den nadzor nad \u017elico s spremembo tlaka hidravli\u010dnega olja, kar omogo\u010da upravljavcem u\u010dinkovito ravnanje s te\u017ekimi bremeni in prilagajanje kompleksnim delovnim okoljem ter raznolikim zahtevam dela.<\/p>\n<p><img decoding=\"async\" src=\"https:\/\/www.hydraulic-cylinders.net\/wp-content\/uploads\/2025\/01\/songte-company-2.webp\" alt=\"Cilinder za vedro\"><\/p>\n<h2>Zna\u010dilnosti<\/h2>\n<ul>\n<li>Visoka trdnost in vzdr\u017eljivost: Obi\u010dajno je izdelan iz visoko trdnega jekla ali aluminija, lahko prenese visok tlak in velike obremenitve, se prilagodi zahtevnim delovnim okoljem, zasnova pa upo\u0161teva odpornost proti obrabi in koroziji, kar podalj\u0161a \u017eivljenjsko dobo.<\/li>\n<li>U\u010dinkovito hidravli\u010dno delovanje: Gladko iztegovanje in kr\u010denje se dose\u017ee z uporabo tlaka hidravli\u010dnega olja, ki se lahko hitro odzove na krmilne ukaze in zagotavlja mo\u010dno potisno in vle\u010dno silo, primerno za rokovanje s te\u017ekimi bremeni in kompleksnimi delovnimi nalogami.<\/li>\n<li>Razli\u010dne vrste: Enojno delujo\u010di (hidravlika se uporablja samo v eni smeri) ali dvostransko delujo\u010di (hidravlika se uporablja v dveh smereh) cilindri se lahko izberejo glede na zahteve za razli\u010dne operativne potrebe. Nekateri modeli so teleskopski, kar omogo\u010da ve\u010dji razteg brez pove\u010danja zunanjih dimenzij, kar je primerno za aplikacije z omejenim prostorom.<\/li>\n<li>Izdelava po meri: Na\u0161i izdelki lahko popolnoma nadomestijo te hidravli\u010dne cilindre.<\/li>\n<\/ul>\n<p><img decoding=\"async\" src=\"https:\/\/www.hydraulic-cylinders.net\/wp-content\/uploads\/2025\/01\/songte-cylinder-head-with-all-kinds-excavator-models.webp\" alt=\"Izdelava po meri\"><\/p>\n<h2>Aplikacije<\/h2>\n<p>Valji z \u017elico se pogosto uporabljajo v razli\u010dnih te\u017ekih strojih, vklju\u010dno z:<\/p>\n<ul>\n<li>Gradbena oprema: Pri bagrih so bistveni za izkopavanje, nakladanje in premikanje zemlje ali ru\u0161evin. Pri bagrih nakladalnikih cilindri \u017elice pomagajo tako pri izkopavanju kot pri dvigovanju. <\/li>\n<li>Kmetijski stroji: Uporabljajo se v \u010delnih nakladalnikih za zajemanje, dvigovanje in prevoz zemlje, sena in drugih materialov. <\/li>\n<li>Bagri: Cilindri \u017elice dose\u017eejo kopanje tako, da \u017elici omogo\u010dijo prodiranje v zemljo.<\/li>\n<li>\u010celni nakladalniki: Pri \u010delnih nakladalnikih pomagajo pri u\u010dinkovitem dvigovanju in razkladanju blaga.<\/li>\n<\/ul>\n<h2>Oblikovalski vidiki in standardi izbire<\/h2>\n<p>Pri na\u010drtovanju upo\u0161tevamo nosilnost, tesnjenje, vzdr\u017eljivost, varnost in vzdr\u017eevanje cilindra. Klju\u010dne to\u010dke so naslednje:<\/p>\n<ul>\n<li>Nosilnost: Jeklenka mora biti sposobna prenesti najve\u010djo obremenitev, potrebno za nalogo.<\/li>\n<li>Tesnjenje: Za prepre\u010devanje pu\u0161\u010danja hidravli\u010dnega olja in zagotavljanje u\u010dinkovitega delovanja se uporabljajo razli\u010dne tesnilne komponente, kot so tesnila bata in tesnila palic.<\/li>\n<li>Vzdr\u017eljivost: Jeklenka mora biti zasnovana z mislijo na odpornost proti obrabi in koroziji, da se podalj\u0161a njena \u017eivljenjska doba.<\/li>\n<li>Varnost: Pravilna namestitev in redno vzdr\u017eevanje zagotavljata varno delovanje.<\/li>\n<li>Vzdr\u017eevanje: Jeklenka mora biti zasnovana z zamenljivimi komponentami, zaradi \u010desar je vzdr\u017eevanje in popravilo la\u017eje dostopno.<\/li>\n<\/ul>\n<p><img decoding=\"async\" src=\"https:\/\/www.hydraulic-cylinders.net\/wp-content\/uploads\/2025\/01\/songte-oil-pipes-and-spare-parts.webp\" alt=\"Oblikovalski vidiki\"><\/p>\n<h2>Tesnjenje in mazanje<\/h2>\n<p>Za zagotovitev ustreznega tesnjenja in mazanja se uporabljajo razli\u010dne tesnilne komponente, kot so tesnila bata in tesnila palic, ki so izdelana iz materialov, odpornih proti obrabi, kot sta poliuretan in nitrilna guma. Telo valja in navojne kon\u010dne povr\u0161ine so fino obdelane za izbolj\u0161anje odpornosti proti obrabi. Za zagotovitev ustreznega mazanja je potrebno redno dodajanje hidravli\u010dnega olja.<\/p>\n<h2>Vzdr\u017eevanje in popravila<\/h2>\n<p>Redni pregledi in preventivni vzdr\u017eevalni ukrepi so potrebni za zagotovitev dolgoro\u010dnega delovanja jeklenke. Sledijo obi\u010dajna vzdr\u017eevalna opravila:<\/p>\n<ul>\n<li>Redni pregled<\/li>\n<li>Pravilno mazanje<\/li>\n<li>Zamenjava tesnila<\/li>\n<li>Preverjanje kalibracije<\/li>\n<\/ul>\n<p>Pravilna namestitev, mazanje in nastavitev so klju\u010dnega pomena za delovanje cilindra. Med namestitvijo je treba zagotoviti ustrezno poravnavo in uporabiti ustrezne nosilce za pritrditev cilindra. Zagotovljeni so priporo\u010deni postopki pregleda, popravila in zamenjave, vklju\u010dno z nadomestnimi deli in obnovo za podalj\u0161anje \u017eivljenjske dobe cilindra.<\/p>\n<p><img decoding=\"async\" src=\"https:\/\/www.hydraulic-cylinders.net\/wp-content\/uploads\/2025\/01\/songte-chushion-collar.webp\" alt=\"Vzdr\u017eevanje in popravila\"><\/p>\n<h2>Varnostni vidiki in okoljski dejavniki<\/h2>\n<p>Pri uporabi cilindrov z \u017elico je treba upo\u0161tevati ustrezne varnostne ukrepe. Pred uporabo se prepri\u010dajte, da je oprema pravilno name\u0161\u010dena in da je cilinder v dobrem stanju. Za zmanj\u0161anje vpliva na okolje je potrebno pravilno odstranjevanje hidravli\u010dnega olja in drugih nevarnih snovi.<\/p>\n<h2>Odpravljanje te\u017eav in pogoste te\u017eave<\/h2>\n<p>Med pogoste te\u017eave spadajo pu\u0161\u010danje hidravli\u010dnega olja, okvarjeni cilindri in zmanj\u0161ana zmogljivost. Pravilna diagnoza in re\u0161itve so klju\u010dnega pomena za re\u0161evanje teh te\u017eav. Redni pregledi in preventivni vzdr\u017eevalni ukrepi lahko prav tako pomagajo zmanj\u0161ati tak\u0161ne te\u017eave.<\/p>\n<p><img decoding=\"async\" src=\"https:\/\/www.hydraulic-cylinders.net\/wp-content\/uploads\/2025\/01\/songte-bushings-with-all-kinds-of-excavator-models.webp\" alt=\"Odpravljanje te\u017eav\"><\/p>\n<h2>O na\u0161em podjetju<\/h2>\n<p>Smo proizvajalec nadomestnih hidravli\u010dnih cilindrov s celotno paleto izdelkov. Postali smo eden vodilnih proizvajalcev in veleprodajnih distributerjev hidravli\u010dnih cilindrov na doma\u010dem in mednarodnem trgu. Sledimo na\u010delu odli\u010dne kakovosti in se zana\u0161amo na strategijo industrializacije upravljanja proizvodnje v delavnicah za natan\u010dno izdelavo. Na\u0161e podjetje nenehno izbolj\u0161uje proizvodno platformo delavnice, izpopolnjuje proizvodno pot za kakovost izdelkov in ima mo\u010dno ustvarjalno zmogljivost. Z visoko u\u010dinkovitostjo, visoko natan\u010dnostjo in visokokakovostnimi izdelki izpolnjujemo raznolike potrebe strank.<\/p>\n<p>Na\u0161e podjetje nudi strokovno, mednarodno certificiranje, prilagojene storitve, proizvodno opremo in poprodajne storitve. <\/p>\n<p><img decoding=\"async\" src=\"https:\/\/hzpt.com\/wp-content\/uploads\/2024\/11\/songte-company-1.webp\" alt=\"O na\u0161em podjetju\"><\/p>\n<h3>Avtor: lyl<\/h3>","protected":false},"excerpt":{"rendered":"<p>Bucket Cylinder For Volwa Large Excavator DLS330-8B Introduction A bucket cylinder is a specially designed hydraulic cylinder primarily used to control the movement of buckets in heavy machinery such as excavators, backhoe loaders, and front-end loaders. Its main function is to enable the bucket to lift, lower, and tilt, making it easier to handle various [&hellip;]<\/p>","protected":false},"featured_media":14771,"comment_status":"open","ping_status":"closed","template":"","meta":{"_et_pb_use_builder":"","_et_pb_old_content":"","_et_gb_content_width":""},"product_brand":[],"product_cat":[1494],"product_tag":[1495,1496],"class_list":{"0":"post-15892","1":"product","2":"type-product","3":"status-publish","4":"has-post-thumbnail","6":"product_cat-bucket-cylinders","7":"product_tag-bucket-cylinders","8":"product_tag-hydraulic-cylinders","10":"first","11":"instock","12":"shipping-taxable","13":"product-type-simple"},"amp_enabled":true,"_links":{"self":[{"href":"https:\/\/www.hydraulic-cylinders.net\/sl\/wp-json\/wp\/v2\/product\/15892","targetHints":{"allow":["GET"]}}],"collection":[{"href":"https:\/\/www.hydraulic-cylinders.net\/sl\/wp-json\/wp\/v2\/product"}],"about":[{"href":"https:\/\/www.hydraulic-cylinders.net\/sl\/wp-json\/wp\/v2\/types\/product"}],"replies":[{"embeddable":true,"href":"https:\/\/www.hydraulic-cylinders.net\/sl\/wp-json\/wp\/v2\/comments?post=15892"}],"wp:featuredmedia":[{"embeddable":true,"href":"https:\/\/www.hydraulic-cylinders.net\/sl\/wp-json\/wp\/v2\/media\/14771"}],"wp:attachment":[{"href":"https:\/\/www.hydraulic-cylinders.net\/sl\/wp-json\/wp\/v2\/media?parent=15892"}],"wp:term":[{"taxonomy":"product_brand","embeddable":true,"href":"https:\/\/www.hydraulic-cylinders.net\/sl\/wp-json\/wp\/v2\/product_brand?post=15892"},{"taxonomy":"product_cat","embeddable":true,"href":"https:\/\/www.hydraulic-cylinders.net\/sl\/wp-json\/wp\/v2\/product_cat?post=15892"},{"taxonomy":"product_tag","embeddable":true,"href":"https:\/\/www.hydraulic-cylinders.net\/sl\/wp-json\/wp\/v2\/product_tag?post=15892"}],"curies":[{"name":"delovni list","href":"https:\/\/api.w.org\/{rel}","templated":true}]}}