{"id":15893,"date":"2025-01-19T15:07:50","date_gmt":"2025-01-19T15:07:50","guid":{"rendered":"https:\/\/www.hydraulic-cylinders.net\/product\/bucket-cylinder-for-volwa-large-excavator-dls360-8b\/"},"modified":"2025-01-19T15:07:52","modified_gmt":"2025-01-19T15:07:52","slug":"bucket-cylinder-for-volwa-large-excavator-dls360-8b","status":"publish","type":"product","link":"https:\/\/www.hydraulic-cylinders.net\/sl\/izdelek\/bucket-cylinder-for-volwa-large-excavator-dls360-8b\/","title":{"rendered":"Cilinder \u017elice za velik bager Volwa DLS360-8B"},"content":{"rendered":"<h1>Cilinder \u017elice za velik bager Volwa DLS360-8B<\/h1>\n<h2>Uvod<\/h2>\n<p>Hidravli\u010dni cilinder \u017elice za velik bager Volwa DLS360-8B je posebej zasnovan hidravli\u010dni cilinder, ki se uporablja za krmiljenje gibanja \u017elice v te\u017ekih strojih, kot so bagri, bagri nakladalniki in \u010delni nakladalniki. Njegova glavna funkcija je omogo\u010danje dvigovanja, spu\u0161\u010danja in nagibanja \u017elice, kar olaj\u0161a razli\u010dna opravila ravnanja z materiali. V hidravli\u010dnem sistemu cilinder \u017elice dose\u017ee natan\u010den nadzor nad \u017elico z izkori\u0161\u010danjem sprememb tlaka hidravli\u010dnega olja, kar omogo\u010da upravljavcem u\u010dinkovito ravnanje s te\u017ekimi bremeni in prilagajanje kompleksnim delovnim okoljem ter raznolikim zahtevam dela.<\/p>\n<p><img decoding=\"async\" src=\"https:\/\/www.hydraulic-cylinders.net\/wp-content\/uploads\/2025\/01\/songte-company-2.webp\" alt=\"Slika valjaste \u017elice\"><\/p>\n<h2>Zna\u010dilnosti<\/h2>\n<ul>\n<li>Visoka trdnost in vzdr\u017eljivost: Obi\u010dajno so izdelani iz visoko trdnega jekla ali aluminija, sposobni prenesti visok tlak in velike obremenitve, se prilagajajo zahtevnim delovnim okoljem in so zasnovani z upo\u0161tevanjem odpornosti proti obrabi in koroziji za podalj\u0161anje \u017eivljenjske dobe.<\/li>\n<li>U\u010dinkovito hidravli\u010dno delovanje: Z uporabo tlaka hidravli\u010dnega olja za doseganje gladkih gibov iztegovanja in vvla\u010devanja se lahko valj \u017elice hitro odzove na krmilne ukaze in zagotavlja mo\u010dne potisne in vle\u010dne sile, primerne za ravnanje s te\u017ekimi bremeni in kompleksnimi nalogami.<\/li>\n<li>Razli\u010dne vrste: Na voljo z enosmernim (hidravli\u010dni tlak se uporablja samo v eni smeri) ali dvosmernim (hidravli\u010dni tlak se uporablja v obeh smereh) cilindri, ki ustrezajo razli\u010dnim operativnim potrebam. Nekateri modeli so teleskopski, kar omogo\u010da ve\u010dji razteg brez pove\u010danja zunanjih dimenzij, primerni za uporabo z omejenim prostorom.<\/li>\n<li>Popolna zamenjava: Na\u0161i izdelki lahko popolnoma nadomestijo te hidravli\u010dne cilindre. <\/li>\n<\/ul>\n<p><img decoding=\"async\" src=\"https:\/\/www.hydraulic-cylinders.net\/wp-content\/uploads\/2025\/01\/songte-cylinder-head-with-all-kinds-excavator-models.webp\" alt=\"Slika hidravli\u010dnega cilindra\"><\/p>\n<h2>Aplikacije<\/h2>\n<h3>Gradbena oprema:<\/h3>\n<p>Pri bagrih so bistveni za kopanje, nakladanje in premikanje zemlje ali ru\u0161evin. Pri bagrih nakladalnikih cilinder \u017elice pomaga tako pri izkopavanju kot pri dvigovanju. <\/p>\n<h3>Kmetijska mehanizacija:<\/h3>\n<p>Uporablja se v \u010delnih nakladalnikih za zajemanje, dvigovanje in prevoz zemlje, sena in drugih materialov.<\/p>\n<h3>Bagri:<\/h3>\n<p>Cilinder \u017elice omogo\u010da kopanje, saj \u017elici omogo\u010da prodiranje v zemljo.<\/p>\n<h3>Nakladalci:<\/h3>\n<p>Pri \u010delnih nakladalnikih pomagajo pri u\u010dinkovitem dvigovanju in razkladanju tovora.<\/p>\n<h2>Oblikovalski vidiki in izbirna merila<\/h2>\n<ul>\n<li>Nosilnost: Razpravljajte o sposobnosti valja \u017elice, da prenese velike obremenitve in zagotavlja stabilnost.<\/li>\n<li>Tesnjenje: Razi\u0161\u010dite uporabo razli\u010dnih tesnilnih komponent, kot so tesnila bata in tesnila palic, izdelana iz materialov, odpornih proti obrabi, kot sta poliuretan in nitrilna guma, ter pomen fino obdelanega ohi\u0161ja valja in navojnih kon\u010dnih povr\u0161in za pove\u010danje odpornosti proti obrabi ter potrebo po rednem mazanju s hidravli\u010dnim oljem.<\/li>\n<li>Vzdr\u017eljivost: Razpravljajte o konstrukcijskih vidikih za dolgo \u017eivljenjsko dobo in odpornost proti obrabi in koroziji.<\/li>\n<li>Varnost: Upo\u0161tevajte varnostne vidike in pomen upo\u0161tevanja varnostnih ukrepov pri uporabi jeklenke z vedrom.<\/li>\n<li>Vzdr\u017eevanje: Opi\u0161ite redne preglede in preventivne vzdr\u017eevalne ukrepe za zagotovitev optimalne zmogljivosti in podalj\u0161anje \u017eivljenjske dobe cilindra vedra.<\/li>\n<\/ul>\n<p><img decoding=\"async\" src=\"https:\/\/www.hydraulic-cylinders.net\/wp-content\/uploads\/2025\/01\/songte-oil-pipes-and-spare-parts.webp\" alt=\"Slika komponent hidravli\u010dnega cilindra\"><\/p>\n<h2>Varnostni in okoljski vidiki<\/h2>\n<p>Pri uporabi cilindra z \u017elico je klju\u010dnega pomena upo\u0161tevanje varnostnih ukrepov za prepre\u010devanje nesre\u010d in zagotavljanje varnega delovnega okolja. To vklju\u010duje ustrezno usposabljanje, upo\u0161tevanje navodil za uporabo in uporabo ustrezne za\u0161\u010ditne opreme.<\/p>\n<h2>Odpravljanje te\u017eav in pogoste te\u017eave<\/h2>\n<p>Razpravljajte o morebitnih napakah in pogostih te\u017eavah, s katerimi se lahko uporabniki sre\u010dajo pri uporabi cilindra vedra. Ponudite nasvete in re\u0161itve za diagnosticiranje in odpravljanje teh te\u017eav ter preventivne ukrepe za zmanj\u0161anje morebitnih te\u017eav.<\/p>\n<p><img decoding=\"async\" src=\"https:\/\/www.hydraulic-cylinders.net\/wp-content\/uploads\/2025\/01\/songte-bushings-with-all-kinds-of-excavator-models.webp\" alt=\"Slika pu\u0161 hidravli\u010dnih cilindrov\"><\/p>\n<h2>Vzdr\u017eevalna opravila<\/h2>\n<p>Izpostavite tri pogosta vzdr\u017eevalna opravila: redni pregledi, pravilno mazanje ter zamenjava tesnil in preverjanje kalibracije. Poudarite pomen pravilne namestitve, mazanja in nastavitve za podalj\u0161anje \u017eivljenjske dobe cilindra z \u017elico. Navedite smernice za pravilno poravnavo cilindra med namestitvijo in predlagajte uporabo ustreznih monta\u017enih nosilcev za pritrditev cilindra. Priporo\u010dite postopke pregleda, popravila in zamenjave ter ponudite nasvete za podalj\u0161anje \u017eivljenjske dobe cilindra z \u017elico.<\/p>\n<p><img decoding=\"async\" src=\"https:\/\/www.hydraulic-cylinders.net\/wp-content\/uploads\/2025\/01\/songte-chushion-collar.webp\" alt=\"Slika namestitve hidravli\u010dnega cilindra\"><\/p>\n<h2>O na\u0161em podjetju<\/h2>\n<p>Smo proizvajalec, specializiran za proizvodnjo nadomestnih hidravli\u010dnih cilindrov. S \u0161iroko paleto izdelkov smo postali eden vodilnih proizvajalcev in veleprodajnih distributerjev hidravli\u010dnih cilindrov na doma\u010dem in mednarodnem trgu. Dr\u017eimo se na\u010dela odli\u010dne kakovosti in se zana\u0161amo na strategijo upravljanja industrijske proizvodnje v finih proizvodnih delavnicah. Z uporabo tehni\u010dnih talentov, digitalizirane vrhunske proizvodne opreme in profesionalnih sistemov testiranja nenehno izbolj\u0161ujemo proizvodno platformo na\u0161ih delavnic, izpopolnjujemo proizvodno pot kakovosti izdelkov in imamo mo\u010dno ustvarjalno sposobnost zadovoljevanja raznolikih potreb strank z visoko u\u010dinkovitostjo, visoko natan\u010dnostjo in visokokakovostnimi na\u010deli.<\/p>\n<p>Poleg tega nudimo profesionalnost, mednarodne certifikate, prilagojene storitve, napredno proizvodno opremo in poprodajne storitve. <\/p>\n<p><img decoding=\"async\" src=\"https:\/\/www.hydraulic-cylinders.net\/wp-content\/uploads\/2025\/01\/songte-company-3.webp\" alt=\"Slika podjetja\"><\/p>\n<p>Avtor: lyl<\/p>","protected":false},"excerpt":{"rendered":"<p>Bucket Cylinder For Volwa Large Excavator DLS360-8B Introduction The bucket cylinder for Volwa large excavator DLS360-8B is a specially designed hydraulic cylinder used to control the movement of the bucket in heavy machinery such as excavators, backhoe loaders, and front loaders. Its main function is to enable the bucket to lift, lower, and tilt, making [&hellip;]<\/p>","protected":false},"featured_media":14769,"comment_status":"open","ping_status":"closed","template":"","meta":{"_et_pb_use_builder":"","_et_pb_old_content":"","_et_gb_content_width":""},"product_brand":[],"product_cat":[1494],"product_tag":[1495,1496],"class_list":{"0":"post-15893","1":"product","2":"type-product","3":"status-publish","4":"has-post-thumbnail","6":"product_cat-bucket-cylinders","7":"product_tag-bucket-cylinders","8":"product_tag-hydraulic-cylinders","10":"first","11":"instock","12":"shipping-taxable","13":"product-type-simple"},"amp_enabled":true,"_links":{"self":[{"href":"https:\/\/www.hydraulic-cylinders.net\/sl\/wp-json\/wp\/v2\/product\/15893","targetHints":{"allow":["GET"]}}],"collection":[{"href":"https:\/\/www.hydraulic-cylinders.net\/sl\/wp-json\/wp\/v2\/product"}],"about":[{"href":"https:\/\/www.hydraulic-cylinders.net\/sl\/wp-json\/wp\/v2\/types\/product"}],"replies":[{"embeddable":true,"href":"https:\/\/www.hydraulic-cylinders.net\/sl\/wp-json\/wp\/v2\/comments?post=15893"}],"wp:featuredmedia":[{"embeddable":true,"href":"https:\/\/www.hydraulic-cylinders.net\/sl\/wp-json\/wp\/v2\/media\/14769"}],"wp:attachment":[{"href":"https:\/\/www.hydraulic-cylinders.net\/sl\/wp-json\/wp\/v2\/media?parent=15893"}],"wp:term":[{"taxonomy":"product_brand","embeddable":true,"href":"https:\/\/www.hydraulic-cylinders.net\/sl\/wp-json\/wp\/v2\/product_brand?post=15893"},{"taxonomy":"product_cat","embeddable":true,"href":"https:\/\/www.hydraulic-cylinders.net\/sl\/wp-json\/wp\/v2\/product_cat?post=15893"},{"taxonomy":"product_tag","embeddable":true,"href":"https:\/\/www.hydraulic-cylinders.net\/sl\/wp-json\/wp\/v2\/product_tag?post=15893"}],"curies":[{"name":"delovni list","href":"https:\/\/api.w.org\/{rel}","templated":true}]}}