{"id":15912,"date":"2025-01-19T15:09:22","date_gmt":"2025-01-19T15:09:22","guid":{"rendered":"https:\/\/www.hydraulic-cylinders.net\/product\/bucket-cylinder-for-aotai-at60e-9\/"},"modified":"2025-01-19T15:09:24","modified_gmt":"2025-01-19T15:09:24","slug":"bucket-cylinder-for-aotai-at60e-9","status":"publish","type":"product","link":"https:\/\/www.hydraulic-cylinders.net\/sl\/izdelek\/bucket-cylinder-for-aotai-at60e-9\/","title":{"rendered":"Cilinder \u017elice za Aotai AT60E-9"},"content":{"rendered":"<h1>Cilinder \u017elice za Aotai AT60E-9<\/h1>\n<h2>Uvod<\/h2>\n<p>Hidravli\u010dni cilinder \u017elice je specializiran hidravli\u010dni cilinder, zasnovan za krmiljenje gibanja \u017elice v te\u017ekih strojih, kot so bagri, bagri nakladalniki in \u010delni nakladalniki. Njegova glavna funkcija je omogo\u010diti dvigovanje, spu\u0161\u010danje in nagibanje \u017elice, kar olaj\u0161a izvajanje razli\u010dnih nalog ravnanja z materiali. Cilinder \u017elice dose\u017ee natan\u010den nadzor nad gibanjem \u017elice z uporabo sprememb tlaka hidravli\u010dnega olja v hidravli\u010dnem sistemu, kar omogo\u010da upravljavcem u\u010dinkovito ravnanje s te\u017ekimi bremeni in prilagajanje kompleksnim delovnim okoljem ter raznolikim zahtevam dela.<\/p>\n<p><img decoding=\"async\" src=\"https:\/\/www.hydraulic-cylinders.net\/wp-content\/uploads\/2025\/01\/songte-company-2.webp\" alt=\"Slika \u017elice za Aotai AT60E-9\"><\/p>\n<h2>Zna\u010dilnosti<\/h2>\n<ul>\n<li>\n<h3>Visoka trdnost in vzdr\u017eljivost<\/h3>\n<p>Obi\u010dajno izdelan iz visoko trdnega jekla ali aluminija, je valj z \u017elico odporen na visok tlak in velike obremenitve, zato se prilagaja zahtevnim delovnim okoljem. Njegova zasnova upo\u0161teva odpornost proti obrabi in koroziji, kar podalj\u0161uje njegovo \u017eivljenjsko dobo.<\/p>\n<\/li>\n<li>\n<h3>U\u010dinkovito hidravli\u010dno delovanje<\/h3>\n<p>Z uporabo hidravli\u010dnega tlaka olja za doseganje gladkih gibov iztegovanja in kr\u010denja se lahko valj \u017elice hitro odzove na ukaze za upravljanje, kar zagotavlja mo\u010dne potisne in vle\u010dne sile, primerne za rokovanje s te\u017ekimi bremeni in kompleksnimi delovnimi nalogami.<\/p>\n<\/li>\n<li>\n<h3>Razli\u010dne vrste<\/h3>\n<p>Cilinder \u017elice je lahko enosmerno delujo\u010d (hidravlika se uporablja samo v eni smeri) ali dvosmerno delujo\u010d (hidravlika se uporablja v obeh smereh), odvisno od operativnih zahtev. Nekateri modeli so teleskopski, kar omogo\u010da ve\u010dji razteg brez pove\u010danja zunanjih dimenzij, zaradi \u010desar so primerni za uporabo z omejenim prostorom.<\/p>\n<\/li>\n<li>\n<h3>Lahko ga izdela na\u0161e podjetje<\/h3>\n<p>Na\u0161 izdelek lahko popolnoma nadomesti te hidravli\u010dne cilindre.<\/p>\n<\/li>\n<\/ul>\n<p><img decoding=\"async\" src=\"https:\/\/www.hydraulic-cylinders.net\/wp-content\/uploads\/2025\/01\/songte-cylinder-head-with-all-kinds-excavator-models.webp\" alt=\"Aotai AT60E-9\"><\/p>\n<h2>Aplikacije<\/h2>\n<p>Valj z \u017elico se uporablja v razli\u010dnih aplikacijah, kot so:<\/p>\n<ul>\n<li>\n<h3>Gradbena oprema<\/h3>\n<p>Pri bagrih so bistveni za kopanje, nakladanje in premikanje zemlje ali ru\u0161evin. Pri bagrih nakladalnikih cilinder \u017elice pomaga tako pri kopanju kot pri dvigovanju. <\/p>\n<\/li>\n<li>\n<h3>Kmetijska mehanizacija<\/h3>\n<p>Uporabljajo se v \u010delnih nakladalnikih za zajemanje, dvigovanje in prevoz zemlje, sena in drugih materialov. Pri bagrih cilinder \u017elice omogo\u010da kopanje v zemljo. Pri \u010delnih nakladalnikih pomagajo pri u\u010dinkovitem dvigovanju in odlaganju tovora.<\/p>\n<\/li>\n<\/ul>\n<h2>Oblikovalski vidiki in izbirna merila<\/h2>\n<p>Pri na\u010drtovanju cilindrov \u017elice upo\u0161tevajo nosilnost, tesnjenje, vzdr\u017eljivost, varnost in vzdr\u017eevanje. Klju\u010dne to\u010dke razprave vklju\u010dujejo:<\/p>\n<ul>\n<li>\n<h3>Nosilnost<\/h3>\n<p>Valj \u017elice mora biti sposoben prenesti te\u017eo materiala, s katerim se ravna, in sile, ki nastanejo med njegovim delovanjem.<\/p>\n<\/li>\n<li>\n<h3>Tesnjenje<\/h3>\n<p>Za prepre\u010devanje pu\u0161\u010danja hidravli\u010dne teko\u010dine se uporabljajo razli\u010dne vrste tesnil, kot so tesnila bata in tesnila palice, ki morajo prenesti visoke temperature in tlak.<\/p>\n<\/li>\n<li>\n<h3>Vzdr\u017eljivost<\/h3>\n<p>Cilinder \u017elice mora biti zasnovan tako, da prenese te\u017eke delovne pogoje in se s\u010dasoma upre obrabi.<\/p>\n<\/li>\n<li>\n<h3>Varnost<\/h3>\n<p>Jeklenka z \u017elico mora biti zasnovana in name\u0161\u010dena tako, da se \u010dim bolj zmanj\u0161a tveganje za nesre\u010de, kot so pu\u0161\u010danje ali odpoved jeklenke.<\/p>\n<\/li>\n<li>\n<h3>Vzdr\u017eevanje<\/h3>\n<p>Jeklenka z \u017elico mora biti zasnovana tako, da omogo\u010da enostavno vzdr\u017eevanje in popravila, vklju\u010dno z enostavnim dostopom do tesnil in notranjosti jeklenke.<\/p>\n<\/li>\n<\/ul>\n<p><img decoding=\"async\" src=\"https:\/\/www.hydraulic-cylinders.net\/wp-content\/uploads\/2025\/01\/songte-oil-pipes-and-spare-parts.webp\" alt=\"Rezervni deli Aotai AT60E-9\"><\/p>\n<h2>Tesnjenje in mazanje cilindra vedra<\/h2>\n<p>Tesnjenje in mazanje cilindra \u017elice sta bistvenega pomena za zagotovitev njegove dolge \u017eivljenjske dobe. Priporo\u010dljivi so naslednji postopki:<\/p>\n<ul>\n<li>\n<h3>Uporaba trajnih tesnil<\/h3>\n<p>Tesnila, kot so tesnila bata in tesnila palic, morajo biti izdelana iz materialov, odpornih proti obrabi, kot sta poliuretan in nitrilna guma.<\/p>\n<\/li>\n<li>\n<h3>Fina povr\u0161inska obdelava<\/h3>\n<p>Povr\u0161ino valja in navoja je treba fino obdelati, da se izbolj\u0161a odpornost proti obrabi.<\/p>\n<\/li>\n<li>\n<h3>Redno mazanje<\/h3>\n<p>Valj \u017elice je treba redno mazati z ustrezno koli\u010dino hidravli\u010dnega olja.<\/p>\n<\/li>\n<\/ul>\n<h2>Vzdr\u017eevanje in popravila<\/h2>\n<p>Redni pregledi in preventivni vzdr\u017eevalni ukrepi so bistveni za ohranjanje zanesljivosti cilindra vedra in podalj\u0161anje njegove \u017eivljenjske dobe. Pogosta vzdr\u017eevalna opravila vklju\u010dujejo:<\/p>\n<ul>\n<li>\n<h3>Redni pregledi<\/h3>\n<p>Redno je treba preverjati stanje cilindra vedra in odkrivati \u200b\u200bmorebitne znake po\u0161kodb ali obrabe.<\/p>\n<\/li>\n<li>\n<h3>Pravilno mazanje<\/h3>\n<p>Za zagotovitev nemotenega delovanja je treba valj \u017elice ustrezno namazati.<\/p>\n<\/li>\n<li>\n<h3>Zamenjava tesnila<\/h3>\n<p>Obrabljena tesnila je treba \u010dim prej zamenjati, da prepre\u010dite pu\u0161\u010danje hidravli\u010dne teko\u010dine in zagotovite pravilno delovanje.<\/p>\n<\/li>\n<li>\n<h3>Preverjanje poravnave<\/h3>\n<p>Pravilna poravnava cilindra je bistvenega pomena za njegovo u\u010dinkovito delovanje. Priporo\u010dljivo je, da za pritrditev cilindra uporabite ustrezne monta\u017ene opore.<\/p>\n<\/li>\n<li>\n<h3>Storitve zamenjave in obnove delov<\/h3>\n<p>Na voljo so nadomestni deli in storitve obnove za podalj\u0161anje \u017eivljenjske dobe in u\u010dinkovitosti valja \u017elice.<\/p>\n<\/li>\n<\/ul>\n<p><img decoding=\"async\" src=\"https:\/\/www.hydraulic-cylinders.net\/wp-content\/uploads\/2025\/01\/songte-chushion-collar.webp\" alt=\"Cilinder za blazinasti ovratnik Aotai AT60E-9\"><\/p>\n<h2>Varnostni vidiki in okoljski dejavniki<\/h2>\n<p>Varnostni ukrepi so klju\u010dnega pomena pri delu s hidravli\u010dnimi cilindri za prepre\u010devanje nesre\u010d in zagotavljanje varnosti upravljavcev in mimoido\u010dih. Okoljski dejavniki, kot so visoke temperature, vla\u017enost in korozija, lahko vplivajo tudi na delovanje in \u017eivljenjsko dobo cilindra \u017elice.<\/p>\n<h2>Odpravljanje te\u017eav in pogoste te\u017eave<\/h2>\n<p>Sledi nekaj pogostih te\u017eav z cilindri \u017elice in mo\u017ene re\u0161itve:<\/p>\n<ul>\n<li>\n<h3>Pu\u0161\u010danje<\/h3>\n<p>Pu\u0161\u010danje hidravli\u010dne teko\u010dine je pogosta te\u017eava z cilindri \u017elice, ki jo lahko povzro\u010dijo po\u0161kodovana tesnila, nepravilno poravnane komponente ali obrabljeni deli. Re\u0161itev je takoj\u0161nja zamenjava okvarjenih komponent.<\/p>\n<\/li>\n<li>\n<h3>Pomanjkanje mo\u010di<\/h3>\n<p>\u010ce valj \u017elice ne zagotavlja dovolj mo\u010di, je to lahko posledica nizkega tlaka hidravli\u010dne teko\u010dine ali okvare hidravli\u010dne \u010drpalke. Re\u0161itev je preverjanje in prilagajanje hidravli\u010dnega tlaka ter po potrebi zamenjava hidravli\u010dne \u010drpalke.<\/p>\n<\/li>\n<li>\n<h3>Zataknjen valj<\/h3>\n<p>\u010ce je valj \u017elice zataknjen v enem polo\u017eaju, je to lahko posledica po\u0161kodovanega bata ali palice ali nepravilno poravnane komponente. Re\u0161itev je zamenjava okvarjenih komponent in pravilna poravnava valja.<\/p>\n<\/li>\n<\/ul>\n<p><img decoding=\"async\" src=\"https:\/\/www.hydraulic-cylinders.net\/wp-content\/uploads\/2025\/01\/songte-bushings-with-all-kinds-of-excavator-models.webp\" alt=\"Valj \u017elice za pu\u0161e Aotai AT60E-9\"><\/p>\n<h2>O na\u0161em podjetju<\/h2>\n<p>Smo proizvajalec nadomestnih hidravli\u010dnih cilindrov s celovito ponudbo izdelkov in smo eden vodilnih proizvajalcev in veleprodajnih distributerjev hidravli\u010dnih cilindrov na doma\u010dem in mednarodnem trgu. Sledimo na\u010delu odli\u010dne kakovosti in se zana\u0161amo na industrializirane strategije upravljanja proizvodnje v natan\u010dno obdelanih proizvodnih delavnicah. Z uporabo tehnolo\u0161kih talentov, vrhunske digitalne proizvodne opreme in profesionalnih sistemov testiranja nenehno izbolj\u0161ujemo proizvodno platformo za delavnice, izbolj\u0161ujemo proizvodne poti kakovosti izdelkov in imamo mo\u010dno ustvarjalno sposobnost, da zadovoljimo zahteve strank z visoko u\u010dinkovitostjo, natan\u010dnostjo in kakovostjo.<\/p>\n<ul>\n<li>\n<h3>Profesionalnost<\/h3>\n<p>Na\u0161e podjetje ima mo\u010dno tehni\u010dno ekipo, napredno proizvodno opremo in profesionalne sisteme testiranja, ki zagotavljajo kakovost na\u0161ih izdelkov.<\/p>\n<\/li>\n<li>\n<h3>Mednarodno certificiranje<\/h3>\n<p>Na\u0161i izdelki so prejeli razli\u010dne mednarodne certifikate, kot so ISO9001: 2015, SGS in CE.<\/p>\n<\/li>\n<li>\n<h3>Storitve prilagajanja<\/h3>\n<p>Nudimo prilagojene storitve glede na zahteve strank, da zadostimo njihovim raznolikim potrebam.<\/p>\n<\/li>\n<li>\n<h3>Proizvodna oprema<\/h3>\n<p>Za izbolj\u0161anje kakovosti izdelkov in u\u010dinkovitosti proizvodnje uporabljamo napredno proizvodno opremo, kot so avtomatski varilni stroji, CNC obdelovalni centri in precizni brusilni stroji.<\/p>\n<\/li>\n<li>\n<h3>Poprodajne storitve<\/h3>\n<p>Zagotavljamo celovito poprodajno storitev, vklju\u010dno s tehni\u010dno podporo, garancijo in popravilom, da zagotovimo zadovoljstvo strank.<\/p>\n<\/li>\n<\/ul>\n<p><img decoding=\"async\" src=\"https:\/\/hzpt.com\/wp-content\/uploads\/2024\/11\/songte-company-1.webp\" alt=\"Valj \u017elice za podjetje Aotai AT60E-9\"><\/p>\n<p>Avtor: lyl.<\/p>","protected":false},"excerpt":{"rendered":"<p>Bucket Cylinder for Aotai AT60E-9 Introduction A bucket cylinder is a specialized hydraulic cylinder designed for controlling the motion of the bucket in heavy machinery such as excavators, backhoe loaders, and front-end loaders. Its main function is to enable the bucket to lift, lower, and tilt, making it easier to carry out various material handling [&hellip;]<\/p>","protected":false},"featured_media":14789,"comment_status":"open","ping_status":"closed","template":"","meta":{"_et_pb_use_builder":"","_et_pb_old_content":"","_et_gb_content_width":""},"product_brand":[],"product_cat":[1494],"product_tag":[1495,1496],"class_list":{"0":"post-15912","1":"product","2":"type-product","3":"status-publish","4":"has-post-thumbnail","6":"product_cat-bucket-cylinders","7":"product_tag-bucket-cylinders","8":"product_tag-hydraulic-cylinders","10":"first","11":"instock","12":"shipping-taxable","13":"product-type-simple"},"amp_enabled":true,"_links":{"self":[{"href":"https:\/\/www.hydraulic-cylinders.net\/sl\/wp-json\/wp\/v2\/product\/15912","targetHints":{"allow":["GET"]}}],"collection":[{"href":"https:\/\/www.hydraulic-cylinders.net\/sl\/wp-json\/wp\/v2\/product"}],"about":[{"href":"https:\/\/www.hydraulic-cylinders.net\/sl\/wp-json\/wp\/v2\/types\/product"}],"replies":[{"embeddable":true,"href":"https:\/\/www.hydraulic-cylinders.net\/sl\/wp-json\/wp\/v2\/comments?post=15912"}],"wp:featuredmedia":[{"embeddable":true,"href":"https:\/\/www.hydraulic-cylinders.net\/sl\/wp-json\/wp\/v2\/media\/14789"}],"wp:attachment":[{"href":"https:\/\/www.hydraulic-cylinders.net\/sl\/wp-json\/wp\/v2\/media?parent=15912"}],"wp:term":[{"taxonomy":"product_brand","embeddable":true,"href":"https:\/\/www.hydraulic-cylinders.net\/sl\/wp-json\/wp\/v2\/product_brand?post=15912"},{"taxonomy":"product_cat","embeddable":true,"href":"https:\/\/www.hydraulic-cylinders.net\/sl\/wp-json\/wp\/v2\/product_cat?post=15912"},{"taxonomy":"product_tag","embeddable":true,"href":"https:\/\/www.hydraulic-cylinders.net\/sl\/wp-json\/wp\/v2\/product_tag?post=15912"}],"curies":[{"name":"delovni list","href":"https:\/\/api.w.org\/{rel}","templated":true}]}}