{"id":15921,"date":"2025-01-19T15:10:04","date_gmt":"2025-01-19T15:10:04","guid":{"rendered":"https:\/\/www.hydraulic-cylinders.net\/product\/bucket-cylinder-for-atlas-7808lc\/"},"modified":"2025-01-19T15:10:14","modified_gmt":"2025-01-19T15:10:14","slug":"bucket-cylinder-for-atlas-7808lc","status":"publish","type":"product","link":"https:\/\/www.hydraulic-cylinders.net\/sl\/izdelek\/bucket-cylinder-for-atlas-7808lc\/","title":{"rendered":"Cilinder \u017elice za Atlas 7808LC"},"content":{"rendered":"<h1>Cilinder \u017elice za Atlas 7808LC<\/h1>\n<h2>Uvod<\/h2>\n<p>Hidravli\u010dni cilinder \u017elice za Atlas 7808LC je vrsta hidravli\u010dnega cilindra, ki je posebej zasnovan za krmiljenje gibanja \u017elic v te\u017ekih strojih, kot so bagri, bagri nakladalniki in \u010delni nakladalniki. Njegova glavna funkcija je omogo\u010danje dvigovanja, spu\u0161\u010danja in nagibanja \u017elice, s \u010dimer se olaj\u0161ajo razli\u010dna opravila ravnanja z materiali. V hidravli\u010dnem sistemu cilinder \u017elice dose\u017ee natan\u010den nadzor nad \u017elico s spremembami tlaka hidravli\u010dnega olja, kar upravljavcem omogo\u010da u\u010dinkovito ravnanje s te\u017ekimi bremeni in prilagajanje kompleksnim delovnim okoljem ter raznolikim operativnim zahtevam.<\/p>\n<p><img decoding=\"async\" src=\"https:\/\/www.hydraulic-cylinders.net\/wp-content\/uploads\/2025\/01\/songte-company-2.webp\" alt=\"Cilinder za vedro\" style=\"width:100%\"><\/p>\n<h2>Zna\u010dilnosti<\/h2>\n<ul>\n<li>\n<h3>Visoka trdnost in vzdr\u017eljivost<\/h3>\n<p>Valji z \u017elico so obi\u010dajno izdelani iz visoko trdnega jekla ali aluminija, kar jim omogo\u010da, da prenesejo visok tlak in velike obremenitve ter se prilagodijo zahtevnim delovnim okoljem. Njihova zasnova upo\u0161teva odpornost proti obrabi in koroziji, kar podalj\u0161uje njihovo \u017eivljenjsko dobo.<\/p>\n<\/li>\n<li>\n<h3>U\u010dinkovito hidravli\u010dno delovanje<\/h3>\n<p>Cilindri \u017elice uporabljajo hidravli\u010dni tlak olja za doseganje gladkega iztegovanja in vvla\u010devanja, kar jim omogo\u010da hiter odziv na krmilne ukaze, zagotavlja mo\u010dno potisno in vle\u010dno silo ter so primerni za ravnanje s te\u017ekimi bremeni in kompleksnimi operativnimi nalogami.<\/p>\n<\/li>\n<li>\n<h3>Ve\u010d vrst<\/h3>\n<p>Cilindri \u017elice so na voljo v enosmerno delujo\u010dih (hidravli\u010dni, ki se uporabljajo v eni smeri) ali dvosmerno delujo\u010dih (hidravli\u010dni, ki se uporabljajo v dveh smereh), da zadostijo razli\u010dnim operativnim zahtevam. Nekateri modeli so teleskopski, kar omogo\u010da ve\u010dji razteg brez pove\u010danja zunanjih dimenzij, zaradi \u010desar so primerni za uporabo v omejenem prostoru.<\/p>\n<\/li>\n<li>\n<h3>Zamenljivo<\/h3>\n<p>Na\u0161e podjetje lahko proizvaja ta izdelek in na\u0161 izdelek lahko popolnoma nadomesti te hidravli\u010dne cilindre.<\/p>\n<\/li>\n<\/ul>\n<p><img decoding=\"async\" src=\"https:\/\/www.hydraulic-cylinders.net\/wp-content\/uploads\/2025\/01\/songte-cylinder-head-with-all-kinds-excavator-models.webp\" alt=\"Hidravli\u010dni cilinder\" style=\"width:100%\"><\/p>\n<h2>Aplikacije<\/h2>\n<p>Valji z \u017elico se pogosto uporabljajo v razli\u010dnih gradbenih strojih, kmetijskih strojih in drugih panogah, vklju\u010dno z:<\/p>\n<ul>\n<li>\n<h3>Gradbena oprema<\/h3>\n<p>Cilindri \u017elice se nahajajo v bagrih, kjer so bistveni za kopanje, nakladanje in premikanje zemlje ali ru\u0161evin. Pri bagrih nakladalnikih cilinder \u017elice pomaga tako pri kopanju kot pri dvigovanju. Pri \u010delnih nakladalnikih pomagajo pri u\u010dinkovitem dvigovanju in odlaganju blaga.<\/p>\n<\/li>\n<li>\n<h3>Kmetijska mehanizacija<\/h3>\n<p>\u017dli\u010dni cilindri se uporabljajo v \u010delnih nakladalnikih za zajemanje, dvigovanje in prevoz zemlje, sena in drugih materialov.<\/p>\n<\/li>\n<li>\n<h3>Bagri<\/h3>\n<p>Cilindri \u017elice omogo\u010dajo bagrom prodiranje v zemljo, tako da se \u017elica premika skoznjo.<\/p>\n<\/li>\n<\/ul>\n<h2>Oblikovalski vidiki in izbirna merila<\/h2>\n<p>Pri na\u010drtovanju cilindrov z \u017elico je za njihovo zanesljivo delovanje bistvenih ve\u010d klju\u010dnih dejavnikov, vklju\u010dno z:<\/p>\n<ul>\n<li>\n<h3>Nosilnost<\/h3>\n<p>Nosilnost cilindra \u017elice je klju\u010dnega pomena in mora biti zasnovana tako, da prenese te\u017eo dvignjenega ali premikanega bremena.<\/p>\n<\/li>\n<li>\n<h3>Tesnjenje in vzdr\u017eljivost<\/h3>\n<p>Valji \u017elice potrebujejo zanesljiva tesnila, da prepre\u010dijo pu\u0161\u010danje olja, ki lahko povzro\u010di hidravli\u010dno okvaro in izpad opreme. Poleg tega je treba upo\u0161tevati vzdr\u017eljivost valja, da se zagotovi dolga \u017eivljenjska doba.<\/p>\n<\/li>\n<li>\n<h3>Varnost<\/h3>\n<p>Cilinder \u017elice mora biti zasnovan z mislijo na varnost uporabnika, da se prepre\u010dijo nesre\u010de ali po\u0161kodbe, ki se lahko zgodijo med delovanjem.<\/p>\n<\/li>\n<li>\n<h3>Vzdr\u017eevanje in popravila<\/h3>\n<p>Jeklenka mora biti zasnovana tako, da omogo\u010da enostavno vzdr\u017eevanje in popravilo. To lahko vklju\u010duje funkcije, kot so zamenljivi deli ali enostaven dostop za pregled in vzdr\u017eevanje.<\/p>\n<\/li>\n<\/ul>\n<p><img decoding=\"async\" src=\"https:\/\/www.hydraulic-cylinders.net\/wp-content\/uploads\/2025\/01\/songte-oil-pipes-and-spare-parts.webp\" alt=\"Hidravli\u010dni cilinder\" style=\"width:100%\"><\/p>\n<h2>Tesnjenje in mazanje<\/h2>\n<p>V cilindrih z \u017elico se uporabljajo razli\u010dne tesnilne komponente, vklju\u010dno s tesnili bata in palice, ki so obi\u010dajno izdelana iz materialov, odpornih proti obrabi, kot sta poliuretan ali nitrilna guma. Za zagotovitev dolge \u017eivljenjske dobe je treba telo cilindra in povr\u0161ino palice obdelati proti obrabi. Za pravilno delovanje cilindra je potrebno tudi redno mazanje s hidravli\u010dnim oljem.<\/p>\n<h2>Vzdr\u017eevanje in popravila<\/h2>\n<p>Za zagotovitev pravilnega delovanja in podalj\u0161anje \u017eivljenjske dobe valja z \u017elico so potrebni redni pregledi in preventivno vzdr\u017eevanje. To lahko vklju\u010duje naloge, kot so:<\/p>\n<ul>\n<li>\n<h3>Redni pregled<\/h3>\n<p>Redni pregledi jeklenke, tesnil, monta\u017enih nosilcev in fitingov lahko prepre\u010dijo, da bi majhne te\u017eave postale ve\u010dje, in na koncu skraj\u0161ajo \u010das izpada.<\/p>\n<\/li>\n<li>\n<h3>Pravilno mazanje<\/h3>\n<p>Pravilno mazanje cilindra je bistvenega pomena za njegovo nemoteno delovanje. To lahko vklju\u010duje uporabo ustreznega hidravli\u010dnega olja ali masti, odvisno od zasnove cilindra.<\/p>\n<\/li>\n<li>\n<h3>Zamenjava tesnila in preverjanje kalibracije<\/h3>\n<p>Zamenjava obrabljenih tesnil in preverjanje kalibracije lahko izbolj\u0161ata delovanje in \u017eivljenjsko dobo cilindra.<\/p>\n<\/li>\n<\/ul>\n<p><img decoding=\"async\" src=\"https:\/\/www.hydraulic-cylinders.net\/wp-content\/uploads\/2025\/01\/songte-chushion-collar.webp\" alt=\"Hidravli\u010dni cilinder\" style=\"width:100%\"><\/p>\n<h2>Varnostni vidiki in okoljski dejavniki<\/h2>\n<p>Za zagotovitev varnega delovanja jeklenk je potrebna pravilna uporaba in vzdr\u017eevanje. Upravljavci morajo biti usposobljeni za pravilno uporabo jeklenke in upo\u0161tevati vse varnostne smernice. Okoljski dejavniki, kot so temperatura, vla\u017enost in izpostavljenost kemikalijam, lahko prav tako vplivajo na delovanje jeklenke in jih je treba upo\u0161tevati.<\/p>\n<h2>Pogoste te\u017eave in odpravljanje te\u017eav<\/h2>\n<p>Nekatere pogoste te\u017eave, ki se lahko pojavijo z cilindri vedra, vklju\u010dujejo pu\u0161\u010danje, po\u010dasno ali neodzivno delovanje ter po\u0161kodbe ohi\u0161ja cilindra ali tesnil. Odpravljanje teh te\u017eav lahko vklju\u010duje preverjanje ustreznega mazanja, pregled tesnil in fitingov ter pregled cilindra glede po\u0161kodb. Redno preventivno vzdr\u017eevanje lahko pomaga zmanj\u0161ati pojav teh te\u017eav.<\/p>\n<p><img decoding=\"async\" src=\"https:\/\/www.hydraulic-cylinders.net\/wp-content\/uploads\/2025\/01\/songte-bushings-with-all-kinds-of-excavator-models.webp\" alt=\"Hidravli\u010dni cilinder\" style=\"width:100%\"><\/p>\n<h2>O na\u0161em podjetju<\/h2>\n<p>Smo vodilni proizvajalec in veleprodajni distributer hidravli\u010dnih cilindrov na doma\u010dem in mednarodnem trgu. Na\u0161e podjetje se dr\u017ei na\u010dela odli\u010dne kakovosti in se zana\u0161a na industrializirane strategije upravljanja proizvodnje, ki temeljijo na delavnicah za natan\u010dno izdelavo, tehnolo\u0161kih talentih, digitalni vrhunski proizvodni opremi in profesionalnih sistemih za testiranje. Na\u0161e podjetje nenehno izbolj\u0161uje platformo za proizvodnjo v delavnicah, izbolj\u0161uje proizvodno pot kakovosti izdelkov in ima mo\u010dne proizvodne zmogljivosti, da zadovolji raznolike potrebe strank z visoko u\u010dinkovitostjo, natan\u010dnostjo in kakovostjo. <\/p>\n<p>Na\u0161e podjetje ponuja razli\u010dne izdelke in storitve, kot so:<\/p>\n<ul>\n<li>\n<h3>Profesionalnost<\/h3>\n<p>Zaposlujemo ekipo strokovnjakov z dolgoletnimi izku\u0161njami v panogi, da zagotovimo, da na\u0161i izdelki izpolnjujejo najvi\u0161je standarde kakovosti in zanesljivosti.<\/p>\n<\/li>\n<li>\n<h3>Mednarodno certificiranje<\/h3>\n<p>Na\u0161i izdelki so certificirani v skladu z mednarodnimi standardi, kot je ISO 9001:2015, kar zagotavlja, da lahko na\u0161e stranke zaupajo na\u0161im izdelkom.<\/p>\n<\/li>\n<li>\n<h3>Storitve prilagajanja<\/h3>\n<p>Ponujamo prilagojene storitve, ki ustrezajo edinstvenim potrebam na\u0161ih strank, in zagotavljamo re\u0161itve po meri, ki so zasnovane tako, da izpolnjujejo specifi\u010dne zahteve.<\/p>\n<\/li>\n<li>\n<h3>Proizvodna oprema<\/h3>\n<p>Uporabljamo napredno proizvodno opremo, kot so CNC stroji, da zagotovimo natan\u010dno izdelavo in visokokakovostne izdelke.<\/p>\n<\/li>\n<li>\n<h3>Poprodajne storitve<\/h3>\n<p>Nudimo poprodajne storitve, da zagotovimo zadovoljstvo na\u0161ih strank z na\u0161imi izdelki in storitvami, ter ponujamo vzdr\u017eevanje, popravila in zamenjavo.<\/p>\n<\/li>\n<\/ul>\n<p><img decoding=\"async\" src=\"https:\/\/hzpt.com\/wp-content\/uploads\/2024\/11\/songte-company-1.webp\" alt=\"Hidravli\u010dni cilinder\" style=\"width:100%\"><\/p>\n<p>Avtor: lyl<\/p>","protected":false},"excerpt":{"rendered":"<p>Bucket Cylinder For Atlas 7808LC Introduction The bucket cylinder for Atlas 7808LC is a type of hydraulic cylinder that is specially designed for controlling the movement of buckets in heavy machinery such as excavators, backhoe loaders, and front-end loaders. Its main function is to allow the bucket to be lifted, lowered and tilted, thereby facilitating [&hellip;]<\/p>","protected":false},"featured_media":14773,"comment_status":"open","ping_status":"closed","template":"","meta":{"_et_pb_use_builder":"","_et_pb_old_content":"","_et_gb_content_width":""},"product_brand":[],"product_cat":[1494],"product_tag":[1495,1496],"class_list":{"0":"post-15921","1":"product","2":"type-product","3":"status-publish","4":"has-post-thumbnail","6":"product_cat-bucket-cylinders","7":"product_tag-bucket-cylinders","8":"product_tag-hydraulic-cylinders","10":"first","11":"instock","12":"shipping-taxable","13":"product-type-simple"},"amp_enabled":true,"_links":{"self":[{"href":"https:\/\/www.hydraulic-cylinders.net\/sl\/wp-json\/wp\/v2\/product\/15921","targetHints":{"allow":["GET"]}}],"collection":[{"href":"https:\/\/www.hydraulic-cylinders.net\/sl\/wp-json\/wp\/v2\/product"}],"about":[{"href":"https:\/\/www.hydraulic-cylinders.net\/sl\/wp-json\/wp\/v2\/types\/product"}],"replies":[{"embeddable":true,"href":"https:\/\/www.hydraulic-cylinders.net\/sl\/wp-json\/wp\/v2\/comments?post=15921"}],"wp:featuredmedia":[{"embeddable":true,"href":"https:\/\/www.hydraulic-cylinders.net\/sl\/wp-json\/wp\/v2\/media\/14773"}],"wp:attachment":[{"href":"https:\/\/www.hydraulic-cylinders.net\/sl\/wp-json\/wp\/v2\/media?parent=15921"}],"wp:term":[{"taxonomy":"product_brand","embeddable":true,"href":"https:\/\/www.hydraulic-cylinders.net\/sl\/wp-json\/wp\/v2\/product_brand?post=15921"},{"taxonomy":"product_cat","embeddable":true,"href":"https:\/\/www.hydraulic-cylinders.net\/sl\/wp-json\/wp\/v2\/product_cat?post=15921"},{"taxonomy":"product_tag","embeddable":true,"href":"https:\/\/www.hydraulic-cylinders.net\/sl\/wp-json\/wp\/v2\/product_tag?post=15921"}],"curies":[{"name":"delovni list","href":"https:\/\/api.w.org\/{rel}","templated":true}]}}