{"id":15932,"date":"2025-01-19T15:10:59","date_gmt":"2025-01-19T15:10:59","guid":{"rendered":"https:\/\/www.hydraulic-cylinders.net\/product\/bucket-cylinder-for-bonny-wzyd18-6\/"},"modified":"2025-01-19T15:11:02","modified_gmt":"2025-01-19T15:11:02","slug":"bucket-cylinder-for-bonny-wzyd18-6","status":"publish","type":"product","link":"https:\/\/www.hydraulic-cylinders.net\/sl\/izdelek\/bucket-cylinder-for-bonny-wzyd18-6\/","title":{"rendered":"Cilinder za vedro za Bonny WZYD18-6"},"content":{"rendered":"<h1>Cilinder za Bonny WZYD18-6<\/h1>\n<h2>Uvod<\/h2>\n<p>Hidravli\u010dni cilinder \u017elice za Bonny WZYD18-6 je vrsta specializiranega hidravli\u010dnega cilindra, zasnovanega za nadzor gibanja \u017elice v te\u017ekih strojih, kot so bagri, bagri z nakladalniki in \u010delni nakladalniki. Njegova glavna funkcija je olaj\u0161anje dvigovanja, spu\u0161\u010danja in nagibanja \u017elice, s \u010dimer omogo\u010da u\u010dinkovito ravnanje z razli\u010dnimi materiali. V hidravli\u010dnem sistemu cilinder \u017elice dose\u017ee natan\u010den nadzor nad \u017elico s spreminjanjem tlaka hidravli\u010dnega olja, kar omogo\u010da upravljavcem u\u010dinkovito ravnanje s te\u017ekimi bremeni in prilagajanje kompleksnim delovnim okoljem ter raznolikim operativnim zahtevam.<\/p>\n<p><img decoding=\"async\" src=\"https:\/\/www.hydraulic-cylinders.net\/wp-content\/uploads\/2025\/01\/songte-company-2.webp\" alt=\"Cilinder za Bonny WZYD18-6\"><\/p>\n<h2>Zna\u010dilnosti izdelka<\/h2>\n<ul>\n<li>\n<h3>Visoka trdnost in vzdr\u017eljivost<\/h3>\n<p>Obi\u010dajno je izdelan iz visoko trdnega jekla ali aluminija, zato lahko valj z \u017elico prenese visok tlak in velike obremenitve ter se prilagodi zahtevnim delovnim okoljem. Njegova zasnova upo\u0161teva odpornost proti obrabi in koroziji, s \u010dimer se podalj\u0161a njegova \u017eivljenjska doba.<\/p>\n<\/li>\n<li>\n<h3>U\u010dinkovito hidravli\u010dno delovanje<\/h3>\n<p>Z izkori\u0161\u010danjem tlaka hidravli\u010dnega olja dose\u017ee valj \u017elice gladke gibe iztegovanja in vvla\u010devanja s hitrim odzivom na krmilne ukaze, kar zagotavlja mo\u010dne potisne in vle\u010dne sile, zaradi \u010desar je primeren za ravnanje s te\u017ekimi bremeni in kompleksne operativne naloge.<\/p>\n<\/li>\n<li>\n<h3>Razli\u010dne vrste<\/h3>\n<p>Glede na operativne zahteve je mogo\u010de izbrati enosmerni (hidravlika deluje samo v eni smeri) ali dvosmerni (hidravlika deluje v dveh smereh). Nekateri modeli so teleskopski, kar omogo\u010da ve\u010dji razteg brez pove\u010danja zunanjih dimenzij, zaradi \u010desar so primerni za uporabo v omejenem prostoru.<\/p>\n<\/li>\n<li>\n<h3>Razpolo\u017eljivost izdelka<\/h3>\n<p>Na\u0161i izdelki lahko odli\u010dno nadomestijo te hidravli\u010dne cilindre in ponujamo vam razli\u010dne mo\u017enosti. <\/p>\n<\/li>\n<li>\n<h3>Scenariji uporabe<\/h3>\n<p>Cilinder \u017elice se pogosto uporablja v razli\u010dnih panogah, vklju\u010dno z gradbeno opremo, kmetijsko mehanizacijo, bagri in nakladalniki.<\/p>\n<\/li>\n<\/ul>\n<h2>Oblikovalski vidiki in izbirna merila<\/h2>\n<p>Valji \u017elice so klju\u010dne komponente hidravli\u010dnih sistemov in jih je treba skrbno na\u010drtovati in izbrati, pri \u010demer je treba upo\u0161tevati dejavnike, kot so nosilnost, tesnjenje, vzdr\u017eljivost, varnost in vzdr\u017eevanje. Nekateri klju\u010dni na\u010drtovalni vidiki in izbirna merila so:<\/p>\n<ul>\n<li>\n<h3>Nosilnost<\/h3>\n<p>Cilinder z \u017elico mora biti sposoben prenesti najve\u010djo obremenitev, ki jo bo verjetno do\u017eivel med delovanjem, brez tveganja okvare. Velikost, vrsta in materiali, uporabljeni pri njegovi izdelavi, morajo biti skrbno izbrani glede na specifi\u010dno uporabo.<\/p>\n<\/li>\n<li>\n<h3>Tesnjenje<\/h3>\n<p>Cilinder \u017elice mora biti u\u010dinkovito zatesnjen, da se prepre\u010di pu\u0161\u010danje hidravli\u010dne teko\u010dine, kar bi lahko povzro\u010dilo te\u017eave pri delovanju in pove\u010dalo zahteve glede vzdr\u017eevanja. Za zagotovitev u\u010dinkovitega tesnjenja se lahko uporabijo razli\u010dne vrste tesnil, kot so tesnila bata in ojnice, izdelana iz materialov, kot sta poliuretan in nitrilna guma. Tudi ohi\u0161je cilindra in navojne kon\u010dne povr\u0161ine je treba fino obdelati, da se izbolj\u0161a odpornost proti obrabi.<\/p>\n<\/li>\n<li>\n<h3>Vzdr\u017eljivost<\/h3>\n<p>Cilinder vedra mora biti trpe\u017een, odporen proti obrabi in koroziji ter sposoben prenesti te\u017eke delovne pogoje. Visokokakovostni materiali, natan\u010dni proizvodni procesi in ustrezna povr\u0161inska obdelava lahko zagotovijo dolgo \u017eivljenjsko dobo.<\/p>\n<\/li>\n<li>\n<h3>Varnost<\/h3>\n<p>Valj \u017elice mora biti zasnovan tako, da izpolnjuje varnostne zahteve, kot so prepre\u010devanje tveganja upogibanja ali nenadne okvare ter prepre\u010devanje izpusta hidravli\u010dne teko\u010dine pod tlakom. Za zagotovitev varnosti je treba upo\u0161tevati ustrezne postopke namestitve, vzdr\u017eevanja in delovanja.<\/p>\n<\/li>\n<li>\n<h3>Vzdr\u017eevanje<\/h3>\n<p>Cilinder vedra mora biti zasnovan tako, da omogo\u010da enostavno vzdr\u017eevanje in popravilo, kadar je to potrebno, vklju\u010dno z enostavno demonta\u017eo in ponovno monta\u017eo, razpolo\u017eljivostjo nadomestnih delov in dostopom do tehni\u010dne podpore.<\/p>\n<\/li>\n<\/ul>\n<p><img decoding=\"async\" src=\"https:\/\/www.hydraulic-cylinders.net\/wp-content\/uploads\/2025\/01\/songte-oil-pipes-and-spare-parts.webp\" alt=\"Cilinder za Bonny WZYD18-6\"><\/p>\n<h2>Tesnjenje in mazanje<\/h2>\n<p>Za zagotovitev nemotenega delovanja in prepre\u010devanje pu\u0161\u010danja hidravli\u010dne teko\u010dine je potrebno u\u010dinkovito tesnjenje in mazanje valja \u017elice. Za zagotovitev u\u010dinkovitega tesnjenja se lahko uporabijo razli\u010dne vrste tesnil, kot so tesnila bata in tesnila palic, izdelana iz materialov, kot sta poliuretan in nitrilni kav\u010duk. Telo valja in navojne kon\u010dne povr\u0161ine je treba prav tako fino obdelati, da se izbolj\u0161a odpornost proti obrabi. Redno dodajanje ustreznega hidravli\u010dnega olja lahko zagotovi pravilno mazanje valja \u017elice.<\/p>\n<h2>Vzdr\u017eevanje in popravila<\/h2>\n<p>Redno vzdr\u017eevanje in popravila so bistvena za zagotovitev pravilnega delovanja cilindra vedra in podalj\u0161anje njegove \u017eivljenjske dobe. Nekatera pogosta vzdr\u017eevalna opravila vklju\u010dujejo redne preglede, ustrezno mazanje in preverjanje kalibracije. Pravilna namestitev, mazanje in nastavitev so prav tako klju\u010dnega pomena za zagotavljanje dolge \u017eivljenjske dobe cilindra vedra. Priporo\u010dljivo je tudi, da za pritrditev cilindra uporabite ustrezne monta\u017ene nosilce in upo\u0161tevate priporo\u010dene postopke pregledov, popravil in zamenjav.<\/p>\n<p><img decoding=\"async\" src=\"https:\/\/www.hydraulic-cylinders.net\/wp-content\/uploads\/2025\/01\/songte-chushion-collar.webp\" alt=\"Cilinder za Bonny WZYD18-6\"><\/p>\n<h2>Varnostni vidiki in okoljski dejavniki<\/h2>\n<p>Pri uporabi cilindrov z \u017elico je treba upo\u0161tevati ustrezne varnostne ukrepe, da se prepre\u010dijo nesre\u010de in zagotovi varno delovanje. Pri uporabi cilindra z \u017elico je treba upo\u0161tevati nekatere okoljske dejavnike, kot sta ustrezno prezra\u010devanje in pravilno odstranjevanje hidravli\u010dne teko\u010dine.<\/p>\n<h2>Odpravljanje te\u017eav in pogoste te\u017eave<\/h2>\n<p>Pri cilindrih z \u017elico se lahko pojavijo razli\u010dne te\u017eave pri delovanju, kot sta pu\u0161\u010danje ali izguba tlaka. Pomembno je pravilno diagnosticirati te\u017eavo in sprejeti ustrezne ukrepe za njeno odpravo. Nekatere pogoste te\u017eave in re\u0161itve vklju\u010dujejo preverjanje ustreznega mazanja, preverjanje tesnil glede po\u0161kodb in pregled komponent cilindra glede obrabe.<\/p>\n<p><img decoding=\"async\" src=\"https:\/\/www.hydraulic-cylinders.net\/wp-content\/uploads\/2025\/01\/songte-bushings-with-all-kinds-of-excavator-models.webp\" alt=\"Cilinder za Bonny WZYD18-6\"><\/p>\n<h2>O na\u0161em podjetju<\/h2>\n<p>Smo vodilni proizvajalec in veleprodajni distributer hidravli\u010dnih cilindrov na doma\u010dem in mednarodnem trgu. Na\u0161i izdelki so odli\u010dne kakovosti in v na\u0161i strategiji industrializiranega upravljanja proizvodnje sledimo natan\u010dnim proizvodnim praksam. Imamo ekipo strokovnjakov, napredno proizvodno opremo in specializirane sisteme za testiranje, ki nam omogo\u010dajo, da zagotavljamo visokokakovostne izdelke, ki ustrezajo raznolikim potrebam na\u0161ih strank. Ponujamo storitve po meri, na\u0161i izdelki pa so mednarodno certificirani. Na\u0161e podjetje ponuja vrsto proizvodne opreme, odli\u010dno poprodajno storitev in imamo mo\u010dno sposobnost ustvarjanja visokokakovostnih izdelkov, ki ustrezajo potrebam strank.<\/p>\n<ul>\n<li>\n<h3>Profesionalnost<\/h3>\n<p>V na\u0161em podjetju delajo strokovnjaki z bogatimi izku\u0161njami na podro\u010dju hidravli\u010dnih cilindrov, ki uporabljajo natan\u010dne proizvodne tehnike za zagotavljanje visokokakovostnih izdelkov.<\/p>\n<\/li>\n<li>\n<h3>Mednarodno certificiranje<\/h3>\n<p>Na\u0161i izdelki so mednarodno certificirani, kar zagotavlja, da izpolnjujejo najvi\u0161je standarde kakovosti in varnosti.<\/p>\n<\/li>\n<li>\n<h3>Prilagojena storitev<\/h3>\n<p>Nudimo prilagojene storitve, ki ustrezajo specifi\u010dnim potrebam na\u0161ih strank.<\/p>\n<\/li>\n<li>\n<h3>Proizvodna oprema<\/h3>\n<p>Na\u0161e podjetje ima napredno proizvodno opremo, ki nam omogo\u010da u\u010dinkovito proizvodnjo visokokakovostnih izdelkov.<\/p>\n<\/li>\n<li>\n<h3>Poprodajne storitve<\/h3>\n<p>Nudimo odli\u010dno poprodajno storitev, da zagotovimo zadovoljstvo na\u0161ih strank z na\u0161imi izdelki in storitvami.<\/p>\n<\/li>\n<\/ul>\n<p><img decoding=\"async\" src=\"https:\/\/hzpt.com\/wp-content\/uploads\/2024\/11\/songte-company-1.webp\" alt=\"Cilinder za Bonny WZYD18-6\"><\/p>\n<p>Avtor: lyl<\/p>","protected":false},"excerpt":{"rendered":"<p>Bucket Cylinder for Bonny WZYD18-6 Introduction The bucket cylinder for Bonny WZYD18-6 is a type of specialized hydraulic cylinder designed to control the movement of the bucket in heavy machinery such as excavators, backhoe excavators, and front-end loaders. Its main function is to facilitate the lifting, lowering, and tilting of the bucket, thereby enabling efficient [&hellip;]<\/p>","protected":false},"featured_media":14782,"comment_status":"open","ping_status":"closed","template":"","meta":{"_et_pb_use_builder":"","_et_pb_old_content":"","_et_gb_content_width":""},"product_brand":[],"product_cat":[1494],"product_tag":[1495,1496],"class_list":{"0":"post-15932","1":"product","2":"type-product","3":"status-publish","4":"has-post-thumbnail","6":"product_cat-bucket-cylinders","7":"product_tag-bucket-cylinders","8":"product_tag-hydraulic-cylinders","10":"first","11":"instock","12":"shipping-taxable","13":"product-type-simple"},"amp_enabled":true,"_links":{"self":[{"href":"https:\/\/www.hydraulic-cylinders.net\/sl\/wp-json\/wp\/v2\/product\/15932","targetHints":{"allow":["GET"]}}],"collection":[{"href":"https:\/\/www.hydraulic-cylinders.net\/sl\/wp-json\/wp\/v2\/product"}],"about":[{"href":"https:\/\/www.hydraulic-cylinders.net\/sl\/wp-json\/wp\/v2\/types\/product"}],"replies":[{"embeddable":true,"href":"https:\/\/www.hydraulic-cylinders.net\/sl\/wp-json\/wp\/v2\/comments?post=15932"}],"wp:featuredmedia":[{"embeddable":true,"href":"https:\/\/www.hydraulic-cylinders.net\/sl\/wp-json\/wp\/v2\/media\/14782"}],"wp:attachment":[{"href":"https:\/\/www.hydraulic-cylinders.net\/sl\/wp-json\/wp\/v2\/media?parent=15932"}],"wp:term":[{"taxonomy":"product_brand","embeddable":true,"href":"https:\/\/www.hydraulic-cylinders.net\/sl\/wp-json\/wp\/v2\/product_brand?post=15932"},{"taxonomy":"product_cat","embeddable":true,"href":"https:\/\/www.hydraulic-cylinders.net\/sl\/wp-json\/wp\/v2\/product_cat?post=15932"},{"taxonomy":"product_tag","embeddable":true,"href":"https:\/\/www.hydraulic-cylinders.net\/sl\/wp-json\/wp\/v2\/product_tag?post=15932"}],"curies":[{"name":"delovni list","href":"https:\/\/api.w.org\/{rel}","templated":true}]}}