{"id":15934,"date":"2025-01-19T15:11:09","date_gmt":"2025-01-19T15:11:09","guid":{"rendered":"https:\/\/www.hydraulic-cylinders.net\/product\/bucket-cylinder-for-bonny-ced1250-7\/"},"modified":"2025-01-19T15:11:15","modified_gmt":"2025-01-19T15:11:15","slug":"bucket-cylinder-for-bonny-ced1250-7","status":"publish","type":"product","link":"https:\/\/www.hydraulic-cylinders.net\/sl\/izdelek\/bucket-cylinder-for-bonny-ced1250-7\/","title":{"rendered":"Cilinder za Bonny CED1250-7"},"content":{"rendered":"<h2>Cilinder za Bonny CED1250-7<\/h2>\n<p>Hidravli\u010dni cilinder \u017elice za Bonny CED1250-7 je specializiran hidravli\u010dni cilinder, zasnovan za krmiljenje gibanja \u017elice v te\u017ekih strojih, kot so bagri, bagri nakladalniki in \u010delni nakladalniki. Njegova glavna funkcija je omogo\u010danje dvigovanja, spu\u0161\u010danja in nagibanja \u017elice, kar olaj\u0161a razli\u010dna opravila ravnanja z materiali. V hidravli\u010dnem sistemu cilinder \u017elice dose\u017ee natan\u010den nadzor nad \u017elico s spremembami tlaka hidravli\u010dnega olja, kar omogo\u010da upravljavcem u\u010dinkovito ravnanje s te\u017ekimi bremeni in prilagajanje kompleksnim delovnim okoljem ter raznolikim zahtevam dela.<\/p>\n<p><img decoding=\"async\" src=\"https:\/\/www.hydraulic-cylinders.net\/wp-content\/uploads\/2025\/01\/songte-company-2.webp\"><\/p>\n<h3>Zna\u010dilnosti valja z \u017elico:<\/h3>\n<ol>\n<li><strong>Visoka trdnost in vzdr\u017eljivost:<\/strong> Obi\u010dajno je izdelan iz visoko trdnega jekla ali aluminija, zato lahko prenese visok tlak in velike obremenitve, s \u010dimer se prilagaja zahtevnim delovnim okoljem. Zasnova upo\u0161teva odpornost proti obrabi in koroziji, kar podalj\u0161uje \u017eivljenjsko dobo.<\/li>\n<li><strong>U\u010dinkovito hidravli\u010dno delovanje:<\/strong> Z uporabo tlaka hidravli\u010dnega olja dose\u017ee gladke gibe iztegovanja in kr\u010denja, kar zagotavlja hiter odziv na krmilne ukaze in mo\u010dne potisne in vle\u010dne sile, primerne za ravnanje s te\u017ekimi bremeni in kompleksne delovne naloge.<\/li>\n<li><strong>Razli\u010dne vrste:<\/strong> Na voljo so z enosmernim (hidravli\u010dni pogon se uporablja samo v eni smeri) ali dvosmernim (hidravli\u010dni pogon se uporablja v obeh smereh) cilindri za razli\u010dne operativne zahteve. Nekateri modeli so teleskopski, kar omogo\u010da ve\u010dji razteg brez pove\u010danja zunanjih dimenzij, primerni za uporabo z omejenim prostorom.<\/li>\n<li><strong>Popolna zamenjava:<\/strong> Na\u0161 izdelek lahko popolnoma nadomesti te hidravli\u010dne cilindre. <\/li>\n<\/ol>\n<p><img decoding=\"async\" src=\"https:\/\/www.hydraulic-cylinders.net\/wp-content\/uploads\/2025\/01\/songte-cylinder-head-with-all-kinds-excavator-models.webp\"><\/p>\n<h3>Uporaba valja z \u017elico:<\/h3>\n<p>Valj z \u017elico se uporablja v razli\u010dni opremi, vklju\u010dno z:<\/p>\n<ol>\n<li><strong>Gradbena oprema:<\/strong> Nahajajo se v bagrih in so klju\u010dni za izkopavanje, nakladanje in premikanje zemlje ali ru\u0161evin. Pri bagrih nakladalnikih cilinder \u017elice pomaga tako pri kopanju kot dvigovanju.<\/li>\n<li><strong>Kmetijska mehanizacija:<\/strong> Uporablja se v \u010delnih nakladalnikih za zajemanje, dvigovanje in prevoz zemlje, sena in drugih materialov.<\/li>\n<li><strong>Bagri:<\/strong> Cilinder \u017elice omogo\u010da izkopavanje, saj omogo\u010da, da \u017elica prodre v zemljo.<\/li>\n<li><strong>\u010celni nakladalniki:<\/strong> Pri \u010delnih nakladalnikih pomagajo pri u\u010dinkovitem dvigovanju in nagibanju blaga.<\/li>\n<\/ol>\n<h3>Oblikovalski vidiki in izbirna merila:<\/h3>\n<p>Pri na\u010drtovanju cilindra z \u017elico se upo\u0161teva ve\u010d dejavnikov in izbirnih meril:<\/p>\n<ol>\n<li><strong>Nosilnost:<\/strong> Jeklenka je zasnovana tako, da prenese predvideno obremenitev in obratovalne pogoje.<\/li>\n<li><strong>Tesnjenje:<\/strong> Za zagotovitev ustreznega tesnjenja in prepre\u010devanje pu\u0161\u010danja olja se uporabljajo razli\u010dne tesnilne komponente, kot so tesnila bata in tesnila batnic.<\/li>\n<li><strong>Vzdr\u017eljivost:<\/strong> Cilinder je izdelan tako, da prenese pri\u010dakovano obrabo med delovanjem.<\/li>\n<li><strong>Varnost:<\/strong> Vgrajene so varnostne funkcije za prepre\u010devanje nesre\u010d in zagotavljanje za\u0161\u010dite upravljavca.<\/li>\n<li><strong>Vzdr\u017eevanje:<\/strong> Zasnova cilindra omogo\u010da enostavno vzdr\u017eevanje in popravila, kar zmanj\u0161uje \u010das izpada.<\/li>\n<\/ol>\n<p><img decoding=\"async\" src=\"https:\/\/www.hydraulic-cylinders.net\/wp-content\/uploads\/2025\/01\/songte-oil-pipes-and-spare-parts.webp\"><\/p>\n<h3>Tesnjenje in mazanje:<\/h3>\n<p>\u017dli\u010dasti valj vklju\u010duje razli\u010dne tesnilne komponente, kot so tesnila bata in tesnila palic, izdelana iz materialov, odpornih proti obrabi, kot sta poliuretan in nitrilna guma. Telo valja in navojni konci so natan\u010dno obdelani za ve\u010djo odpornost proti obrabi. Za nemoteno delovanje je potrebno redno mazanje z ustrezno koli\u010dino hidravli\u010dnega olja.<\/p>\n<h3>Redni pregledi in preventivno vzdr\u017eevanje:<\/h3>\n<p>Za zagotovitev dolge \u017eivljenjske dobe in delovanja cilindra z \u017elico priporo\u010damo redne preglede in preventivne vzdr\u017eevalne ukrepe. To vklju\u010duje:<\/p>\n<ol>\n<li>Redno preverjajte morebitne znake po\u0161kodb ali obrabe.<\/li>\n<li>Uporaba ustreznega mazanja.<\/li>\n<li>Zamenjava tesnil po potrebi.<\/li>\n<li>Izvajanje kalibracijskih preverjanj.<\/li>\n<\/ol>\n<h3>Pravilni vodnik za namestitev:<\/h3>\n<p>Za pravilno namestitev valja z metlico sledite tem korakom:<\/p>\n<ol>\n<li>Med namestitvijo pravilno poravnajte valj.<\/li>\n<li>Za pritrditev cilindra uporabite ustrezne monta\u017ene nosilce.<\/li>\n<\/ol>\n<p><img decoding=\"async\" src=\"https:\/\/www.hydraulic-cylinders.net\/wp-content\/uploads\/2025\/01\/songte-chushion-collar.webp\"><\/p>\n<h3>Varnostni vidiki in okoljski dejavniki:<\/h3>\n<p>Pri uporabi valja z vedrom je pomembno upo\u0161tevati varnostne ukrepe za prepre\u010devanje nesre\u010d in zagotavljanje varnega delovnega okolja.<\/p>\n<h3>Diagnoza napak in pogoste te\u017eave:<\/h3>\n<p>Pogoste napake in te\u017eave, ki se lahko pojavijo pri cilindru vedra, vklju\u010dujejo:<\/p>\n<ol>\n<li>Pu\u0161\u010danje hidravli\u010dnega olja.<\/li>\n<li>Zmanj\u0161ana zmogljivost ali pomanjkanje odziva.<\/li>\n<li>Nenavaden hrup med delovanjem.<\/li>\n<\/ol>\n<p>Za odpravljanje te\u017eav in re\u0161evanje teh te\u017eav glejte naslednje nasvete in re\u0161itve:<\/p>\n<h3>Vzdr\u017eevalna opravila:<\/h3>\n<p>Pogosta vzdr\u017eevalna opravila za vedrni valj vklju\u010dujejo redni pregled, pravilno mazanje, zamenjavo tesnil in preverjanje kalibracije. Poudarite pomen pravilne namestitve, mazanja in nastavitve. Navedite smernice za poravnavo valja med namestitvijo in priporo\u010dite uporabo ustreznih monta\u017enih nosilcev za pritrditev valja. Predlagajte priporo\u010dene postopke pregleda, popravila in zamenjave ter nasvete za podalj\u0161anje \u017eivljenjske dobe vedrnega valja.<\/p>\n<p><img decoding=\"async\" src=\"https:\/\/www.hydraulic-cylinders.net\/wp-content\/uploads\/2025\/01\/songte-bushings-with-all-kinds-of-excavator-models.webp\"><\/p>\n<p>Ne pozabite logi\u010dno organizirati \u010dlanka, uporabiti podnaslovov za la\u017ejo navigacijo, vklju\u010diti ustreznih slik ali grafikonov za bolj\u0161e razumevanje ter zagotoviti, da je vsebina jasna, jedrnata in primerna za bralce z razli\u010dnimi stopnjami tehni\u010dnega znanja.<\/p>\n<h2>O na\u0161em podjetju<\/h2>\n<p>Smo proizvajalec nadomestnih hidravli\u010dnih cilindrov in eden vodilnih proizvajalcev in veleprodajnih distributerjev na doma\u010dem in mednarodnem trgu. Na\u0161e podjetje se dr\u017ei na\u010del odli\u010dne kakovosti in se zana\u0161a na strategije upravljanja industrijske proizvodnje v dobro opremljenih proizvodnih delavnicah. Z uporabo tehni\u010dnih talentov, vrhunske digitalne proizvodne opreme in profesionalnih sistemov za testiranje nenehno izbolj\u0161ujemo na\u0161o proizvodno platformo in izpopolnjujemo proizvodno pot za kakovost izdelkov. Imamo mo\u010dno ustvarjalno sposobnost in si prizadevamo zadovoljiti raznolike potrebe strank z visoko u\u010dinkovitostjo, visoko natan\u010dnostjo in visokokakovostnimi na\u010deli.<\/p>\n<p><img decoding=\"async\" src=\"https:\/\/hzpt.com\/wp-content\/uploads\/2024\/11\/songte-company-1.webp\"><\/p>\n<h3>Poudarki na\u0161ega podjetja:<\/h3>\n<ol>\n<li>Profesionalnost<\/li>\n<li>Mednarodni certifikati<\/li>\n<li>Storitve prilagajanja<\/li>\n<li>Napredna proizvodna oprema<\/li>\n<li>Poprodajne storitve<\/li>\n<\/ol>\n<p><img decoding=\"async\" src=\"https:\/\/www.hydraulic-cylinders.net\/wp-content\/uploads\/2025\/01\/songte-company-3.webp\"><\/p>\n<p>Avtor: lyl<\/p>","protected":false},"excerpt":{"rendered":"<p>Bucket Cylinder For Bonny CED1250-7 The Bucket Cylinder for Bonny CED1250-7 is a specialized hydraulic cylinder designed for controlling the movement of the bucket in heavy machinery such as excavators, backhoe loaders, and front-end loaders. Its main function is to enable the lifting, lowering, and tilting of the bucket, facilitating various material handling tasks. In [&hellip;]<\/p>","protected":false},"featured_media":14778,"comment_status":"open","ping_status":"closed","template":"","meta":{"_et_pb_use_builder":"","_et_pb_old_content":"","_et_gb_content_width":""},"product_brand":[],"product_cat":[1494],"product_tag":[1495,1496],"class_list":{"0":"post-15934","1":"product","2":"type-product","3":"status-publish","4":"has-post-thumbnail","6":"product_cat-bucket-cylinders","7":"product_tag-bucket-cylinders","8":"product_tag-hydraulic-cylinders","10":"first","11":"instock","12":"shipping-taxable","13":"product-type-simple"},"amp_enabled":true,"_links":{"self":[{"href":"https:\/\/www.hydraulic-cylinders.net\/sl\/wp-json\/wp\/v2\/product\/15934","targetHints":{"allow":["GET"]}}],"collection":[{"href":"https:\/\/www.hydraulic-cylinders.net\/sl\/wp-json\/wp\/v2\/product"}],"about":[{"href":"https:\/\/www.hydraulic-cylinders.net\/sl\/wp-json\/wp\/v2\/types\/product"}],"replies":[{"embeddable":true,"href":"https:\/\/www.hydraulic-cylinders.net\/sl\/wp-json\/wp\/v2\/comments?post=15934"}],"wp:featuredmedia":[{"embeddable":true,"href":"https:\/\/www.hydraulic-cylinders.net\/sl\/wp-json\/wp\/v2\/media\/14778"}],"wp:attachment":[{"href":"https:\/\/www.hydraulic-cylinders.net\/sl\/wp-json\/wp\/v2\/media?parent=15934"}],"wp:term":[{"taxonomy":"product_brand","embeddable":true,"href":"https:\/\/www.hydraulic-cylinders.net\/sl\/wp-json\/wp\/v2\/product_brand?post=15934"},{"taxonomy":"product_cat","embeddable":true,"href":"https:\/\/www.hydraulic-cylinders.net\/sl\/wp-json\/wp\/v2\/product_cat?post=15934"},{"taxonomy":"product_tag","embeddable":true,"href":"https:\/\/www.hydraulic-cylinders.net\/sl\/wp-json\/wp\/v2\/product_tag?post=15934"}],"curies":[{"name":"delovni list","href":"https:\/\/api.w.org\/{rel}","templated":true}]}}