{"id":15935,"date":"2025-01-19T15:11:18","date_gmt":"2025-01-19T15:11:18","guid":{"rendered":"https:\/\/www.hydraulic-cylinders.net\/product\/bucket-cylinder-for-bonny-ced260-6\/"},"modified":"2025-01-19T15:11:20","modified_gmt":"2025-01-19T15:11:20","slug":"bucket-cylinder-for-bonny-ced260-6","status":"publish","type":"product","link":"https:\/\/www.hydraulic-cylinders.net\/sl\/izdelek\/bucket-cylinder-for-bonny-ced260-6\/","title":{"rendered":"Cilinder za Bonny CED260-6"},"content":{"rendered":"<p><!DOCTYPE html><br \/>\n<html><br \/>\n<head><br \/>\n<title>Cilinder za Bonny CED260-6<\/title><br \/>\n<\/head><br \/>\n<body><\/p>\n<h1>Cilinder za Bonny CED260-6<\/h1>\n<h2>Uvod<\/h2>\n<p>Hidravli\u010dni valj \u017elice je posebej zasnovan hidravli\u010dni valj, ki se uporablja za krmiljenje gibanja \u017elice v te\u017ekih strojih, kot so bagri, bagri nakladalniki in \u010delni nakladalniki. Njegova glavna funkcija je omogo\u010danje dvigovanja, spu\u0161\u010danja in nagibanja \u017elice, zaradi \u010desar je primeren za razli\u010dna opravila ravnanja z materiali. V hidravli\u010dnem sistemu valj \u017elice dose\u017ee natan\u010den nadzor nad \u017elico z izkori\u0161\u010danjem sprememb tlaka hidravli\u010dnega olja, kar omogo\u010da upravljavcem u\u010dinkovito ravnanje s te\u017ekimi bremeni in prilagajanje kompleksnim delovnim okoljem ter raznolikim zahtevam dela.<\/p>\n<p><img decoding=\"async\" src=\"https:\/\/www.hydraulic-cylinders.net\/wp-content\/uploads\/2025\/01\/songte-company-2.webp\" alt=\"Slika valjaste \u017elice\"><\/p>\n<h2>Zna\u010dilnosti<\/h2>\n<ul>\n<li>Visoka trdnost in vzdr\u017eljivost: Valj z \u017elico, ki je obi\u010dajno izdelan iz visoko trdnega jekla ali aluminija, lahko prenese visok tlak in velike obremenitve ter se prilagaja te\u017ekim delovnim pogojem. Njegova zasnova upo\u0161teva dejavnike, kot sta odpornost proti obrabi in koroziji, kar podalj\u0161uje njegovo \u017eivljenjsko dobo.<\/li>\n<li>U\u010dinkovito hidravli\u010dno delovanje: Z uporabo tlaka hidravli\u010dnega olja omogo\u010da valj \u017elice gladko iztegovanje in vstavljanje, kar zagotavlja hiter odziv na krmilne ukaze in mo\u010dne potisne in vle\u010dne sile. Primeren je za ravnanje s te\u017ekimi bremeni in kompleksnimi delovnimi nalogami.<\/li>\n<li>Razli\u010dne vrste: Valj \u017elice je lahko enosmerno delujo\u010d (hidravli\u010dni tlak se uporablja samo v eni smeri) ali dvosmerno delujo\u010d (hidravli\u010dni tlak se uporablja v obeh smereh), odvisno od operativnih zahtev. Nekateri modeli so teleskopski, kar omogo\u010da ve\u010dji razteg brez pove\u010danja zunanjih dimenzij, zaradi \u010desar so primerni za uporabo z omejenim prostorom.<\/li>\n<\/ul>\n<p><img decoding=\"async\" src=\"https:\/\/www.hydraulic-cylinders.net\/wp-content\/uploads\/2025\/01\/songte-cylinder-head-with-all-kinds-excavator-models.webp\" alt=\"Slika izdelka\"><\/p>\n<h2>Aplikacije<\/h2>\n<ul>\n<li>Gradbena oprema: Nahajajo se v bagrih in so klju\u010dnega pomena za izkopavanje, nakladanje in premikanje zemlje ali ru\u0161evin. Pri bagrih nakladalnikih cilinder \u017elice pomaga tako pri izkopavanju kot pri dvigovanju.<\/li>\n<li>Kmetijska mehanizacija: Uporablja se v \u010delnih nakladalnikih za zajemanje, dvigovanje in prevoz zemlje, sena in drugih materialov.<\/li>\n<li>Bagri: Cilinder \u017elice omogo\u010da kopanje tako, da \u017elica prodre v zemljo.<\/li>\n<li>\u010celni nakladalci: Pri \u010delnih nakladalcih pomagajo pri u\u010dinkovitem dvigovanju in odlaganju blaga.<\/li>\n<\/ul>\n<h2>Oblikovalski vidiki in izbirna merila<\/h2>\n<ul>\n<li>Nosilnost: Razpravljajte o klju\u010dnih dejavnikih, kot so nosilnost, tesnjenje, trajnost, varnost in vzdr\u017eevanje.<\/li>\n<\/ul>\n<p><img decoding=\"async\" src=\"https:\/\/www.hydraulic-cylinders.net\/wp-content\/uploads\/2025\/01\/songte-oil-pipes-and-spare-parts.webp\" alt=\"Slika izdelka\"><\/p>\n<h2>Tesnjenje in mazanje<\/h2>\n<p>Valj \u017elice uporablja razli\u010dne tesnilne elemente, kot so tesnila bata in tesnila palice, izdelana iz materialov, odpornih proti obrabi, kot sta poliuretan in nitrilna guma. Telo valja in navojni konci so natan\u010dno obdelani za izbolj\u0161anje odpornosti proti obrabi. Potrebno je redno mazanje z ustrezno koli\u010dino hidravli\u010dnega olja.<\/p>\n<h2>Vzdr\u017eevanje in preventivni ukrepi<\/h2>\n<ul>\n<li>Redni pregled<\/li>\n<li>Pravilno mazanje<\/li>\n<li>Zamenjava tesnila<\/li>\n<li>Preverjanja kalibracije<\/li>\n<\/ul>\n<h2>Navodila za namestitev<\/h2>\n<p>Navedite navodila za pravilno namestitev izdelka.<\/p>\n<p><img decoding=\"async\" src=\"https:\/\/www.hydraulic-cylinders.net\/wp-content\/uploads\/2025\/01\/songte-chushion-collar.webp\" alt=\"Slika izdelka\"><\/p>\n<h2>Vzdr\u017eevalna opravila<\/h2>\n<ul>\n<li>Redni pregled<\/li>\n<li>Pravilno mazanje<\/li>\n<li>Zamenjava tesnila<\/li>\n<li>Poravnava cilindra med namestitvijo<\/li>\n<li>Pomen pravilne namestitve nosilcev za pritrditev jeklenke<\/li>\n<li>Priporo\u010deni postopki pregleda, popravila in zamenjave<\/li>\n<li>Storitve obnove in razpolo\u017eljivost nadomestnih delov<\/li>\n<li>Tehnike za podalj\u0161anje \u017eivljenjske dobe valja z \u017elico<\/li>\n<\/ul>\n<p><img decoding=\"async\" src=\"https:\/\/www.hydraulic-cylinders.net\/wp-content\/uploads\/2025\/01\/songte-bushings-with-all-kinds-of-excavator-models.webp\" alt=\"Slika izdelka\"><\/p>\n<h2>Varnostni vidiki in okoljski dejavniki<\/h2>\n<p>Razpravljajte o pomenu varnostnih ukrepov pri uporabi jeklenke z vedrom in o vseh ustreznih okoljskih vidikih.<\/p>\n<h2>Diagnoza napak in pogoste te\u017eave<\/h2>\n<p>Pogovorite se o pogostih napakah in podajte nasvete za odpravljanje te\u017eav in re\u0161evanje te\u017eav. Predlagajte tudi preventivne ukrepe za zmanj\u0161anje morebitnih te\u017eav.<\/p>\n<p><img decoding=\"async\" src=\"https:\/\/hzpt.com\/wp-content\/uploads\/2024\/11\/songte-company-1.webp\" alt=\"Slika izdelka\"><\/p>\n<h2>O na\u0161em podjetju<\/h2>\n<p>Smo vodilni proizvajalec in veleprodajni distributer nadomestnih hidravli\u010dnih cilindrov, ki ponuja \u0161iroko paleto izdelkov na doma\u010dem in mednarodnem trgu. Na\u0161e podjetje sledi strategiji industrijskega upravljanja proizvodnje, pri \u010demer se zana\u0161a na odli\u010dno kakovost, napredno proizvodno opremo in profesionalne sisteme testiranja. S poudarkom na tehni\u010dnih talentih, vrhunski digitalni proizvodni opremi in kakovostnih proizvodnih poteh nenehno izbolj\u0161ujemo na\u0161o proizvodno platformo in zadovoljujemo raznolike potrebe strank z visoko u\u010dinkovitostjo, natan\u010dnostjo in kakovostjo.<\/p>\n<p><img decoding=\"async\" src=\"https:\/\/www.hydraulic-cylinders.net\/wp-content\/uploads\/2025\/01\/songte-company-3.webp\" alt=\"Slika podjetja\"><\/p>\n<h3>Poudarki podjetja:<\/h3>\n<ul>\n<li>Profesionalnost<\/li>\n<li>Mednarodni certifikati<\/li>\n<li>Storitve prilagajanja<\/li>\n<li>Proizvodna oprema<\/li>\n<li>Poprodajne storitve<\/li>\n<\/ul>\n<p>Avtor: lyl<\/p>\n<p><\/body><br \/>\n<\/html><\/p>","protected":false},"excerpt":{"rendered":"<p>Bucket Cylinder For Bonny CED260-6 Bucket Cylinder For Bonny CED260-6 Introduction A bucket cylinder is a specially designed hydraulic cylinder used to control the movement of the bucket in heavy machinery such as excavators, backhoe loaders, and front loaders. Its main function is to enable the lifting, lowering, and tilting of the bucket, making it [&hellip;]<\/p>","protected":false},"featured_media":14776,"comment_status":"open","ping_status":"closed","template":"","meta":{"_et_pb_use_builder":"","_et_pb_old_content":"","_et_gb_content_width":""},"product_brand":[],"product_cat":[1494],"product_tag":[1495,1496],"class_list":{"0":"post-15935","1":"product","2":"type-product","3":"status-publish","4":"has-post-thumbnail","6":"product_cat-bucket-cylinders","7":"product_tag-bucket-cylinders","8":"product_tag-hydraulic-cylinders","10":"first","11":"instock","12":"shipping-taxable","13":"product-type-simple"},"amp_enabled":true,"_links":{"self":[{"href":"https:\/\/www.hydraulic-cylinders.net\/sl\/wp-json\/wp\/v2\/product\/15935","targetHints":{"allow":["GET"]}}],"collection":[{"href":"https:\/\/www.hydraulic-cylinders.net\/sl\/wp-json\/wp\/v2\/product"}],"about":[{"href":"https:\/\/www.hydraulic-cylinders.net\/sl\/wp-json\/wp\/v2\/types\/product"}],"replies":[{"embeddable":true,"href":"https:\/\/www.hydraulic-cylinders.net\/sl\/wp-json\/wp\/v2\/comments?post=15935"}],"wp:featuredmedia":[{"embeddable":true,"href":"https:\/\/www.hydraulic-cylinders.net\/sl\/wp-json\/wp\/v2\/media\/14776"}],"wp:attachment":[{"href":"https:\/\/www.hydraulic-cylinders.net\/sl\/wp-json\/wp\/v2\/media?parent=15935"}],"wp:term":[{"taxonomy":"product_brand","embeddable":true,"href":"https:\/\/www.hydraulic-cylinders.net\/sl\/wp-json\/wp\/v2\/product_brand?post=15935"},{"taxonomy":"product_cat","embeddable":true,"href":"https:\/\/www.hydraulic-cylinders.net\/sl\/wp-json\/wp\/v2\/product_cat?post=15935"},{"taxonomy":"product_tag","embeddable":true,"href":"https:\/\/www.hydraulic-cylinders.net\/sl\/wp-json\/wp\/v2\/product_tag?post=15935"}],"curies":[{"name":"delovni list","href":"https:\/\/api.w.org\/{rel}","templated":true}]}}