{"id":15941,"date":"2025-01-19T15:11:42","date_gmt":"2025-01-19T15:11:42","guid":{"rendered":"https:\/\/www.hydraulic-cylinders.net\/product\/bucket-cylinder-for-bonny-ced460-8-ced480-9\/"},"modified":"2025-01-19T15:11:44","modified_gmt":"2025-01-19T15:11:44","slug":"bucket-cylinder-for-bonny-ced460-8-ced480-9","status":"publish","type":"product","link":"https:\/\/www.hydraulic-cylinders.net\/sl\/izdelek\/bucket-cylinder-for-bonny-ced460-8-ced480-9\/","title":{"rendered":"Cilinder za vedro za Bonny CED460-8\/CED480-9"},"content":{"rendered":"<h2>Cilinder za vedro za Bonny CED460-8\/CED480-9<\/h2>\n<p>\n    <img decoding=\"async\" src=\"https:\/\/www.hydraulic-cylinders.net\/wp-content\/uploads\/2025\/01\/songte-company-2.webp\" alt=\"Cilinder za vedro\" \/><br \/>\n    Hidravli\u010dni cilinder \u017elice je specializiran hidravli\u010dni cilinder, zasnovan za krmiljenje gibanja \u017elic v te\u017ekih strojih, kot so bagri, bagri nakladalniki in \u010delni nakladalniki. Njegova glavna funkcija je omogo\u010danje dvigovanja, spu\u0161\u010danja in nagibanja \u017elice, kar omogo\u010da u\u010dinkovito ravnanje z razli\u010dnimi materiali. V hidravli\u010dnem sistemu cilinder \u017elice dose\u017ee natan\u010den nadzor nad \u017elico z uporabo sprememb tlaka hidravli\u010dnega olja, kar omogo\u010da upravljavcem u\u010dinkovito ravnanje s te\u017ekimi bremeni in prilagajanje kompleksnim delovnim okoljem ter raznolikim zahtevam dela.\n<\/p>\n<h3>Zna\u010dilnosti izdelka<\/h3>\n<ul>\n<li><strong>Visoka trdnost in vzdr\u017eljivost:<\/strong> Obi\u010dajno je izdelan iz visoko trdnega jekla ali aluminija, zato lahko valj z \u017elico prenese visok tlak in velike obremenitve, s \u010dimer se prilagodi te\u017ekim delovnim pogojem. Njegova zasnova upo\u0161teva odpornost proti obrabi in koroziji, kar podalj\u0161uje njegovo \u017eivljenjsko dobo.<\/li>\n<li><strong>U\u010dinkovito hidravli\u010dno delovanje:<\/strong> Z uporabo hidravli\u010dnega oljnega tlaka dose\u017ee valj \u017elice gladko iztegovanje in vle\u010denje, se hitro odziva na krmilne ukaze in zagotavlja mo\u010dne potisne in vle\u010dne sile, zaradi \u010desar je primeren za ravnanje s te\u017ekimi bremeni in kompleksnimi delovnimi nalogami.<\/li>\n<li><strong>Vsestranske vrste:<\/strong> Valj \u017elice je lahko glede na zahteve enosmerno delujo\u010d (hidravli\u010dni pogon se uporablja samo v eni smeri) ali dvosmerno delujo\u010d (hidravli\u010dni pogon se uporablja v obeh smereh), kar ustreza razli\u010dnim operativnim potrebam. Nekateri modeli so teleskopski, kar omogo\u010da ve\u010dji izvle\u010dek brez pove\u010danja zunanjih dimenzij, zaradi \u010desar so idealni za uporabo v omejenem prostoru.<\/li>\n<li><strong>Popolna zamenjava:<\/strong> Na\u0161i izdelki lahko popolnoma nadomestijo te hidravli\u010dne cilindre. <img decoding=\"async\" src=\"https:\/\/www.hydraulic-cylinders.net\/wp-content\/uploads\/2025\/01\/songte-cylinder-head-with-all-kinds-excavator-models.webp\" alt=\"Glava valja\" \/><\/li>\n<\/ul>\n<h3>Aplikacije<\/h3>\n<p>\n    <strong>Gradbena oprema:<\/strong> Nahajajo se v bagrih in so klju\u010dni za kopanje, nakladanje in premikanje zemlje ali ru\u0161evin. Pri bagrih nakladalnikih cilinder \u017elice pomaga tako pri kopanju kot dvigovanju.<br \/>\n    <strong>Kmetijska mehanizacija:<\/strong> Uporabljajo se v \u010delnih nakladalnikih in pomagajo pri zajemanju, dvigovanju in prevozu zemlje, sena in drugih materialov.<br \/>\n    <strong>Bagri:<\/strong> Cilinder \u017elice omogo\u010da kopanje, saj \u017elici omogo\u010da prodiranje v zemljo.<br \/>\n    <strong>Nakladalci:<\/strong> Pri \u010delnih nakladalnikih pomagajo pri u\u010dinkovitem dvigovanju in razkladanju blaga.\n<\/p>\n<h3>Oblikovalski vidiki in izbirna merila<\/h3>\n<p>\n    <img decoding=\"async\" src=\"https:\/\/www.hydraulic-cylinders.net\/wp-content\/uploads\/2025\/01\/songte-oil-pipes-and-spare-parts.webp\" alt=\"Oljne cevi in \u200b\u200brezervni deli\" \/><br \/>\n    Pri na\u010drtovanju cilindrov z \u017elico je treba upo\u0161tevati nosilnost, tesnjenje, vzdr\u017eljivost, varnost in vzdr\u017eevanje. Vsak vidik je bistven za zagotavljanje optimalne zmogljivosti in dolge \u017eivljenjske dobe cilindra.\n<\/p>\n<h3>Tesnjenje in mazanje<\/h3>\n<p>\n    V valju \u017elice se uporabljajo razli\u010dni tesnilni elementi, kot so tesnila bata in tesnila palice. Ta tesnila so izdelana iz materialov, odpornih proti obrabi, kot sta poliuretan in nitrilna guma. Telo valja in navojne kon\u010dne povr\u0161ine so fino obdelane za izbolj\u0161anje odpornosti proti obrabi. Redno mazanje z ustreznim hidravli\u010dnim oljem je potrebno za zagotovitev nemotenega delovanja in dolge \u017eivljenjske dobe.\n<\/p>\n<h3>Redni pregledi in preventivno vzdr\u017eevanje<\/h3>\n<p>\n    Pomembno je redno pregledovati in izvajati preventivne vzdr\u017eevalne ukrepe na cilindru vedra. To vklju\u010duje preverjanje morebitnih pu\u0161\u010danj, zagotavljanje ustreznega mazanja, zamenjavo tesnil po potrebi in izvajanje kalibracijskih pregledov za ohranjanje optimalne zmogljivosti. Z upo\u0161tevanjem pravilnih navodil za namestitev, vklju\u010dno s pravilno poravnavo cilindra in uporabo ustreznih monta\u017enih nosilcev za pritrditev cilindra, lahko podalj\u0161ate \u017eivljenjsko dobo cilindra vedra. Upo\u0161tevajte priporo\u010dene postopke pregleda, popravila in zamenjave ter nasvete za podalj\u0161anje \u017eivljenjske dobe cilindra.\n<\/p>\n<h3>Varnostni vidiki in okoljski dejavniki<\/h3>\n<p>\n    Pri uporabi cilindrov z \u017elico je klju\u010dnega pomena dati prednost varnostnim ukrepom za prepre\u010devanje nesre\u010d in zagotavljanje za\u0161\u010dite osebja in opreme. To vklju\u010duje upo\u0161tevanje priporo\u010denih operativnih postopkov, upo\u0161tevanje varnostnih smernic in uporabo ustrezne osebne za\u0161\u010ditne opreme (OZO) pri delu s hidravli\u010dnimi sistemi. Upo\u0161tevati je treba tudi okoljske dejavnike, kot sta prepre\u010devanje razlitja olja in pravilno odstranjevanje rabljenega hidravli\u010dnega olja in komponent.\n<\/p>\n<h3>Diagnoza napak in pogoste te\u017eave<\/h3>\n<p>\n    <img decoding=\"async\" src=\"https:\/\/www.hydraulic-cylinders.net\/wp-content\/uploads\/2025\/01\/songte-bushings-with-all-kinds-of-excavator-models.webp\" alt=\"Pu\u0161e\" \/><br \/>\n    Pomembno je, da znate diagnosticirati in odpraviti napake, ki se lahko pojavijo pri cilindru vedra. Pogoste te\u017eave lahko vklju\u010dujejo pu\u0161\u010danje, nezadosten tlak, po\u010dasen odziv ali nenavadne zvoke. Na voljo morajo biti nasveti za odpravljanje te\u017eav in re\u0161itve, ki bralcem pomagajo u\u010dinkovito diagnosticirati in odpraviti te\u017eave. Poleg tega je treba predlagati preventivne ukrepe za zmanj\u0161anje morebitnih te\u017eav.\n<\/p>\n<h3>Navodila za namestitev<\/h3>\n<p>\n    Za zagotovitev pravilne namestitve cilindra z \u017elico je treba zagotoviti pravilna navodila za namestitev. To vklju\u010duje pravilno poravnavo cilindra, uporabo ustreznih monta\u017enih nosilcev za pritrditev cilindra in upo\u0161tevanje priporo\u010denih specifikacij navora. Poleg tega je treba poudariti ustrezne metode tesnjenja in uporabo ustreznih komponent.\n<\/p>\n<h3>Vzdr\u017eevalna opravila<\/h3>\n<p>\n    <img decoding=\"async\" src=\"https:\/\/www.hydraulic-cylinders.net\/wp-content\/uploads\/2025\/01\/songte-chushion-collar.webp\" alt=\"Ovratnik Chushion\" \/><br \/>\n    Pogosta vzdr\u017eevalna opravila za cilindre \u017elice vklju\u010dujejo redne preglede, ustrezno mazanje, zamenjavo tesnil in preverjanje kalibracije. Poudariti je treba pomen pravilne namestitve, mazanja in nastavitve. Za podalj\u0161anje \u017eivljenjske dobe cilindra \u017elice je treba zagotoviti ustrezna navodila za poravnavo med namestitvijo, priporo\u010dene postopke pregleda, popravila in zamenjave ter informacije o nadomestnih delih in storitvah obnove.\n<\/p>\n<h3>O na\u0161em podjetju<\/h3>\n<p>\n    <img decoding=\"async\" src=\"https:\/\/hzpt.com\/wp-content\/uploads\/2024\/11\/songte-company-1.webp\" alt=\"Podjetje\" \/><br \/>\n    Smo proizvajalec nadomestnih hidravli\u010dnih cilindrov in ponujamo \u0161iroko paleto izdelkov. Postali smo eden vodilnih proizvajalcev in veleprodajnih distributerjev hidravli\u010dnih cilindrov na doma\u010dem in mednarodnem trgu. S poudarkom na odli\u010dni kakovosti se v na\u0161ih sofisticiranih proizvodnih delavnicah zana\u0161amo na industrializirane strategije upravljanja proizvodnje. Na\u0161e podjetje nenehno izbolj\u0161uje proizvodno platformo, izbolj\u0161uje proizvodno pot kakovosti izdelkov in ima mo\u010dne inovativne zmogljivosti. Prizadevamo si zadovoljiti raznolike potrebe strank z visoko u\u010dinkovitostjo, natan\u010dnostjo in kakovostjo.\n<\/p>\n<h3>O na\u0161em podjetju (nadaljevanje)<\/h3>\n<ul>\n<li><strong>Profesionalnost:<\/strong> Ponosni smo na na\u0161e strokovno znanje in profesionalnost pri izdelavi hidravli\u010dnih cilindrov.<\/li>\n<li><strong>Mednarodni certifikati:<\/strong> Na\u0161i izdelki izpolnjujejo mednarodne certifikate, kar zagotavlja njihovo kakovost in zanesljivost.<\/li>\n<li><strong>Storitve prilagajanja:<\/strong> Nudimo storitve prilagajanja, da zadostimo specifi\u010dnim zahtevam strank.<\/li>\n<li><strong>Proizvodna oprema:<\/strong> Na\u0161e podjetje uporablja najsodobnej\u0161o proizvodno opremo in tehnologijo.<\/li>\n<li><strong>Poprodajne storitve:<\/strong> Nudimo celovito poprodajno storitev, vklju\u010dno z zamenjavo delov in obnovo.<\/li>\n<\/ul>\n<p>\n    Avtor: lyl<\/p>","protected":false},"excerpt":{"rendered":"<p>Bucket Cylinder For Bonny CED460-8\/CED480-9 A bucket cylinder is a specialized hydraulic cylinder designed for controlling the movement of buckets in heavy machinery such as excavators, backhoe loaders, and front loaders. Its main function is to enable lifting, lowering, and tilting of the bucket, allowing for efficient handling of various materials. In a hydraulic system, [&hellip;]<\/p>","protected":false},"featured_media":14761,"comment_status":"open","ping_status":"closed","template":"","meta":{"_et_pb_use_builder":"","_et_pb_old_content":"","_et_gb_content_width":""},"product_brand":[],"product_cat":[1494],"product_tag":[1495,1496],"class_list":{"0":"post-15941","1":"product","2":"type-product","3":"status-publish","4":"has-post-thumbnail","6":"product_cat-bucket-cylinders","7":"product_tag-bucket-cylinders","8":"product_tag-hydraulic-cylinders","10":"first","11":"instock","12":"shipping-taxable","13":"product-type-simple"},"amp_enabled":true,"_links":{"self":[{"href":"https:\/\/www.hydraulic-cylinders.net\/sl\/wp-json\/wp\/v2\/product\/15941","targetHints":{"allow":["GET"]}}],"collection":[{"href":"https:\/\/www.hydraulic-cylinders.net\/sl\/wp-json\/wp\/v2\/product"}],"about":[{"href":"https:\/\/www.hydraulic-cylinders.net\/sl\/wp-json\/wp\/v2\/types\/product"}],"replies":[{"embeddable":true,"href":"https:\/\/www.hydraulic-cylinders.net\/sl\/wp-json\/wp\/v2\/comments?post=15941"}],"wp:featuredmedia":[{"embeddable":true,"href":"https:\/\/www.hydraulic-cylinders.net\/sl\/wp-json\/wp\/v2\/media\/14761"}],"wp:attachment":[{"href":"https:\/\/www.hydraulic-cylinders.net\/sl\/wp-json\/wp\/v2\/media?parent=15941"}],"wp:term":[{"taxonomy":"product_brand","embeddable":true,"href":"https:\/\/www.hydraulic-cylinders.net\/sl\/wp-json\/wp\/v2\/product_brand?post=15941"},{"taxonomy":"product_cat","embeddable":true,"href":"https:\/\/www.hydraulic-cylinders.net\/sl\/wp-json\/wp\/v2\/product_cat?post=15941"},{"taxonomy":"product_tag","embeddable":true,"href":"https:\/\/www.hydraulic-cylinders.net\/sl\/wp-json\/wp\/v2\/product_tag?post=15941"}],"curies":[{"name":"delovni list","href":"https:\/\/api.w.org\/{rel}","templated":true}]}}