{"id":15947,"date":"2025-01-19T15:12:11","date_gmt":"2025-01-19T15:12:11","guid":{"rendered":"https:\/\/www.hydraulic-cylinders.net\/product\/bucket-cylinder-for-bada-wys60\/"},"modified":"2025-01-19T15:12:17","modified_gmt":"2025-01-19T15:12:17","slug":"bucket-cylinder-for-bada-wys60","status":"publish","type":"product","link":"https:\/\/www.hydraulic-cylinders.net\/sl\/izdelek\/bucket-cylinder-for-bada-wys60\/","title":{"rendered":"Cilinder \u017elice za Bada WYS60"},"content":{"rendered":"<p><!DOCTYPE html><br \/>\n<html><br \/>\n<head><br \/>\n<title>Cilinder \u017elice za Bada WYS60<\/title><br \/>\n<\/head><br \/>\n<body><\/p>\n<h1>Cilinder \u017elice za Bada WYS60<\/h1>\n<h2>Uvod<\/h2>\n<p>Hidravli\u010dni cilinder \u017elice za Bada WYS60 je posebej zasnovan hidravli\u010dni cilinder, ki se uporablja za krmiljenje gibanja \u017elice v te\u017ekih strojih, kot so bagri, bagri nakladalniki in \u010delni nakladalniki. Njegova glavna funkcija je omogo\u010danje dvigovanja, spu\u0161\u010danja in nagibanja \u017elice, zaradi \u010desar je primeren za razli\u010dna opravila ravnanja z materiali. V hidravli\u010dnem sistemu cilinder \u017elice dose\u017ee natan\u010den nadzor nad \u017elico s spremembami tlaka hidravli\u010dnega olja, kar upravljavcem omogo\u010da u\u010dinkovito ravnanje s te\u017ekimi bremeni in prilagajanje kompleksnim delovnim okoljem ter raznolikim operativnim zahtevam.<\/p>\n<p><img decoding=\"async\" src=\"https:\/\/www.hydraulic-cylinders.net\/wp-content\/uploads\/2025\/01\/songte-company-2.webp\" alt=\"Cilinder za vedro\" \/><\/p>\n<h2>Zna\u010dilnosti<\/h2>\n<ul>\n<li><strong>Visoka trdnost in vzdr\u017eljivost:<\/strong> Obi\u010dajno je izdelan iz visoko trdnega jekla ali aluminija, zato lahko vzdr\u017ei visok tlak in velike obremenitve ter se prilagodi zahtevnim delovnim okoljem. Njegova zasnova upo\u0161teva odpornost proti obrabi in koroziji, kar podalj\u0161uje njegovo \u017eivljenjsko dobo.<\/li>\n<li><strong>U\u010dinkovito hidravli\u010dno delovanje:<\/strong> Z uporabo hidravli\u010dnega oljnega tlaka dose\u017ee valj \u017elice gladko iztegovanje in kr\u010denje, kar omogo\u010da hiter odziv na krmilne ukaze in zagotavlja mo\u010dno potisno in vle\u010dno silo za rokovanje s te\u017ekimi bremeni in kompleksnimi nalogami.<\/li>\n<li><strong>Razli\u010dne vrste:<\/strong> Valj \u017elice je lahko glede na specifi\u010dne operativne potrebe enosmerno delujo\u010d (hidravlika se uporablja samo v eni smeri) ali dvosmerno delujo\u010d (hidravlika se uporablja v obeh smereh). Nekateri modeli so teleskopski, kar omogo\u010da ve\u010dji razteg brez pove\u010danja zunanjih dimenzij, zaradi \u010desar so primerni za uporabo z omejenim prostorom.<\/li>\n<li><strong>Popolna zamenjava:<\/strong> Na\u0161e podjetje lahko proizvaja ta izdelek in ponuja popolno zamenjavo za te hidravli\u010dne cilindre.<\/li>\n<\/ul>\n<p><img decoding=\"async\" src=\"https:\/\/www.hydraulic-cylinders.net\/wp-content\/uploads\/2025\/01\/songte-cylinder-head-with-all-kinds-excavator-models.webp\" alt=\"Zamenjava cilindra \u017elice\" \/><\/p>\n<h2>Aplikacije<\/h2>\n<p>Valji z \u017elico se pogosto uporabljajo v naslednjih aplikacijah:<\/p>\n<ol>\n<li><strong>Gradbena oprema:<\/strong> Pri bagrih so bistveni za kopanje, nakladanje in premikanje zemlje ali ru\u0161evin. Pri bagrih nakladalnikih cilinder \u017elice pomaga tako pri izkopavanju kot pri dvigovanju.<\/li>\n<li><strong>Kmetijska mehanizacija:<\/strong> Uporablja se v \u010delnih nakladalnikih za zajemanje, dvigovanje in prevoz zemlje, sena in drugih materialov.<\/li>\n<li><strong>Bagri:<\/strong> Cilindri \u017elice omogo\u010dajo kopanje, saj omogo\u010dajo, da \u017elica prodre v zemljo.<\/li>\n<li><strong>Nakladalci:<\/strong> Pri \u010delnih nakladalnikih pomagajo pri u\u010dinkovitem dvigovanju in razkladanju blaga.<\/li>\n<\/ol>\n<h2>Oblikovalski vidiki in izbirna merila<\/h2>\n<ul>\n<li><strong>Nosilnost:<\/strong> Zasnova cilindra \u017elice upo\u0161teva njegovo sposobnost, da prenese velike obremenitve.<\/li>\n<li><strong>Tesnjenje:<\/strong> Za zagotovitev ustreznega tesnjenja se uporabljajo razli\u010dna tesnila, kot so tesnila bata in tesnila ojnic. Ta tesnila so izdelana iz materialov, odpornih proti obrabi, kot sta poliuretan in nitrilna guma.<\/li>\n<li><strong>Vzdr\u017eljivost:<\/strong> Telo valja in navojne kon\u010dne povr\u0161ine so fino obdelane za ve\u010djo vzdr\u017eljivost.<\/li>\n<li><strong>Varnost:<\/strong> Med na\u010drtovanjem se upo\u0161tevajo varnostni vidiki, da se zagotovi varno delovanje.<\/li>\n<li><strong>Vzdr\u017eevanje:<\/strong> Cilinder vedra je zasnovan za enostavno vzdr\u017eevanje in popravilo.<\/li>\n<\/ul>\n<p><img decoding=\"async\" src=\"https:\/\/www.hydraulic-cylinders.net\/wp-content\/uploads\/2025\/01\/songte-oil-pipes-and-spare-parts.webp\" alt=\"Komponente hidravli\u010dnega cilindra\" \/><\/p>\n<h2>Tesnjenje in mazanje<\/h2>\n<p>Valj \u017elice uporablja razli\u010dna tesnila, kot so tesnila bata in tesnila palic, izdelana iz materialov, odpornih proti obrabi, kot sta poliuretan in nitrilna guma. Telo valja in navojne kon\u010dne povr\u0161ine so fino obdelane za pove\u010danje odpornosti proti obrabi. Za zagotovitev pravilnega delovanja je potrebno redno mazanje z ustreznim hidravli\u010dnim oljem.<\/p>\n<h2>Redni pregledi in preventivno vzdr\u017eevanje<\/h2>\n<p>Za ohranjanje delovanja cilindra vedra so priporo\u010dljivi redni pregledi in preventivno vzdr\u017eevanje. Sprejeti je treba naslednje ukrepe:<\/p>\n<ul>\n<li>Preverite, ali so prisotni kakr\u0161ni koli znaki obrabe ali po\u0161kodb.<\/li>\n<li>Zagotovite ustrezno mazanje.<\/li>\n<li>Po potrebi zamenjajte tesnila.<\/li>\n<li>Izvedite kalibracijske preglede.<\/li>\n<\/ul>\n<h2>Pravilni vodnik za namestitev<\/h2>\n<p>Za pravilno namestitev cilindra vedra upo\u0161tevajte naslednja navodila:<\/p>\n<ul>\n<li>Med namestitvijo pravilno poravnajte valj.<\/li>\n<li>Za pritrditev cilindra uporabite ustrezne monta\u017ene nosilce.<\/li>\n<\/ul>\n<p><img decoding=\"async\" src=\"https:\/\/www.hydraulic-cylinders.net\/wp-content\/uploads\/2025\/01\/songte-chushion-collar.webp\" alt=\"Blazinasti ovratnik\" \/><\/p>\n<h2>Vzdr\u017eevalna opravila<\/h2>\n<p>Pogosta vzdr\u017eevalna opravila za valj z \u017elico vklju\u010dujejo redne preglede, pravilno mazanje, zamenjavo tesnil in preverjanje kalibracije. Pomembno je poudariti pomen pravilne namestitve, mazanja in nastavitve. Zagotovite smernice za pravilno poravnavo valja med namestitvijo in priporo\u010dite uporabo ustreznih monta\u017enih nosilcev za pritrditev valja. Navedite priporo\u010dene postopke pregleda, popravila in zamenjave ter nasvete za podalj\u0161anje \u017eivljenjske dobe valja z \u017elico.<\/p>\n<p><img decoding=\"async\" src=\"https:\/\/www.hydraulic-cylinders.net\/wp-content\/uploads\/2025\/01\/songte-bushings-with-all-kinds-of-excavator-models.webp\" alt=\"Pu\u0161e za bagre\" \/><\/p>\n<h2>Varnostni vidiki in okoljski dejavniki<\/h2>\n<p>Pri uporabi jeklenk z vedrom je pomembno dati prednost varnostnim ukrepom. Upo\u0161tevati je treba tudi okoljske dejavnike.<\/p>\n<h2>Diagnoza napak in pogoste te\u017eave<\/h2>\n<p>Pogoste napake in te\u017eave, povezane z cilindri \u017elice, vklju\u010dujejo:<\/p>\n<ul>\n<li>Pu\u0161\u010danje<\/li>\n<li>Po\u010dasno delovanje<\/li>\n<li>Nezadostna sila<\/li>\n<\/ul>\n<p>Zagotovite nasvete in re\u0161itve za odpravljanje te\u017eav, ki bodo bralcem pomagale u\u010dinkovito diagnosticirati in odpraviti te\u017eave. Ponudite preventivne ukrepe za zmanj\u0161anje morebitnih te\u017eav.<\/p>\n<p><img decoding=\"async\" src=\"https:\/\/www.hydraulic-cylinders.net\/wp-content\/uploads\/2025\/01\/songte-company-1.webp\" alt=\"Pregled podjetja\" \/><\/p>\n<h2>O na\u0161em podjetju<\/h2>\n<p>Smo proizvajalec nadomestnih delov za hidravli\u010dne cilindre. Na\u0161e podjetje ponuja \u0161iroko paleto izdelkov in je eden vodilnih proizvajalcev in veleprodajnih distributerjev hidravli\u010dnih cilindrov na doma\u010dem in mednarodnem trgu. V na\u0161ih dobro opremljenih proizvodnih delavnicah se dr\u017eimo na\u010del odli\u010dnosti in se zana\u0161amo na strategije upravljanja industrijske proizvodnje. Z uporabo tehnolo\u0161kih talentov, napredne proizvodne opreme in profesionalnih sistemov testiranja nenehno izbolj\u0161ujemo na\u0161o proizvodno platformo in proizvodno pot za kakovost izdelkov. Na\u0161e podjetje ima mo\u010dne ustvarjalne sposobnosti in si prizadeva zadovoljiti raznolike potrebe strank z visoko u\u010dinkovitostjo, natan\u010dnostjo in kakovostjo.<\/p>\n<p><img decoding=\"async\" src=\"https:\/\/www.hydraulic-cylinders.net\/wp-content\/uploads\/2025\/01\/songte-company-3.webp\" alt=\"Podrobnosti o podjetju\" \/><\/p>\n<p>Na\u0161e podjetje je znano po:<\/p>\n<ul>\n<li>Profesionalnost<\/li>\n<li>Mednarodni certifikati<\/li>\n<li>Storitve prilagajanja<\/li>\n<li>Napredna proizvodna oprema<\/li>\n<li>Poprodajne storitve<\/li>\n<\/ul>\n<footer>\n<p>Avtor: lyl<\/p>\n<\/footer>\n<p><\/body><br \/>\n<\/html><\/p>","protected":false},"excerpt":{"rendered":"<p>Bucket Cylinder For Bada WYS60 Bucket Cylinder For Bada WYS60 Introduction The bucket cylinder for Bada WYS60 is a specially designed hydraulic cylinder used to control the movement of the bucket in heavy machinery such as excavators, backhoe loaders, and front-end loaders. Its main function is to enable the lifting, lowering, and tilting of the [&hellip;]<\/p>","protected":false},"featured_media":14782,"comment_status":"open","ping_status":"closed","template":"","meta":{"_et_pb_use_builder":"","_et_pb_old_content":"","_et_gb_content_width":""},"product_brand":[],"product_cat":[1494],"product_tag":[1495,1496],"class_list":{"0":"post-15947","1":"product","2":"type-product","3":"status-publish","4":"has-post-thumbnail","6":"product_cat-bucket-cylinders","7":"product_tag-bucket-cylinders","8":"product_tag-hydraulic-cylinders","10":"first","11":"instock","12":"shipping-taxable","13":"product-type-simple"},"amp_enabled":true,"_links":{"self":[{"href":"https:\/\/www.hydraulic-cylinders.net\/sl\/wp-json\/wp\/v2\/product\/15947","targetHints":{"allow":["GET"]}}],"collection":[{"href":"https:\/\/www.hydraulic-cylinders.net\/sl\/wp-json\/wp\/v2\/product"}],"about":[{"href":"https:\/\/www.hydraulic-cylinders.net\/sl\/wp-json\/wp\/v2\/types\/product"}],"replies":[{"embeddable":true,"href":"https:\/\/www.hydraulic-cylinders.net\/sl\/wp-json\/wp\/v2\/comments?post=15947"}],"wp:featuredmedia":[{"embeddable":true,"href":"https:\/\/www.hydraulic-cylinders.net\/sl\/wp-json\/wp\/v2\/media\/14782"}],"wp:attachment":[{"href":"https:\/\/www.hydraulic-cylinders.net\/sl\/wp-json\/wp\/v2\/media?parent=15947"}],"wp:term":[{"taxonomy":"product_brand","embeddable":true,"href":"https:\/\/www.hydraulic-cylinders.net\/sl\/wp-json\/wp\/v2\/product_brand?post=15947"},{"taxonomy":"product_cat","embeddable":true,"href":"https:\/\/www.hydraulic-cylinders.net\/sl\/wp-json\/wp\/v2\/product_cat?post=15947"},{"taxonomy":"product_tag","embeddable":true,"href":"https:\/\/www.hydraulic-cylinders.net\/sl\/wp-json\/wp\/v2\/product_tag?post=15947"}],"curies":[{"name":"delovni list","href":"https:\/\/api.w.org\/{rel}","templated":true}]}}