{"id":15948,"date":"2025-01-19T15:12:19","date_gmt":"2025-01-19T15:12:19","guid":{"rendered":"https:\/\/www.hydraulic-cylinders.net\/product\/bucket-cylinder-for-bada-wysbd500c-s\/"},"modified":"2025-01-19T15:12:21","modified_gmt":"2025-01-19T15:12:21","slug":"bucket-cylinder-for-bada-wysbd500c-s","status":"publish","type":"product","link":"https:\/\/www.hydraulic-cylinders.net\/sl\/izdelek\/bucket-cylinder-for-bada-wysbd500c-s\/","title":{"rendered":"Cilinder za Bada WYSBD500C-S"},"content":{"rendered":"<p><!DOCTYPE html><br \/>\n<html><br \/>\n<head><br \/>\n<title>Cilinder za Bada WYSBD500C-S<\/title><br \/>\n<\/head><br \/>\n<body><\/p>\n<h1>Cilinder za Bada WYSBD500C-S<\/h1>\n<h2>Uvod<\/h2>\n<p>Hidravli\u010dni valj \u017elice je posebej zasnovan hidravli\u010dni valj, ki se uporablja za krmiljenje gibanja \u017elice v te\u017ekih strojih, kot so bagri, bagri nakladalniki in \u010delni nakladalniki. Njegova glavna funkcija je omogo\u010danje dvigovanja, spu\u0161\u010danja in nagibanja \u017elice, kar olaj\u0161a razli\u010dna opravila ravnanja z materiali. V hidravli\u010dnem sistemu valj \u017elice dose\u017ee natan\u010den nadzor nad \u017elico s spreminjanjem tlaka hidravli\u010dnega olja, kar omogo\u010da upravljavcem u\u010dinkovito ravnanje s te\u017ekimi bremeni in prilagajanje kompleksnim delovnim okoljem ter raznolikim zahtevam dela.<\/p>\n<p><img decoding=\"async\" src=\"https:\/\/www.hydraulic-cylinders.net\/wp-content\/uploads\/2025\/01\/songte-company-2.webp\" alt=\"Slika valjaste \u017elice\"><\/p>\n<h2>Zna\u010dilnosti<\/h2>\n<ul>\n<li><strong>Visoka trdnost in vzdr\u017eljivost:<\/strong> Obi\u010dajno izdelan iz visoko trdnega jekla ali aluminija, je valj z \u017elico odporen na visok tlak in velike obremenitve, zato se prilagaja zahtevnim delovnim okoljem. Njegova zasnova upo\u0161teva odpornost proti obrabi in koroziji, kar podalj\u0161uje njegovo \u017eivljenjsko dobo.<\/li>\n<li><strong>U\u010dinkovito hidravli\u010dno delovanje:<\/strong> Z izkori\u0161\u010danjem tlaka hidravli\u010dnega olja dose\u017ee valj \u017elice gladke gibe iztegovanja in vvla\u010devanja, kar omogo\u010da hiter odziv na krmilne ukaze in zagotavlja mo\u010dne potisne in vle\u010dne sile, primerne za ravnanje s te\u017ekimi bremeni in kompleksne delovne naloge.<\/li>\n<li><strong>Vsestranske vrste:<\/strong> Valj \u017elice je lahko glede na specifi\u010dne operativne potrebe enosmerno delujo\u010d (hidravli\u010dna sila deluje samo v eno smer) ali dvosmerno delujo\u010d (hidravli\u010dna sila deluje v obe smeri). Nekateri modeli so teleskopski, kar omogo\u010da ve\u010dji izvle\u010dek brez pove\u010danja zunanjih dimenzij, primerni za uporabo v omejenem prostoru.<\/li>\n<li><strong>Popolna zamenjava:<\/strong> Na\u0161i izdelki lahko popolnoma nadomestijo te hidravli\u010dne cilindre. <\/li>\n<\/ul>\n<p><img decoding=\"async\" src=\"https:\/\/www.hydraulic-cylinders.net\/wp-content\/uploads\/2025\/01\/songte-cylinder-head-with-all-kinds-excavator-models.webp\" alt=\"Slika izdelka\"><\/p>\n<h2>Aplikacije<\/h2>\n<ul>\n<li><strong>Gradbena oprema:<\/strong> Cilindri \u017elice so pri bagrih klju\u010dnega pomena za kopanje, nakladanje in premikanje zemlje ali ru\u0161evin. Pri bagrih nakladalnikih cilinder \u017elice pomaga tako pri kopanju kot pri dvigovanju.<\/li>\n<li><strong>Kmetijska mehanizacija:<\/strong> Uporablja se v \u010delnih nakladalnikih za zajemanje, dvigovanje in prevoz zemlje, sena in drugih materialov.<\/li>\n<li><strong>Bagri:<\/strong> Cilinder \u017elice omogo\u010da kopanje, saj \u017elici omogo\u010da prodiranje v zemljo.<\/li>\n<li><strong>Nakladalci:<\/strong> Pri \u010delnih nakladalnikih pomagajo pri u\u010dinkovitem dvigovanju in razkladanju tovora.<\/li>\n<\/ul>\n<h2>Oblikovalski vidiki in izbirna merila<\/h2>\n<ul>\n<li><strong>Nosilnost:<\/strong> Cilinder \u017elice mora biti zasnovan tako, da izpolnjuje zahtevano nosilnost, kar zagotavlja varno in u\u010dinkovito delovanje.<\/li>\n<li><strong>Tesnjenje:<\/strong> Ustrezno tesnjenje je bistvenega pomena za prepre\u010devanje pu\u0161\u010danja olja in zagotavljanje dolge \u017eivljenjske dobe valja. Uporabljajo se visokokakovostna tesnila bata in ojnic, izdelana iz materialov, odpornih proti obrabi, kot sta poliuretan in nitrilna guma.<\/li>\n<li><strong>Vzdr\u017eljivost:<\/strong> Telo valja in navojni konci so podvr\u017eeni skrbni povr\u0161inski obdelavi za pove\u010danje odpornosti proti obrabi.<\/li>\n<li><strong>Varnost:<\/strong> Za prepre\u010devanje nesre\u010d in zagotavljanje varnosti upravljavca je treba vklju\u010diti varnostne elemente, kot so tla\u010dni varnostni ventili in ventili za zadr\u017eevanje bremena.<\/li>\n<li><strong>Vzdr\u017eevanje:<\/strong> Zasnova jeklenke mora omogo\u010dati enostavno vzdr\u017eevanje in popravilo, z dostopnimi komponentami in jasnimi navodili.<\/li>\n<\/ul>\n<p><img decoding=\"async\" src=\"https:\/\/www.hydraulic-cylinders.net\/wp-content\/uploads\/2025\/01\/songte-oil-pipes-and-spare-parts.webp\" alt=\"Slika izdelka\"><\/p>\n<h2>Tesnjenje in mazanje<\/h2>\n<p>Valj \u017elice uporablja razli\u010dne tesnilne komponente, kot so tesnila bata in tesnila palice. Ta tesnila so izdelana iz materialov, odpornih proti obrabi, kot sta poliuretan in nitrilna guma. Telo valja in navojni konci so fino obdelani za izbolj\u0161anje odpornosti proti obrabi. Redno mazanje z ustrezno koli\u010dino hidravli\u010dnega olja je potrebno za zagotovitev nemotenega delovanja in podalj\u0161anje \u017eivljenjske dobe valja.<\/p>\n<h2>Vzdr\u017eevanje in preventivni ukrepi<\/h2>\n<ul>\n<li>Redno pregledujte jeklenko glede morebitnih znakov obrabe, po\u0161kodb ali pu\u0161\u010danja.<\/li>\n<li>Pravilno mazanje cilindra in njegovih gibljivih delov je bistvenega pomena za ohranjanje optimalne zmogljivosti.<\/li>\n<li>Po potrebi zamenjajte tesnila in druge obrabljene komponente.<\/li>\n<li>Za zagotovitev natan\u010dnega delovanja izvedite kalibracijske preglede.<\/li>\n<\/ul>\n<p><img decoding=\"async\" src=\"https:\/\/www.hydraulic-cylinders.net\/wp-content\/uploads\/2025\/01\/songte-chushion-collar.webp\" alt=\"Slika izdelka\"><\/p>\n<h2>Varnostni vidiki in okoljski dejavniki<\/h2>\n<p>Pri uporabi cilindra z vedrom je klju\u010dnega pomena upo\u0161tevati varnostne ukrepe za prepre\u010devanje nesre\u010d in zagotavljanje dobrega po\u010dutja upravljavcev. Bistveno je ustrezno usposabljanje, upo\u0161tevanje varnostnih smernic in ustrezna uporaba osebne za\u0161\u010ditne opreme. Poleg tega je treba pri izbiri ustreznih materialov in tesnilnih re\u0161itev upo\u0161tevati okoljske dejavnike, kot so temperatura, vla\u017enost in korozivne snovi.<\/p>\n<h2>Odpravljanje te\u017eav in pogoste te\u017eave<\/h2>\n<p>Tukaj je nekaj pogostih nasvetov in re\u0161itev za odpravljanje te\u017eav:<\/p>\n<ul>\n<li>\u010ce se valj ne iztegne ali umakne, preverite, ali hidravli\u010dna teko\u010dina pu\u0161\u010da, in zagotovite ustrezno raven teko\u010dine.<\/li>\n<li>\u010ce jeklenka deluje po\u010dasi ali neenakomerno, preverite, ali so filtri zama\u0161eni, ali je hidravli\u010dni tlak premajhen ali ali so tesnila po\u0161kodovana.<\/li>\n<li>\u010ce valj oddaja nenavadne zvoke, preverite, ali so povezave ohlapne, komponente obrabljene ali nepravilno poravnane.<\/li>\n<\/ul>\n<p><img decoding=\"async\" src=\"https:\/\/www.hydraulic-cylinders.net\/wp-content\/uploads\/2025\/01\/songte-bushings-with-all-kinds-of-excavator-models.webp\" alt=\"Slika izdelka\"><\/p>\n<p>Preventivni ukrepi lahko pomagajo zmanj\u0161ati morebitne te\u017eave:<\/p>\n<ul>\n<li>Redno pregledujte in vzdr\u017eujte jeklenko, da odkrijete in odpravite te\u017eave, preden se stopnjujejo.<\/li>\n<li>Za zagotovitev optimalne zmogljivosti upo\u0161tevajte pravilne postopke namestitve, mazanja in nastavitve.<\/li>\n<li>Navedite smernice za pravilno poravnavo cilindra med namestitvijo.<\/li>\n<li>Za pritrditev cilindra priporo\u010damo uporabo ustreznih monta\u017enih nosilcev.<\/li>\n<li>Svetujte glede priporo\u010denih postopkov pregleda, popravila in zamenjave za podalj\u0161anje \u017eivljenjske dobe valja vedra.<\/li>\n<\/ul>\n<h2>O na\u0161em podjetju<\/h2>\n<p>Smo proizvajalec nadomestnih hidravli\u010dnih cilindrov in ponujamo \u0161iroko paleto izdelkov. Postali smo eden vodilnih proizvajalcev in veleprodajnih distributerjev hidravli\u010dnih cilindrov na doma\u010dem in mednarodnem trgu. Na\u0161e podjetje sledi strategiji industrializiranega upravljanja proizvodnje, ki temelji na odli\u010dni kakovosti, pri \u010demer se zana\u0161amo na nadarjene strokovnjake, napredno proizvodno opremo in profesionalne sisteme testiranja. Nenehno izbolj\u0161ujemo na\u0161o proizvodno platformo in proizvodne poti za zagotavljanje kakovosti izdelkov, s \u010dimer strankam zagotavljamo u\u010dinkovite, natan\u010dne in visokokakovostne re\u0161itve za zadovoljevanje razli\u010dnih potreb.<\/p>\n<p><img decoding=\"async\" src=\"https:\/\/www.hydraulic-cylinders.net\/wp-content\/uploads\/2025\/01\/songte-company-3.webp\" alt=\"Slika podjetja\"><\/p>\n<h3>Klju\u010dne to\u010dke:<\/h3>\n<ul>\n<li>Profesionalnost<\/li>\n<li>Mednarodni certifikati<\/li>\n<li>Storitve prilagajanja<\/li>\n<li>Proizvodna oprema<\/li>\n<li>Poprodajne storitve<\/li>\n<\/ul>\n<p>Avtor: lyl<\/p>\n<p><img decoding=\"async\" src=\"https:\/\/hzpt.com\/wp-content\/uploads\/2024\/11\/songte-company-1.webp\" alt=\"Slika podjetja\"><\/p>\n<p><\/body><br \/>\n<\/html><\/p>","protected":false},"excerpt":{"rendered":"<p>Bucket Cylinder For Bada WYSBD500C-S Bucket Cylinder For Bada WYSBD500C-S Introduction The bucket cylinder is a specially designed hydraulic cylinder used to control the motion of the bucket in heavy machinery such as excavators, backhoe loaders, and front-end loaders. Its main function is to enable the lifting, lowering, and tilting of the bucket, facilitating various [&hellip;]<\/p>","protected":false},"featured_media":14780,"comment_status":"open","ping_status":"closed","template":"","meta":{"_et_pb_use_builder":"","_et_pb_old_content":"","_et_gb_content_width":""},"product_brand":[],"product_cat":[1494],"product_tag":[1495,1496],"class_list":{"0":"post-15948","1":"product","2":"type-product","3":"status-publish","4":"has-post-thumbnail","6":"product_cat-bucket-cylinders","7":"product_tag-bucket-cylinders","8":"product_tag-hydraulic-cylinders","10":"first","11":"instock","12":"shipping-taxable","13":"product-type-simple"},"amp_enabled":true,"_links":{"self":[{"href":"https:\/\/www.hydraulic-cylinders.net\/sl\/wp-json\/wp\/v2\/product\/15948","targetHints":{"allow":["GET"]}}],"collection":[{"href":"https:\/\/www.hydraulic-cylinders.net\/sl\/wp-json\/wp\/v2\/product"}],"about":[{"href":"https:\/\/www.hydraulic-cylinders.net\/sl\/wp-json\/wp\/v2\/types\/product"}],"replies":[{"embeddable":true,"href":"https:\/\/www.hydraulic-cylinders.net\/sl\/wp-json\/wp\/v2\/comments?post=15948"}],"wp:featuredmedia":[{"embeddable":true,"href":"https:\/\/www.hydraulic-cylinders.net\/sl\/wp-json\/wp\/v2\/media\/14780"}],"wp:attachment":[{"href":"https:\/\/www.hydraulic-cylinders.net\/sl\/wp-json\/wp\/v2\/media?parent=15948"}],"wp:term":[{"taxonomy":"product_brand","embeddable":true,"href":"https:\/\/www.hydraulic-cylinders.net\/sl\/wp-json\/wp\/v2\/product_brand?post=15948"},{"taxonomy":"product_cat","embeddable":true,"href":"https:\/\/www.hydraulic-cylinders.net\/sl\/wp-json\/wp\/v2\/product_cat?post=15948"},{"taxonomy":"product_tag","embeddable":true,"href":"https:\/\/www.hydraulic-cylinders.net\/sl\/wp-json\/wp\/v2\/product_tag?post=15948"}],"curies":[{"name":"delovni list","href":"https:\/\/api.w.org\/{rel}","templated":true}]}}