{"id":1595,"date":"2023-10-07T08:23:14","date_gmt":"2023-10-07T08:23:14","guid":{"rendered":"https:\/\/hydraulic-cylinders.net\/?post_type=product&#038;p=1595"},"modified":"2025-04-11T03:36:18","modified_gmt":"2025-04-11T03:36:18","slug":"mining-dump-truck-rear-suspension-cylinder","status":"publish","type":"product","link":"https:\/\/www.hydraulic-cylinders.net\/sl\/izdelek\/mining-dump-truck-rear-suspension-cylinder\/","title":{"rendered":"Zadnji vzmetni valj rudarskega prekucnika"},"content":{"rendered":"<h1 style=\"text-align: center;\"><strong>Zadnji vzmetni valj rudarskega prekucnika<\/strong><\/h1>\n<p><img loading=\"lazy\" decoding=\"async\" class=\"aligncenter wp-image-1596\" src=\"https:\/\/hydraulic-cylinders.net\/wp-content\/uploads\/2023\/10\/rear-suspension-cylinder-1-300x300.webp\" alt=\"\" width=\"400\" height=\"400\" \/><\/p>\n<p>Zadnji vzmetni valj rudarskega prekucnika je klju\u010dna komponenta, posebej zasnovana za optimizacijo stabilnosti in zmogljivosti rudarskih prekucnikov. S svojo robustno konstrukcijo in naprednimi funkcijami ima ta valj klju\u010dno vlogo pri bla\u017eenju udarcev, vzdr\u017eevanju ustreznega vzmetenja in izbolj\u0161anju splo\u0161ne u\u010dinkovitosti te\u017ekih rudarskih operacij.<\/p>\n<p>Zadnji vzmetni valj rudarskega prekucnika je bistvena komponenta za izbolj\u0161anje stabilnosti, nosilnosti in splo\u0161ne zmogljivosti rudarskih prekucnikov. Zaradi robustne konstrukcije, vrhunskega bla\u017eenja udarcev in natan\u010dnega nadzora vzmetenja je dragoceno sredstvo v zahtevni rudarski industriji. Z upo\u0161tevanjem pravilnih metod uporabe in rednim vzdr\u017eevanjem lahko upravljavci zagotovijo dolgo \u017eivljenjsko dobo in zanesljivost zadnjega vzmetnega valja rudarskega prekucnika, kar vodi do varnih in u\u010dinkovitih rudarskih operacij. Izberite ta visokozmogljiv valj za izbolj\u0161anje stabilnosti, produktivnosti in udobja upravljavca v va\u0161em voznem parku rudarskih prekucnikov.<\/p>\n<p>Klju\u010dne zna\u010dilnosti zadnjega vzmetenja cilindra rudarskega prekucnika:<\/p>\n<ol>\n<li>Robustna in vzdr\u017eljiva konstrukcija:<\/li>\n<\/ol>\n<ul>\n<li>Zadnji vzmetni valj rudarskega prekucnika je izdelan iz visokokakovostnih materialov, kar zagotavlja njegovo vzdr\u017eljivost in dolgo \u017eivljenjsko dobo v zahtevnih rudarskih okoljih.<\/li>\n<li>Lahko prenese velike obremenitve, stalne vibracije in zahtevne terene ter zagotavlja zanesljivo delovanje skozi celotno \u017eivljenjsko dobo.<\/li>\n<\/ul>\n<ol start=\"2\">\n<li>Vrhunsko bla\u017eenje udarcev:<\/li>\n<\/ol>\n<ul>\n<li>Ta valj je opremljen z napredno tehnologijo bla\u017eenja udarcev, ki u\u010dinkovito zmanj\u0161uje vpliv udarcev in vibracij, ki nastanejo med rudarskimi operacijami.<\/li>\n<li>It enhances the stability of the dump truck, reduces stress on the vehicle&#8217;s components, and ensures a smoother and more comfortable ride for both the driver and the payload.<\/li>\n<\/ul>\n<ol start=\"3\">\n<li>Natan\u010den nadzor vzmetenja:<\/li>\n<\/ol>\n<ul>\n<li>Zadnji vzmetni valj rudarskega prekucnika omogo\u010da natan\u010den nadzor nad sistemom vzmetenja, kar upravljavcem omogo\u010da prilagajanje nastavitev vzmetenja glede na specifi\u010dne rudarske razmere.<\/li>\n<li>This feature helps optimize the truck&#8217;s performance by ensuring the right balance between load-bearing capacity, maneuverability, and stability.<\/li>\n<\/ul>\n<h2><strong>Parameter zadnjega vzmetenja cilindra rudarskega prekucnika:<\/strong><\/h2>\n<table border=\"1\" cellspacing=\"0\" cellpadding=\"0\">\n<tbody>\n<tr>\n<td>Ime izdelka<\/td>\n<td>Zadnji vzmetni valj rudarskega prekucnika<\/td>\n<\/tr>\n<tr>\n<td>Zna\u010dilnosti:<\/td>\n<td>Podpira te\u017eo, absorbira in odpravlja vibracije<\/td>\n<\/tr>\n<tr>\n<td>Premer izvrtine:<\/td>\n<td>150 mm\uff5e450 mm<\/td>\n<\/tr>\n<tr>\n<td>Premer palice:<\/td>\n<td>120 mm\uff5e400 mm<br \/>\nHod \u2264 400 mm<\/td>\n<\/tr>\n<tr>\n<td>Potisna sila:<\/td>\n<td>Najve\u010d 38 MPa<\/td>\n<\/tr>\n<tr>\n<td>Uporaba zadnjega vzmetnega cilindra:<\/td>\n<td>Rudarski prekucnik<\/td>\n<\/tr>\n<\/tbody>\n<\/table>\n<h2><strong>Diagram identifikacije cilindra rudarskega prekucnika:<\/strong><\/h2>\n<p><img loading=\"lazy\" decoding=\"async\" class=\"alignnone wp-image-1594 size-full\" src=\"https:\/\/hydraulic-cylinders.net\/wp-content\/uploads\/2023\/10\/mining-dump-truck-cylinder.webp\" alt=\"\" width=\"1418\" height=\"946\" srcset=\"https:\/\/hydraulic-cylinders.net\/wp-content\/uploads\/2023\/10\/mining-dump-truck-cylinder.webp 1418w, https:\/\/hydraulic-cylinders.net\/wp-content\/uploads\/2023\/10\/mining-dump-truck-cylinder-1280x854.webp 1280w, https:\/\/hydraulic-cylinders.net\/wp-content\/uploads\/2023\/10\/mining-dump-truck-cylinder-980x654.webp 980w, https:\/\/hydraulic-cylinders.net\/wp-content\/uploads\/2023\/10\/mining-dump-truck-cylinder-480x320.webp 480w\" sizes=\"(min-width: 0px) and (max-width: 480px) 480px, (min-width: 481px) and (max-width: 980px) 980px, (min-width: 981px) and (max-width: 1280px) 1280px, (min-width: 1281px) 1418px, 100vw\" \/><\/p>\n<h2><strong>Metoda uporabe zadnjega vzmetenja cilindra rudarskega prekucnika<\/strong><strong>:<\/strong><\/h2>\n<ol>\n<li><strong>Namestitev in kalibracija:<\/strong><\/li>\n<\/ol>\n<ul>\n<li>Zadnji vzmetni valj rudarskega prekucnika morajo namestiti in kalibrirati usposobljeni tehniki, ki poznajo posebne zahteve rudarskih prekucnikov.<\/li>\n<li>Pravilna namestitev in kalibracija zagotavljata optimalno delovanje in skladnost z varnostnimi standardi.<\/li>\n<\/ul>\n<ol start=\"2\">\n<li><strong>Nastavitev vzmetenja:<\/strong><\/li>\n<\/ol>\n<ul>\n<li>Utilize the suspension control system provided in the truck&#8217;s cabin to adjust the rear suspension settings.<\/li>\n<li>Pri nastavljanju vzmetenja upo\u0161tevajte dejavnike, kot so te\u017ea tovora, terenske razmere in \u017eelena vi\u0161ina vo\u017enje.<\/li>\n<\/ul>\n<ol start=\"3\">\n<li><strong>Redno spremljanje:<\/strong><\/li>\n<\/ol>\n<ul>\n<li>Continuously monitor the performance of the mining dump truck&#8217;s rear suspension system during operation.<\/li>\n<li>Bodite pozorni na morebitne znake prekomernega poskakovanja, nestabilnosti ali nenavadnih zvokov, saj lahko ka\u017eejo na potrebo po nastavitvi ali vzdr\u017eevanju.<\/li>\n<\/ul>\n<h2><strong>Kaj je polnilni tlak v hidravli\u010dnem sistemu?<\/strong><\/h2>\n<p>V hidravli\u010dnem sistemu se polnilni tlak nana\u0161a na tlak hidravli\u010dne teko\u010dine v sistemu. To je tlak, ki ga na teko\u010dino izvaja zunanji vir energije, kot je \u010drpalka ali akumulator, da zagotovi energijo, potrebno za opravljanje predvidenih funkcij sistema.<\/p>\n<p>Polnilni tlak je klju\u010dni parameter v hidravli\u010dnem sistemu, saj dolo\u010da silo in hitrost, s katero lahko delujejo hidravli\u010dni aktuatorji, kot so cilindri ali motorji. Tukaj je nekaj klju\u010dnih to\u010dk, ki jih je treba razumeti o polnilnem tlaku:<\/p>\n<ol>\n<li><strong>Proizvodnja energije:<\/strong> Hidravli\u010dna \u010drpalka ustvarja predvsem polnilni tlak, ki \u010drpa teko\u010dino iz rezervoarja in jo stisnje. \u010crpalka neprekinjeno dovaja v sistem dolo\u010den tlak, da se zagotovi enakomerno delovanje.<\/li>\n<li><strong>Zasnova sistema:<\/strong> Polnilni tlak je obi\u010dajno dolo\u010den z zasnovo hidravli\u010dnega sistema. Nanj vplivajo dejavniki, kot so nosilnost, \u017eelena delovna hitrost in tip aktuatorja.<\/li>\n<li><strong>Regulacija tlaka:<\/strong> Hidravli\u010dni sistemi pogosto vklju\u010dujejo varnostne ali regulacijske ventile za uravnavanje polnilnega tlaka. Ti ventili zagotavljajo, da tlak ostane v varnem in optimalnem obmo\u010dju, s \u010dimer \u0161\u010ditijo sistem pred previsokim tlakom.<\/li>\n<li><strong>Mo\u010d in hitrost:<\/strong> Polnilni tlak neposredno vpliva na mo\u010d in hitrost delovanja hidravli\u010dnih aktuatorjev. Vi\u0161ji polnilni tlaki pove\u010dajo izhodno silo, kar sistemu omogo\u010da premikanje te\u017ejih bremen. Nasprotno pa ni\u017eji polnilni tlaki lahko zmanj\u0161ajo izhodno silo, vendar zagotavljajo bolj gladko in natan\u010dnej\u0161e krmiljenje za specifi\u010dne aplikacije.<\/li>\n<li><strong>U\u010dinkovitost in proizvodnja toplote:<\/strong> Polnilni tlak vpliva tudi na splo\u0161no u\u010dinkovitost hidravli\u010dnega sistema. Vi\u0161ji polnilni tlaki lahko pove\u010dajo porabo energije in ustvarijo ve\u010d toplote v sistemu. U\u010dinkovit nadzor tlaka in pravilna zasnova sistema pomagata zmanj\u0161ati izgube energije in upravljati odvajanje toplote.<\/li>\n<li><strong>Izgube tlaka:<\/strong> It&#8217;s important to consider pressure losses within the hydraulic system due to fluid friction, flow restrictions, and pressure drops across valves and components. These losses can impact the actual charge pressure experienced by the actuators and should be minimized to maintain the desired performance.<\/li>\n<\/ol>\n<h2><strong>Zmogljivost in zmogljivost tovarne:<\/strong><\/h2>\n<h3>(1) Sestavljanje<\/h3>\n<p>Imamo prvovrstno neodvisno platformo za raziskave in razvoj. Delavnica za proizvodnjo hidravli\u010dnih cilindrov ima \u0161tiri polavtomatske monta\u017ene linije za dvi\u017ene cilindre in eno avtomatsko monta\u017eno linijo za nagibne cilindre z letno proizvodno zmogljivostjo 1 milijona kosov. Delavnica za posebne cilindre je opremljena z razli\u010dnimi specifikacijami polavtomatskega sistema za \u010di\u0161\u010denje in monta\u017eo z letno proizvodno zmogljivostjo 200.000 kosov ter znano CNC obdelovalno opremo, obdelovalnim centrom, visoko precizno posebno opremo za obdelavo cilindrov, robotskim varilnim strojem, avtomatskim \u010distilnim strojem, avtomatskim strojem za monta\u017eo cilindrov in avtomatsko proizvodno linijo za barvanje. Obstoje\u010da kriti\u010dna oprema obsega ve\u010d kot 300 kompletov (kompletov). Optimalna razporeditev in u\u010dinkovita uporaba opremnih virov zagotavljata zahteve glede natan\u010dnosti izdelkov in izpolnjujeta visoke zahteve glede kakovosti izdelkov.<\/p>\n<p><img loading=\"lazy\" decoding=\"async\" class=\"alignnone wp-image-626\" src=\"https:\/\/hydraulic-cylinders.net\/wp-content\/uploads\/2023\/08\/hydraulic-cylinder-product-1-300x158.webp\" alt=\"\" width=\"495\" height=\"260\" srcset=\"https:\/\/hydraulic-cylinders.net\/wp-content\/uploads\/2023\/08\/hydraulic-cylinder-product-1-300x158.webp 495w, https:\/\/hydraulic-cylinders.net\/wp-content\/uploads\/2023\/08\/hydraulic-cylinder-product-1-480x252.webp 480w\" sizes=\"(min-width: 0px) and (max-width: 480px) 480px, (min-width: 481px) 495px, 100vw\" \/> <img loading=\"lazy\" decoding=\"async\" class=\"alignnone wp-image-627\" src=\"https:\/\/hydraulic-cylinders.net\/wp-content\/uploads\/2023\/08\/hydraulic-cylinder-product-2-300x189.webp\" alt=\"\" width=\"413\" height=\"260\" \/><\/p>\n<h3>(2) Strojna obdelava<\/h3>\n<p>Strojna delavnica je opremljena s prilagojenim centrom za stru\u017eenje nagnjenih tirnic, obdelovalnim centrom, visokohitrostnim strojem za honanje, varilnim robotom in drugo sorodno opremo, ki lahko obdeluje cilindri\u010dne cevi z najve\u010djim notranjim premerom 400 mm in najve\u010djo dol\u017eino 6 metrov.<\/p>\n<p><img loading=\"lazy\" decoding=\"async\" class=\"alignnone wp-image-628 size-large\" src=\"https:\/\/hydraulic-cylinders.net\/wp-content\/uploads\/2023\/08\/hydraulic-cylinder-product-3-1024x391.webp\" alt=\"\" width=\"1024\" height=\"391\" srcset=\"https:\/\/hydraulic-cylinders.net\/wp-content\/uploads\/2023\/08\/hydraulic-cylinder-product-3-980x374.webp 980w, https:\/\/hydraulic-cylinders.net\/wp-content\/uploads\/2023\/08\/hydraulic-cylinder-product-3-480x183.webp 480w\" sizes=\"(min-width: 0px) and (max-width: 480px) 480px, (min-width: 481px) and (max-width: 980px) 980px, (min-width: 981px) 1024px, 100vw\" \/><\/p>\n<h3>(3) Varjenje<\/h3>\n<p><img loading=\"lazy\" decoding=\"async\" class=\"alignnone wp-image-629 size-large\" src=\"https:\/\/hydraulic-cylinders.net\/wp-content\/uploads\/2023\/08\/hydraulic-cylinder-product-4-1024x510.webp\" alt=\"\" width=\"1024\" height=\"510\" srcset=\"https:\/\/hydraulic-cylinders.net\/wp-content\/uploads\/2023\/08\/hydraulic-cylinder-product-4-980x488.webp 980w, https:\/\/hydraulic-cylinders.net\/wp-content\/uploads\/2023\/08\/hydraulic-cylinder-product-4-480x239.webp 480w\" sizes=\"(min-width: 0px) and (max-width: 480px) 480px, (min-width: 481px) and (max-width: 980px) 980px, (min-width: 981px) 1024px, 100vw\" \/><\/p>\n<h3>(4) Barvanje in premazovanje<\/h3>\n<p>Z majhnimi in srednje velikimi cilindri\u010dnimi avtomatskimi linijami za barvanje na vodni osnovi, za doseganje avtomatskega nakladanja in razkladanja robotov ter avtomatskega brizganja, je projektna zmogljivost 4000 kosov na izmeno;<br \/>\nImamo tudi polavtomatsko linijo za proizvodnjo barv za velike jeklenke, ki jo poganja veriga, s projektno zmogljivostjo 60 zabojev na izmeno.<\/p>\n<p><img loading=\"lazy\" decoding=\"async\" class=\"alignnone wp-image-630\" src=\"https:\/\/hydraulic-cylinders.net\/wp-content\/uploads\/2023\/08\/hydraulic-cylinder-product-5-300x213.webp\" alt=\"\" width=\"366\" height=\"260\" \/> <img loading=\"lazy\" decoding=\"async\" class=\"alignnone wp-image-631\" src=\"https:\/\/hydraulic-cylinders.net\/wp-content\/uploads\/2023\/08\/hydraulic-cylinder-product-6-300x225.webp\" alt=\"\" width=\"347\" height=\"260\" \/><\/p>\n<h3>(5) Testiranje<\/h3>\n<p>Imamo prvovrstne in\u0161pekcijske prostore in testne postaje, s katerimi zagotavljamo, da delovanje jeklenke izpolnjuje zahteve.<\/p>\n<p><img loading=\"lazy\" decoding=\"async\" class=\"alignnone wp-image-632\" src=\"https:\/\/hydraulic-cylinders.net\/wp-content\/uploads\/2023\/08\/hydraulic-cylinder-product-8-300x200.webp\" alt=\"\" width=\"389\" height=\"260\" \/><\/p>\n<p>&nbsp;<\/p>\n<p>&nbsp;<\/p>\n<p>Smo eden najbolj\u0161ih proizvajalcev hidravli\u010dnih cilindrov. Ponujamo vam celovite hidravli\u010dne cilindre. Zagotavljamo tudi ustrezne <a href=\"https:\/\/hzpt.com\/agricultural-pto-gearbox\/\" target=\"_blank\" rel=\"noopener\">kmetijski menjalniki<\/a>Na\u0161e izdelke smo izvozili strankam po vsem svetu in si prislu\u017eili dober ugled zaradi vrhunske kakovosti izdelkov in poprodajnih storitev. Z veseljem vas vabimo, da nas kontaktirate za poslovne dogovore, izmenjavo informacij in ... <a href=\"https:\/\/www.hydraulic-cylinders.net\/sl\/contact-us\/\">sodelujte z nami<\/a>!<\/p>","protected":false},"excerpt":{"rendered":"<p>Mining Dump Truck Rear Suspension Cylinder The mining dump truck rear suspension cylinder is a vital component specifically designed to optimize the stability and performance of mining dump trucks. With its robust construction and advanced features, this cylinder plays a crucial role in absorbing shocks, maintaining proper suspension, and enhancing the overall efficiency of heavy-duty [&hellip;]<\/p>","protected":false},"featured_media":1598,"comment_status":"open","ping_status":"closed","template":"","meta":{"_et_pb_use_builder":"","_et_pb_old_content":"","_et_gb_content_width":""},"product_brand":[],"product_cat":[1550,1517,1532,1376],"product_tag":[1380],"class_list":{"0":"post-1595","1":"product","2":"type-product","3":"status-publish","4":"has-post-thumbnail","6":"product_cat-double-acting-hydraulic-cylinder","7":"product_cat-dump-truck-hydraulic-cylinders","8":"product_cat-mining-dump-truck-hydraulic-cylinders","9":"product_cat-hydraulic-cylinder","10":"product_tag-hydraulic-cylinder","12":"first","13":"instock","14":"shipping-taxable","15":"product-type-simple"},"amp_enabled":true,"_links":{"self":[{"href":"https:\/\/www.hydraulic-cylinders.net\/sl\/wp-json\/wp\/v2\/product\/1595","targetHints":{"allow":["GET"]}}],"collection":[{"href":"https:\/\/www.hydraulic-cylinders.net\/sl\/wp-json\/wp\/v2\/product"}],"about":[{"href":"https:\/\/www.hydraulic-cylinders.net\/sl\/wp-json\/wp\/v2\/types\/product"}],"replies":[{"embeddable":true,"href":"https:\/\/www.hydraulic-cylinders.net\/sl\/wp-json\/wp\/v2\/comments?post=1595"}],"wp:featuredmedia":[{"embeddable":true,"href":"https:\/\/www.hydraulic-cylinders.net\/sl\/wp-json\/wp\/v2\/media\/1598"}],"wp:attachment":[{"href":"https:\/\/www.hydraulic-cylinders.net\/sl\/wp-json\/wp\/v2\/media?parent=1595"}],"wp:term":[{"taxonomy":"product_brand","embeddable":true,"href":"https:\/\/www.hydraulic-cylinders.net\/sl\/wp-json\/wp\/v2\/product_brand?post=1595"},{"taxonomy":"product_cat","embeddable":true,"href":"https:\/\/www.hydraulic-cylinders.net\/sl\/wp-json\/wp\/v2\/product_cat?post=1595"},{"taxonomy":"product_tag","embeddable":true,"href":"https:\/\/www.hydraulic-cylinders.net\/sl\/wp-json\/wp\/v2\/product_tag?post=1595"}],"curies":[{"name":"delovni list","href":"https:\/\/api.w.org\/{rel}","templated":true}]}}