{"id":15955,"date":"2025-01-19T15:12:47","date_gmt":"2025-01-19T15:12:47","guid":{"rendered":"https:\/\/www.hydraulic-cylinders.net\/product\/bucket-cylinder-for-baoding-wy80-6\/"},"modified":"2025-01-19T15:12:49","modified_gmt":"2025-01-19T15:12:49","slug":"bucket-cylinder-for-baoding-wy80-6","status":"publish","type":"product","link":"https:\/\/www.hydraulic-cylinders.net\/sl\/izdelek\/bucket-cylinder-for-baoding-wy80-6\/","title":{"rendered":"Cilinder za Baoding WY80-6"},"content":{"rendered":"<h2>Uvod<\/h2>\n<h3>Cilinder za Baoding WY80-6<\/h3>\n<p>Hidravli\u010dni cilinder za Baoding WY80-6 je vrsta specializiranega hidravli\u010dnega cilindra, zasnovanega predvsem za nadzor gibanja \u017elice v te\u017ekih strojih, kot so bagri, bagri z nakladalniki in \u010delni nakladalniki. Njegova glavna funkcija je omogo\u010danje dvigovanja, spu\u0161\u010danja in nagibanja \u017elice, kar olaj\u0161a prevoz razli\u010dnih materialov. V hidravli\u010dnem sistemu cilinder \u017elice dose\u017ee natan\u010den nadzor gibanja \u017elice s spremembami tlaka hidravli\u010dnega olja, kar omogo\u010da upravljavcem u\u010dinkovito ravnanje s te\u017ekimi bremeni in prilagajanje kompleksnim delovnim okoljem ter raznolikim zahtevam dela.<\/p>\n<p><img decoding=\"async\" src=\"https:\/\/www.hydraulic-cylinders.net\/wp-content\/uploads\/2025\/01\/songte-company-2.webp\" alt=\"Slika valjaste \u017elice\"><\/p>\n<h2>Zna\u010dilnosti<\/h2>\n<ul>\n<li><strong>Visoka trdnost in vzdr\u017eljivost:<\/strong> Ta jeklenka, ki je obi\u010dajno izdelana iz visoko trdnega jekla ali aluminija, lahko prenese visok tlak in velike obremenitve ter se prilagaja zahtevnim delovnim okoljem. Pri zasnovi upo\u0161teva odpornost proti obrabi in koroziji, kar podalj\u0161uje njeno \u017eivljenjsko dobo.<\/li>\n<li><strong>U\u010dinkovito hidravli\u010dno delovanje:<\/strong> Z uporabo tlaka hidravli\u010dnega olja za doseganje gladkega raztezanja in kr\u010denja se lahko hitro odzove na operativne ukaze in zagotavlja mo\u010dne potisne in vle\u010dne sile, primerne za ravnanje s te\u017ekimi bremeni in kompleksnimi delovnimi nalogami.<\/li>\n<li><strong>Razli\u010dne vrste:<\/strong> Cilinder je mogo\u010de izbrati glede na zahteve za enosmerno delovanje (hidravlika deluje samo v eni smeri) ali dvosmerno delovanje (hidravlika deluje v obeh smereh), da se zadosti razli\u010dnim operativnim potrebam. Nekateri modeli so teleskopski, kar omogo\u010da ve\u010dji razteg brez pove\u010danja zunanjih dimenzij, zaradi \u010desar so primerni za uporabo z omejenim prostorom.<\/li>\n<li><strong>Stro\u0161kovno u\u010dinkovito:<\/strong> Na\u0161i izdelki lahko odli\u010dno nadomestijo te hidravli\u010dne cilindre in zagotavljajo ekonomi\u010dno re\u0161itev.<\/li>\n<li><strong>Prilagodljivo:<\/strong> Cilinder lahko prilagodimo specifi\u010dnim potrebam na\u0161ih strank.<\/li>\n<\/ul>\n<p><img decoding=\"async\" src=\"https:\/\/www.hydraulic-cylinders.net\/wp-content\/uploads\/2025\/01\/songte-cylinder-head-with-all-kinds-excavator-models.webp\" alt=\"Slika valjaste \u017elice\"><\/p>\n<h2>Aplikacije<\/h2>\n<p>Vedro valja za Baoding WY80-6 ima \u0161iroko paleto uporabe, vklju\u010dno z:<\/p>\n<ul>\n<li><strong>Gradbena oprema:<\/strong> Pri bagrih so bistveni za kopanje, nakladanje in premikanje zemlje ali ru\u0161evin. Pri bagrih z nakladalnim strojem cilinder \u017elice pomaga tako pri kopanju kot pri dvigovanju. Pri \u010delnih nakladalnikih pomagajo pri u\u010dinkovitem dvigovanju in nagibanju blaga.<\/li>\n<li><strong>Kmetijska mehanizacija:<\/strong> Uporablja se v \u010delnih nakladalnikih za zajemanje, dvigovanje in prevoz zemlje, sena in drugih materialov. Pri bagrih valj \u017elice omogo\u010da, da \u017elica prodre v zemljo za izvajanje kopanja.<\/li>\n<\/ul>\n<h3>Gradbena oprema:<\/h3>\n<p>Pri bagrih je cilinder \u017elice bistvenega pomena za kopanje, nakladanje in premikanje zemlje ali ru\u0161evin. Upravljavcu omogo\u010da enostavno upravljanje gibanja \u017elice, kar omogo\u010da opravljanje kompleksnih nalog v kratkem \u010dasu. Pri bagrih z nakladalnim sistemom cilinder \u017elice pomaga tako pri kopanju kot dvigovanju, kar upravljavcu omogo\u010da enostavno premikanje te\u017ekih bremen. Pri \u010delnih nakladalnikih pomagajo pri u\u010dinkovitem dvigovanju in nagibanju blaga, kar upravljavcem omogo\u010da varno in u\u010dinkovito opravljanje kompleksnih nalog.<\/p>\n<h3>Kmetijska mehanizacija:<\/h3>\n<p>Cilinder \u017elice za Baoding WY80-6 se uporablja v \u010delnih nakladalnikih za zajemanje, dvigovanje in prevoz zemlje, sena in drugih materialov. Pri bagrih cilinder \u017elice omogo\u010da, da \u017elica prodre v zemljo za izvajanje kopanja, zaradi \u010desar je bistveni sestavni del kmetijske mehanizacije.<\/p>\n<p><img decoding=\"async\" src=\"https:\/\/www.hydraulic-cylinders.net\/wp-content\/uploads\/2025\/01\/songte-bushings-with-all-kinds-of-excavator-models.webp\" alt=\"Slika valjaste \u017elice\"><\/p>\n<h2>Oblikovalski vidiki in izbirna merila<\/h2>\n<p>Zasnova cilindra z \u017elico za Baoding WY80-6 upo\u0161teva ve\u010d dejavnikov, vklju\u010dno z:<\/p>\n<ul>\n<li><strong>Nosilnost:<\/strong> Jeklenka mora biti sposobna prenesti velike obremenitve in visok tlak.<\/li>\n<li><strong>Tesnjenje:<\/strong> Valj mora biti sposoben vzdr\u017eevati varno tesnjenje, da se prepre\u010di pu\u0161\u010danje hidravli\u010dne teko\u010dine.<\/li>\n<li><strong>Vzdr\u017eljivost:<\/strong> Jeklenka mora biti sposobna prenesti zahtevna delovna okolja in imeti dolgo \u017eivljenjsko dobo.<\/li>\n<li><strong>Varnost:<\/strong> Jeklenka mora biti zasnovana z mislijo na varnost, da se prepre\u010dijo nesre\u010de in zagotovi varnost upravljavca.<\/li>\n<li><strong>Vzdr\u017eevanje:<\/strong> Jeklenka mora biti enostavna za vzdr\u017eevanje in popravilo, da se \u010dim bolj skraj\u0161a \u010das izpada.<\/li>\n<\/ul>\n<p><img decoding=\"async\" src=\"https:\/\/hydraulic-cylinders.net\/wp-content\/uploads\/2025\/01\/songte-oil-pipes-and-spare-parts.webp\" alt=\"Slika valjaste \u017elice\"><\/p>\n<h2>Tesnjenje in mazanje<\/h2>\n<p>Valj z \u017elico za Baoding WY80-6 uporablja razli\u010dne tesnilne komponente, vklju\u010dno s tesnili bata, tesnili palice in drugimi O-tesnili in tesnili. Te komponente so izdelane iz materialov, odpornih proti obrabi, kot sta poliuretan in nitrilna guma, kar zagotavlja dolgo \u017eivljenjsko dobo. Poleg tega sta ohi\u0161je valja in navojne kon\u010dne povr\u0161ine valja fino obdelana za izbolj\u0161anje odpornosti proti obrabi. Pomembno je redno dodajati ustrezno koli\u010dino hidravli\u010dnega olja za mazanje valja in zagotavljanje njegovega pravilnega delovanja.<\/p>\n<h2>Vzdr\u017eevanje in popravila<\/h2>\n<p>Redno vzdr\u017eevanje je bistvenega pomena za zagotovitev dolge \u017eivljenjske dobe in pravilnega delovanja cilindra z \u017elico za Baoding WY80-6. Naslednja opravila je treba redno opravljati:<\/p>\n<ul>\n<li><strong>Pregled:<\/strong> Redno pregledujte valj glede znakov po\u0161kodb ali obrabe.<\/li>\n<li><strong>Mazanje:<\/strong> Pravilno nama\u017eite valj, da prepre\u010dite po\u0161kodbe zaradi trenja.<\/li>\n<li><strong>Zamenjava tesnila:<\/strong> Zamenjajte obrabljena ali po\u0161kodovana tesnila, da prepre\u010dite pu\u0161\u010danje hidravli\u010dne teko\u010dine.<\/li>\n<li><strong>Preverjanje kalibracije:<\/strong> Redno preverjajte kalibracijo jeklenke, da zagotovite pravilno delovanje.<\/li>\n<\/ul>\n<p>Pravilna namestitev je klju\u010dnega pomena tudi za zagotovitev pravilnega delovanja cilindra z vedrom za Baoding WY80-6. Pomembno je, da valj natan\u010dno poravnate in uporabite ustrezne nosilce za pritrditev. Priporo\u010damo, da upo\u0161tevate na\u0161e priporo\u010dene postopke pregleda, popravila in zamenjave, da podalj\u0161ate \u017eivljenjsko dobo valja.<\/p>\n<p><img decoding=\"async\" src=\"https:\/\/www.hydraulic-cylinders.net\/wp-content\/uploads\/2025\/01\/songte-chushion-collar.webp\" alt=\"Slika valjaste \u017elice\"><\/p>\n<h2>Varnostni in okoljski vidiki<\/h2>\n<p>Pri uporabi cilindra z \u017elico za Baoding WY80-6 je pomembno upo\u0161tevati varnostne postopke za prepre\u010devanje nesre\u010d. Upravljavcem je treba zagotoviti ustrezno usposabljanje in varnostno opremo. Poleg tega je pri uporabi cilindra pomembno upo\u0161tevati okoljske dejavnike, kot sta pravilno odstranjevanje hidravli\u010dne teko\u010dine in upo\u0161tevanje lokalnih okoljskih predpisov.<\/p>\n<h2>Odpravljanje te\u017eav in pogoste te\u017eave<\/h2>\n<p>Med pogostimi te\u017eavami, ki se lahko pojavijo pri uporabi cilindra \u017elice za Baoding WY80-6, so pu\u0161\u010danje hidravli\u010dne teko\u010dine, nezadostno mazanje in nepravilna poravnava. \u010ce naletite na katero od teh te\u017eav, je pomembno, da upo\u0161tevate na\u0161e priporo\u010dene postopke za odpravljanje te\u017eav in popravilo, da zmanj\u0161ate \u010das izpada in prepre\u010dite nadaljnjo \u0161kodo.<\/p>\n<h2>O na\u0161em podjetju<\/h2>\n<p>Smo proizvajalec hidravli\u010dnih cilindrov, ki lahko nadomestijo tradicionalne cilindre, in ponujamo celovito paleto izdelkov. Smo eden vodilnih proizvajalcev in veleprodajnih distributerjev hidravli\u010dnih cilindrov na doma\u010dem in mednarodnem trgu. Dr\u017eimo se na\u010dela odli\u010dne kakovosti in se zana\u0161amo na strategijo upravljanja industrijske proizvodnje v finih proizvodnih delavnicah, da bi nenehno izbolj\u0161evali na\u0161o proizvodno platformo, izpopolnjevali proizvodno linijo kakovosti izdelkov in imeli mo\u010dno ustvarjalnost. Raznolike potrebe strank zadovoljujemo z na\u010deli visoke u\u010dinkovitosti, visoke natan\u010dnosti in visoke kakovosti. Med drugim ponujamo strokovno znanje, mednarodne certifikate, prilagojene storitve, proizvodno opremo in poprodajne storitve.<\/p>\n<p><img decoding=\"async\" src=\"https:\/\/www.hydraulic-cylinders.net\/wp-content\/uploads\/2025\/01\/songte-company-3.webp\" alt=\"Slika valjaste \u017elice\"><\/p>\n<p>Avtor: lyl<\/p>","protected":false},"excerpt":{"rendered":"<p>Introduction Bucket Cylinder for Baoding WY80-6 The Bucket Cylinder for Baoding WY80-6 is a type of specialized hydraulic cylinder designed primarily for controlling the movement of the bucket in heavy machinery such as excavators, backhoe excavators, and front-end loaders. Its main function is to enable the bucket to be lifted, lowered, and tilted, making it [&hellip;]<\/p>","protected":false},"featured_media":14762,"comment_status":"open","ping_status":"closed","template":"","meta":{"_et_pb_use_builder":"","_et_pb_old_content":"","_et_gb_content_width":""},"product_brand":[],"product_cat":[1494],"product_tag":[1495,1496],"class_list":{"0":"post-15955","1":"product","2":"type-product","3":"status-publish","4":"has-post-thumbnail","6":"product_cat-bucket-cylinders","7":"product_tag-bucket-cylinders","8":"product_tag-hydraulic-cylinders","10":"first","11":"instock","12":"shipping-taxable","13":"product-type-simple"},"amp_enabled":true,"_links":{"self":[{"href":"https:\/\/www.hydraulic-cylinders.net\/sl\/wp-json\/wp\/v2\/product\/15955","targetHints":{"allow":["GET"]}}],"collection":[{"href":"https:\/\/www.hydraulic-cylinders.net\/sl\/wp-json\/wp\/v2\/product"}],"about":[{"href":"https:\/\/www.hydraulic-cylinders.net\/sl\/wp-json\/wp\/v2\/types\/product"}],"replies":[{"embeddable":true,"href":"https:\/\/www.hydraulic-cylinders.net\/sl\/wp-json\/wp\/v2\/comments?post=15955"}],"wp:featuredmedia":[{"embeddable":true,"href":"https:\/\/www.hydraulic-cylinders.net\/sl\/wp-json\/wp\/v2\/media\/14762"}],"wp:attachment":[{"href":"https:\/\/www.hydraulic-cylinders.net\/sl\/wp-json\/wp\/v2\/media?parent=15955"}],"wp:term":[{"taxonomy":"product_brand","embeddable":true,"href":"https:\/\/www.hydraulic-cylinders.net\/sl\/wp-json\/wp\/v2\/product_brand?post=15955"},{"taxonomy":"product_cat","embeddable":true,"href":"https:\/\/www.hydraulic-cylinders.net\/sl\/wp-json\/wp\/v2\/product_cat?post=15955"},{"taxonomy":"product_tag","embeddable":true,"href":"https:\/\/www.hydraulic-cylinders.net\/sl\/wp-json\/wp\/v2\/product_tag?post=15955"}],"curies":[{"name":"delovni list","href":"https:\/\/api.w.org\/{rel}","templated":true}]}}