{"id":15959,"date":"2025-01-19T15:13:05","date_gmt":"2025-01-19T15:13:05","guid":{"rendered":"https:\/\/www.hydraulic-cylinders.net\/product\/bucket-cylinder-for-baoding-sc400-8\/"},"modified":"2025-01-19T15:13:07","modified_gmt":"2025-01-19T15:13:07","slug":"bucket-cylinder-for-baoding-sc400-8","status":"publish","type":"product","link":"https:\/\/www.hydraulic-cylinders.net\/sl\/izdelek\/bucket-cylinder-for-baoding-sc400-8\/","title":{"rendered":"Cilinder vedra za Baoding SC400.8"},"content":{"rendered":"<h1>Cilinder vedra za Baoding SC400.8<\/h1>\n<h2>Uvod<\/h2>\n<p>Hidravli\u010dni valj \u017elice je posebej zasnovan hidravli\u010dni valj, ki se uporablja predvsem za nadzor gibanja \u017elice v te\u017ekih strojih, kot so bagri, bagri z nakladalnimi ko\u0161arami in \u010delni nakladalniki. Njegova glavna funkcija je omogo\u010diti dvigovanje, spu\u0161\u010danje in nagibanje \u017elice, kar olaj\u0161a opravljanje razli\u010dnih nalog ravnanja z materiali. V hidravli\u010dnem sistemu valj \u017elice dose\u017ee natan\u010den nadzor gibanja \u017elice s spremembami tlaka hidravli\u010dnega olja, kar upravljavcem omogo\u010da u\u010dinkovito ravnanje s te\u017ekimi bremeni in prilagajanje kompleksnim delovnim okoljem ter raznolikim operativnim potrebam.<\/p>\n<p><img decoding=\"async\" src=\"https:\/\/www.hydraulic-cylinders.net\/wp-content\/uploads\/2025\/01\/songte-company-2.webp\" alt=\"Cilinder vedra za Baoding SC400.8\" \/><\/p>\n<h3>Zna\u010dilnosti<\/h3>\n<ul>\n<li>Visoka trdnost in vzdr\u017eljivost: obi\u010dajno izdelani iz visoko trdnega jekla ali aluminija, sposobni prenesti visok tlak in velike obremenitve ter zasnovani z upo\u0161tevanjem odpornosti proti obrabi in koroziji za podalj\u0161anje \u017eivljenjske dobe.<\/li>\n<li>U\u010dinkovito hidravli\u010dno delovanje: uporaba hidravli\u010dnega tlaka olja za doseganje gladkega iztegovanja in vle\u010denja, sposobnost hitrega odzivanja na krmilne ukaze, zagotavljanje mo\u010dne potisne in vle\u010dne sile, primerno za ravnanje s te\u017ekimi bremeni in kompleksne operativne naloge.<\/li>\n<li>Ve\u010d vrst: enosmerno delujo\u010di (hidravli\u010dni se uporablja samo v eni smeri) ali dvosmerno delujo\u010di (hidravli\u010dni se uporablja v obeh smereh) cilindri se lahko izberejo glede na operativne potrebe, nekateri modeli so teleskopski, kar omogo\u010da ve\u010dji razteg brez pove\u010danja zunanje velikosti, primerni za uporabo z omejenim prostorom.<\/li>\n<li>Lahko nadomesti hidravli\u010dne cilindre: na\u0161i izdelki lahko popolnoma nadomestijo te hidravli\u010dne cilindre. <\/li>\n<\/ul>\n<p><img decoding=\"async\" src=\"https:\/\/www.hydraulic-cylinders.net\/wp-content\/uploads\/2025\/01\/songte-cylinder-head-with-all-kinds-excavator-models.webp\" alt=\"Cilinder vedra za Baoding SC400.8\" \/><\/p>\n<h3>Aplikacije<\/h3>\n<p>Valj z \u017elico se pogosto uporablja v razli\u010dnih panogah, kot so:<\/p>\n<ul>\n<li>Gradbena oprema: Pri bagrih so bistveni za kopanje, nakladanje in premikanje zemlje ali ru\u0161evin. Pri bagrih z nakladalno glavo cilindri \u017elice pomagajo tako pri kopanju kot pri dvigovanju. <\/li>\n<li>Kmetijski stroji: uporabljajo se za \u010delne nakladalnike, zajemanje, dvigovanje in prevoz zemlje, sena in drugih materialov; bagri: cilindri \u017elice omogo\u010dajo kopanje tako, da \u017elica prodre v zemljo. <\/li>\n<li>Nakladalnik: pri \u010delnih nakladalnikih pomagajo pri dvigovanju, nagibanju in u\u010dinkovitem odlaganju blaga. <\/li>\n<\/ul>\n<h3>Oblikovalski vidiki in izbirna merila<\/h3>\n<p>Zasnova cilindra vedra je klju\u010dnega pomena za njegovo delovanje in dolgo \u017eivljenjsko dobo. Sledi nekaj bistvenih konstrukcijskih vidikov:<\/p>\n<h4>Nosilnost<\/h4>\n<p>Cilinder z \u017elico mora biti zasnovan tako, da prenese najve\u010djo obremenitev, ki jo bo naletel. Nosilnost je odvisna od velikosti, trdnosti in materiala cilindra.<\/p>\n<h4>Tesnjenje<\/h4>\n<p>Valj mora biti zatesnjen, da se prepre\u010di pu\u0161\u010danje in kontaminacija hidravli\u010dne teko\u010dine. Tesnilni sistem mora biti zasnovan iz visokokakovostnih materialov, kot sta poliuretan in nitrilna guma, da se zagotovi vzdr\u017eljivost in dolga \u017eivljenjska doba.<\/p>\n<h4>Vzdr\u017eljivost<\/h4>\n<p>Pri zasnovi cilindra vedra je treba upo\u0161tevati odpornost proti obrabi in koroziji, da se podalj\u0161a njegova \u017eivljenjska doba.<\/p>\n<h4>Varnost<\/h4>\n<p>Jeklenka mora biti zasnovana z mislijo na varnost, da se prepre\u010dijo nesre\u010de in po\u0161kodbe. Postopek namestitve mora vklju\u010devati pravilno poravnavo in uporabo ustreznih monta\u017enih nosilcev za pritrditev jeklenke.<\/p>\n<h4>Vzdr\u017eevanje<\/h4>\n<p>Cilinder vedra mora biti zasnovan za enostavno vzdr\u017eevanje in popravilo. Redni pregledi, mazanje in zamenjava tesnil so potrebni za zagotovitev optimalne zmogljivosti in dolge \u017eivljenjske dobe.<\/p>\n<p><img decoding=\"async\" src=\"https:\/\/www.hydraulic-cylinders.net\/wp-content\/uploads\/2025\/01\/songte-oil-pipes-and-spare-parts.webp\" alt=\"Cilinder vedra za Baoding SC400.8\" \/><\/p>\n<h3>Tesnjenje in mazanje<\/h3>\n<p>Za zagotovitev vzdr\u017eljivosti in dolge \u017eivljenjske dobe cilindra \u017elice so potrebni razli\u010dni tesnilni elementi, kot so tesnila bata in palice, izdelani iz visokokakovostnih materialov, kot sta poliuretan in nitrilna guma. Notranjost cilindra je treba mazati s hidravli\u010dnim oljem, da se zagotovi nemoteno delovanje in prepre\u010di obraba. Redne menjave olja so potrebne za ohranjanje pravilnega delovanja cilindra.<\/p>\n<h3>Vzdr\u017eevanje in popravila<\/h3>\n<p>Redno vzdr\u017eevanje in popravila so klju\u010dnega pomena za zagotovitev dolge \u017eivljenjske dobe cilindra vedra in optimizacijo njegovega delovanja. Sledijo obi\u010dajna vzdr\u017eevalna opravila:<\/p>\n<ul>\n<li>Redni pregled<\/li>\n<li>Pravilno mazanje<\/li>\n<li>Zamenjava tesnila<\/li>\n<\/ul>\n<p>Pravilna namestitev, mazanje in nastavitev so bistveni za optimalno delovanje. Med namestitvijo je klju\u010dnega pomena pravilna poravnava. Priporo\u010damo uporabo ustreznih monta\u017enih nosilcev za pritrditev cilindra. Ponujamo tudi nadomestne dele in storitve obnove za podalj\u0161anje \u017eivljenjske dobe cilindra vedra.<\/p>\n<p><img decoding=\"async\" src=\"https:\/\/www.hydraulic-cylinders.net\/wp-content\/uploads\/2025\/01\/songte-chushion-collar.webp\" alt=\"Cilinder vedra za Baoding SC400.8\" \/><\/p>\n<h3>Varnostni in okoljski vidiki<\/h3>\n<p>Pri uporabi cilindra z vedrom je treba upo\u0161tevati ustrezne varnostne ukrepe za prepre\u010devanje nesre\u010d in po\u0161kodb. Sledi nekaj bistvenih varnostnih ukrepov:<\/p>\n<ul>\n<li>Nosite ustrezno osebno za\u0161\u010ditno opremo<\/li>\n<li>Zagotovite pravilno namestitev in vzdr\u017eevanje<\/li>\n<li>Ne prekora\u010dite nosilnosti cilindra<\/li>\n<li>Upo\u0161tevajte vsa navodila in priporo\u010dila proizvajalca<\/li>\n<\/ul>\n<p>Pomemben dejavnik je tudi vpliv na okolje. Jeklenka z vedrom mora biti zasnovana in izdelana z mislijo na okolje, pri \u010demer je treba, kjer koli je to mogo\u010de, uporabljati trajnostne materiale in proizvodne procese.<\/p>\n<h3>Odpravljanje te\u017eav in pogoste te\u017eave<\/h3>\n<p>Te\u017eave z cilindri \u017elice lahko znatno vplivajo na delovanje te\u017eke mehanizacije. Sledi nekaj pogostih te\u017eav in njihove re\u0161itve:<\/p>\n<ul>\n<li>Pu\u0161\u010danje: Preverite tesnila in jih po potrebi zamenjajte. Prepri\u010dajte se, da so vse povezave tesne in da bat ali valj nista po\u0161kodovana.<\/li>\n<li>Po\u010dasno delovanje: Preverite hidravli\u010dni sistem glede pu\u0161\u010danja ali po\u0161kodb. Prepri\u010dajte se, da je nivo hidravli\u010dnega olja pravilen in da v sistemu ni zra\u010dnih \u017eepov.<\/li>\n<li>Cilinder se ne iztegne ali umakne: Preverite hidravli\u010dni sistem glede pu\u0161\u010danja ali po\u0161kodb. Prepri\u010dajte se, da je nivo hidravli\u010dnega olja pravilen in da v sistemu ni zra\u010dnih \u017eepov.<\/li>\n<\/ul>\n<p>Preventivno vzdr\u017eevanje je klju\u010d do izogibanja tem te\u017eavam. Redni pregledi, mazanje in zamenjava tesnil lahko pomagajo prepre\u010diti, da bi morebitne te\u017eave postale resne.<\/p>\n<p><img decoding=\"async\" src=\"https:\/\/www.hydraulic-cylinders.net\/wp-content\/uploads\/2025\/01\/songte-bushings-with-all-kinds-of-excavator-models.webp\" alt=\"Cilinder vedra za Baoding SC400.8\" \/><\/p>\n<h3>O nas<\/h3>\n<p>Smo proizvajalec nadomestnih hidravli\u010dnih cilindrov s \u0161iroko paleto izdelkov, zaradi \u010desar smo eden vodilnih proizvajalcev in veleprodajnih distributerjev hidravli\u010dnih cilindrov na doma\u010dem in mednarodnem trgu. Dr\u017eimo se na\u010dela odli\u010dne kakovosti, se zana\u0161amo na industrializirane strategije upravljanja proizvodnje v natan\u010dno izdelanih delavnicah in nenehno izbolj\u0161ujemo na\u0161e proizvodne platforme in proizvodne linije za kakovost izdelkov z uporabo tehnolo\u0161kih talentov, vrhunske digitalne proizvodne opreme in profesionalnih sistemov za testiranje. Imamo mo\u010d, da ustvarimo visoko u\u010dinkovite, visoko natan\u010dne in visokokakovostne izdelke ter zadovoljimo raznolike potrebe strank.<\/p>\n<p>Na\u0161e podjetje ponuja \u0161tevilne prednosti, med drugim:<\/p>\n<ul>\n<li>Profesionalnost<\/li>\n<li>Mednarodno certificiranje<\/li>\n<li>Storitve prilagajanja<\/li>\n<li>Napredna proizvodna oprema<\/li>\n<li>Odli\u010dna poprodajna storitev<\/li>\n<\/ul>\n<p><img decoding=\"async\" src=\"https:\/\/hzpt.com\/wp-content\/uploads\/2024\/11\/songte-company-1.webp\" alt=\"Cilinder vedra za Baoding SC400.8\" \/><\/p>\n<p>Avtor: lyl<\/p>","protected":false},"excerpt":{"rendered":"<p>Bucket Cylinder For Baoding SC400.8 Introduction A bucket cylinder is a specially designed hydraulic cylinder mainly used to control the movement of the bucket in heavy machinery such as excavators, backhoe excavators, and front loaders. Its main function is to enable the bucket to lift, lower, and tilt, making it easier to handle various material [&hellip;]<\/p>","protected":false},"featured_media":14787,"comment_status":"open","ping_status":"closed","template":"","meta":{"_et_pb_use_builder":"","_et_pb_old_content":"","_et_gb_content_width":""},"product_brand":[],"product_cat":[1494],"product_tag":[1495,1496],"class_list":{"0":"post-15959","1":"product","2":"type-product","3":"status-publish","4":"has-post-thumbnail","6":"product_cat-bucket-cylinders","7":"product_tag-bucket-cylinders","8":"product_tag-hydraulic-cylinders","10":"first","11":"instock","12":"shipping-taxable","13":"product-type-simple"},"amp_enabled":true,"_links":{"self":[{"href":"https:\/\/www.hydraulic-cylinders.net\/sl\/wp-json\/wp\/v2\/product\/15959","targetHints":{"allow":["GET"]}}],"collection":[{"href":"https:\/\/www.hydraulic-cylinders.net\/sl\/wp-json\/wp\/v2\/product"}],"about":[{"href":"https:\/\/www.hydraulic-cylinders.net\/sl\/wp-json\/wp\/v2\/types\/product"}],"replies":[{"embeddable":true,"href":"https:\/\/www.hydraulic-cylinders.net\/sl\/wp-json\/wp\/v2\/comments?post=15959"}],"wp:featuredmedia":[{"embeddable":true,"href":"https:\/\/www.hydraulic-cylinders.net\/sl\/wp-json\/wp\/v2\/media\/14787"}],"wp:attachment":[{"href":"https:\/\/www.hydraulic-cylinders.net\/sl\/wp-json\/wp\/v2\/media?parent=15959"}],"wp:term":[{"taxonomy":"product_brand","embeddable":true,"href":"https:\/\/www.hydraulic-cylinders.net\/sl\/wp-json\/wp\/v2\/product_brand?post=15959"},{"taxonomy":"product_cat","embeddable":true,"href":"https:\/\/www.hydraulic-cylinders.net\/sl\/wp-json\/wp\/v2\/product_cat?post=15959"},{"taxonomy":"product_tag","embeddable":true,"href":"https:\/\/www.hydraulic-cylinders.net\/sl\/wp-json\/wp\/v2\/product_tag?post=15959"}],"curies":[{"name":"delovni list","href":"https:\/\/api.w.org\/{rel}","templated":true}]}}