{"id":15970,"date":"2025-01-19T15:13:55","date_gmt":"2025-01-19T15:13:55","guid":{"rendered":"https:\/\/www.hydraulic-cylinders.net\/product\/bucket-cylinder-for-dasin-ds50-7\/"},"modified":"2025-01-19T15:14:00","modified_gmt":"2025-01-19T15:14:00","slug":"bucket-cylinder-for-dasin-ds50-7","status":"publish","type":"product","link":"https:\/\/www.hydraulic-cylinders.net\/sl\/izdelek\/bucket-cylinder-for-dasin-ds50-7\/","title":{"rendered":"Cilinder za Dasin DS50-7"},"content":{"rendered":"<h2>Uvod<\/h2>\n<h3>Cilinder za Dasin DS50-7<\/h3>\n<p>Hidravli\u010dni valj \u017elice je posebej zasnovan hidravli\u010dni valj, ki se uporablja predvsem za krmiljenje gibanja \u017elice v te\u017ekih strojih, kot so bagri, bagri nakladalniki in \u010delni nakladalniki. Njegova glavna funkcija je omogo\u010diti dvigovanje, spu\u0161\u010danje in nagibanje \u017elice, zaradi \u010desar je primerna za razli\u010dna opravila ravnanja z materiali. V hidravli\u010dnem sistemu valj \u017elice uporablja tlak hidravli\u010dnega olja za natan\u010dno krmiljenje \u017elice, kar upravljavcu omogo\u010da u\u010dinkovito ravnanje s te\u017ekimi bremeni, prilagajanje kompleksnim delovnim okoljem in raznolikim zahtevam dela.<\/p>\n<p><img decoding=\"async\" src=\"https:\/\/www.hydraulic-cylinders.net\/wp-content\/uploads\/2025\/01\/songte-company-2.webp\"\/><\/p>\n<h2>Zna\u010dilnosti valjastega valja za Dasin DS50-7<\/h2>\n<ul>\n<li>\n<h3>Visoka trdnost in vzdr\u017eljivost<\/h3>\n<p>Valji z \u017elico so obi\u010dajno izdelani iz visoko trdnega jekla ali aluminija, ki lahko prenese visok tlak in velike obremenitve ter se prilagodi zahtevnim delovnim okoljem. Zasnova upo\u0161teva odpornost proti obrabi in koroziji, kar podalj\u0161a \u017eivljenjsko dobo valja.<\/p>\n<\/li>\n<li>\n<h3>U\u010dinkovito hidravli\u010dno delovanje<\/h3>\n<p>Cilindri \u017elice uporabljajo tlak hidravli\u010dnega olja za doseganje gladkega iztegovanja in vle\u010denja, se hitro odzivajo na krmilne ukaze, zagotavljajo mo\u010dne potisne in vle\u010dne sile ter so primerni za ravnanje s te\u017ekimi bremeni in kompleksnimi delovnimi nalogami.<\/p>\n<\/li>\n<li>\n<h3>Razli\u010dne vrste<\/h3>\n<p>Cilindri \u017elice so lahko enosmerno delujo\u010di (hidravlika se uporablja samo v eni smeri) ali dvosmerno delujo\u010di (hidravlika se uporablja v dveh smereh) in lahko zadovoljijo razli\u010dne operativne potrebe. Nekateri modeli so teleskopski, kar omogo\u010da ve\u010dji razteg brez pove\u010danja zunanjih dimenzij, primerni za uporabo z omejenim prostorom.<\/p>\n<\/li>\n<li>\n<h3>Lahko se prilagodi<\/h3>\n<p>Na\u0161 izdelek lahko popolnoma nadomesti te hidravli\u010dne cilindre, poleg tega pa nudimo tudi storitve prilagajanja specifi\u010dnim potrebam.<\/p>\n<\/li>\n<li>\n<h3>\u0160irok spekter uporabe<\/h3>\n<p>\u017dli\u010dni cilindri se pogosto uporabljajo na razli\u010dnih podro\u010djih, kot so gradbena oprema, kmetijska mehanizacija, bagri in nakladalniki, \u010de na\u0161tejemo le nekatere. V gradbeni opremi so \u017eli\u010dni cilindri klju\u010dni za izkopavanje, nakladanje in premikanje zemlje ali ru\u0161evin. V kmetijski mehanizaciji se uporabljajo za dvigovanje in prevoz zemlje, sena in drugih materialov. V bagrih in nakladalnikih \u017eli\u010dni cilindri omogo\u010dajo kopanje, dvigovanje in odlaganje.<\/p>\n<\/li>\n<\/ul>\n<p><img decoding=\"async\" src=\"https:\/\/www.hydraulic-cylinders.net\/wp-content\/uploads\/2025\/01\/songte-cylinder-head-with-all-kinds-excavator-models.webp\"\/><\/p>\n<h2>Oblikovalski vidiki in izbirna merila<\/h2>\n<ul>\n<li>\n<h3>Nosilnost<\/h3>\n<p>Jeklenka mora imeti zadostno nosilnost, da prenese obremenitve in tlake, ki nastanejo med delovanjem.<\/p>\n<\/li>\n<li>\n<h3>Tesnjenje<\/h3>\n<p>Jeklenka mora biti ustrezno zatesnjena, da se prepre\u010di pu\u0161\u010danje olja in zagotovi zanesljivo delovanje. Uporabljamo razli\u010dne tesnilne komponente, kot so tesnilni obro\u010di bata, tesnilni obro\u010di batnice ter tesnila iz poliuretana ali nitrilne gume, ki so izdelana iz materialov, odpornih proti obrabi.<\/p>\n<\/li>\n<li>\n<h3>Vzdr\u017eljivost<\/h3>\n<p>Jeklenka mora biti izdelana iz visokokakovostnih materialov, imeti odli\u010dno odpornost proti obrabi in biti odporna proti koroziji, da se podalj\u0161a njena \u017eivljenjska doba.<\/p>\n<\/li>\n<li>\n<h3>Varnost<\/h3>\n<p>Jeklenka mora biti zasnovana z varnostnimi elementi za prepre\u010devanje nesre\u010d, kot so tla\u010dni varnostni ventili, bla\u017eilni obro\u010di in varnostne klju\u010davnice.<\/p>\n<\/li>\n<li>\n<h3>Vzdr\u017eevanje<\/h3>\n<p>Vzdr\u017eevanje valja mora biti enostavno, zamenjava delov pa hitra in enostavna. Uporabljamo visokokakovostne oljne cevi in \u200b\u200brezervne dele, ki jih je enostavno vzdr\u017eevati in zamenjati.<\/p>\n<\/li>\n<\/ul>\n<p><img decoding=\"async\" src=\"https:\/\/www.hydraulic-cylinders.net\/wp-content\/uploads\/2025\/01\/songte-oil-pipes-and-spare-parts.webp\"\/><\/p>\n<h2>Vodnik za vzdr\u017eevanje in namestitev<\/h2>\n<p>Redno vzdr\u017eevanje je klju\u010dnega pomena za zagotavljanje dolge \u017eivljenjske dobe in u\u010dinkovitosti cilindrov vedra. Tukaj je nekaj pogostih vzdr\u017eevalnih opravil:<\/p>\n<ul>\n<li>\n<h3>Redni pregled<\/h3>\n<p>Redno pregledujte valj in z njim povezane dele glede morebitnih znakov obrabe ali po\u0161kodb ter jih po potrebi zamenjajte. Preverite batnico glede ravne lege in morebitnih znakov upogibanja ali deformacije.<\/p>\n<\/li>\n<li>\n<h3>Pravilno mazanje<\/h3>\n<p>Za nemoteno delovanje in prepre\u010devanje prekomerne obrabe uporabljajte ustrezno hidravli\u010dno olje in redno ma\u017eite valj. Upo\u0161tevajte priporo\u010dila proizvajalca glede vrste in koli\u010dine olja.<\/p>\n<\/li>\n<li>\n<h3>Zamenjava tesnila in preverjanje kalibracije<\/h3>\n<p>\u010ce jeklenka pu\u0161\u010da ali ne deluje pravilno, preverite tesnila in jih po potrebi zamenjajte. Preverite kalibracijo jeklenke, da zagotovite natan\u010dno delovanje.<\/p>\n<\/li>\n<\/ul>\n<p>Pravilna namestitev je bistvenega pomena tudi za dolgo \u017eivljenjsko dobo in u\u010dinkovitost cilindra z \u017elico. Tukaj je nekaj klju\u010dnih nasvetov za namestitev:<\/p>\n<ul>\n<li>\n<h3>Pravilna poravnava<\/h3>\n<p>Prepri\u010dajte se, da je valj pravilno poravnan z opremo in da je konec palice pravilno pritrjen na vedro ali druge priklju\u010dke.<\/p>\n<\/li>\n<li>\n<h3>Uporaba monta\u017enega nosilca<\/h3>\n<p>Za pritrditev jeklenke na opremo uporabite ustrezne monta\u017ene nosilce, da prepre\u010dite premikanje ali po\u0161kodbe med delovanjem.<\/p>\n<\/li>\n<li>\n<h3>Postopki pregleda in popravila<\/h3>\n<p>Za zagotovitev varnega in u\u010dinkovitega delovanja jeklenke upo\u0161tevajte priporo\u010dene postopke pregleda, popravila in zamenjave.<\/p>\n<\/li>\n<\/ul>\n<p><img decoding=\"async\" src=\"https:\/\/www.hydraulic-cylinders.net\/wp-content\/uploads\/2025\/01\/songte-chushion-collar.webp\"\/><\/p>\n<h2>Varnostni vidiki in okoljski dejavniki<\/h2>\n<p>Valji z \u017elico delujejo pod visokim tlakom in so lahko nevarni, \u010de niso pravilno name\u0161\u010deni in upravljani. Vedno upo\u0161tevajte navodila proizvajalca in varnostne smernice, da prepre\u010dite nesre\u010de. Hidravli\u010dno olje je treba okoljsko pravilno odstraniti, da prepre\u010dite onesna\u017eenje tal in vode, valj pa je treba redno preverjati glede pu\u0161\u010danja, da prepre\u010dite razlitje olja.<\/p>\n<p><img decoding=\"async\" src=\"https:\/\/www.hydraulic-cylinders.net\/wp-content\/uploads\/2025\/01\/songte-bushings-with-all-kinds-of-excavator-models.webp\"\/><\/p>\n<h2>Odpravljanje te\u017eav in pogoste te\u017eave<\/h2>\n<p>Nekatere pogoste te\u017eave, ki se lahko pojavijo pri cilindrih \u017elice, vklju\u010dujejo pu\u0161\u010danje, neenakomerno delovanje in nezmo\u017enost iztegovanja ali vstavljanja. Nasveti za odpravljanje te\u017eav vklju\u010dujejo preverjanje tesnil, zagotavljanje ustreznega mazanja in preverjanje kalibracije cilindra.<\/p>\n<h2>O na\u0161em podjetju<\/h2>\n<p>Smo proizvajalec nadomestnih hidravli\u010dnih cilindrov, vodilni proizvajalec in veleprodajni distributer hidravli\u010dnih cilindrov na doma\u010dem in mednarodnem trgu. Dr\u017eimo se filozofije odli\u010dne kakovosti, zana\u0161amo se na industrializirano strategijo upravljanja proizvodnje s prefinjeno proizvodno delavnico, nenehno izbolj\u0161ujemo proizvodno platformo delavnice, izbolj\u0161ujemo pot kakovosti proizvodnje izdelkov in imamo mo\u010dno ustvarjalno sposobnost, da zadovoljimo raznolike potrebe strank z visoko u\u010dinkovitostjo, visoko natan\u010dnostjo in na\u010deli visoke kakovosti.<\/p>\n<p><img decoding=\"async\" src=\"https:\/\/hzpt.com\/wp-content\/uploads\/2024\/11\/songte-company-1.webp\"\/><\/p>\n<h3>Profesionalnost<\/h3>\n<p>Imamo ekipo izku\u0161enih strokovnjakov, ki so zavezani zagotavljanju visokokakovostnih re\u0161itev za hidravli\u010dne cilindre strankam.<\/p>\n<h3>Mednarodno certificiranje<\/h3>\n<p>Na\u0161i izdelki so pridobili mednarodne certifikate, kot so ISO9001, CE in ROHS, kar zagotavlja, da izpolnjujejo mednarodne standarde in zahteve.<\/p>\n<h3>Storitve prilagajanja<\/h3>\n<p>Ponujamo re\u0161itve hidravli\u010dnih cilindrov po meri, ki ustrezajo specifi\u010dnim operativnim potrebam.<\/p>\n<h3>Napredna proizvodna oprema<\/h3>\n<p>Na\u0161a proizvodna oprema je najsodobnej\u0161a, kar nam omogo\u010da u\u010dinkovito in natan\u010dno izdelavo visokokakovostnih hidravli\u010dnih cilindrov.<\/p>\n<h3>Poprodajne storitve<\/h3>\n<p>Nudimo odli\u010dno poprodajno storitev, vklju\u010dno s popravili in zamenjavo, da zagotovimo, da na\u0161e stranke prejmejo najbolj\u0161o mo\u017eno podporo.<\/p>\n<h2>Avtor<\/h2>\n<p>lyl<\/p>","protected":false},"excerpt":{"rendered":"<p>Introduction Bucket Cylinder For Dasin DS50-7 A bucket cylinder is a specially designed hydraulic cylinder used mainly to control the movement of the bucket in heavy machinery such as excavators, backhoe loaders, and front loaders. Its main function is to enable the bucket to perform lifting, lowering, and tilting, making it suitable for various material [&hellip;]<\/p>","protected":false},"featured_media":14762,"comment_status":"open","ping_status":"closed","template":"","meta":{"_et_pb_use_builder":"","_et_pb_old_content":"","_et_gb_content_width":""},"product_brand":[],"product_cat":[1494],"product_tag":[1495,1496],"class_list":{"0":"post-15970","1":"product","2":"type-product","3":"status-publish","4":"has-post-thumbnail","6":"product_cat-bucket-cylinders","7":"product_tag-bucket-cylinders","8":"product_tag-hydraulic-cylinders","10":"first","11":"instock","12":"shipping-taxable","13":"product-type-simple"},"amp_enabled":true,"_links":{"self":[{"href":"https:\/\/www.hydraulic-cylinders.net\/sl\/wp-json\/wp\/v2\/product\/15970","targetHints":{"allow":["GET"]}}],"collection":[{"href":"https:\/\/www.hydraulic-cylinders.net\/sl\/wp-json\/wp\/v2\/product"}],"about":[{"href":"https:\/\/www.hydraulic-cylinders.net\/sl\/wp-json\/wp\/v2\/types\/product"}],"replies":[{"embeddable":true,"href":"https:\/\/www.hydraulic-cylinders.net\/sl\/wp-json\/wp\/v2\/comments?post=15970"}],"wp:featuredmedia":[{"embeddable":true,"href":"https:\/\/www.hydraulic-cylinders.net\/sl\/wp-json\/wp\/v2\/media\/14762"}],"wp:attachment":[{"href":"https:\/\/www.hydraulic-cylinders.net\/sl\/wp-json\/wp\/v2\/media?parent=15970"}],"wp:term":[{"taxonomy":"product_brand","embeddable":true,"href":"https:\/\/www.hydraulic-cylinders.net\/sl\/wp-json\/wp\/v2\/product_brand?post=15970"},{"taxonomy":"product_cat","embeddable":true,"href":"https:\/\/www.hydraulic-cylinders.net\/sl\/wp-json\/wp\/v2\/product_cat?post=15970"},{"taxonomy":"product_tag","embeddable":true,"href":"https:\/\/www.hydraulic-cylinders.net\/sl\/wp-json\/wp\/v2\/product_tag?post=15970"}],"curies":[{"name":"delovni list","href":"https:\/\/api.w.org\/{rel}","templated":true}]}}