{"id":15985,"date":"2025-01-19T15:15:09","date_gmt":"2025-01-19T15:15:09","guid":{"rendered":"https:\/\/www.hydraulic-cylinders.net\/product\/bucket-cylinder-for-hengte-ht150-8\/"},"modified":"2025-01-19T15:15:11","modified_gmt":"2025-01-19T15:15:11","slug":"bucket-cylinder-for-hengte-ht150-8","status":"publish","type":"product","link":"https:\/\/www.hydraulic-cylinders.net\/sl\/izdelek\/bucket-cylinder-for-hengte-ht150-8\/","title":{"rendered":"Cilinder za Hengte HT150-8"},"content":{"rendered":"<h2>Cilinder za Hengte HT150-8<\/h2>\n<h3>Uvod<\/h3>\n<p>Hidravli\u010dni cilinder \u017elice za Hengte HT150-8 je specializiran hidravli\u010dni cilinder, zasnovan za nadzor gibanja \u017elice v te\u017ekih strojih, kot so bagri, bagri z nakladalniki in \u010delni nakladalniki. Njegova glavna funkcija je omogo\u010danje dvigovanja, spu\u0161\u010danja in nagibanja \u017elice za la\u017eje ravnanje z materialom. V hidravli\u010dnem sistemu cilinder \u017elice uporablja spremembe tlaka hidravli\u010dnega olja za doseganje natan\u010dnega nadzora \u017elice, kar upravljavcem omogo\u010da u\u010dinkovito ravnanje s te\u017ekimi bremeni in prilagajanje kompleksnim delovnim okoljem ter raznolikim zahtevam dela.<\/p>\n<p><img loading=\"lazy\" decoding=\"async\" src=\"https:\/\/www.hydraulic-cylinders.net\/wp-content\/uploads\/2025\/01\/songte-company-2.webp\" alt=\"Cilinder za Hengte HT150-8\" width=\"500\" height=\"400\"><\/p>\n<h3>Klju\u010dne lastnosti<\/h3>\n<ul>\n<li><strong>Visoka trdnost in vzdr\u017eljivost:<\/strong> Obi\u010dajno je izdelan iz visoko trdnega jekla ali aluminija, zato lahko valj z \u017elico prenese visok tlak in velike obremenitve, se prilagodi zahtevnim delovnim okoljem in je zasnovan z mislijo na odpornost proti obrabi in koroziji, kar podalj\u0161a njegovo \u017eivljenjsko dobo.<\/li>\n<li><strong>U\u010dinkovito hidravli\u010dno delovanje:<\/strong> Z uporabo tlaka hidravli\u010dnega olja lahko valj dose\u017ee gladko iztegovanje in vle\u010denje, se hitro odziva na krmilne ukaze, zagotavlja mo\u010dne potisne in vle\u010dne sile ter je primeren za ravnanje s te\u017ekimi bremeni in kompleksnimi delovnimi nalogami.<\/li>\n<li><strong>Razli\u010dne vrste:<\/strong> Glede na operativne zahteve je mogo\u010de izbrati enosmerno delujo\u010de (hidravli\u010dni pogon se uporablja samo v eni smeri) ali dvosmerno delujo\u010de (hidravli\u010dni pogon se uporablja v obeh smereh) cilindre. Nekateri modeli so teleskopski, kar omogo\u010da ve\u010dji razteg brez pove\u010danja zunanjih dimenzij, zaradi \u010desar so primerni za uporabo z omejenim prostorom.<\/li>\n<li><strong>Zamenjajte druge hidravli\u010dne cilindre:<\/strong> Na\u0161 izdelek je popolna zamenjava za te hidravli\u010dne cilindre.<\/li>\n<\/ul>\n<p><img loading=\"lazy\" decoding=\"async\" src=\"https:\/\/www.hydraulic-cylinders.net\/wp-content\/uploads\/2025\/01\/songte-cylinder-head-with-all-kinds-excavator-models.webp\" alt=\"Cilinder za Hengte HT150-8\" width=\"500\" height=\"400\"><\/p>\n<h3>Aplikacije<\/h3>\n<p><strong>Gradbena oprema:<\/strong> Pri bagrih so bistveni za izkopavanje, nakladanje in premikanje zemlje ali ru\u0161evin. Pri bagrih z nakladalnim strojem cilinder \u017elice pomaga pri izkopavanju in dvigovanju. Pri \u010delnih nakladalnikih pomagajo pri u\u010dinkovitem dvigovanju in odlaganju blaga.<\/p>\n<p><strong>Kmetijska mehanizacija:<\/strong> Uporabljajo se v \u010delnih nakladalnikih, kjer pobirajo, dvigujejo in preva\u017eajo zemljo, seno in druge materiale. Pri bagrih cilinder \u017elice omogo\u010da kopanje, saj \u017elici omogo\u010da, da prodre v tla.<\/p>\n<h3>Oblikovalski vidiki in izbirna merila<\/h3>\n<ul>\n<li><strong>Nosilnost:<\/strong> Da bi zagotovili, da bo valj prenesel velike obremenitve, je treba za njegovo izdelavo uporabiti visoko trdne materiale.<\/li>\n<li><strong>Tesnjenje in vzdr\u017eljivost:<\/strong> Za tesnila je treba uporabiti materiale, kot sta poliuretan in nitrilni kav\u010duk, da se zagotovi odpornost proti obrabi. Telo valja in povr\u0161ina navoja morata biti fino obdelana, da se izbolj\u0161a odpornost proti obrabi. Potrebno je redno mazanje s hidravli\u010dnim oljem.<\/li>\n<li><strong>Varnost in vzdr\u017eevanje:<\/strong> Varnost je treba zagotoviti s pravilno namestitvijo in vzdr\u017eevanjem. \u010ce je treba jeklenko razstaviti, je treba to storiti na varen na\u010din. Poleg tega morajo biti nadomestni deli zlahka dostopni, na voljo pa morajo biti tudi storitve obnove.<\/li>\n<\/ul>\n<p><img loading=\"lazy\" decoding=\"async\" src=\"https:\/\/www.hydraulic-cylinders.net\/wp-content\/uploads\/2025\/01\/songte-oil-pipes-and-spare-parts.webp\" alt=\"Cilinder za Hengte HT150-8\" width=\"500\" height=\"400\"><\/p>\n<h3>Vzdr\u017eevanje<\/h3>\n<p>Redno vzdr\u017eevanje je potrebno za zagotovitev dolge \u017eivljenjske dobe in pravilnega delovanja cilindra vedra.<\/p>\n<ul>\n<li><strong>Redni pregled:<\/strong> Redno pregledujte jeklenko glede pu\u0161\u010danja, po\u0161kodb in obrabe.<\/li>\n<li><strong>Pravilno mazanje:<\/strong> Redno ma\u017eite valj, da zagotovite pravilno delovanje.<\/li>\n<li><strong>Zamenjava tesnila:<\/strong> Tesnila zamenjajte, ko se obrabijo ali po\u0161kodujejo, da prepre\u010dite pu\u0161\u010danje.<\/li>\n<li><strong>Preverjanje kalibracije:<\/strong> Redno preverjajte kalibracijo cilindra, da zagotovite pravilno delovanje.<\/li>\n<\/ul>\n<p><img loading=\"lazy\" decoding=\"async\" src=\"https:\/\/www.hydraulic-cylinders.net\/wp-content\/uploads\/2025\/01\/songte-chushion-collar.webp\" alt=\"Cilinder za Hengte HT150-8\" width=\"500\" height=\"400\"><\/p>\n<h3>Varnostni vidiki in okoljski dejavniki<\/h3>\n<p>Pri uporabi jeklenke z vedrom je pomembno upo\u0161tevati varnostne ukrepe, da prepre\u010dite nesre\u010de. Okoljski dejavniki, kot sta temperatura in vla\u017enost, lahko vplivajo na delovanje jeklenke, zato jo je treba shranjevati v suhem in \u010distem okolju.<\/p>\n<h3>Diagnoza in odpravljanje te\u017eav<\/h3>\n<p>Pogoste te\u017eave z valjem vedra vklju\u010dujejo pu\u0161\u010danje, po\u0161kodbe tesnil in napake pri kalibraciji. Odpravljanje te\u017eav je treba izvajati varno in u\u010dinkovito, sprejeti pa je treba tudi preventivne ukrepe za zmanj\u0161anje morebitnih te\u017eav.<\/p>\n<p><img loading=\"lazy\" decoding=\"async\" src=\"https:\/\/www.hydraulic-cylinders.net\/wp-content\/uploads\/2025\/01\/songte-bushings-with-all-kinds-of-excavator-models.webp\" alt=\"Cilinder za Hengte HT150-8\" width=\"500\" height=\"400\"><\/p>\n<h3>O na\u0161em podjetju<\/h3>\n<p>Smo proizvajalec nadomestnih hidravli\u010dnih cilindrov s celotno paleto izdelkov. Postali smo eden vodilnih proizvajalcev in veleprodajnih trgovcev s hidravli\u010dnimi cilindri na doma\u010dem in mednarodnem trgu. V na\u0161i natan\u010dno izdelani proizvodni delavnici se dr\u017eimo na\u010dela odli\u010dne kakovosti in se zana\u0161amo na industrializirane strategije upravljanja proizvodnje. Z uporabo tehni\u010dnih talentov, vrhunske digitalne proizvodne opreme in profesionalnih sistemov testiranja nenehno izbolj\u0161ujemo na\u0161o proizvodno platformo, izpopolnjujemo na\u0161e proizvodne poti za kakovost izdelkov in imamo mo\u010dne inovativne zmogljivosti. Raznolike potrebe na\u0161ih strank zadovoljujemo z u\u010dinkovitimi, natan\u010dnimi in visokokakovostnimi storitvami.<\/p>\n<p>Specializirani smo za mednarodno certificiranje, prilagojene storitve, proizvodno opremo in poprodajne storitve.<\/p>\n<p><img loading=\"lazy\" decoding=\"async\" src=\"https:\/\/hzpt.com\/wp-content\/uploads\/2024\/11\/songte-company-1.webp\" alt=\"Cilinder za Hengte HT150-8\" width=\"500\" height=\"400\"><\/p>\n<p><em>Avtor: lyl<\/em><\/p>","protected":false},"excerpt":{"rendered":"<p>Bucket Cylinder for Hengte HT150-8 Introduction The bucket cylinder for Hengte HT150-8 is a specialized hydraulic cylinder designed to control the movement of the bucket in heavy machinery such as excavators, backhoe excavators, and front-end loaders. Its primary function is to allow the bucket to be lifted, lowered, and tilted for easy material handling. In [&hellip;]<\/p>","protected":false},"featured_media":14762,"comment_status":"open","ping_status":"closed","template":"","meta":{"_et_pb_use_builder":"","_et_pb_old_content":"","_et_gb_content_width":""},"product_brand":[],"product_cat":[1494],"product_tag":[1495,1496],"class_list":{"0":"post-15985","1":"product","2":"type-product","3":"status-publish","4":"has-post-thumbnail","6":"product_cat-bucket-cylinders","7":"product_tag-bucket-cylinders","8":"product_tag-hydraulic-cylinders","10":"first","11":"instock","12":"shipping-taxable","13":"product-type-simple"},"amp_enabled":true,"_links":{"self":[{"href":"https:\/\/www.hydraulic-cylinders.net\/sl\/wp-json\/wp\/v2\/product\/15985","targetHints":{"allow":["GET"]}}],"collection":[{"href":"https:\/\/www.hydraulic-cylinders.net\/sl\/wp-json\/wp\/v2\/product"}],"about":[{"href":"https:\/\/www.hydraulic-cylinders.net\/sl\/wp-json\/wp\/v2\/types\/product"}],"replies":[{"embeddable":true,"href":"https:\/\/www.hydraulic-cylinders.net\/sl\/wp-json\/wp\/v2\/comments?post=15985"}],"wp:featuredmedia":[{"embeddable":true,"href":"https:\/\/www.hydraulic-cylinders.net\/sl\/wp-json\/wp\/v2\/media\/14762"}],"wp:attachment":[{"href":"https:\/\/www.hydraulic-cylinders.net\/sl\/wp-json\/wp\/v2\/media?parent=15985"}],"wp:term":[{"taxonomy":"product_brand","embeddable":true,"href":"https:\/\/www.hydraulic-cylinders.net\/sl\/wp-json\/wp\/v2\/product_brand?post=15985"},{"taxonomy":"product_cat","embeddable":true,"href":"https:\/\/www.hydraulic-cylinders.net\/sl\/wp-json\/wp\/v2\/product_cat?post=15985"},{"taxonomy":"product_tag","embeddable":true,"href":"https:\/\/www.hydraulic-cylinders.net\/sl\/wp-json\/wp\/v2\/product_tag?post=15985"}],"curies":[{"name":"delovni list","href":"https:\/\/api.w.org\/{rel}","templated":true}]}}