{"id":16000,"date":"2025-01-19T15:16:29","date_gmt":"2025-01-19T15:16:29","guid":{"rendered":"https:\/\/www.hydraulic-cylinders.net\/product\/bucket-cylinder-for-yigong-cy330lc-8\/"},"modified":"2025-01-19T15:16:31","modified_gmt":"2025-01-19T15:16:31","slug":"bucket-cylinder-for-yigong-cy330lc-8","status":"publish","type":"product","link":"https:\/\/www.hydraulic-cylinders.net\/sl\/izdelek\/bucket-cylinder-for-yigong-cy330lc-8\/","title":{"rendered":"Cilinder za vedro za Yigong CY330LC-8"},"content":{"rendered":"<h1>Cilinder za vedro za Yigong CY330LC-8<\/h1>\n<h2>Uvod<\/h2>\n<p>Hidravli\u010dni valj \u017elice je posebej zasnovan hidravli\u010dni valj, ki se uporablja za nadzor gibanja \u017elice v te\u017ekih strojih, kot so bagri, bagri nakladalniki in \u010delni nakladalniki. Njegova glavna funkcija je omogo\u010danje dvigovanja, spu\u0161\u010danja in nagibanja \u017elice, zaradi \u010desar je priro\u010dna za razli\u010dna opravila ravnanja z materiali. V hidravli\u010dnem sistemu valj \u017elice dose\u017ee natan\u010den nadzor nad \u017elico z izkori\u0161\u010danjem sprememb tlaka hidravli\u010dnega olja, kar omogo\u010da upravljavcem u\u010dinkovito ravnanje s te\u017ekimi bremeni in prilagajanje kompleksnim delovnim okoljem ter raznolikim zahtevam dela.<\/p>\n<p><img decoding=\"async\" src=\"https:\/\/www.hydraulic-cylinders.net\/wp-content\/uploads\/2025\/01\/songte-company-2.webp\"><\/p>\n<h2>Zna\u010dilnosti<\/h2>\n<ul>\n<li><strong>Visoka trdnost in vzdr\u017eljivost:<\/strong> Obi\u010dajno je izdelan iz visoko trdnega jekla ali aluminija in lahko prenese visok tlak in velike obremenitve, s \u010dimer se prilagodi te\u017ekim delovnim pogojem. Njegova zasnova upo\u0161teva odpornost proti obrabi in koroziji, kar podalj\u0161uje njegovo \u017eivljenjsko dobo.<\/li>\n<li><strong>U\u010dinkovito hidravli\u010dno delovanje:<\/strong> Z uporabo tlaka hidravli\u010dnega olja dose\u017ee valj \u017elice gladko iztegovanje in vle\u010denje, kar omogo\u010da hiter odziv na krmilne ukaze in zagotavlja mo\u010dno potisno in vle\u010dno silo, primerno za ravnanje s te\u017ekimi bremeni in kompleksnimi delovnimi nalogami.<\/li>\n<li><strong>Ve\u010d vrst:<\/strong> Valj \u017elice je lahko glede na zahteve enosmerno delujo\u010d (hidravli\u010dni tlak se uporablja samo v eni smeri) ali dvosmerno delujo\u010d (hidravli\u010dni tlak se uporablja v obeh smereh), kar izpolnjuje razli\u010dne operativne potrebe. Nekateri modeli so teleskopski, kar omogo\u010da ve\u010dji razteg brez pove\u010danja zunanjih dimenzij, zaradi \u010desar so primerni za uporabo v omejenem prostoru.<\/li>\n<li><strong>Zamenljivost:<\/strong> Na\u0161i izdelki lahko popolnoma nadomestijo te hidravli\u010dne cilindre.<\/li>\n<\/ul>\n<p><img decoding=\"async\" src=\"https:\/\/www.hydraulic-cylinders.net\/wp-content\/uploads\/2025\/01\/songte-cylinder-head-with-all-kinds-excavator-models.webp\"><\/p>\n<h2>Aplikacije<\/h2>\n<h3>Gradbena oprema<\/h3>\n<p>Pri bagrih so bistveni za kopanje, nakladanje in premikanje zemlje ali ru\u0161evin. Pri bagrih nakladalnikih cilinder \u017elice pomaga tako pri izkopavanju kot pri dvigovanju.<\/p>\n<h3>Kmetijska mehanizacija<\/h3>\n<p>Uporablja se v \u010delnih nakladalnikih za zajemanje, dvigovanje in prevoz zemlje, sena in drugih materialov.<\/p>\n<h3>Bagri<\/h3>\n<p>Cilinder \u017elice omogo\u010da kopanje, saj \u017elici omogo\u010da prodiranje v zemljo.<\/p>\n<h3>Nakladalci<\/h3>\n<p>Pri \u010delnih nakladalnikih pomagajo pri u\u010dinkovitem dvigovanju in razkladanju tovora.<\/p>\n<p><img decoding=\"async\" src=\"https:\/\/www.hydraulic-cylinders.net\/wp-content\/uploads\/2025\/01\/songte-oil-pipes-and-spare-parts.webp\"><\/p>\n<h2>Oblikovalski vidiki in izbirna merila<\/h2>\n<ul>\n<li><strong>Nosilnost:<\/strong> Cilinder \u017elice je zasnovan tako, da prenese dolo\u010dene obremenitve.<\/li>\n<li><strong>Tesnjenje:<\/strong> Uporabljajo se razli\u010dna tesnila, kot so tesnila bata in tesnila batnic, iz materialov, odpornih proti obrabi, kot sta poliuretan in nitrilna guma. Telo valja in navojni konci so fino obdelani za izbolj\u0161anje odpornosti proti obrabi.<\/li>\n<li><strong>Vzdr\u017eljivost:<\/strong> Cilinder \u017elice je izdelan tako, da prenese zahteve te\u017ekih delovnih okolij in zagotavlja dolgotrajno delovanje.<\/li>\n<li><strong>Varnost:<\/strong> Med postopkom na\u010drtovanja se upo\u0161tevajo varnostni vidiki, da se zagotovi zanesljivo delovanje cilindra vedra.<\/li>\n<li><strong>Vzdr\u017eevanje:<\/strong> Cilinder vedra je zasnovan za enostavno vzdr\u017eevanje, kar omogo\u010da u\u010dinkovito servisiranje in popravila, kadar je to potrebno.<\/li>\n<\/ul>\n<p><img decoding=\"async\" src=\"https:\/\/www.hydraulic-cylinders.net\/wp-content\/uploads\/2025\/01\/songte-chushion-collar.webp\"><\/p>\n<h2>Tesnjenje in mazanje<\/h2>\n<p>Valj \u017elice uporablja razli\u010dna tesnila, kot so tesnila bata in tesnila palice, izdelana iz materialov, odpornih proti obrabi, kot sta poliuretan in nitrilna guma. Telo valja in navojni konci so fino obdelani za ve\u010djo odpornost proti obrabi. Za nemoteno delovanje je potrebno redno mazanje z ustrezno koli\u010dino hidravli\u010dnega olja.<\/p>\n<h2>Redni pregledi in preventivno vzdr\u017eevanje<\/h2>\n<ul>\n<li>Redno pregledujte valj \u017elice glede morebitnih znakov po\u0161kodb ali obrabe.<\/li>\n<li>Zagotovite ustrezno mazanje vseh gibljivih delov.<\/li>\n<li>Za optimalno delovanje po potrebi zamenjajte tesnila.<\/li>\n<li>Za zagotovitev natan\u010dnega delovanja izvedite kalibracijske preglede.<\/li>\n<\/ul>\n<p><img decoding=\"async\" src=\"https:\/\/www.hydraulic-cylinders.net\/wp-content\/uploads\/2025\/01\/songte-bushings-with-all-kinds-of-excavator-models.webp\"><\/p>\n<h2>Varnostni vidiki in okoljski dejavniki<\/h2>\n<p>Pri uporabi cilindra z \u017elico je pomembno upo\u0161tevati varnostne ukrepe za zagotovitev dobrega po\u010dutja upravljavcev in prepre\u010devanje nesre\u010d. Pri rokovanju s te\u017ekimi bremeni in upravljanju strojev je treba upo\u0161tevati varnostne ukrepe.<\/p>\n<h2>Odpravljanje te\u017eav in pogoste te\u017eave<\/h2>\n<p>Pogoste te\u017eave, ki se lahko pojavijo z valjem \u017elice, vklju\u010dujejo pu\u0161\u010danje, nezadostno mo\u010d in nenavadne gibe. Na voljo so nasveti in re\u0161itve za odpravljanje te\u017eav, ki bralcem pomagajo u\u010dinkovito diagnosticirati in odpraviti te\u017eave. Poleg tega so predlagani preventivni ukrepi za zmanj\u0161anje morebitnih te\u017eav.<\/p>\n<p><img decoding=\"async\" src=\"https:\/\/www.hydraulic-cylinders.net\/wp-content\/uploads\/2025\/01\/songte-company-1.webp\"><\/p>\n<h2>Vzdr\u017eevalna opravila<\/h2>\n<ul>\n<li>Redni pregledi<\/li>\n<li>Pravilno mazanje<\/li>\n<li>Zamenjava tesnil<\/li>\n<li>Preverjanja kalibracije<\/li>\n<\/ul>\n<p>Pravilna namestitev, mazanje in nastavitev so klju\u010dnega pomena, zato so na voljo navodila za pravilno poravnavo cilindra med namestitvijo. Priporo\u010dljiva je uporaba ustreznih monta\u017enih nosilcev za pritrditev cilindra. Navedeni so priporo\u010deni postopki pregleda, popravila in zamenjave ter nasveti za podalj\u0161anje \u017eivljenjske dobe cilindra z \u017elico.<\/p>\n<p><img decoding=\"async\" src=\"https:\/\/www.hydraulic-cylinders.net\/wp-content\/uploads\/2025\/01\/songte-company-3.webp\"><\/p>\n<h2>O na\u0161em podjetju<\/h2>\n<p>Smo proizvajalec nadomestnih hidravli\u010dnih cilindrov in ponujamo \u0161iroko paleto izdelkov. Smo eden vodilnih proizvajalcev in veleprodajnih distributerjev hidravli\u010dnih cilindrov na doma\u010dem in mednarodnem trgu. Dr\u017eimo se na\u010dela odli\u010dne kakovosti in se zana\u0161amo na industrializirane strategije upravljanja proizvodnje v dobro opremljenih proizvodnih delavnicah. S poudarkom na tehnolo\u0161kih talentih, vrhunski digitalni proizvodni opremi in profesionalnih sistemih testiranja nenehno izbolj\u0161ujemo na\u0161o proizvodno platformo, izpopolnjujemo proizvodno pot kakovosti izdelkov in imamo mo\u010dne ustvarjalne sposobnosti. Na\u0161 cilj je zadovoljiti raznolike potrebe strank z visoko u\u010dinkovitostjo, natan\u010dnostjo in kakovostjo.<\/p>","protected":false},"excerpt":{"rendered":"<p>Bucket Cylinder For Yigong CY330LC-8 Introduction The bucket cylinder is a specially designed hydraulic cylinder used to control the movement of the bucket in heavy machinery such as excavators, backhoe loaders, and front loaders. Its main function is to allow the bucket to lift, lower, and tilt, making it convenient for various material handling tasks. [&hellip;]<\/p>","protected":false},"featured_media":14762,"comment_status":"open","ping_status":"closed","template":"","meta":{"_et_pb_use_builder":"","_et_pb_old_content":"","_et_gb_content_width":""},"product_brand":[],"product_cat":[1494],"product_tag":[1495,1496],"class_list":{"0":"post-16000","1":"product","2":"type-product","3":"status-publish","4":"has-post-thumbnail","6":"product_cat-bucket-cylinders","7":"product_tag-bucket-cylinders","8":"product_tag-hydraulic-cylinders","10":"first","11":"instock","12":"shipping-taxable","13":"product-type-simple"},"amp_enabled":true,"_links":{"self":[{"href":"https:\/\/www.hydraulic-cylinders.net\/sl\/wp-json\/wp\/v2\/product\/16000","targetHints":{"allow":["GET"]}}],"collection":[{"href":"https:\/\/www.hydraulic-cylinders.net\/sl\/wp-json\/wp\/v2\/product"}],"about":[{"href":"https:\/\/www.hydraulic-cylinders.net\/sl\/wp-json\/wp\/v2\/types\/product"}],"replies":[{"embeddable":true,"href":"https:\/\/www.hydraulic-cylinders.net\/sl\/wp-json\/wp\/v2\/comments?post=16000"}],"wp:featuredmedia":[{"embeddable":true,"href":"https:\/\/www.hydraulic-cylinders.net\/sl\/wp-json\/wp\/v2\/media\/14762"}],"wp:attachment":[{"href":"https:\/\/www.hydraulic-cylinders.net\/sl\/wp-json\/wp\/v2\/media?parent=16000"}],"wp:term":[{"taxonomy":"product_brand","embeddable":true,"href":"https:\/\/www.hydraulic-cylinders.net\/sl\/wp-json\/wp\/v2\/product_brand?post=16000"},{"taxonomy":"product_cat","embeddable":true,"href":"https:\/\/www.hydraulic-cylinders.net\/sl\/wp-json\/wp\/v2\/product_cat?post=16000"},{"taxonomy":"product_tag","embeddable":true,"href":"https:\/\/www.hydraulic-cylinders.net\/sl\/wp-json\/wp\/v2\/product_tag?post=16000"}],"curies":[{"name":"delovni list","href":"https:\/\/api.w.org\/{rel}","templated":true}]}}