{"id":16002,"date":"2025-01-19T15:16:38","date_gmt":"2025-01-19T15:16:38","guid":{"rendered":"https:\/\/www.hydraulic-cylinders.net\/product\/bucket-cylinder-for-xiniu-xn63180\/"},"modified":"2025-01-19T15:16:40","modified_gmt":"2025-01-19T15:16:40","slug":"bucket-cylinder-for-xiniu-xn63180","status":"publish","type":"product","link":"https:\/\/www.hydraulic-cylinders.net\/sl\/izdelek\/bucket-cylinder-for-xiniu-xn63180\/","title":{"rendered":"Valj \u017elice za Xiniu XN63180"},"content":{"rendered":"<h1>Valj \u017elice za Xiniu XN63180<\/h1>\n<h2>Uvod<\/h2>\n<p>Hidravli\u010dni cilinder, znan tudi kot hidravli\u010dni cilinder, je posebej zasnovan za te\u017eke stroje, kot so bagri, bagri in nakladalniki. Njegova glavna funkcija je nadzor gibanja \u017elice, kar omogo\u010da dvigovanje, spu\u0161\u010danje in nagibanje, zaradi \u010desar je primeren za razli\u010dna opravila ravnanja z materiali. V hidravli\u010dnem sistemu cilinder \u017elice natan\u010dno nadzoruje gibanje \u017elice s spreminjanjem tlaka hidravli\u010dnega olja, kar omogo\u010da upravljavcem u\u010dinkovito ravnanje s te\u017ekimi bremeni in prilagajanje kompleksnim delovnim okoljem ter raznolikim zahtevam dela.<\/p>\n<p><img decoding=\"async\" src=\"https:\/\/www.hydraulic-cylinders.net\/wp-content\/uploads\/2025\/01\/songte-company-2.webp\"><\/p>\n<h2>Zna\u010dilnosti<\/h2>\n<ul>\n<li><strong>Visoka trdnost in vzdr\u017eljivost<\/strong>Obi\u010dajno je izdelan iz visoko trdnega jekla ali aluminija in lahko prenese visok tlak in velike obremenitve, s \u010dimer se prilagaja zahtevnim delovnim okoljem. Njegova zasnova upo\u0161teva odpornost proti obrabi in koroziji, kar podalj\u0161uje njegovo \u017eivljenjsko dobo.<\/li>\n<li><strong>U\u010dinkovito hidravli\u010dno delovanje<\/strong>Z izkori\u0161\u010danjem tlaka hidravli\u010dnega olja dose\u017ee valj \u017elice gladko iztegovanje in vle\u010denje, se hitro odziva na ukaze za upravljanje in zagotavlja mo\u010dno potisno in vle\u010dno silo, zaradi \u010desar je primeren za ravnanje s te\u017ekimi bremeni in kompleksnimi delovnimi nalogami.<\/li>\n<li><strong>Razli\u010dne vrste<\/strong>Cilinder \u017elice je lahko enosmerno delujo\u010d (hidravli\u010dno delovanje samo v eni smeri) ali dvosmerno delujo\u010d (hidravli\u010dno delovanje v dveh smereh), odvisno od operativnih zahtev. Nekateri modeli so teleskopski, kar omogo\u010da ve\u010dji razteg brez pove\u010danja zunanjih dimenzij, zaradi \u010desar so primerni za uporabo v omejenem prostoru.<\/li>\n<li><strong>Zamenjava izdelka<\/strong>Na\u0161i izdelki lahko popolnoma nadomestijo te hidravli\u010dne cilindre.<\/li>\n<\/ul>\n<p><img decoding=\"async\" src=\"https:\/\/www.hydraulic-cylinders.net\/wp-content\/uploads\/2025\/01\/songte-cylinder-head-with-all-kinds-excavator-models.webp\"><\/p>\n<h2>Aplikacije<\/h2>\n<p>Valj z \u017elico se pogosto uporablja v razli\u010dnih panogah, vklju\u010dno z:<\/p>\n<ul>\n<li><strong>Gradbena oprema<\/strong>Pri bagrih je cilinder \u017elice bistvenega pomena za kopanje, nakladanje in premikanje zemlje ali ru\u0161evin. Pri bagrih cilinder \u017elice pomaga tako pri kopanju kot pri dvigovanju. Pri nakladalnikih pomaga pri u\u010dinkovitem dvigovanju in odlaganju blaga.<\/li>\n<li><strong>Kmetijska mehanizacija<\/strong>Uporablja se za \u010delne nakladalnike, dvigovanje in prevoz zemlje, sena in drugih materialov. Pri bagrih cilinder \u017elice dose\u017ee kopanje tako, da \u017elici omogo\u010di prodiranje v zemljo. <\/li>\n<\/ul>\n<p>Za vsako aplikacijo opis klju\u010dne besede ni kraj\u0161i od 200 besed.<\/p>\n<h2>Oblikovalski vidiki in izbirna merila<\/h2>\n<p>Pri zasnovi cilindra vedra je treba upo\u0161tevati nosilnost, tesnjenje, vzdr\u017eljivost, varnost in vzdr\u017eevanje. Klju\u010dne to\u010dke razprave vklju\u010dujejo:<\/p>\n<ul>\n<li><strong>Nosilnost<\/strong>Nosilnost cilindra \u017elice je bistvenega pomena za te\u017eke stroje in jo je treba izbrati glede na posebne zahteve uporabe.<\/li>\n<li><strong>Tesnjenje<\/strong>Za prepre\u010devanje pu\u0161\u010danja olja, ki lahko povzro\u010di okvaro strojev, se uporabljajo razli\u010dni tesnilni elementi, kot so tesnila bata in ojnice. Za odpornost proti obrabi se uporabljajo materiali, kot sta poliuretan in nitrilna guma.<\/li>\n<li><strong>Vzdr\u017eljivost<\/strong>Vzdr\u017eljivost cilindra \u017elice je klju\u010dnega pomena, njegovi deli pa morajo biti zasnovani in izdelani iz visokokakovostnih materialov, da prenesejo zahtevna okolja, zmanj\u0161ajo obrabo in podalj\u0161ajo njegovo \u017eivljenjsko dobo.<\/li>\n<li><strong>Varnost<\/strong>Zasnova cilindra vedra mora dati prednost varnosti in mora biti opremljen z varnostnimi ventili, da se prepre\u010di po\u0161kodbe zaradi prekomernega tlaka ali obremenitve.<\/li>\n<li><strong>Vzdr\u017eevanje<\/strong>Zasnova cilindra \u017elice mora upo\u0161tevati vzdr\u017eevanje kot del njegovega \u017eivljenjskega cikla, kar lahko vklju\u010duje enostavno razstavljanje, zamenjavo in popravilo.<\/li>\n<\/ul>\n<p><img decoding=\"async\" src=\"https:\/\/www.hydraulic-cylinders.net\/wp-content\/uploads\/2025\/01\/songte-oil-pipes-and-spare-parts.webp\"><\/p>\n<h2>Tesnjenje in mazanje<\/h2>\n<p>Za prepre\u010devanje pu\u0161\u010danja olja in zagotavljanje u\u010dinkovitega delovanja cilindra \u017elice so potrebna razli\u010dna tesnila, kot so tesnila bata in tesnila palice. Tesnila so izdelana iz materialov, kot sta poliuretan in nitrilna guma, da so odporna proti obrabi. Telo cilindra in navojna kon\u010dna povr\u0161ina sta fino obdelana za izbolj\u0161anje odpornosti proti obrabi. Za nemoteno delovanje je potrebno redno mazanje z ustrezno koli\u010dino hidravli\u010dnega olja.<\/p>\n<h2>Pregledi in preventivni vzdr\u017eevalni ukrepi<\/h2>\n<p>Redni pregledi in preventivni vzdr\u017eevalni ukrepi so bistveni za podalj\u0161anje \u017eivljenjske dobe valja vedra. Klju\u010dni ukrepi vklju\u010dujejo:<\/p>\n<ul>\n<li><strong>Redni pregled<\/strong>Redni pregledi cilindra vedra vam bodo omogo\u010dili zgodnje odkrivanje morebitnih te\u017eav in njihovo odpravljanje, preden se stopnjujejo.<\/li>\n<li><strong>Mazanje<\/strong>Redno preverjajte in ma\u017eite valj \u017elice, da zagotovite njegovo nemoteno delovanje.<\/li>\n<li><strong>Zamenjava tesnila in preverjanje kalibracije<\/strong>: Redno menjajte obrabljena tesnila in preverjajte umerjanje, da ohranite u\u010dinkovitost valja.<\/li>\n<\/ul>\n<p>Za vsako to\u010dko opis ni kraj\u0161i od 200 besed.<\/p>\n<p><img decoding=\"async\" src=\"https:\/\/www.hydraulic-cylinders.net\/wp-content\/uploads\/2025\/01\/songte-chushion-collar.webp\"><\/p>\n<h2>Varnostni vidiki in okoljski dejavniki<\/h2>\n<p>Pri uporabi cilindra z vedrom so varnostni ukrepi klju\u010dnega pomena za prepre\u010devanje nesre\u010d. Vedno upo\u0161tevajte navodila in smernice proizvajalca za namestitev, delovanje in vzdr\u017eevanje. Okoljski dejavniki, kot so temperatura, vla\u017enost in kakovost zraka, lahko vplivajo na u\u010dinkovitost in \u017eivljenjsko dobo cilindra z vedrom. Razmislite o ustreznih preventivnih ukrepih za varno delovno okolje.<\/p>\n<h2>Odpravljanje te\u017eav in pogoste te\u017eave<\/h2>\n<p>Pogoste te\u017eave, ki se lahko pojavijo z valjem \u017elice, vklju\u010dujejo pu\u0161\u010danje olja, po\u0161kodbe tesnil in zmanj\u0161ano u\u010dinkovitost. Ukrepi za odpravljanje te\u017eav vklju\u010dujejo pregled tesnil, prepoznavanje in popravilo pu\u0161\u010danj ter zamenjavo obrabljenih delov ali tesnil. Preventivni ukrepi vklju\u010dujejo redni pregled, mazanje in zamenjavo obrabljenih delov.<\/p>\n<p><img decoding=\"async\" src=\"https:\/\/www.hydraulic-cylinders.net\/wp-content\/uploads\/2025\/01\/songte-bushings-with-all-kinds-of-excavator-models.webp\"><\/p>\n<h2>O na\u0161em podjetju<\/h2>\n<p>Smo proizvajalec nadomestnih hidravli\u010dnih cilindrov s celotno paleto izdelkov in smo eden vodilnih proizvajalcev in veletrgovcev s hidravli\u010dnimi cilindri na doma\u010dem in mednarodnem trgu. Sledimo na\u010delu odli\u010dne kakovosti in se zana\u0161amo na strategijo upravljanja proizvodnje v industriji, ki temelji na sofisticiranih proizvodnih delavnicah, nenehno izbolj\u0161ujemo proizvodno platformo na\u0161ih delavnic, izbolj\u0161ujemo kakovost proizvodnje izdelkov in imamo mo\u010dno ustvarjalno sposobnost. Na\u0161 cilj je zadovoljiti raznolike potrebe strank z visoko u\u010dinkovitostjo, visoko natan\u010dnostjo in visokokakovostnimi na\u010deli.<\/p>\n<h3>Profesionalnost<\/h3>\n<p>Imamo profesionalne in izku\u0161ene tehni\u010dne talente, celoten nabor napredne proizvodne opreme in profesionalni sistem zaznavanja, ki zagotavlja kakovost izdelkov.<\/p>\n<h3>Mednarodno certificiranje<\/h3>\n<p>Na\u0161i izdelki so prejeli certifikata ISO9001 in CE, ki ustrezata mednarodnim standardom.<\/p>\n<h3>Storitev prilagajanja<\/h3>\n<p>Nudimo prilagojene storitve, ki ustrezajo razli\u010dnim potrebam strank, vklju\u010dno s posebnimi dizajni, materiali in premazi.<\/p>\n<h3>Proizvodna oprema<\/h3>\n<p>Uporabljamo napredno proizvodno opremo, kot so CNC stru\u017enice, obdelovalni centri in testni stroji, da zagotovimo natan\u010dnost in doslednost izdelkov.<\/p>\n<h3>Poprodajne storitve<\/h3>\n<p>Zagotavljamo celovite poprodajne storitve, vklju\u010dno z nadomestnimi deli in obnovo, da zagotovimo zadovoljstvo strank.<\/p>\n<p><img decoding=\"async\" src=\"https:\/\/www.hydraulic-cylinders.net\/wp-content\/uploads\/2025\/01\/songte-company-3.webp\"><\/p>\n<p>Avtor: lyl.<\/p>","protected":false},"excerpt":{"rendered":"<p>Bucket Cylinder For Xiniu XN63180 Introduction The bucket cylinder, also known as a hydraulic cylinder, is specially designed for heavy machinery such as excavators, backhoes, and loaders. Its main function is to control the movement of the bucket, allowing for lifting, lowering, and tilting, making it suitable for various material handling tasks. In the hydraulic [&hellip;]<\/p>","protected":false},"featured_media":14789,"comment_status":"open","ping_status":"closed","template":"","meta":{"_et_pb_use_builder":"","_et_pb_old_content":"","_et_gb_content_width":""},"product_brand":[],"product_cat":[1494],"product_tag":[1495,1496],"class_list":{"0":"post-16002","1":"product","2":"type-product","3":"status-publish","4":"has-post-thumbnail","6":"product_cat-bucket-cylinders","7":"product_tag-bucket-cylinders","8":"product_tag-hydraulic-cylinders","10":"first","11":"instock","12":"shipping-taxable","13":"product-type-simple"},"amp_enabled":true,"_links":{"self":[{"href":"https:\/\/www.hydraulic-cylinders.net\/sl\/wp-json\/wp\/v2\/product\/16002","targetHints":{"allow":["GET"]}}],"collection":[{"href":"https:\/\/www.hydraulic-cylinders.net\/sl\/wp-json\/wp\/v2\/product"}],"about":[{"href":"https:\/\/www.hydraulic-cylinders.net\/sl\/wp-json\/wp\/v2\/types\/product"}],"replies":[{"embeddable":true,"href":"https:\/\/www.hydraulic-cylinders.net\/sl\/wp-json\/wp\/v2\/comments?post=16002"}],"wp:featuredmedia":[{"embeddable":true,"href":"https:\/\/www.hydraulic-cylinders.net\/sl\/wp-json\/wp\/v2\/media\/14789"}],"wp:attachment":[{"href":"https:\/\/www.hydraulic-cylinders.net\/sl\/wp-json\/wp\/v2\/media?parent=16002"}],"wp:term":[{"taxonomy":"product_brand","embeddable":true,"href":"https:\/\/www.hydraulic-cylinders.net\/sl\/wp-json\/wp\/v2\/product_brand?post=16002"},{"taxonomy":"product_cat","embeddable":true,"href":"https:\/\/www.hydraulic-cylinders.net\/sl\/wp-json\/wp\/v2\/product_cat?post=16002"},{"taxonomy":"product_tag","embeddable":true,"href":"https:\/\/www.hydraulic-cylinders.net\/sl\/wp-json\/wp\/v2\/product_tag?post=16002"}],"curies":[{"name":"delovni list","href":"https:\/\/api.w.org\/{rel}","templated":true}]}}