{"id":16005,"date":"2025-01-19T15:16:50","date_gmt":"2025-01-19T15:16:50","guid":{"rendered":"https:\/\/www.hydraulic-cylinders.net\/product\/bucket-cylinder-for-xiniu-xn65-4l\/"},"modified":"2025-01-19T15:16:52","modified_gmt":"2025-01-19T15:16:52","slug":"bucket-cylinder-for-xiniu-xn65-4l","status":"publish","type":"product","link":"https:\/\/www.hydraulic-cylinders.net\/sl\/izdelek\/bucket-cylinder-for-xiniu-xn65-4l\/","title":{"rendered":"Valj \u017elice za Xiniu XN65-4L"},"content":{"rendered":"<h1>Valj \u017elice za Xiniu XN65-4L<\/h1>\n<h2>Uvod<\/h2>\n<p>Hidravli\u010dni valj \u017elice je posebej zasnovan hidravli\u010dni valj, ki se uporablja za krmiljenje gibanja \u017elice v te\u017ekih strojih, kot so bagri, bagri nakladalniki in \u010delni nakladalniki. Njegova glavna funkcija je omogo\u010danje dvigovanja, spu\u0161\u010danja in nagibanja \u017elice, kar olaj\u0161a opravljanje razli\u010dnih nalog ravnanja z materiali. V hidravli\u010dnem sistemu valj \u017elice dose\u017ee natan\u010den nadzor nad \u017elico z uporabo sprememb tlaka hidravli\u010dnega olja, kar omogo\u010da upravljavcem u\u010dinkovito ravnanje s te\u017ekimi bremeni in prilagajanje kompleksnim delovnim okoljem ter raznolikim operativnim zahtevam.<\/p>\n<p><img decoding=\"async\" src=\"https:\/\/www.hydraulic-cylinders.net\/wp-content\/uploads\/2025\/01\/songte-company-2.webp\" alt=\"Slika valjaste \u017elice\"><\/p>\n<h2>Zna\u010dilnosti<\/h2>\n<ul>\n<li>Visoka trdnost in vzdr\u017eljivost: Valj z \u017elico, obi\u010dajno izdelan iz visoko trdnega jekla ali aluminija, lahko prenese visok tlak in velike obremenitve ter se prilagaja zahtevnim delovnim okoljem. Njegova zasnova upo\u0161teva odpornost proti obrabi in koroziji, kar podalj\u0161uje njegovo \u017eivljenjsko dobo.<\/li>\n<li>U\u010dinkovito hidravli\u010dno delovanje: Z uporabo tlaka hidravli\u010dnega olja valj \u017elice dose\u017ee gladko iztegovanje in vle\u010denje, kar zagotavlja hiter odziv na krmilne ukaze in mo\u010dne potisne in vle\u010dne sile, primerne za ravnanje s te\u017ekimi bremeni in kompleksne operativne naloge.<\/li>\n<li>Razli\u010dne vrste: Valj \u017elice je mogo\u010de izbrati kot enosmerno delujo\u010d (hidravli\u010dni tlak se uporablja samo v eni smeri) ali dvosmerno delujo\u010d (hidravli\u010dni tlak se uporablja v obeh smereh) glede na specifi\u010dne operativne potrebe. Nekateri modeli so teleskopski, kar omogo\u010da ve\u010dji razteg brez pove\u010danja zunanjih dimenzij, zaradi \u010desar so primerni za uporabo v omejenem prostoru.<\/li>\n<li>Popolna zamenjava: Na\u0161i izdelki lahko popolnoma nadomestijo te hidravli\u010dne cilindre.<\/li>\n<\/ul>\n<p><img decoding=\"async\" src=\"https:\/\/www.hydraulic-cylinders.net\/wp-content\/uploads\/2025\/01\/songte-cylinder-head-with-all-kinds-excavator-models.webp\" alt=\"Slika zamenjave cilindra vedra\"><\/p>\n<h2>Aplikacije<\/h2>\n<ul>\n<li>Gradbena oprema: Nahajajo se v bagrih in so bistveni za izkopavanje, nakladanje in premikanje zemlje ali ru\u0161evin. Pri bagrih nakladalnikih cilinder \u017elice pomaga pri kopanju in dvigovanju.<\/li>\n<li>Kmetijska mehanizacija: Uporablja se v \u010delnih nakladalnikih za zajemanje, dvigovanje in prevoz zemlje, sena in drugih materialov.<\/li>\n<li>Bagri: Cilinder \u017elice omogo\u010da kopanje, saj \u017elici omogo\u010da prodiranje v zemljo.<\/li>\n<li>\u010celni nakladalci: Pri \u010delnih nakladalcih pomagajo pri u\u010dinkovitem dvigovanju in odlaganju blaga.<\/li>\n<\/ul>\n<h2>Oblikovalski vidiki in izbirna merila<\/h2>\n<p>Pri na\u010drtovanju so nosilnost, tesnjenje, vzdr\u017eljivost, varnost in enostavnost vzdr\u017eevanja bistveni dejavniki, o katerih je treba razpravljati. Vsaka to\u010dka je podrobneje opisana spodaj:<\/p>\n<p><img decoding=\"async\" src=\"https:\/\/www.hydraulic-cylinders.net\/wp-content\/uploads\/2025\/01\/songte-oil-pipes-and-spare-parts.webp\" alt=\"Oblikovalski vidiki in izbirna merila Slika\"><\/p>\n<h2>Tesnjenje in mazanje<\/h2>\n<p>Valj \u017elice uporablja razli\u010dne tesnilne komponente, kot so tesnila bata in tesnila palic, izdelana iz materialov, odpornih proti obrabi, kot sta poliuretan in nitrilna guma. Telo valja in navojni konci so natan\u010dno obdelani za ve\u010djo odpornost proti obrabi. Potrebno je redno mazanje z ustrezno koli\u010dino hidravli\u010dnega olja.<\/p>\n<h2>Redni pregledi in preventivno vzdr\u017eevanje<\/h2>\n<p>Redni pregledi in preventivno vzdr\u017eevanje so klju\u010dnega pomena za zagotavljanje optimalne zmogljivosti in dolge \u017eivljenjske dobe cilindra vedra. Naslednje to\u010dke poudarjajo priporo\u010dene ukrepe:<\/p>\n<h2>Pravilen priro\u010dnik za namestitev<\/h2>\n<p>Za zagotovitev pravilne namestitve, poravnave in stabilnosti je pomembno, da upo\u0161tevate pravilna navodila za namestitev cilindra z \u017elico. Za varno pritrditev cilindra priporo\u010damo uporabo ustreznih monta\u017enih nosilcev. Priro\u010dnik mora vsebovati priporo\u010dene postopke pregleda, popravila in zamenjave ter nasvete za podalj\u0161anje \u017eivljenjske dobe cilindra.<\/p>\n<p><img decoding=\"async\" src=\"https:\/\/www.hydraulic-cylinders.net\/wp-content\/uploads\/2025\/01\/songte-chushion-collar.webp\" alt=\"Slika pravilnega priro\u010dnika za namestitev\"><\/p>\n<h2>Varnostni vidiki in okoljski dejavniki<\/h2>\n<p>Pomena varnostnih ukrepov pri uporabi jeklenk ni mogo\u010de preceniti. Klju\u010dnega pomena je, da se pri upravljanju opreme upo\u0161tevajo varnostni vidiki in okoljski dejavniki.<\/p>\n<h2>Odpravljanje te\u017eav in pogoste te\u017eave<\/h2>\n<p>Prepoznavanje in odpravljanje napak sta klju\u010dnega pomena za u\u010dinkovito delovanje. Naslednje to\u010dke ponujajo koristne nasvete in re\u0161itve za diagnosticiranje in odpravljanje pogostih te\u017eav, skupaj s preventivnimi ukrepi za zmanj\u0161anje morebitnih te\u017eav.<\/p>\n<p><img decoding=\"async\" src=\"https:\/\/www.hydraulic-cylinders.net\/wp-content\/uploads\/2025\/01\/songte-bushings-with-all-kinds-of-excavator-models.webp\" alt=\"Odpravljanje te\u017eav in pogoste te\u017eave Slika\"><\/p>\n<p>Ne pozabite logi\u010dno organizirati \u010dlanka, uporabiti podnaslovov za la\u017ejo navigacijo, vklju\u010diti ustreznih slik ali grafikonov za bolj\u0161e razumevanje ter zagotoviti, da je vsebina jasna, jedrnata in primerna za bralce z razli\u010dnimi stopnjami tehni\u010dnega znanja.<\/p>\n<h2>O na\u0161em podjetju<\/h2>\n<p>Smo proizvajalec, specializiran za zamenjavo hidravli\u010dnih cilindrov. Na\u0161e podjetje ponuja \u0161iroko paleto izdelkov in je postalo eden vodilnih proizvajalcev in veleprodajnih distributerjev hidravli\u010dnih cilindrov na doma\u010dem in mednarodnem trgu. S poudarkom na odli\u010dni kakovosti in industrializiranih strategijah upravljanja proizvodnje, ki temeljijo na sofisticiranih proizvodnih delavnicah, nenehno izbolj\u0161ujemo na\u0161o proizvodno platformo, izpopolnjujemo proizvodno pot za kakovost izdelkov in imamo mo\u010dne ustvarjalne sposobnosti. V skladu z na\u010deli visoke u\u010dinkovitosti, visoke natan\u010dnosti in visoke kakovosti izpolnjujemo raznolike potrebe strank. <\/p>\n<p><img decoding=\"async\" src=\"https:\/\/www.hydraulic-cylinders.net\/wp-content\/uploads\/2025\/01\/songte-company-3.webp\" alt=\"Podoba na\u0161ega podjetja\"><\/p>\n<h3>Profesionalnost:<\/h3>\n<p>V vseh vidikih na\u0161ega delovanja dajemo prednost profesionalnosti in zagotavljamo, da na\u0161i izdelki izpolnjujejo najvi\u0161je standarde.<\/p>\n<h3>Mednarodni certifikati:<\/h3>\n<p>Na\u0161e podjetje ima mednarodne certifikate, ki dokazujejo na\u0161o zavezanost kakovosti in skladnosti.<\/p>\n<h3>Storitve prilagajanja:<\/h3>\n<p>Ponujamo prilagojene re\u0161itve, ki ustrezajo specifi\u010dnim zahtevam strank in zagotavljajo optimalno delovanje.<\/p>\n<h3>Proizvodna oprema:<\/h3>\n<p>Za izdelavo visokokakovostnih hidravli\u010dnih cilindrov uporabljamo napredno proizvodno opremo.<\/p>\n<h3>Poprodajne storitve:<\/h3>\n<p>Na\u0161e podjetje nudi zanesljivo poprodajno storitev, s \u010dimer zagotavlja zadovoljstvo strank in podporo.<\/p>\n<p>Avtor: lyl<\/p>","protected":false},"excerpt":{"rendered":"<p>Bucket Cylinder For Xiniu XN65-4L Introduction A bucket cylinder is a specially designed hydraulic cylinder used to control the movement of the bucket in heavy machinery such as excavators, backhoe loaders, and front loaders. Its main function is to enable the lifting, lowering, and tilting of the bucket, making it easier to handle various material [&hellip;]<\/p>","protected":false},"featured_media":14785,"comment_status":"open","ping_status":"closed","template":"","meta":{"_et_pb_use_builder":"","_et_pb_old_content":"","_et_gb_content_width":""},"product_brand":[],"product_cat":[1494],"product_tag":[1495,1496],"class_list":{"0":"post-16005","1":"product","2":"type-product","3":"status-publish","4":"has-post-thumbnail","6":"product_cat-bucket-cylinders","7":"product_tag-bucket-cylinders","8":"product_tag-hydraulic-cylinders","10":"first","11":"instock","12":"shipping-taxable","13":"product-type-simple"},"amp_enabled":true,"_links":{"self":[{"href":"https:\/\/www.hydraulic-cylinders.net\/sl\/wp-json\/wp\/v2\/product\/16005","targetHints":{"allow":["GET"]}}],"collection":[{"href":"https:\/\/www.hydraulic-cylinders.net\/sl\/wp-json\/wp\/v2\/product"}],"about":[{"href":"https:\/\/www.hydraulic-cylinders.net\/sl\/wp-json\/wp\/v2\/types\/product"}],"replies":[{"embeddable":true,"href":"https:\/\/www.hydraulic-cylinders.net\/sl\/wp-json\/wp\/v2\/comments?post=16005"}],"wp:featuredmedia":[{"embeddable":true,"href":"https:\/\/www.hydraulic-cylinders.net\/sl\/wp-json\/wp\/v2\/media\/14785"}],"wp:attachment":[{"href":"https:\/\/www.hydraulic-cylinders.net\/sl\/wp-json\/wp\/v2\/media?parent=16005"}],"wp:term":[{"taxonomy":"product_brand","embeddable":true,"href":"https:\/\/www.hydraulic-cylinders.net\/sl\/wp-json\/wp\/v2\/product_brand?post=16005"},{"taxonomy":"product_cat","embeddable":true,"href":"https:\/\/www.hydraulic-cylinders.net\/sl\/wp-json\/wp\/v2\/product_cat?post=16005"},{"taxonomy":"product_tag","embeddable":true,"href":"https:\/\/www.hydraulic-cylinders.net\/sl\/wp-json\/wp\/v2\/product_tag?post=16005"}],"curies":[{"name":"delovni list","href":"https:\/\/api.w.org\/{rel}","templated":true}]}}