{"id":16006,"date":"2025-01-19T15:16:54","date_gmt":"2025-01-19T15:16:54","guid":{"rendered":"https:\/\/www.hydraulic-cylinders.net\/product\/bucket-cylinder-for-xiniu-xn120-l\/"},"modified":"2025-01-19T15:16:56","modified_gmt":"2025-01-19T15:16:56","slug":"bucket-cylinder-for-xiniu-xn120-l","status":"publish","type":"product","link":"https:\/\/www.hydraulic-cylinders.net\/sl\/izdelek\/bucket-cylinder-for-xiniu-xn120-l\/","title":{"rendered":"Cilinder \u017elice za Xiniu XN120-L"},"content":{"rendered":"<h1>Cilinder \u017elice za Xiniu XN120-L<\/h1>\n<h2>Uvod<\/h2>\n<p>Hidravli\u010dni cilinder \u017elice za Xiniu XN120-L je vrsta hidravli\u010dnega cilindra, posebej zasnovanega za krmiljenje gibanja bagrov v te\u017ekih strojih, kot so bagri, bagri z nakladalniki in \u010delni nakladalniki. Njegova glavna funkcija je omogo\u010danje dvigovanja, spu\u0161\u010danja in nagibanja \u017elice, kar olaj\u0161a opravljanje razli\u010dnih nalog ravnanja z materiali. V hidravli\u010dnem sistemu cilinder \u017elice uporablja spremembe tlaka hidravli\u010dnega olja za natan\u010den nadzor \u017elice, kar omogo\u010da upravljavcem u\u010dinkovito ravnanje s te\u017ekimi bremeni, prilagajanje kompleksnim delovnim okoljem in raznolikim zahtevam dela.<\/p>\n<p><img decoding=\"async\" src=\"https:\/\/www.hydraulic-cylinders.net\/wp-content\/uploads\/2025\/01\/songte-company-2.webp\" alt=\"Slika cilindra \u017elice za Xiniu XN120-L\"><\/p>\n<h2>Zna\u010dilnosti<\/h2>\n<ul>\n<li>Visoka trdnost in vzdr\u017eljivost: Obi\u010dajno so izdelani iz visoko trdnega jekla ali aluminija, sposobni prenesti visok tlak in velike obremenitve, se prilagajajo te\u017ekim delovnim okoljem, so zasnovani z odpornostjo proti obrabi in koroziji ter podalj\u0161ujejo \u017eivljenjsko dobo.<\/li>\n<li>U\u010dinkovito hidravli\u010dno delovanje: Uporaba tlaka hidravli\u010dnega olja za doseganje gladkega gibanja raztezanja in kr\u010denja, hiter odziv na krmilne ukaze, zagotavlja mo\u010dno potisno in vle\u010dno silo, primerno za ravnanje s te\u017ekimi bremeni in kompleksne delovne naloge.<\/li>\n<li>Razli\u010dne vrste: Enojno delujo\u010di (hidravli\u010dni, ki se uporabljajo samo v eni smeri) ali dvostransko delujo\u010di (hidravli\u010dni, ki se uporabljajo v dveh smereh) cilindri se lahko izberejo glede na zahteve za razli\u010dne operativne potrebe. Nekateri modeli so teleskopski, kar omogo\u010da ve\u010dji razteg brez pove\u010danja zunanjih dimenzij, primerni za uporabo v omejenem prostoru.<\/li>\n<li>Popolna zamenjava: Na\u0161i izdelki lahko popolnoma nadomestijo te hidravli\u010dne cilindre.<\/li>\n<\/ul>\n<p><img decoding=\"async\" src=\"https:\/\/www.hydraulic-cylinders.net\/wp-content\/uploads\/2025\/01\/songte-cylinder-head-with-all-kinds-excavator-models.webp\" alt=\"Slika cilindra \u017elice za Xiniu XN120-L\"><\/p>\n<h2>Aplikacije<\/h2>\n<p>Cilinder z \u017elico za Xiniu XN120-L se pogosto uporablja v ve\u010d aplikacijah. Nekatere od njih so:<\/p>\n<ul>\n<li>Gradbena oprema: Pri bagrih so bistveni za izkopavanje, nakladanje in premikanje zemlje ali ru\u0161evin. Pri bagrih z nakladalnimi \u017elicami cilindri pomagajo tako pri kopanju kot pri dvigovanju. Pri \u010delnih nakladalnikih pomagajo pri u\u010dinkovitem dvigovanju in nagibanju blaga.<\/li>\n<li>Kmetijski stroji: Uporabljajo se v \u010delnih nakladalnikih za zajemanje, dvigovanje in prevoz zemlje, sena in drugih materialov. Pri bagrih valj \u017elice omogo\u010da izkopavanje, tako da \u017elica prodre v zemljo.<\/li>\n<\/ul>\n<h2>Oblikovalski vidiki in izbirna merila<\/h2>\n<p>Pri izbiri cilindrov z \u017elico je treba upo\u0161tevati ve\u010d konstrukcijskih vidikov, kot so:<\/p>\n<ul>\n<li>Nosilnost: Cilinder mora biti sposoben prenesti najve\u010djo obremenitev, ki jo lahko stroj izvaja na valj.<\/li>\n<li>Tesnjenje: Cilinder mora biti u\u010dinkovito zatesnjen, da se prepre\u010di uhajanje hidravli\u010dnega olja in onesna\u017eevalcev vanj.<\/li>\n<li>Vzdr\u017eljivost: Jeklenka mora biti dovolj vzdr\u017eljiva, da se upre vplivom ostrih okoljskih dejavnikov, kot so prah, voda in umazanija.<\/li>\n<li>Varnost: Jeklenka mora biti zasnovana ob upo\u0161tevanju varnostnih ukrepov, kot je za\u0161\u010dita jeklenke pred fizi\u010dnimi po\u0161kodbami.<\/li>\n<li>Vzdr\u017eevanje: Cilinder mora biti enostaven za vzdr\u017eevanje in popravilo, saj je bistveni sestavni del stroja in vsaka okvara lahko povzro\u010di precej\u0161en izpad.<\/li>\n<\/ul>\n<p><img decoding=\"async\" src=\"https:\/\/www.hydraulic-cylinders.net\/wp-content\/uploads\/2025\/01\/songte-oil-pipes-and-spare-parts.webp\" alt=\"Slika cilindra \u017elice za Xiniu XN120-L\"><\/p>\n<h2>Tesnjenje in mazanje<\/h2>\n<p>Valj \u017elice uporablja razli\u010dne tesnilne elemente, kot so tesnila bata, tesnila palice in drugo. Ti tesnilni elementi so izdelani iz materialov, odpornih proti obrabi, kot sta poliuretan in nitrilna guma, kar zagotavlja dolgo \u017eivljenjsko dobo. Telo valja in navoji so obdelani za izbolj\u0161anje odpornosti proti obrabi. Za pravilno delovanje je treba valj \u017elice redno mazavati s hidravli\u010dnim oljem.<\/p>\n<h2>Vzdr\u017eevanje in popravila<\/h2>\n<p>Redni pregledi, ustrezno mazanje, zamenjava tesnil, preverjanje kalibracije in druga vzdr\u017eevalna opravila so klju\u010dnega pomena za dolgo \u017eivljenjsko dobo cilindrov z \u017elico. Pravilna poravnava cilindra med namestitvijo je bistvena za optimalno delovanje. Priporo\u010damo uporabo ustreznih monta\u017enih nosilcev za pritrditev cilindra. Ponujamo storitve pregleda, popravila in zamenjave, da bi strankam pomagali pri morebitnih te\u017eavah z njihovimi cilindri z \u017elico.<\/p>\n<p><img decoding=\"async\" src=\"https:\/\/www.hydraulic-cylinders.net\/wp-content\/uploads\/2025\/01\/songte-chushion-collar.webp\" alt=\"Slika cilindra \u017elice za Xiniu XN120-L\"><\/p>\n<h2>Varnostni vidiki in okoljski dejavniki<\/h2>\n<p>Pri namestitvi, uporabi in vzdr\u017eevanju valja z \u017elico za Xiniu XN120-L upo\u0161tevajte varnostne ukrepe. \u010ce tega ne storite, lahko pride do po\u0161kodb ali po\u0161kodb stroja. Okoljski dejavniki, kot so temperatura, vla\u017enost in prah, lahko vplivajo na delovanje valja, zato jih je treba upo\u0161tevati pri izbiri in namestitvi.<\/p>\n<h2>Diagnostika napak in odpravljanje te\u017eav<\/h2>\n<p>Pogoste te\u017eave z cilindri \u017elice lahko vklju\u010dujejo pu\u0161\u010danje, nezadostno silo in nenavaden hrup. Priporo\u010damo, da redno pregledujete cilindre in pravo\u010dasno odpravite morebitne te\u017eave, da se izognete morebitnim ve\u010djim izpadom. Nasveti za odpravljanje te\u017eav in re\u0161itve lahko bralcem pomagajo u\u010dinkovito diagnosticirati in odpraviti te\u017eave z cilindri \u017elice.<\/p>\n<p><img decoding=\"async\" src=\"https:\/\/www.hydraulic-cylinders.net\/wp-content\/uploads\/2025\/01\/songte-bushings-with-all-kinds-of-excavator-models.webp\" alt=\"Slika cilindra \u017elice za Xiniu XN120-L\"><\/p>\n<h2>O na\u0161em podjetju<\/h2>\n<p>Smo proizvajalec nadomestnih hidravli\u010dnih cilindrov s celotno paleto izdelkov in smo eden vodilnih proizvajalcev in veleprodajnih distributerjev hidravli\u010dnih cilindrov na doma\u010dem in mednarodnem trgu. Dr\u017eimo se na\u010dela odli\u010dne kakovosti in se zana\u0161amo na industrializirano strategijo upravljanja proizvodnje v finih proizvodnih delavnicah. Nenehno izbolj\u0161ujemo proizvodno platformo delavnice, izpopolnjujemo kakovosten proizvodni proces in imamo mo\u010dno ustvarjalno sposobnost, da zadovoljimo razli\u010dne potrebe strank z visoko u\u010dinkovitostjo, visoko natan\u010dnostjo in visokokakovostnimi na\u010deli.<\/p>\n<p>Ponujamo prilagojene storitve, profesionalno proizvodno opremo, mednarodno priznane certifikate in celovit sistem poprodajnih storitev, s \u010dimer zagotavljamo, da na\u0161i izdelki izpolnjujejo ali presegajo pri\u010dakovanja strank.<\/p>\n<p><img decoding=\"async\" src=\"https:\/\/hzpt.com\/wp-content\/uploads\/2024\/11\/songte-company-1.webp\" alt=\"Slika cilindra \u017elice za Xiniu XN120-L\"><\/p>\n<p>Avtor: lyl.<\/p>","protected":false},"excerpt":{"rendered":"<p>Bucket Cylinder For Xiniu XN120-L Introduction The bucket cylinder for Xiniu XN120-L is a type of hydraulic cylinder specially designed to control the movement of shovels in heavy machinery such as excavators, backhoe excavators, and front-end loaders. Its main function is to allow the bucket to lift, lower and tilt, making it easier to handle [&hellip;]<\/p>","protected":false},"featured_media":14784,"comment_status":"open","ping_status":"closed","template":"","meta":{"_et_pb_use_builder":"","_et_pb_old_content":"","_et_gb_content_width":""},"product_brand":[],"product_cat":[1494],"product_tag":[1495,1496],"class_list":{"0":"post-16006","1":"product","2":"type-product","3":"status-publish","4":"has-post-thumbnail","6":"product_cat-bucket-cylinders","7":"product_tag-bucket-cylinders","8":"product_tag-hydraulic-cylinders","10":"first","11":"instock","12":"shipping-taxable","13":"product-type-simple"},"amp_enabled":true,"_links":{"self":[{"href":"https:\/\/www.hydraulic-cylinders.net\/sl\/wp-json\/wp\/v2\/product\/16006","targetHints":{"allow":["GET"]}}],"collection":[{"href":"https:\/\/www.hydraulic-cylinders.net\/sl\/wp-json\/wp\/v2\/product"}],"about":[{"href":"https:\/\/www.hydraulic-cylinders.net\/sl\/wp-json\/wp\/v2\/types\/product"}],"replies":[{"embeddable":true,"href":"https:\/\/www.hydraulic-cylinders.net\/sl\/wp-json\/wp\/v2\/comments?post=16006"}],"wp:featuredmedia":[{"embeddable":true,"href":"https:\/\/www.hydraulic-cylinders.net\/sl\/wp-json\/wp\/v2\/media\/14784"}],"wp:attachment":[{"href":"https:\/\/www.hydraulic-cylinders.net\/sl\/wp-json\/wp\/v2\/media?parent=16006"}],"wp:term":[{"taxonomy":"product_brand","embeddable":true,"href":"https:\/\/www.hydraulic-cylinders.net\/sl\/wp-json\/wp\/v2\/product_brand?post=16006"},{"taxonomy":"product_cat","embeddable":true,"href":"https:\/\/www.hydraulic-cylinders.net\/sl\/wp-json\/wp\/v2\/product_cat?post=16006"},{"taxonomy":"product_tag","embeddable":true,"href":"https:\/\/www.hydraulic-cylinders.net\/sl\/wp-json\/wp\/v2\/product_tag?post=16006"}],"curies":[{"name":"delovni list","href":"https:\/\/api.w.org\/{rel}","templated":true}]}}