{"id":16010,"date":"2025-01-19T15:17:12","date_gmt":"2025-01-19T15:17:12","guid":{"rendered":"https:\/\/www.hydraulic-cylinders.net\/product\/bucket-cylinder-for-kato-small-excavator-hd550-1-7\/"},"modified":"2025-01-19T15:17:14","modified_gmt":"2025-01-19T15:17:14","slug":"bucket-cylinder-for-kato-small-excavator-hd550-1-7","status":"publish","type":"product","link":"https:\/\/www.hydraulic-cylinders.net\/sl\/izdelek\/bucket-cylinder-for-kato-small-excavator-hd550-1-7\/","title":{"rendered":"Cilinder \u017elice za majhen bager Kato HD550-1-7"},"content":{"rendered":"<h2>Cilinder \u017elice za majhen bager Kato HD550-1-7<\/h2>\n<p><img decoding=\"async\" src=\"https:\/\/www.hydraulic-cylinders.net\/wp-content\/uploads\/2025\/01\/songte-company-2.webp\"><\/p>\n<h3>Uvod<\/h3>\n<p>Hidravli\u010dni valj \u017elice je posebej zasnovan hidravli\u010dni valj, ki se uporablja za nadzor gibanja \u017elice v te\u017ekih strojih, kot so bagri, bagri nakladalniki in \u010delni nakladalniki. Njegova glavna funkcija je omogo\u010danje dvigovanja, spu\u0161\u010danja in nagibanja \u017elice, kar olaj\u0161a opravljanje razli\u010dnih nalog ravnanja z materiali. V hidravli\u010dnem sistemu valj \u017elice dose\u017ee natan\u010den nadzor nad \u017elico z uporabo sprememb tlaka hidravli\u010dnega olja, kar omogo\u010da upravljavcem u\u010dinkovito ravnanje s te\u017ekimi bremeni in prilagajanje kompleksnim delovnim okoljem ter raznolikim zahtevam dela.<\/p>\n<h3>Zna\u010dilnosti<\/h3>\n<ul>\n<li>Visoka trdnost in vzdr\u017eljivost: Obi\u010dajno so izdelani iz visoko trdnega jekla ali aluminija, sposobni prenesti visok tlak in velike obremenitve, primerni za te\u017eke delovne pogoje, zasnovani z upo\u0161tevanjem odpornosti proti obrabi in koroziji za podalj\u0161anje \u017eivljenjske dobe.<\/li>\n<li>U\u010dinkovito hidravli\u010dno delovanje: Uporablja hidravli\u010dni tlak olja za doseganje gladkih gibov iztegovanja in vvla\u010devanja, kar omogo\u010da hiter odziv na krmilne ukaze in zagotavlja mo\u010dne potisne in vle\u010dne sile, primerne za ravnanje s te\u017ekimi bremeni in kompleksne delovne naloge.<\/li>\n<li>Razli\u010dne vrste: Glede na potrebe so na voljo kot enosmerno delujo\u010di (hidravli\u010dni cilindri se uporabljajo samo v eni smeri) ali dvosmerno delujo\u010di (hidravli\u010dni cilindri se uporabljajo v obeh smereh). Nekateri modeli so teleskopski, kar omogo\u010da ve\u010dji razteg brez pove\u010danja zunanjih dimenzij, primerni za uporabo z omejenim prostorom.<\/li>\n<li>Popolna zamenjava: Na\u0161i izdelki lahko popolnoma nadomestijo te hidravli\u010dne cilindre. <img decoding=\"async\" src=\"https:\/\/www.hydraulic-cylinders.net\/wp-content\/uploads\/2025\/01\/songte-cylinder-head-with-all-kinds-excavator-models.webp\"><\/li>\n<\/ul>\n<h3>Aplikacije<\/h3>\n<ul>\n<li>Gradbena oprema: Nahajajo se v bagrih in so klju\u010dnega pomena za izkopavanje, nakladanje in premikanje zemlje ali ru\u0161evin. Pri bagrih nakladalnikih cilinder \u017elice pomaga tako pri izkopavanju kot pri dvigovanju.<\/li>\n<li>Kmetijska mehanizacija: Uporablja se v \u010delnih nakladalnikih za zajemanje, dvigovanje in prevoz zemlje, sena in drugih materialov.<\/li>\n<li>Bagri: Cilinder \u017elice omogo\u010da kopanje, saj \u017elici omogo\u010da prodiranje v zemljo.<\/li>\n<li>Nakladalci: Pri \u010delnih nakladalcih pomagajo pri u\u010dinkovitem dvigovanju in odlaganju tovora.<\/li>\n<\/ul>\n<h3>Oblikovalski vidiki in izbirna merila<\/h3>\n<p><img decoding=\"async\" src=\"https:\/\/www.hydraulic-cylinders.net\/wp-content\/uploads\/2025\/01\/songte-oil-pipes-and-spare-parts.webp\"><\/p>\n<ul>\n<li>Nosilnost: Razpravljajte o sposobnosti valja, da prenese dolo\u010deno obremenitev.<\/li>\n<li>Tesnjenje: Razpravljajte o pomenu uporabe razli\u010dnih tesnilnih komponent, kot so tesnila bata in tesnila palic, izbiri materialov, odpornih proti obrabi, kot sta poliuretan in nitrilna guma, ter o fini povr\u0161inski obdelavi teles valjev in navojnih koncev za izbolj\u0161anje odpornosti proti obrabi.<\/li>\n<li>Vzdr\u017eljivost: Razpravljajte o splo\u0161ni vzdr\u017eljivosti jeklenke, pri \u010demer upo\u0161tevajte dejavnike, kot so odpornost proti koroziji in zahteve glede vzdr\u017eevanja.<\/li>\n<li>Varnost: Razpravljajte o varnostnih vidikih pri zasnovi in \u200b\u200buporabi jeklenke.<\/li>\n<li>Vzdr\u017eevanje: Razpravljajte o enostavnosti vzdr\u017eevanja, vklju\u010dno z rutinskimi pregledi in preventivnimi ukrepi.<\/li>\n<\/ul>\n<h3>Tesnjenje in mazanje<\/h3>\n<p>Razpravljajte o uporabi razli\u010dnih tesnilnih komponent, kot so tesnila bata in tesnila palic, ki so izdelana iz materialov, odpornih proti obrabi, kot sta poliuretan in nitrilna guma. Omenite tudi fino povr\u0161insko obdelavo teles valjev in potrebo po rednem mazanju z ustreznim hidravli\u010dnim oljem.<\/p>\n<h3>Pregled in preventivno vzdr\u017eevanje<\/h3>\n<p>Razpravljajte o pomenu rednih pregledov in preventivnega vzdr\u017eevanja, vklju\u010dno s priporo\u010denimi vzdr\u017eevalnimi opravili, kot so pravilno mazanje, zamenjava tesnil in preverjanje kalibracije. Navedite smernice za pravilno poravnavo jeklenke med namestitvijo in predlagajte uporabo ustreznih monta\u017enih nosilcev za pritrditev jeklenke. Priporo\u010dite postopke pregleda, popravila in zamenjave ter podajte nasvete za podalj\u0161anje \u017eivljenjske dobe jeklenke.<\/p>\n<p><img decoding=\"async\" src=\"https:\/\/www.hydraulic-cylinders.net\/wp-content\/uploads\/2025\/01\/songte-chushion-collar.webp\"><\/p>\n<h3>Varnostni vidiki in okoljski dejavniki<\/h3>\n<p>Pogovorite se o pomenu varnostnih ukrepov pri uporabi jeklenke in upo\u0161tevajte vse pomembne okoljske dejavnike.<\/p>\n<h3>Odpravljanje te\u017eav in pogoste te\u017eave<\/h3>\n<p>Razpravljajte o pogostih te\u017eavah in ponudite nasvete za odpravljanje te\u017eav ter re\u0161itve, ki bodo bralcem pomagale u\u010dinkovito diagnosticirati in odpraviti te\u017eave. Predlagajte tudi preventivne ukrepe za zmanj\u0161anje morebitnih te\u017eav.<\/p>\n<p><img decoding=\"async\" src=\"https:\/\/www.hydraulic-cylinders.net\/wp-content\/uploads\/2025\/01\/songte-bushings-with-all-kinds-of-excavator-models.webp\"><\/p>\n<p>Ne pozabite logi\u010dno organizirati \u010dlanka, uporabiti podnaslovov za la\u017ejo navigacijo, vklju\u010diti ustreznih slik ali diagramov za bolj\u0161e razumevanje ter zagotoviti, da je vsebina jasna, jedrnata in primerna za bralce z razli\u010dnimi stopnjami tehni\u010dnega znanja.<\/p>\n<h2>O na\u0161em podjetju<\/h2>\n<p><img decoding=\"async\" src=\"https:\/\/hzpt.com\/wp-content\/uploads\/2024\/11\/songte-company-1.webp\"><\/p>\n<p>Smo proizvajalec nadomestnih hidravli\u010dnih cilindrov in eden vodilnih proizvajalcev in veleprodajnih distributerjev na doma\u010dem in mednarodnem trgu. V na\u0161ih sofisticiranih proizvodnih delavnicah se dr\u017eimo na\u010del odli\u010dnosti in se zana\u0161amo na industrializirane strategije upravljanja proizvodnje. Z uporabo tehni\u010dnih talentov, vrhunske digitalne proizvodne opreme in profesionalnih sistemov za testiranje nenehno izbolj\u0161ujemo na\u0161o proizvodno platformo in izpopolnjujemo proizvodno pot kakovosti izdelkov. Imamo mo\u010dno ustvarjalno zmogljivost in si prizadevamo zadovoljiti raznolike potrebe strank z visoko u\u010dinkovitostjo, visoko natan\u010dnostjo in visokokakovostnimi izdelki.<\/p>\n<p>Raz\u0161irite predstavitev podjetja s profesionalnosti, mednarodnih certifikatov, prilagojenih storitev, proizvodne opreme in poprodajnih storitev. <img decoding=\"async\" src=\"https:\/\/www.hydraulic-cylinders.net\/wp-content\/uploads\/2025\/01\/songte-company-3.webp\"><\/p>\n<p>Avtor: lyl.<\/p>","protected":false},"excerpt":{"rendered":"<p>Bucket Cylinder For Kato Small Excavator HD550-1-7 Introduction A bucket cylinder is a specially designed hydraulic cylinder used to control the movement of the bucket in heavy machinery such as excavators, backhoe loaders, and front-end loaders. Its main function is to enable the lifting, lowering, and tilting of the bucket, making it easier to handle [&hellip;]<\/p>","protected":false},"featured_media":14776,"comment_status":"open","ping_status":"closed","template":"","meta":{"_et_pb_use_builder":"","_et_pb_old_content":"","_et_gb_content_width":""},"product_brand":[],"product_cat":[1494],"product_tag":[1495,1496],"class_list":{"0":"post-16010","1":"product","2":"type-product","3":"status-publish","4":"has-post-thumbnail","6":"product_cat-bucket-cylinders","7":"product_tag-bucket-cylinders","8":"product_tag-hydraulic-cylinders","10":"first","11":"instock","12":"shipping-taxable","13":"product-type-simple"},"amp_enabled":true,"_links":{"self":[{"href":"https:\/\/www.hydraulic-cylinders.net\/sl\/wp-json\/wp\/v2\/product\/16010","targetHints":{"allow":["GET"]}}],"collection":[{"href":"https:\/\/www.hydraulic-cylinders.net\/sl\/wp-json\/wp\/v2\/product"}],"about":[{"href":"https:\/\/www.hydraulic-cylinders.net\/sl\/wp-json\/wp\/v2\/types\/product"}],"replies":[{"embeddable":true,"href":"https:\/\/www.hydraulic-cylinders.net\/sl\/wp-json\/wp\/v2\/comments?post=16010"}],"wp:featuredmedia":[{"embeddable":true,"href":"https:\/\/www.hydraulic-cylinders.net\/sl\/wp-json\/wp\/v2\/media\/14776"}],"wp:attachment":[{"href":"https:\/\/www.hydraulic-cylinders.net\/sl\/wp-json\/wp\/v2\/media?parent=16010"}],"wp:term":[{"taxonomy":"product_brand","embeddable":true,"href":"https:\/\/www.hydraulic-cylinders.net\/sl\/wp-json\/wp\/v2\/product_brand?post=16010"},{"taxonomy":"product_cat","embeddable":true,"href":"https:\/\/www.hydraulic-cylinders.net\/sl\/wp-json\/wp\/v2\/product_cat?post=16010"},{"taxonomy":"product_tag","embeddable":true,"href":"https:\/\/www.hydraulic-cylinders.net\/sl\/wp-json\/wp\/v2\/product_tag?post=16010"}],"curies":[{"name":"delovni list","href":"https:\/\/api.w.org\/{rel}","templated":true}]}}