{"id":1607,"date":"2023-10-08T01:17:41","date_gmt":"2023-10-08T01:17:41","guid":{"rendered":"https:\/\/hydraulic-cylinders.net\/?post_type=product&#038;p=1607"},"modified":"2025-04-14T01:17:37","modified_gmt":"2025-04-14T01:17:37","slug":"mining-dump-truck-lifting-cylinder","status":"publish","type":"product","link":"https:\/\/www.hydraulic-cylinders.net\/sl\/izdelek\/mining-dump-truck-lifting-cylinder\/","title":{"rendered":"Dvi\u017eni valj za rudarske prekucnike"},"content":{"rendered":"<h1 style=\"text-align: center;\"><strong>Dvi\u017eni valj za rudarske prekucnike<\/strong><\/h1>\n<p><img loading=\"lazy\" decoding=\"async\" class=\"aligncenter wp-image-1608\" src=\"https:\/\/hydraulic-cylinders.net\/wp-content\/uploads\/2023\/10\/lifting-cylinder-1-300x300.webp\" alt=\"\" width=\"400\" height=\"400\" \/><\/p>\n<p>Dvi\u017eni cilinder za rudarske prekucnike je bistvena komponenta, zasnovana posebej za rudarske prekucnike. Ta zmogljiv hidravli\u010dni cilinder je odgovoren za dvigovanje in spu\u0161\u010danje odlagali\u0161\u010da tovornjaka, kar omogo\u010da u\u010dinkovito nakladanje in razkladanje materialov pri rudarskih operacijah.<\/p>\n<p>Dvi\u017eni valj rudarskega prekucnika je klju\u010dna komponenta, ki pomembno prispeva k u\u010dinkovitosti in produktivnosti rudarskih operacij. S svojo robustno konstrukcijo, visoko dvi\u017eno zmogljivostjo in natan\u010dnim krmiljenjem ta hidravli\u010dni valj omogo\u010da nemoteno nakladanje in razkladanje materialov, kar zmanj\u0161uje \u010das izpada in pove\u010duje produktivnost. Z upo\u0161tevanjem pravilnih metod uporabe in priporo\u010denih vzdr\u017eevalnih praks lahko upravljavci zagotovijo dolgo \u017eivljenjsko dobo in zanesljivo delovanje dvi\u017enega valja rudarskega prekucnika. Izberite ta visokozmogljiv valj za izbolj\u0161anje dvi\u017enih zmogljivosti va\u0161ega rudarskega prekucnika in optimizacijo rudarskih operacij.<\/p>\n<p>Klju\u010dne zna\u010dilnosti dvi\u017enega cilindra za rudarske prekucnike:<\/p>\n<ol>\n<li>Robustna in zanesljiva konstrukcija:<\/li>\n<\/ol>\n<ul>\n<li>Dvi\u017eni valj za rudarske prekucnike je izdelan z mislijo na vzdr\u017eljivost, z uporabo visokokakovostnih materialov in natan\u010dnega in\u017eeniringa, da prenese zahtevne pogoje rudarskih operacij.<\/li>\n<li>Ponuja izjemno mo\u010d in zanesljivost za prena\u0161anje te\u017ekih bremen, kar zagotavlja dosledno delovanje tudi v zahtevnih okoljih.<\/li>\n<\/ul>\n<ol start=\"2\">\n<li>Visoka dvi\u017ena zmogljivost:<\/li>\n<\/ol>\n<ul>\n<li>Ta valj je zasnovan tako, da zagotavlja znatno dvi\u017eno zmogljivost, kar rudarskemu prekucniku omogo\u010da u\u010dinkovito ravnanje z velikimi koli\u010dinami materialov.<\/li>\n<li>Z impresivno dvi\u017eno mo\u010djo omogo\u010da hitro in zanesljivo odlaganje, kar zmanj\u0161uje \u010das izpada in pove\u010duje produktivnost na gradbi\u0161\u010du.<\/li>\n<\/ul>\n<ol start=\"3\">\n<li>Natan\u010den nadzor in gladko delovanje:<\/li>\n<\/ol>\n<ul>\n<li>Dvi\u017eni cilinder za rudarske prekucnike ponuja natan\u010den nadzor nad dvigovanjem in spu\u0161\u010danjem odlagalne povr\u0161ine, kar zagotavlja gladko in natan\u010dno gibanje.<\/li>\n<li>Ta funkcija omogo\u010da upravljavcem natan\u010dno pozicioniranje odlagali\u0161\u010da, kar olaj\u0161a u\u010dinkovito nakladanje in razkladanje.<\/li>\n<\/ul>\n<h2><strong>Parameter dvi\u017enega cilindra rudarskega prekucnika:<\/strong><\/h2>\n<table border=\"1\" cellspacing=\"0\" cellpadding=\"0\">\n<tbody>\n<tr>\n<td>Ime izdelka<\/td>\n<td>Dvi\u017eni valj za rudarske prekucnike<\/td>\n<\/tr>\n<tr>\n<td>Zna\u010dilnosti:<\/td>\n<td>Dvignite\/spustite keson za razkladanje tovora<\/td>\n<\/tr>\n<tr>\n<td>Premer izvrtine:<\/td>\n<td>120 mm\uff5e380 mm<\/td>\n<\/tr>\n<tr>\n<td>Premer palice:<\/td>\n<td>90 mm\uff5e350 mm<\/td>\n<\/tr>\n<tr>\n<td>Na splo\u0161no:<\/td>\n<td>Dvostopenjski ali tristopenjski valj<\/td>\n<\/tr>\n<tr>\n<td>Uporaba dvi\u017enih cilindrov:<\/td>\n<td>Rudarski prekucnik<\/td>\n<\/tr>\n<\/tbody>\n<\/table>\n<h2><strong>Diagram identifikacije cilindra rudarskega prekucnika:<\/strong><\/h2>\n<p><img loading=\"lazy\" decoding=\"async\" class=\"alignnone wp-image-1594 size-full\" src=\"https:\/\/hydraulic-cylinders.net\/wp-content\/uploads\/2023\/10\/mining-dump-truck-cylinder.webp\" alt=\"\" width=\"1418\" height=\"946\" srcset=\"https:\/\/hydraulic-cylinders.net\/wp-content\/uploads\/2023\/10\/mining-dump-truck-cylinder.webp 1418w, https:\/\/hydraulic-cylinders.net\/wp-content\/uploads\/2023\/10\/mining-dump-truck-cylinder-1280x854.webp 1280w, https:\/\/hydraulic-cylinders.net\/wp-content\/uploads\/2023\/10\/mining-dump-truck-cylinder-980x654.webp 980w, https:\/\/hydraulic-cylinders.net\/wp-content\/uploads\/2023\/10\/mining-dump-truck-cylinder-480x320.webp 480w\" sizes=\"(min-width: 0px) and (max-width: 480px) 480px, (min-width: 481px) and (max-width: 980px) 980px, (min-width: 981px) and (max-width: 1280px) 1280px, (min-width: 1281px) 1418px, 100vw\" \/><\/p>\n<h2><strong>Metoda uporabe dvi\u017enega cilindra za rudarske prekucnike<\/strong><strong>:<\/strong><\/h2>\n<ol>\n<li><strong>Integracija s sistemom za prekucnike:<\/strong><\/li>\n<\/ol>\n<ul>\n<li>Dvi\u017eni cilinder rudarskega prekucnika je obi\u010dajno integriran v hidravli\u010dni sistem prekucnika.<\/li>\n<li>Povezan je s hidravli\u010dnim virom energije, kot je \u010drpalka, ki zagotavlja potreben hidravli\u010dni tlak za delovanje valja.<\/li>\n<\/ul>\n<ol start=\"2\">\n<li><strong>Nadzorni mehanizmi:<\/strong><\/li>\n<\/ol>\n<ul>\n<li>Dvigovanje in spu\u0161\u010danje odlagalne povr\u0161ine se krmili s hidravli\u010dnimi ventili in krmilnimi ro\u010dicami, ki se nahajajo v kabini tovornjaka.<\/li>\n<li>Upravljavci lahko aktivirajo valj za dvigovanje ali spu\u0161\u010danje odlagalne povr\u0161ine, kar omogo\u010da u\u010dinkovito ravnanje z materialom.<\/li>\n<\/ul>\n<h2><strong>Kako deluje hidravli\u010dni servo volan?<\/strong><\/h2>\n<p>Hidravli\u010dni servo volan je klju\u010dna komponenta sodobnih vozil, ki vozniku pomaga pri enostavnem in natan\u010dnem krmiljenju vozila. Uporablja hidravli\u010dni tlak za oja\u010danje voznikovega vnosa in zagotavljanje gladkega in odzivnega krmiljenja. Oglejmo si, kako deluje hidravli\u010dni servo volan:<\/p>\n<ol>\n<li><strong>Hidravli\u010dna \u010drpalka:<\/strong><br \/>\nSistem se za\u010dne s hidravli\u010dno \u010drpalko, ki jo obi\u010dajno poganja motor vozila. \u010crpalka je odgovorna za ustvarjanje hidravli\u010dnega tlaka z uporabo mo\u010di vrtenja motorja. Obi\u010dajno je z motorjem povezana prek jermena ali drugih mehanskih sredstev.<\/li>\n<li><strong>Olje za servo volan:<\/strong><br \/>\nHidravli\u010dna \u010drpalka kro\u017ei teko\u010dino servo volana, znano tudi kot hidravli\u010dna teko\u010dina, po celotnem sistemu. Teko\u010dina slu\u017ei kot medij za prenos sile in tlaka.<\/li>\n<li><strong>Krmilni menjalnik\/letev in zobnik:<\/strong><br \/>\nOlje servo volana se dovaja v krmilni menjalnik ali sklop zobate letve. Te komponente pretvarjajo rotacijsko gibanje volana v bo\u010dno gibanje, ki obra\u010da kolesa vozila.<\/li>\n<li><strong>Pomo\u010d pri uporabi:<\/strong><br \/>\nSistem servo volana vklju\u010duje mehanizem za pomo\u010d pri servo volanu, kot je krmilni ventil servo volana ali valj za pomo\u010d pri servo volanu. Te komponente uporabljajo hidravli\u010dni tlak iz \u010drpalke za pomo\u010d pri voznikovem krmiljenju. Ko voznik obrne volan, mehanizem za pomo\u010d pri servo volanu prilagodi pretok teko\u010dine servo volana in tako zmanj\u0161a napor, potreben za obra\u010danje koles.<\/li>\n<li><strong>Povratne informacije o krmiljenju:<\/strong><br \/>\nZa ohranjanje naravnega ob\u010dutka volana in zagotavljanje povratnih informacij vozniku servo volan vklju\u010duje napravo, imenovano krmilni mehanizem ali torzijska palica. Ta komponenta omogo\u010da, da volan ustvari dolo\u010deno stopnjo upora in povratnih informacij, kar izbolj\u0161a voznikov stik s cesto.<\/li>\n<li><strong>Ventil za razbremenitev tlaka:<\/strong><br \/>\nV sistem servo volana je vgrajen varnostni ventil, ki prepre\u010duje prekomerno kopi\u010denje tlaka. Zagotavlja, da sistem deluje znotraj varnih meja in \u0161\u010diti pred morebitnimi po\u0161kodbami.<\/li>\n<\/ol>\n<h2><strong>Zmogljivost in zmogljivost tovarne:<\/strong><\/h2>\n<h3>(1) Sestavljanje<\/h3>\n<p>Imamo prvovrstno neodvisno platformo za raziskave in razvoj. Delavnica za proizvodnjo hidravli\u010dnih cilindrov ima \u0161tiri polavtomatske monta\u017ene linije za dvi\u017ene cilindre in eno avtomatsko monta\u017eno linijo za nagibne cilindre z letno proizvodno zmogljivostjo 1 milijona kosov. Delavnica za posebne cilindre je opremljena z razli\u010dnimi specifikacijami polavtomatskega sistema za \u010di\u0161\u010denje in monta\u017eo z letno proizvodno zmogljivostjo 200.000 kosov ter znano CNC obdelovalno opremo, obdelovalnim centrom, visoko precizno posebno opremo za obdelavo cilindrov, robotskim varilnim strojem, avtomatskim \u010distilnim strojem, avtomatskim strojem za monta\u017eo cilindrov in avtomatsko proizvodno linijo za barvanje. Obstoje\u010da kriti\u010dna oprema obsega ve\u010d kot 300 kompletov (kompletov). Optimalna razporeditev in u\u010dinkovita uporaba opremnih virov zagotavljata zahteve glede natan\u010dnosti izdelkov in izpolnjujeta visoke zahteve glede kakovosti izdelkov.<\/p>\n<p><img loading=\"lazy\" decoding=\"async\" class=\"alignnone wp-image-626\" src=\"https:\/\/hydraulic-cylinders.net\/wp-content\/uploads\/2023\/08\/hydraulic-cylinder-product-1-300x158.webp\" alt=\"\" width=\"495\" height=\"260\" srcset=\"https:\/\/hydraulic-cylinders.net\/wp-content\/uploads\/2023\/08\/hydraulic-cylinder-product-1-300x158.webp 495w, https:\/\/hydraulic-cylinders.net\/wp-content\/uploads\/2023\/08\/hydraulic-cylinder-product-1-480x252.webp 480w\" sizes=\"(min-width: 0px) and (max-width: 480px) 480px, (min-width: 481px) 495px, 100vw\" \/> <img loading=\"lazy\" decoding=\"async\" class=\"alignnone wp-image-627\" src=\"https:\/\/hydraulic-cylinders.net\/wp-content\/uploads\/2023\/08\/hydraulic-cylinder-product-2-300x189.webp\" alt=\"\" width=\"413\" height=\"260\" \/><\/p>\n<h3>(2) Strojna obdelava<\/h3>\n<p>Strojna delavnica je opremljena s prilagojenim centrom za stru\u017eenje nagnjenih tirnic, obdelovalnim centrom, visokohitrostnim strojem za honanje, varilnim robotom in drugo sorodno opremo, ki lahko obdeluje cilindri\u010dne cevi z najve\u010djim notranjim premerom 400 mm in najve\u010djo dol\u017eino 6 metrov.<\/p>\n<p><img loading=\"lazy\" decoding=\"async\" class=\"alignnone wp-image-628 size-large\" src=\"https:\/\/hydraulic-cylinders.net\/wp-content\/uploads\/2023\/08\/hydraulic-cylinder-product-3-1024x391.webp\" alt=\"\" width=\"1024\" height=\"391\" srcset=\"https:\/\/hydraulic-cylinders.net\/wp-content\/uploads\/2023\/08\/hydraulic-cylinder-product-3-980x374.webp 980w, https:\/\/hydraulic-cylinders.net\/wp-content\/uploads\/2023\/08\/hydraulic-cylinder-product-3-480x183.webp 480w\" sizes=\"(min-width: 0px) and (max-width: 480px) 480px, (min-width: 481px) and (max-width: 980px) 980px, (min-width: 981px) 1024px, 100vw\" \/><\/p>\n<h3>(3) Varjenje<\/h3>\n<p><img loading=\"lazy\" decoding=\"async\" class=\"alignnone wp-image-629 size-large\" src=\"https:\/\/hydraulic-cylinders.net\/wp-content\/uploads\/2023\/08\/hydraulic-cylinder-product-4-1024x510.webp\" alt=\"\" width=\"1024\" height=\"510\" srcset=\"https:\/\/hydraulic-cylinders.net\/wp-content\/uploads\/2023\/08\/hydraulic-cylinder-product-4-980x488.webp 980w, https:\/\/hydraulic-cylinders.net\/wp-content\/uploads\/2023\/08\/hydraulic-cylinder-product-4-480x239.webp 480w\" sizes=\"(min-width: 0px) and (max-width: 480px) 480px, (min-width: 481px) and (max-width: 980px) 980px, (min-width: 981px) 1024px, 100vw\" \/><\/p>\n<h3>(4) Barvanje in premazovanje<\/h3>\n<p>Z majhnimi in srednje velikimi cilindri\u010dnimi avtomatskimi linijami za barvanje na vodni osnovi, za doseganje avtomatskega nakladanja in razkladanja robotov ter avtomatskega brizganja, je projektna zmogljivost 4000 kosov na izmeno;<br \/>\nImamo tudi polavtomatsko linijo za proizvodnjo barv za velike jeklenke, ki jo poganja veriga, s projektno zmogljivostjo 60 zabojev na izmeno.<\/p>\n<p><img loading=\"lazy\" decoding=\"async\" class=\"alignnone wp-image-630\" src=\"https:\/\/hydraulic-cylinders.net\/wp-content\/uploads\/2023\/08\/hydraulic-cylinder-product-5-300x213.webp\" alt=\"\" width=\"366\" height=\"260\" \/> <img loading=\"lazy\" decoding=\"async\" class=\"alignnone wp-image-631\" src=\"https:\/\/hydraulic-cylinders.net\/wp-content\/uploads\/2023\/08\/hydraulic-cylinder-product-6-300x225.webp\" alt=\"\" width=\"347\" height=\"260\" \/><\/p>\n<h3>(5) Testiranje<\/h3>\n<p>Imamo prvovrstne in\u0161pekcijske prostore in testne postaje, s katerimi zagotavljamo, da delovanje jeklenke izpolnjuje zahteve.<\/p>\n<p><img loading=\"lazy\" decoding=\"async\" class=\"alignnone wp-image-632\" src=\"https:\/\/hydraulic-cylinders.net\/wp-content\/uploads\/2023\/08\/hydraulic-cylinder-product-8-300x200.webp\" alt=\"\" width=\"389\" height=\"260\" \/><\/p>\n<p>&nbsp;<\/p>\n<p>&nbsp;<\/p>\n<p>Smo eden najbolj\u0161ih proizvajalcev hidravli\u010dnih cilindrov. Ponujamo vam celovite hidravli\u010dne cilindre. Zagotavljamo tudi ustrezne <a href=\"https:\/\/hzpt.com\/agricultural-pto-gearbox\/\" target=\"_blank\" rel=\"noopener\">kmetijski menjalniki<\/a>Na\u0161e izdelke smo izvozili strankam po vsem svetu in si prislu\u017eili dober ugled zaradi vrhunske kakovosti izdelkov in poprodajnih storitev. Z veseljem vas vabimo, da nas kontaktirate za poslovne dogovore, izmenjavo informacij in ... <a href=\"https:\/\/www.hydraulic-cylinders.net\/sl\/contact-us\/\">sodelujte z nami<\/a>!<\/p>","protected":false},"excerpt":{"rendered":"<p>Mining Dump Truck Lifting Cylinder The mining dump truck lifting cylinder is an essential component designed specifically for mining dump trucks. This powerful hydraulic cylinder is responsible for lifting and lowering the truck&#8217;s dump bed, allowing for efficient loading and unloading of materials in mining operations. The mining dump truck lifting cylinder is a crucial [&hellip;]<\/p>","protected":false},"featured_media":1609,"comment_status":"open","ping_status":"closed","template":"","meta":{"_et_pb_use_builder":"","_et_pb_old_content":"","_et_gb_content_width":""},"product_brand":[],"product_cat":[1517,1532,1549,1376,1393],"product_tag":[1380],"class_list":{"0":"post-1607","1":"product","2":"type-product","3":"status-publish","4":"has-post-thumbnail","6":"product_cat-dump-truck-hydraulic-cylinders","7":"product_cat-mining-dump-truck-hydraulic-cylinders","8":"product_cat-single-acting-hydraulic-cylinder","9":"product_cat-hydraulic-cylinder","10":"product_cat-telescopic-hydraulic-cylinder","11":"product_tag-hydraulic-cylinder","13":"first","14":"instock","15":"shipping-taxable","16":"product-type-simple"},"amp_enabled":true,"_links":{"self":[{"href":"https:\/\/www.hydraulic-cylinders.net\/sl\/wp-json\/wp\/v2\/product\/1607","targetHints":{"allow":["GET"]}}],"collection":[{"href":"https:\/\/www.hydraulic-cylinders.net\/sl\/wp-json\/wp\/v2\/product"}],"about":[{"href":"https:\/\/www.hydraulic-cylinders.net\/sl\/wp-json\/wp\/v2\/types\/product"}],"replies":[{"embeddable":true,"href":"https:\/\/www.hydraulic-cylinders.net\/sl\/wp-json\/wp\/v2\/comments?post=1607"}],"wp:featuredmedia":[{"embeddable":true,"href":"https:\/\/www.hydraulic-cylinders.net\/sl\/wp-json\/wp\/v2\/media\/1609"}],"wp:attachment":[{"href":"https:\/\/www.hydraulic-cylinders.net\/sl\/wp-json\/wp\/v2\/media?parent=1607"}],"wp:term":[{"taxonomy":"product_brand","embeddable":true,"href":"https:\/\/www.hydraulic-cylinders.net\/sl\/wp-json\/wp\/v2\/product_brand?post=1607"},{"taxonomy":"product_cat","embeddable":true,"href":"https:\/\/www.hydraulic-cylinders.net\/sl\/wp-json\/wp\/v2\/product_cat?post=1607"},{"taxonomy":"product_tag","embeddable":true,"href":"https:\/\/www.hydraulic-cylinders.net\/sl\/wp-json\/wp\/v2\/product_tag?post=1607"}],"curies":[{"name":"delovni list","href":"https:\/\/api.w.org\/{rel}","templated":true}]}}