{"id":16084,"date":"2025-01-20T08:27:29","date_gmt":"2025-01-20T08:27:29","guid":{"rendered":"https:\/\/www.hydraulic-cylinders.net\/product\/arm-cylinderfor-komatsu-wheel-excavator-pw98mr-8\/"},"modified":"2025-01-20T08:27:31","modified_gmt":"2025-01-20T08:27:31","slug":"arm-cylinderfor-komatsu-wheel-excavator-pw98mr-8","status":"publish","type":"product","link":"https:\/\/www.hydraulic-cylinders.net\/sl\/izdelek\/arm-cylinderfor-komatsu-wheel-excavator-pw98mr-8\/","title":{"rendered":"Ro\u010dica cilindra za kolesni bager Komatsu PW98MR-8"},"content":{"rendered":"<h1>Ro\u010dica cilindra za kolesni bager Komatsu PW98MR-8<\/h1>\n<h2>Uvod<\/h2>\n<p>Hidravli\u010dni valj roke je posebej zasnovan hidravli\u010dni valj, ki zagotavlja linearno gibanje in mo\u010d roki razli\u010dnih strojev, kot so bagri, \u017eerjavi in \u200b\u200brobotske roke. Igra klju\u010dno vlogo v hidravli\u010dnih sistemih, saj omogo\u010da u\u010dinkovito gibanje in nadzor dodatnih orodij ali priklju\u010dkov. Ti cilindri ne zagotavljajo le gladkega gibanja, temve\u010d tudi prenesejo velike obremenitve, kar zagotavlja u\u010dinkovito delovanje in zanesljivost strojev v razli\u010dnih delovnih pogojih.<\/p>\n<p><img decoding=\"async\" src=\"https:\/\/www.hydraulic-cylinders.net\/wp-content\/uploads\/2025\/01\/songte-company-2.webp\"><\/p>\n<h2>Zna\u010dilnosti<\/h2>\n<ul>\n<li><strong>Visoko u\u010dinkovit prenos:<\/strong> Cilinder roke zagotavlja mo\u010dno linearno gibanje in silo, kar zagotavlja visoko zmogljivost mehanske roke pri razli\u010dnih operacijah.<\/li>\n<li><strong>Natan\u010den nadzor:<\/strong> S hidravli\u010dnim sistemom omogo\u010da cilinder roke natan\u010den nadzor gibanja, zaradi \u010desar je upravljanje dodatnih orodij bolj prilagodljivo in natan\u010dno.<\/li>\n<li><strong>Mo\u010dna vzdr\u017eljivost:<\/strong> Ro\u010dajni cilindri so obi\u010dajno izdelani iz visoko trdnih materialov, ki se pona\u0161ajo z odli\u010dno odpornostjo proti obrabi in koroziji, zaradi \u010desar so primerni za dolgotrajno uporabo v zahtevnih okoljih.<\/li>\n<li><strong>Ve\u010dnamenska prilagodljivost:<\/strong> Ti cilindri se lahko \u0161iroko uporabljajo v razli\u010dnih vrstah strojev, kot so bagri, \u017eerjavi in \u200b\u200brobotske roke, ter zadovoljujejo razli\u010dne zahteve delovnih mest.<\/li>\n<li><strong>Enostavno vzdr\u017eevanje:<\/strong> Zasnovani z mislijo na enostavno vzdr\u017eevanje in zamenjavo, cilindri rok omogo\u010dajo priro\u010dne redne preglede in vzdr\u017eevanje, kar zmanj\u0161uje \u010das izpada opreme.<\/li>\n<\/ul>\n<p><img decoding=\"async\" src=\"https:\/\/www.hydraulic-cylinders.net\/wp-content\/uploads\/2025\/01\/songte-oil-pipes-and-spare-parts.webp\"><\/p>\n<h2>Aplikacije<\/h2>\n<p>Ro\u010dni valj se uporablja v razli\u010dnih panogah:<\/p>\n<h3>1. Gradbeni\u0161tvo<\/h3>\n<p>Pri bagrih in \u017eerjavih cilinder roke nadzoruje gibanje \u017elice ali roke, kar omogo\u010da zemeljska dela, ravnanje z materiali in konstrukcijske instalacije.<\/p>\n<h3>2. Proizvodnja<\/h3>\n<p>V avtomatiziranih proizvodnih linijah se valj roke uporablja za gibanje robotskih rok, izvajanje postopkov monta\u017ee, varjenja in ravnanja z materiali za pove\u010danje u\u010dinkovitosti in natan\u010dnosti proizvodnje.<\/p>\n<h3>3. Kmetijska mehanizacija<\/h3>\n<p>V kmetijskih strojih, kot so \u017eetveni stroji in sejalniki, cilinder roke nadzoruje gibanje delovnih rok in izvaja naloge, kot so setev, gnojenje in \u017eetev.<\/p>\n<h3>4. Rudarstvo<\/h3>\n<p>V rudarski opremi se valj roke uporablja za nadzor gibanja roke rudarskih strojev, kar olaj\u0161a pridobivanje in transport rude.<\/p>\n<h3>5. Logistika in transport<\/h3>\n<p>Pri vili\u010darjih in robotih za manipulacijo cilinder roke nadzoruje dvigovanje in premikanje vilic, kar olaj\u0161a ravnanje z materiali in zlaganje.<\/p>\n<p><img decoding=\"async\" src=\"https:\/\/www.hydraulic-cylinders.net\/wp-content\/uploads\/2025\/01\/songte-cylinder-head-with-all-kinds-excavator-models.webp\"><\/p>\n<h2>Oblikovalski vidiki in izbirna merila<\/h2>\n<p>Pri izbiri in na\u010drtovanju cilindri\u010dnih naprav je treba upo\u0161tevati ve\u010d dejavnikov:<\/p>\n<h3>1. Nosilnost<\/h3>\n<p>Ro\u010dajni valj mora biti sposoben prenesti predvideno obremenitev in zagotoviti potrebno silo za uporabo.<\/p>\n<h3>2. Tesnjenje<\/h3>\n<p>Uporabiti je treba razli\u010dne tesnilne elemente, kot so tesnila bata in tesnila palic. Ta tesnila morajo biti izdelana iz materialov, odpornih proti obrabi, kot sta poliuretan in nitrilna guma. Ohi\u0161je valja in navojni konec morata biti fino obdelana za izbolj\u0161anje odpornosti proti obrabi. Za pravilno mazanje je potrebno redno mazanje z ustrezno koli\u010dino hidravli\u010dnega olja.<\/p>\n<p><img decoding=\"async\" src=\"https:\/\/www.hydraulic-cylinders.net\/wp-content\/uploads\/2025\/01\/songte-chushion-collar.webp\"><\/p>\n<h2>Redni pregledi in preventivno vzdr\u017eevanje<\/h2>\n<p>Za zagotovitev optimalne zmogljivosti in dolge \u017eivljenjske dobe ro\u010dnega cilindra je treba redno pregledovati in izvajati preventivne vzdr\u017eevalne ukrepe:<\/p>\n<ul>\n<li>Preverite morebitne znake pu\u0161\u010danja ali po\u0161kodb tesnil in jih po potrebi zamenjajte.<\/li>\n<li>Preverite ohi\u0161je valja in batnico glede morebitnih znakov obrabe ali korozije.<\/li>\n<li>Zagotovite pravilno mazanje z rednim dodajanjem ustrezne koli\u010dine hidravli\u010dnega olja.<\/li>\n<li>Zategnite vse ohlapne povezave ali pritrdilne elemente.<\/li>\n<li>O\u010distite valj in odstranite morebitne ostanke ali ne\u010disto\u010de.<\/li>\n<\/ul>\n<h2>Vodnik za namestitev izdelka<\/h2>\n<p>Pravilna namestitev ro\u010dnega cilindra je klju\u010dnega pomena za njegovo u\u010dinkovito delovanje. Za pravilno namestitev sledite tem korakom:<\/p>\n<ol>\n<li>Pripravite potrebno orodje in opremo za namestitev.<\/li>\n<li>Namestite valj roke na \u017eeleno mesto in ga poravnajte s pritrdilnimi to\u010dkami.<\/li>\n<li>Jeklenko varno pritrdite na pritrdilne to\u010dke z ustreznimi pritrdilnimi elementi.<\/li>\n<li>Hidravli\u010dne cevi ali cevi priklju\u010dite na valj in pri tem zagotovite ustrezno tesnjenje.<\/li>\n<li>Preverite morebitna pu\u0161\u010danja in opravite potrebne prilagoditve ali popravila.<\/li>\n<\/ol>\n<p><img decoding=\"async\" src=\"https:\/\/www.hydraulic-cylinders.net\/wp-content\/uploads\/2025\/01\/songte-bushings-with-all-kinds-of-excavator-models.webp\"><\/p>\n<h2>Varnostni vidiki in okoljski dejavniki<\/h2>\n<p>Pri uporabi cilindrov roke je pomembno dati prednost varnostnim ukrepom za prepre\u010devanje nesre\u010d in zagotavljanje varnega delovnega okolja. Ustrezno usposabljanje in upo\u0161tevanje varnostnih smernic sta bistvenega pomena za upravljavce in vzdr\u017eevalno osebje.<\/p>\n<h2>Odpravljanje te\u017eav in pogoste te\u017eave<\/h2>\n<p>Ro\u010dajni cilindri lahko med svojo \u017eivljenjsko dobo naletijo na dolo\u010dene napake ali te\u017eave. Tukaj je nekaj pogostih te\u017eav in njihovih mo\u017enih re\u0161itev:<\/p>\n<ul>\n<li><strong>Pu\u0161\u010danje:<\/strong> Preverite tesnila glede po\u0161kodb in jih po potrebi zamenjajte. Zagotovite ustrezno mazanje.<\/li>\n<li><strong>Nedosledno ali sunkovito gibanje:<\/strong> Preverite valj glede morebitnih znakov obrabe ali po\u0161kodb. Po potrebi nama\u017eite gibljive dele.<\/li>\n<li><strong>Prekomerni hrup:<\/strong> Preverite, ali so povezave ohlapne ali komponente obrabljene. Pritrdite povezave ali zamenjajte po\u0161kodovane dele.<\/li>\n<li><strong>Pregrevanje:<\/strong> Preverite hidravli\u010dni sistem glede morebitnih omejitev ali okvar. Po potrebi prilagodite tlak v sistemu.<\/li>\n<\/ul>\n<p>Z upo\u0161tevanjem teh nasvetov za odpravljanje te\u017eav in preventivnih ukrepov lahko bralci u\u010dinkovito diagnosticirajo in odpravijo te\u017eave, hkrati pa zmanj\u0161ajo morebitne te\u017eave.<\/p>\n<p><img decoding=\"async\" src=\"https:\/\/www.hydraulic-cylinders.net\/wp-content\/uploads\/2025\/01\/songte-chushion-collar.webp\"><\/p>\n<h2>O nas<\/h2>\n<p>Smo profesionalni proizvajalec nadomestnih hidravli\u010dnih cilindrov in ponujamo \u0161iroko paleto izdelkov. Postali smo eden vodilnih proizvajalcev in veleprodajnih distributerjev hidravli\u010dnih cilindrov na doma\u010dem in mednarodnem trgu. Na\u0161a zavezanost odli\u010dnosti nas \u017eene k nenehnemu izbolj\u0161evanju na\u0161ega tehni\u010dnega znanja in proizvodne u\u010dinkovitosti.<\/p>\n<p>S pomo\u010djo napredne digitalne proizvodne opreme in profesionalnih sistemov za testiranje optimiziramo na\u0161o proizvodno platformo in izbolj\u0161ujemo procese nadzora kakovosti izdelkov. Na\u0161e mo\u010dne inovacijske zmogljivosti nam omogo\u010dajo, da zadovoljimo raznolike potrebe strank z u\u010dinkovitostjo, natan\u010dnostjo in visoko kakovostjo.<\/p>\n<p>Poleg tega smo ponosni na na\u0161o profesionalnost, mednarodne certifikate, storitve prilagajanja, proizvodno opremo in poprodajne storitve.<\/p>\n<p><img decoding=\"async\" src=\"https:\/\/www.hydraulic-cylinders.net\/wp-content\/uploads\/2025\/01\/songte-company-4.webp\"><br \/>\n<img decoding=\"async\" src=\"https:\/\/www.hydraulic-cylinders.net\/wp-content\/uploads\/2025\/01\/songte-company-3.webp\"><\/p>\n<p>Avtor: lyl<\/p>","protected":false},"excerpt":{"rendered":"<p>Arm Cylinder For Komatsu Wheel Excavator PW98MR-8 Introduction The arm cylinder is a specially designed hydraulic cylinder that provides linear motion and power to the arm of various machinery, such as excavators, cranes, and robotic arms. It plays a crucial role in hydraulic systems, allowing for the efficient movement and control of additional tools or [&hellip;]<\/p>","protected":false},"featured_media":14783,"comment_status":"open","ping_status":"closed","template":"","meta":{"_et_pb_use_builder":"","_et_pb_old_content":"","_et_gb_content_width":""},"product_brand":[],"product_cat":[1497],"product_tag":[1498,1496],"class_list":{"0":"post-16084","1":"product","2":"type-product","3":"status-publish","4":"has-post-thumbnail","6":"product_cat-arm-cylinders","7":"product_tag-arm-cylinders","8":"product_tag-hydraulic-cylinders","10":"first","11":"instock","12":"shipping-taxable","13":"product-type-simple"},"amp_enabled":true,"_links":{"self":[{"href":"https:\/\/www.hydraulic-cylinders.net\/sl\/wp-json\/wp\/v2\/product\/16084","targetHints":{"allow":["GET"]}}],"collection":[{"href":"https:\/\/www.hydraulic-cylinders.net\/sl\/wp-json\/wp\/v2\/product"}],"about":[{"href":"https:\/\/www.hydraulic-cylinders.net\/sl\/wp-json\/wp\/v2\/types\/product"}],"replies":[{"embeddable":true,"href":"https:\/\/www.hydraulic-cylinders.net\/sl\/wp-json\/wp\/v2\/comments?post=16084"}],"wp:featuredmedia":[{"embeddable":true,"href":"https:\/\/www.hydraulic-cylinders.net\/sl\/wp-json\/wp\/v2\/media\/14783"}],"wp:attachment":[{"href":"https:\/\/www.hydraulic-cylinders.net\/sl\/wp-json\/wp\/v2\/media?parent=16084"}],"wp:term":[{"taxonomy":"product_brand","embeddable":true,"href":"https:\/\/www.hydraulic-cylinders.net\/sl\/wp-json\/wp\/v2\/product_brand?post=16084"},{"taxonomy":"product_cat","embeddable":true,"href":"https:\/\/www.hydraulic-cylinders.net\/sl\/wp-json\/wp\/v2\/product_cat?post=16084"},{"taxonomy":"product_tag","embeddable":true,"href":"https:\/\/www.hydraulic-cylinders.net\/sl\/wp-json\/wp\/v2\/product_tag?post=16084"}],"curies":[{"name":"delovni list","href":"https:\/\/api.w.org\/{rel}","templated":true}]}}