{"id":16095,"date":"2025-01-20T08:28:17","date_gmt":"2025-01-20T08:28:17","guid":{"rendered":"https:\/\/www.hydraulic-cylinders.net\/product\/arm-cylinderfor-sumitomo-small-excavator-sh130-5\/"},"modified":"2025-01-20T08:28:25","modified_gmt":"2025-01-20T08:28:25","slug":"arm-cylinderfor-sumitomo-small-excavator-sh130-5","status":"publish","type":"product","link":"https:\/\/www.hydraulic-cylinders.net\/sl\/izdelek\/arm-cylinderfor-sumitomo-small-excavator-sh130-5\/","title":{"rendered":"Ro\u010dica cilindra za majhen bager Sumitomo SH130-5"},"content":{"rendered":"<p><!DOCTYPE html><br \/>\n<html><br \/>\n<head><br \/>\n<title>Ro\u010dni valj za majhen bager Sumitomo SH130-5<\/title><br \/>\n<\/head><br \/>\n<body><\/p>\n<h1>Ro\u010dni valj za majhen bager Sumitomo SH130-5<\/h1>\n<h2>Uvod<\/h2>\n<p>Hidravli\u010dni valj roke je posebej zasnovan hidravli\u010dni valj, ki se uporablja za zagotavljanje linearnega gibanja in mo\u010di roki razli\u010dnih strojev, kot so bagri, \u017eerjavi in \u200b\u200brobotske roke. Cilinder roke igra klju\u010dno vlogo v hidravli\u010dnih sistemih, saj omogo\u010da u\u010dinkovito gibanje in nadzor dodatnih orodij ali priklju\u010dkov. Ti cilindri ne omogo\u010dajo le gladkega gibanja, temve\u010d tudi prenesejo velike obremenitve, kar zagotavlja u\u010dinkovito delovanje in zanesljivost strojev v razli\u010dnih delovnih pogojih.<\/p>\n<p><img decoding=\"async\" src=\"https:\/\/www.hydraulic-cylinders.net\/wp-content\/uploads\/2025\/01\/songte-company-2.webp\" alt=\"Slika ro\u010dnega cilindra\"><\/p>\n<h2>Zna\u010dilnosti<\/h2>\n<ul>\n<li><strong>U\u010dinkovit prenos mo\u010di:<\/strong> Cilinder roke zagotavlja mo\u010dno linearno gibanje in silo, kar zagotavlja visoko zmogljivost mehanske roke pri razli\u010dnih operacijah.<\/li>\n<li><strong>Natan\u010den nadzor:<\/strong> S pomo\u010djo hidravli\u010dnih sistemov omogo\u010da valj roke natan\u010den nadzor gibanja, zaradi \u010desar je delovanje priklju\u010denih orodij bolj prilagodljivo in natan\u010dno.<\/li>\n<li><strong>Vzdr\u017eljivost:<\/strong> Ro\u010dajni cilindri so obi\u010dajno izdelani iz visoko trdnih materialov, ki ponujajo odli\u010dno odpornost proti obrabi in koroziji, zaradi \u010desar so primerni za dolgotrajno uporabo v zahtevnih okoljih.<\/li>\n<li><strong>Ve\u010dnamenska prilagodljivost:<\/strong> Ti cilindri se lahko \u0161iroko uporabljajo v razli\u010dnih vrstah strojev, kot so bagri, \u017eerjavi in \u200b\u200brobotske roke, ter se prilagajajo razli\u010dnim delovnim zahtevam.<\/li>\n<li><strong>Enostavno vzdr\u017eevanje:<\/strong> Zasnovan z mislijo na enostavno vzdr\u017eevanje in zamenjavo, so redni pregledi in vzdr\u017eevanje priro\u010dni, kar skraj\u0161a \u010das izpada opreme.<\/li>\n<\/ul>\n<p><img decoding=\"async\" src=\"https:\/\/www.hydraulic-cylinders.net\/wp-content\/uploads\/2025\/01\/songte-oil-pipes-and-spare-parts.webp\" alt=\"Slika rezervnih delov ro\u010dice cilindra\"><\/p>\n<h2>Aplikacije<\/h2>\n<p>Rokavni valj se uporablja v razli\u010dnih panogah:<\/p>\n<ul>\n<li><strong>Gradbeni\u0161tvo:<\/strong> Pri bagrih in \u017eerjavih cilinder roke nadzoruje gibanje \u017elice ali roke, kar omogo\u010da zemeljska dela, ravnanje z materiali in monta\u017eo konstrukcij.<\/li>\n<li><strong>Proizvodnja:<\/strong> V avtomatiziranih proizvodnih linijah valj roke olaj\u0161a gibanje robotskih rok za procese monta\u017ee, varjenja in ravnanja z materiali, s \u010dimer se izbolj\u0161a u\u010dinkovitost in natan\u010dnost proizvodnje.<\/li>\n<li><strong>Kmetijska mehanizacija:<\/strong> V kmetijski opremi, kot so kombajni in sejalnice, cilinder roke nadzoruje gibanje delovnih rok za naloge, kot so setev, gnojenje in \u017eetev.<\/li>\n<li><strong>Rudarstvo:<\/strong> V rudarski opremi cilinder roke nadzoruje gibanje roke za pridobivanje in transport rude.<\/li>\n<li><strong>Logistika in transport:<\/strong> Pri vili\u010darjih in robotih za manipulacijo cilinder roke nadzoruje dvigovanje in premikanje vilic, kar omogo\u010da ravnanje z materiali in zlaganje.<\/li>\n<\/ul>\n<h2>Oblikovalski vidiki in izbirna merila<\/h2>\n<p>Pri na\u010drtovanju in izbiri ro\u010dnega cilindra je treba upo\u0161tevati ve\u010d dejavnikov:<\/p>\n<ul>\n<li><strong>Nosilnost:<\/strong> Ro\u010dajni valj mora biti sposoben prenesti predvideno obremenitev in varno delovati v pri\u010dakovanih pogojih.<\/li>\n<li><strong>Tesnjenje:<\/strong> Za zagotovitev u\u010dinkovitega tesnjenja je treba uporabiti razli\u010dna tesnila, kot so tesnila bata in tesnila ojnic. Ta tesnila so pogosto izdelana iz materialov, odpornih proti obrabi, kot sta poliuretan in nitrilna guma.<\/li>\n<li><strong>Vzdr\u017eljivost:<\/strong> Ohi\u0161je valja in navojni konci morajo biti skrbno obdelani, da se izbolj\u0161a odpornost proti obrabi. Potrebno je redno mazanje z ustrezno koli\u010dino hidravli\u010dnega olja.<\/li>\n<li><strong>Varnost:<\/strong> Za prepre\u010devanje nesre\u010d med delovanjem je treba izvajati varnostne ukrepe, kot so sistemi za zaustavitev v sili in za\u0161\u010ditni pokrovi.<\/li>\n<li><strong>Vzdr\u017eevanje:<\/strong> Redne preglede in proaktivno vzdr\u017eevanje je treba izvajati za odkrivanje morebitnih te\u017eav in zagotavljanje optimalnega delovanja.<\/li>\n<\/ul>\n<p><img decoding=\"async\" src=\"https:\/\/www.hydraulic-cylinders.net\/wp-content\/uploads\/2025\/01\/songte-cylinder-head-with-all-kinds-excavator-models.webp\" alt=\"Slika komponent ro\u010dnega cilindra\"><\/p>\n<h2>Tesnjenje in mazanje<\/h2>\n<p>Ro\u010dajni valj uporablja razli\u010dne tesnilne komponente, kot so tesnila bata in tesnila palic, ki so izdelana iz materialov, odpornih proti obrabi, kot sta poliuretan in nitrilna guma. Telo valja in navojni konci so fino obdelani za ve\u010djo odpornost proti obrabi. Redno mazanje z ustrezno koli\u010dino hidravli\u010dnega olja je bistvenega pomena za pravilno delovanje.<\/p>\n<h2>Redni pregledi in preventivno vzdr\u017eevanje<\/h2>\n<p>Za zagotovitev dolge \u017eivljenjske dobe in optimalnega delovanja ro\u010dnega cilindra je treba sprejeti naslednje ukrepe:<\/p>\n<ul>\n<li>Redno pregledujte jeklenko glede morebitnih znakov pu\u0161\u010danja, po\u0161kodb ali obrabe.<\/li>\n<li>Preverite nivo in kakovost hidravli\u010dnega olja ter ga po potrebi zamenjajte ali dolijte.<\/li>\n<li>Preverite in o\u010distite tesnilne komponente, da ohranite ustrezno u\u010dinkovitost tesnjenja.<\/li>\n<li>Zategnite vse ohlapne povezave ali pritrdilne elemente.<\/li>\n<li>Upo\u0161tevajte priporo\u010dila proizvajalca glede intervalov in postopkov vzdr\u017eevanja.<\/li>\n<\/ul>\n<p><img decoding=\"async\" src=\"https:\/\/www.hydraulic-cylinders.net\/wp-content\/uploads\/2025\/01\/songte-chushion-collar.webp\" alt=\"Slika vzdr\u017eevanja ro\u010dnega cilindra\"><\/p>\n<h2>Navodila za namestitev izdelka<\/h2>\n<p>Pravilna namestitev ro\u010dnega cilindra je klju\u010dnega pomena za njegovo optimalno delovanje in dolgo \u017eivljenjsko dobo. Upo\u0161tevajte ta navodila:<\/p>\n<ul>\n<li>Prepri\u010dajte se, da je povr\u0161ina za monta\u017eo \u010dista in brez kakr\u0161nih koli ostankov.<\/li>\n<li>Za pritrditev cilindra uporabite ustrezna orodja in tehnike.<\/li>\n<li>Prepri\u010dajte se, da so vse povezave pravilno zategnjene.<\/li>\n<li>Za polnjenje in odzra\u010devanje hidravli\u010dne teko\u010dine upo\u0161tevajte navodila proizvajalca.<\/li>\n<li>Preden v celoti uporabite jeklenko, jo preizkusite.<\/li>\n<\/ul>\n<p><img decoding=\"async\" src=\"https:\/\/www.hydraulic-cylinders.net\/wp-content\/uploads\/2025\/01\/songte-bushings-with-all-kinds-of-excavator-models.webp\" alt=\"Slika namestitve ro\u010dice cilindra\"><\/p>\n<h2>Varnostni vidiki in okoljski dejavniki<\/h2>\n<p>Pri delu z ro\u010dnimi cilindri je bistveno dati prednost varnostnim ukrepom, pri \u010demer je treba upo\u0161tevati naslednje:<\/p>\n<ul>\n<li>Zagotovite ustrezno usposabljanje upravljavcev in se prepri\u010dajte, da razumejo postopke varnega delovanja in morebitne nevarnosti.<\/li>\n<li>Za prepre\u010devanje nesre\u010d uporabite varnostne funkcije, kot so sistemi za zaustavitev v sili in za\u0161\u010ditni pokrovi.<\/li>\n<li>Upo\u0161tevajte lokalne predpise in standarde glede uporabe in namestitve hidravli\u010dne opreme.<\/li>\n<li>Upo\u0161tevajte okoljske dejavnike in izberite materiale, ki \u010dim bolj zmanj\u0161ajo vpliv na ekosistem.<\/li>\n<\/ul>\n<h2>Odpravljanje te\u017eav in pogoste te\u017eave<\/h2>\n<p>Pri te\u017eavah z ro\u010di\u010dnim cilindrom so lahko v pomo\u010d naslednji koraki za odpravljanje te\u017eav:<\/p>\n<ul>\n<li><strong>Te\u017eava: <\/strong>Cilinder pu\u0161\u010da.<\/li>\n<li><strong>Re\u0161itev: <\/strong>Preverite in zamenjajte morebitna po\u0161kodovana tesnila ali komponente. Zagotovite pravilno tesnjenje in povezavo.<\/li>\n<li><strong>Te\u017eava: <\/strong>Cilinder se ne premika gladko.<\/li>\n<li><strong>Re\u0161itev: <\/strong>Preverite morebitne ovire ali nepravilnosti. Nama\u017eite valj in zagotovite pravilno delovanje hidravli\u010dnega sistema.<\/li>\n<li><strong>Te\u017eava: <\/strong>Cilinder ne ustvarja dovolj sile.<\/li>\n<li><strong>Re\u0161itev: <\/strong>Preverite morebitne okvare hidravli\u010dnega sistema, kot sta nizek tlak olja ali nezadosten pretok. Preverite valj glede morebitnih po\u0161kodb ali obrabe.<\/li>\n<\/ul>\n<p>Z upo\u0161tevanjem teh korakov za odpravljanje te\u017eav in izvajanjem preventivnih ukrepov je mogo\u010de zmanj\u0161ati morebitne te\u017eave, kar zagotavlja optimalno delovanje in dolgo \u017eivljenjsko dobo cilindra roke.<\/p>\n<p><img decoding=\"async\" src=\"https:\/\/www.hydraulic-cylinders.net\/wp-content\/uploads\/2025\/01\/songte-chushion-collar.webp\" alt=\"Slika odpravljanja te\u017eav z ro\u010di\u010dnim cilindrom\"><\/p>\n<h2>O nas<\/h2>\n<p>Smo profesionalni proizvajalec nadomestnih hidravli\u010dnih cilindrov in ponujamo \u0161iroko paleto izdelkov. Postali smo eden vodilnih proizvajalcev in veleprodajnih distributerjev hidravli\u010dnih cilindrov na doma\u010dem in mednarodnem trgu. Na\u0161o zavezanost k odli\u010dnosti kakovosti ohranjamo z na\u0161o industrializirano strategijo upravljanja proizvodnje, izkori\u0161\u010danjem sofisticiranih proizvodnih obratov ter izbolj\u0161anjem tehnolo\u0161kega znanja in u\u010dinkovitosti proizvodnje. Z uvedbo napredne digitalne proizvodne opreme in profesionalnih sistemov testiranja ...<\/p>","protected":false},"excerpt":{"rendered":"<p>Arm Cylinder For Sumitomo Small Excavator SH130-5 Arm Cylinder For Sumitomo Small Excavator SH130-5 Introduction The arm cylinder is a specially designed hydraulic cylinder that is used to provide linear motion and power to the arm of various machinery, such as excavators, cranes, and robotic arms. The arm cylinder plays a crucial role in hydraulic [&hellip;]<\/p>","protected":false},"featured_media":14779,"comment_status":"open","ping_status":"closed","template":"","meta":{"_et_pb_use_builder":"","_et_pb_old_content":"","_et_gb_content_width":""},"product_brand":[],"product_cat":[1497],"product_tag":[1498,1496],"class_list":{"0":"post-16095","1":"product","2":"type-product","3":"status-publish","4":"has-post-thumbnail","6":"product_cat-arm-cylinders","7":"product_tag-arm-cylinders","8":"product_tag-hydraulic-cylinders","10":"first","11":"instock","12":"shipping-taxable","13":"product-type-simple"},"amp_enabled":true,"_links":{"self":[{"href":"https:\/\/www.hydraulic-cylinders.net\/sl\/wp-json\/wp\/v2\/product\/16095","targetHints":{"allow":["GET"]}}],"collection":[{"href":"https:\/\/www.hydraulic-cylinders.net\/sl\/wp-json\/wp\/v2\/product"}],"about":[{"href":"https:\/\/www.hydraulic-cylinders.net\/sl\/wp-json\/wp\/v2\/types\/product"}],"replies":[{"embeddable":true,"href":"https:\/\/www.hydraulic-cylinders.net\/sl\/wp-json\/wp\/v2\/comments?post=16095"}],"wp:featuredmedia":[{"embeddable":true,"href":"https:\/\/www.hydraulic-cylinders.net\/sl\/wp-json\/wp\/v2\/media\/14779"}],"wp:attachment":[{"href":"https:\/\/www.hydraulic-cylinders.net\/sl\/wp-json\/wp\/v2\/media?parent=16095"}],"wp:term":[{"taxonomy":"product_brand","embeddable":true,"href":"https:\/\/www.hydraulic-cylinders.net\/sl\/wp-json\/wp\/v2\/product_brand?post=16095"},{"taxonomy":"product_cat","embeddable":true,"href":"https:\/\/www.hydraulic-cylinders.net\/sl\/wp-json\/wp\/v2\/product_cat?post=16095"},{"taxonomy":"product_tag","embeddable":true,"href":"https:\/\/www.hydraulic-cylinders.net\/sl\/wp-json\/wp\/v2\/product_tag?post=16095"}],"curies":[{"name":"delovni list","href":"https:\/\/api.w.org\/{rel}","templated":true}]}}