{"id":16112,"date":"2025-01-20T08:30:09","date_gmt":"2025-01-20T08:30:09","guid":{"rendered":"https:\/\/www.hydraulic-cylinders.net\/product\/arm-cylinderfor-sumitomo-large-excavator-sh350hb-3b\/"},"modified":"2025-01-20T08:30:18","modified_gmt":"2025-01-20T08:30:18","slug":"arm-cylinderfor-sumitomo-large-excavator-sh350hb-3b","status":"publish","type":"product","link":"https:\/\/www.hydraulic-cylinders.net\/sl\/izdelek\/arm-cylinderfor-sumitomo-large-excavator-sh350hb-3b\/","title":{"rendered":"Ro\u010dica cilindra za Sumitomo veliki bager SH350HB-3B"},"content":{"rendered":"<h1>Ro\u010dica cilindra za Sumitomo veliki bager SH350HB-3B<\/h1>\n<h2>Uvod<\/h2>\n<p>Hidravli\u010dni valj roke je posebej zasnovan hidravli\u010dni valj, ki se uporablja za zagotavljanje linearnega gibanja in mo\u010di roke razli\u010dnih vrst strojev, kot so bagri, \u017eerjavi in \u200b\u200brobotske roke. Cilinder roke igra klju\u010dno vlogo v hidravli\u010dnih sistemih, saj omogo\u010da u\u010dinkovito gibanje in nadzor dodatnih orodij ali priklju\u010dkov. Ti cilindri ne zagotavljajo le gladkega gibanja, temve\u010d tudi prenesejo velike obremenitve, kar zagotavlja u\u010dinkovito delovanje in zanesljivost strojev v razli\u010dnih obratovalnih pogojih.<\/p>\n<p><img decoding=\"async\" src=\"https:\/\/www.hydraulic-cylinders.net\/wp-content\/uploads\/2025\/01\/songte-company-2.webp\" alt=\"Ro\u010daj cilindra\" \/><\/p>\n<h2>Zna\u010dilnosti<\/h2>\n<ul>\n<li>Visoko u\u010dinkovit prenos: Cilinder roke zagotavlja mo\u010dno linearno gibanje in silo, kar zagotavlja visoko u\u010dinkovitost delovanja mehanske roke med delovanjem.<\/li>\n<li>Natan\u010den nadzor: S hidravli\u010dnim sistemom lahko cilinder roke dose\u017ee natan\u010den nadzor gibanja, zaradi \u010desar je delovanje dodatnih orodij bolj prilagodljivo in natan\u010dno.<\/li>\n<li>Vzdr\u017eljivost: Ro\u010dajni cilindri so obi\u010dajno izdelani iz visoko trdnih materialov, ki imajo dobro odpornost proti obrabi in koroziji, zaradi \u010desar so primerni za dolgotrajno uporabo v te\u017ekih okoljih.<\/li>\n<li>Ve\u010dnamenska prilagodljivost: Ti cilindri se lahko \u0161iroko uporabljajo v razli\u010dni mehanski opremi, kot so bagri, \u017eerjavi in \u200b\u200brobotske roke, za zadovoljevanje razli\u010dnih operativnih potreb.<\/li>\n<li>Enostavno vzdr\u017eevanje: Zasnovano za enostavno vzdr\u017eevanje in zamenjavo, zaradi \u010desar so redni pregledi in vzdr\u017eevanje bolj priro\u010dni ter se skraj\u0161a \u010das izpada opreme.<\/li>\n<\/ul>\n<p>Izdelujemo lahko ta izdelek, ki lahko popolnoma nadomesti te hidravli\u010dne cilindre.<\/p>\n<p><img decoding=\"async\" src=\"https:\/\/www.hydraulic-cylinders.net\/wp-content\/uploads\/2025\/01\/songte-oil-pipes-and-spare-parts.webp\" alt=\"Hidravli\u010dni cilindri\" \/><\/p>\n<h2>Aplikacije<\/h2>\n<p>Ro\u010dajni valj ima razli\u010dne aplikacije, vklju\u010dno z:<\/p>\n<h3>Gradbeni\u0161tvo<\/h3>\n<p>Uporablja se v bagrih in \u017eerjavih za nadzor gibanja \u017elic ali rok, pri zemeljskih delih, ravnanju z materiali in monta\u017ei konstrukcij.<\/p>\n<h3>Predelovalna industrija<\/h3>\n<p>Uporablja se v avtomatiziranih proizvodnih linijah za premikanje robotskih rok, za procese monta\u017ee, varjenja in rokovanja, kar izbolj\u0161uje u\u010dinkovitost in natan\u010dnost proizvodnje.<\/p>\n<h3>Kmetijska mehanizacija<\/h3>\n<p>Uporablja se v kmetijskih strojih, kot so \u017eetveni stroji in sejalniki, za nadzor gibanja delovnih rok, opravljanje nalog, kot so setev, gnojenje in \u017eetev.<\/p>\n<h3>Rudarstvo<\/h3>\n<p>Uporablja se v rudarski opremi za nadzor gibanja roke, za rudarjenje in prevoz rude.<\/p>\n<h3>Logistika in transport<\/h3>\n<p>Uporablja se v vili\u010darjih in robotih za upravljanje za nadzor dvigovanja in premikanja tovora, za ravnanje z materiali in zlaganje.<\/p>\n<p><img decoding=\"async\" src=\"https:\/\/www.hydraulic-cylinders.net\/wp-content\/uploads\/2025\/01\/songte-chushion-collar.webp\" alt=\"Gladki ro\u010dni valj\" \/><\/p>\n<h2>Oblikovalski vidiki in izbirna merila<\/h2>\n<p>Pri izbiri ro\u010dnega cilindra je treba upo\u0161tevati ve\u010d dejavnikov:<\/p>\n<h3>Nosilnost<\/h3>\n<p>Ro\u010dajni valj mora biti sposoben prenesti te\u017eo bremena, ki ga bo premikal.<\/p>\n<h3>Tesnjenje<\/h3>\n<p>Uporaba visokokakovostnih tesnil, kot so tesnila bata in ojnice, izdelana iz materialov, odpornih proti obrabi, kot sta poliuretan in nitrilna guma, je klju\u010dnega pomena za zagotovitev optimalne u\u010dinkovitosti in prepre\u010devanje pu\u0161\u010danja.<\/p>\n<h3>Vzdr\u017eljivost<\/h3>\n<p>Ro\u010dajni cilindri so obi\u010dajno izdelani iz visoko trdnih materialov, ki zagotavljajo odpornost proti obrabi in koroziji, kar je pomembno za dolgotrajno uporabo v zahtevnih okoljih.<\/p>\n<h3>Varnost<\/h3>\n<p>Pri zasnovi ro\u010dnega cilindra je treba upo\u0161tevati varnostne vidike, kot je uporaba varnostnih ventilov in naprav za za\u0161\u010dito pred preobremenitvijo.<\/p>\n<h3>Vzdr\u017eevanje<\/h3>\n<p>Pri zasnovi je treba upo\u0161tevati enostavno vzdr\u017eevanje in zamenjavo komponent, kot so tesnila in le\u017eaji, da se zagotovi optimalno delovanje in zmanj\u0161a \u010das izpada.<\/p>\n<p><img decoding=\"async\" src=\"https:\/\/www.hydraulic-cylinders.net\/wp-content\/uploads\/2025\/01\/songte-cylinder-head-with-all-kinds-excavator-models.webp\" alt=\"Glava valja (valja)\" \/><\/p>\n<h2>Tesnjenje in mazanje<\/h2>\n<p>Za valj ro\u010dice je treba uporabiti razli\u010dne tesnilne komponente, kot so tesnila bata in palice iz materialov, odpornih proti obrabi, kot sta poliuretan in nitrilna guma. Telo valja in navojne kon\u010dne povr\u0161ine je treba natan\u010dno obdelati za pove\u010danje odpornosti proti obrabi. Za mazanje je treba valj napolniti z zadostno koli\u010dino hidravli\u010dnega olja.<\/p>\n<h2>Vzdr\u017eevanje<\/h2>\n<p>Redni pregledi in preventivni vzdr\u017eevalni ukrepi so potrebni za zagotovitev pravilnega delovanja cilindra roke. To vklju\u010duje zamenjavo obrabljenih tesnil in le\u017eajev, preverjanje pu\u0161\u010danja ter pregled varnostnih ventilov in naprav za za\u0161\u010dito pred preobremenitvijo. Prav tako je klju\u010dnega pomena upo\u0161tevati navodila proizvajalca za pravilno namestitev, delovanje in vzdr\u017eevanje.<\/p>\n<p><img decoding=\"async\" src=\"https:\/\/www.hydraulic-cylinders.net\/wp-content\/uploads\/2025\/01\/songte-bushings-with-all-kinds-of-excavator-models.webp\" alt=\"Pu\u0161e ro\u010dice cilindra\" \/><\/p>\n<h2>Navodila za namestitev<\/h2>\n<p>Pred namestitvijo cilindra roke se prepri\u010dajte, da sta cilinder in priklju\u010dek pravilno usklajena. Izogibajte se preobremenitvi in \u200b\u200b\u200b\u200bzagotovite, da so varnostne naprave pravilno name\u0161\u010dene. Hidravli\u010dni sistem je treba preveriti glede morebitnih pu\u0161\u010danj ali okvar. Za pravilno namestitev in delovanje upo\u0161tevajte navodila proizvajalca.<\/p>\n<h2>Varnostni vidiki in okoljski dejavniki<\/h2>\n<p>Pri uporabi ro\u010dnega cilindra je nujno upo\u0161tevati varnostne smernice in sprejeti potrebne previdnostne ukrepe za prepre\u010devanje nesre\u010d in po\u0161kodb. Upo\u0161tevati je treba tudi okoljske dejavnike, kot so temperatura, vla\u017enost in prisotnost korozivnih snovi.<\/p>\n<h2>Odpravljanje te\u017eav in pogoste te\u017eave<\/h2>\n<p>Pogoste te\u017eave z valjem roke vklju\u010dujejo pu\u0161\u010danje, po\u010dasno gibanje in nenavaden hrup. Te te\u017eave lahko povzro\u010di obraba tesnila, nezadostna koli\u010dina hidravli\u010dnega olja ali po\u0161kodba valja ali batne palice. Redno vzdr\u017eevanje in pregledi lahko pomagajo prepre\u010diti te te\u017eave. \u010ce se pojavijo te\u017eave, glejte navodila proizvajalca za odpravljanje te\u017eav in po potrebi poi\u0161\u010dite strokovno pomo\u010d.<\/p>\n<h2>O nas<\/h2>\n<p>Smo profesionalni proizvajalec nadomestnih hidravli\u010dnih cilindrov z raznoliko paleto izdelkov in smo postali eden vodilnih proizvajalcev in veleprodajnih distributerjev hidravli\u010dnih cilindrov na doma\u010dem in mednarodnem trgu. Vedno se dr\u017eimo na\u010dela odli\u010dne kakovosti in se zana\u0161amo na industrializirane strategije upravljanja proizvodnje v delavnicah za natan\u010dno proizvodnjo, da bi nenehno izbolj\u0161evali na\u0161o tehni\u010dno raven in u\u010dinkovitost proizvodnje. Z uvedbo vrhunske digitalne proizvodne opreme in profesionalnih sistemov testiranja optimiziramo na\u0161o proizvodno platformo, izbolj\u0161ujemo procese nadzora kakovosti izdelkov in imamo mo\u010dne inovacijske zmogljivosti. Na\u0161 cilj je zadovoljiti raznolike potrebe strank z na\u010deli u\u010dinkovitosti, natan\u010dnosti in visoke kakovosti.<\/p>\n<p><img decoding=\"async\" src=\"https:\/\/www.hydraulic-cylinders.net\/wp-content\/uploads\/2025\/01\/songte-company-4.webp\" alt=\"Podjetje\" \/><br \/>\n<img decoding=\"async\" src=\"https:\/\/www.hydraulic-cylinders.net\/wp-content\/uploads\/2025\/01\/songte-company-3.webp\" alt=\"Podjetje\" \/><\/p>\n<p>Nudimo profesionalne, mednarodno certificirane, prilagojene storitve, napredno proizvodno opremo in odli\u010dno poprodajno storitev.<\/p>\n<p>Avtor: lyl.<\/p>","protected":false},"excerpt":{"rendered":"<p>Arm Cylinder For Sumitomo Large Excavator SH350HB-3B Introduction An arm cylinder is a specially designed hydraulic cylinder used to provide linear movement and power to the arm of various types of machinery such as excavators, cranes, and robotic arms. The arm cylinder plays a critical role in hydraulic systems, enabling the effective movement and control [&hellip;]<\/p>","protected":false},"featured_media":14759,"comment_status":"open","ping_status":"closed","template":"","meta":{"_et_pb_use_builder":"","_et_pb_old_content":"","_et_gb_content_width":""},"product_brand":[],"product_cat":[1497],"product_tag":[1498,1496],"class_list":{"0":"post-16112","1":"product","2":"type-product","3":"status-publish","4":"has-post-thumbnail","6":"product_cat-arm-cylinders","7":"product_tag-arm-cylinders","8":"product_tag-hydraulic-cylinders","10":"first","11":"instock","12":"shipping-taxable","13":"product-type-simple"},"amp_enabled":true,"_links":{"self":[{"href":"https:\/\/www.hydraulic-cylinders.net\/sl\/wp-json\/wp\/v2\/product\/16112","targetHints":{"allow":["GET"]}}],"collection":[{"href":"https:\/\/www.hydraulic-cylinders.net\/sl\/wp-json\/wp\/v2\/product"}],"about":[{"href":"https:\/\/www.hydraulic-cylinders.net\/sl\/wp-json\/wp\/v2\/types\/product"}],"replies":[{"embeddable":true,"href":"https:\/\/www.hydraulic-cylinders.net\/sl\/wp-json\/wp\/v2\/comments?post=16112"}],"wp:featuredmedia":[{"embeddable":true,"href":"https:\/\/www.hydraulic-cylinders.net\/sl\/wp-json\/wp\/v2\/media\/14759"}],"wp:attachment":[{"href":"https:\/\/www.hydraulic-cylinders.net\/sl\/wp-json\/wp\/v2\/media?parent=16112"}],"wp:term":[{"taxonomy":"product_brand","embeddable":true,"href":"https:\/\/www.hydraulic-cylinders.net\/sl\/wp-json\/wp\/v2\/product_brand?post=16112"},{"taxonomy":"product_cat","embeddable":true,"href":"https:\/\/www.hydraulic-cylinders.net\/sl\/wp-json\/wp\/v2\/product_cat?post=16112"},{"taxonomy":"product_tag","embeddable":true,"href":"https:\/\/www.hydraulic-cylinders.net\/sl\/wp-json\/wp\/v2\/product_tag?post=16112"}],"curies":[{"name":"delovni list","href":"https:\/\/api.w.org\/{rel}","templated":true}]}}