{"id":16117,"date":"2025-01-20T08:30:40","date_gmt":"2025-01-20T08:30:40","guid":{"rendered":"https:\/\/www.hydraulic-cylinders.net\/product\/arm-cylinderfor-sumitomo-large-excavator-sh360hd-5\/"},"modified":"2025-01-20T08:30:42","modified_gmt":"2025-01-20T08:30:42","slug":"arm-cylinderfor-sumitomo-large-excavator-sh360hd-5","status":"publish","type":"product","link":"https:\/\/www.hydraulic-cylinders.net\/sl\/izdelek\/arm-cylinderfor-sumitomo-large-excavator-sh360hd-5\/","title":{"rendered":"Ro\u010dica cilindra za Sumitomo veliki bager SH360HD-5"},"content":{"rendered":"<h1>Ro\u010dica cilindra za Sumitomo veliki bager SH360HD-5<\/h1>\n<h2>Uvod<\/h2>\n<p>Hidravli\u010dni valj roke je posebej zasnovan hidravli\u010dni valj, ki zagotavlja linearno gibanje in mo\u010d roki razli\u010dnih vrst strojev, kot so bagri, \u017eerjavi in \u200b\u200brobotske roke. Igra klju\u010dno vlogo v hidravli\u010dnih sistemih, saj omogo\u010da u\u010dinkovito gibanje in nadzor priklju\u010dkov ali dodatne opreme. Ti cilindri ne omogo\u010dajo le gladkega gibanja, temve\u010d tudi prenesejo velike obremenitve, kar zagotavlja u\u010dinkovito delovanje in zanesljivost strojev v razli\u010dnih delovnih pogojih.<\/p>\n<p><img decoding=\"async\" src=\"https:\/\/www.hydraulic-cylinders.net\/wp-content\/uploads\/2025\/01\/songte-company-2.webp\"><\/p>\n<h2>Zna\u010dilnosti<\/h2>\n<ul>\n<li><strong>Visoko u\u010dinkovit prenos:<\/strong> Ro\u010dajni valj zagotavlja mo\u010dno linearno gibanje in silo, kar zagotavlja visoko zmogljivost pri razli\u010dnih operacijah.<\/li>\n<li><strong>Natan\u010den nadzor:<\/strong> S hidravli\u010dnim sistemom omogo\u010da cilinder roke natan\u010den nadzor gibanja, zaradi \u010desar je upravljanje priklju\u010dkov bolj prilagodljivo in natan\u010dno.<\/li>\n<li><strong>Vzdr\u017eljivost:<\/strong> Ro\u010dajni cilindri so obi\u010dajno izdelani iz visoko trdnih materialov, ki ponujajo odli\u010dno odpornost proti obrabi in koroziji, zaradi \u010desar so primerni za dolgotrajno uporabo v zahtevnih okoljih.<\/li>\n<li><strong>Ve\u010dnamenska prilagodljivost:<\/strong> Ti cilindri se lahko \u0161iroko uporabljajo v razli\u010dnih strojih, kot so bagri, \u017eerjavi in \u200b\u200brobotske roke, ter se prilagajajo razli\u010dnim delovnim zahtevam.<\/li>\n<li><strong>Enostavno vzdr\u017eevanje:<\/strong> Zasnovani so za enostavno vzdr\u017eevanje in zamenjavo, cilindri roke pa omogo\u010dajo redne preglede in vzdr\u017eevanje, kar zmanj\u0161uje \u010das izpada opreme.<\/li>\n<\/ul>\n<p><img decoding=\"async\" src=\"https:\/\/www.hydraulic-cylinders.net\/wp-content\/uploads\/2025\/01\/songte-oil-pipes-and-spare-parts.webp\"><\/p>\n<h2>Aplikacije<\/h2>\n<p>Rokavni valj se uporablja v razli\u010dnih panogah:<\/p>\n<ul>\n<li><strong>Gradnja:<\/strong> Uporablja se v bagrih in \u017eerjavih, cilinder roke pa nadzoruje gibanje \u017elic ali rok za zemeljska dela, ravnanje z materiali in monta\u017eo konstrukcij.<\/li>\n<li><strong>Proizvodnja:<\/strong> V avtomatiziranih proizvodnih linijah cilinder roke poganja gibanje robotskih rok za procese monta\u017ee, varjenja in ravnanja z materiali, kar izbolj\u0161uje produktivnost in natan\u010dnost.<\/li>\n<li><strong>Kmetijska mehanizacija:<\/strong> V kmetijski opremi, kot so \u017eetveni stroji in sejalnice, cilinder roke nadzoruje gibanje delovnih rok za naloge, kot so setev, gnojenje in \u017eetev.<\/li>\n<li><strong>Rudarstvo:<\/strong> V rudarski opremi cilinder roke nadzoruje gibanje roke za pridobivanje in transport rude.<\/li>\n<li><strong>Logistika in transport:<\/strong> Pri vili\u010darjih in robotih za manipulacijo cilinder roke nadzoruje dvigovanje in premikanje vilic, kar omogo\u010da ravnanje z materiali in zlaganje.<\/li>\n<\/ul>\n<h2>Oblikovalski vidiki in izbirna merila<\/h2>\n<p>Pri izbiri in na\u010drtovanju cilindri\u010dnih naprav je treba upo\u0161tevati ve\u010d dejavnikov:<\/p>\n<ul>\n<li><strong>Nosilnost:<\/strong> Ro\u010dajni valj mora biti sposoben prenesti pri\u010dakovano obremenitev, da se zagotovi varno in u\u010dinkovito delovanje.<\/li>\n<li><strong>Tesnjenje:<\/strong> Za prepre\u010devanje pu\u0161\u010danja in zagotavljanje zanesljivega delovanja valja se uporabljajo razli\u010dne tesnilne komponente, kot so tesnila bata in ojnice. Za tesnila se obi\u010dajno uporabljajo materiali, kot sta poliuretan in nitrilna guma.<\/li>\n<li><strong>Vzdr\u017eljivost:<\/strong> Ro\u010dajni cilindri so zasnovani tako, da so vzdr\u017eljivi in \u200b\u200bodporni proti obrabi in koroziji, kar omogo\u010da dolgotrajno uporabo v zahtevnih okoljih.<\/li>\n<li><strong>Varnost:<\/strong> Upo\u0161tevati je treba varnostne funkcije, da se prepre\u010dijo nesre\u010de in zagotovi dobro po\u010dutje upravljavcev in okoli\u0161kega osebja.<\/li>\n<li><strong>Vzdr\u017eevanje:<\/strong> Zasnova naj bi omogo\u010dila enostavno vzdr\u017eevanje in zamenjavo komponent, s \u010dimer bi se zmanj\u0161al \u010das izpada in optimizirala \u017eivljenjska doba jeklenke.<\/li>\n<\/ul>\n<p><img decoding=\"async\" src=\"https:\/\/www.hydraulic-cylinders.net\/wp-content\/uploads\/2025\/01\/songte-cylinder-head-with-all-kinds-excavator-models.webp\"><\/p>\n<h2>Tesnjenje in mazanje<\/h2>\n<p>Ro\u010dajni valj uporablja razli\u010dne tesnilne komponente, kot so tesnila bata in ojnice, izdelane iz materialov, odpornih proti obrabi, kot sta poliuretan in nitrilna guma. Telo valja in navojna kon\u010dna povr\u0161ina sta skrbno obdelana za pove\u010danje odpornosti proti obrabi. Za nemoteno delovanje je potrebno redno mazanje s hidravli\u010dnim oljem.<\/p>\n<h2>Redni pregledi in preventivno vzdr\u017eevanje<\/h2>\n<p>Za ohranjanje optimalnega delovanja cilindra roke je treba sprejeti naslednje ukrepe:<\/p>\n<ul>\n<li>Redno pregledujte jeklenko glede morebitnih znakov obrabe, po\u0161kodb ali pu\u0161\u010danja.<\/li>\n<li>Spremljajte nivo in kakovost hidravli\u010dnega olja ter ga po potrebi dolijte ali zamenjajte.<\/li>\n<li>Preverite in privijte vse povezave, da prepre\u010dite njihovo zrahljanje.<\/li>\n<li>O\u010distite valj in odstranite umazanijo ali ostanke, ki bi lahko vplivali na njegovo delovanje.<\/li>\n<li>Upo\u0161tevajte navodila proizvajalca glede intervalov in postopkov vzdr\u017eevanja.<\/li>\n<\/ul>\n<h2>Vodnik za namestitev izdelka<\/h2>\n<p>Pravilna namestitev ro\u010dnega cilindra je klju\u010dnega pomena za zagotovitev njegove funkcionalnosti in dolge \u017eivljenjske dobe. Sledite tem korakom:<\/p>\n<ol>\n<li>Pazljivo preberite navodila za namestitev, ki jih je prilo\u017eil proizvajalec.<\/li>\n<li>Prepri\u010dajte se, da so monta\u017ene povr\u0161ine \u010diste in brez kakr\u0161nih koli ne\u010disto\u010d.<\/li>\n<li>Poravnajte jeklenko z nosilcem in jo pritrdite z ustreznimi pritrdilnimi elementi.<\/li>\n<li>Pritrdilne elemente privijte z navedenim navorom z uporabo momentnega klju\u010da.<\/li>\n<li>Pritrdite hidravli\u010dne cevi in \u200b\u200bpriklju\u010dke ter zagotovite pravilno tesnost in tesnost priklju\u010dkov.<\/li>\n<li>Preverite, ali jeklenka deluje gladko in brez kakr\u0161nih koli nepravilnosti.<\/li>\n<\/ol>\n<p><img decoding=\"async\" src=\"https:\/\/www.hydraulic-cylinders.net\/wp-content\/uploads\/2025\/01\/songte-bushings-with-all-kinds-of-excavator-models.webp\"><\/p>\n<h2>Varnostni vidiki in okoljski dejavniki<\/h2>\n<p>Pri delu z ro\u010dnimi cilindri so varnostni ukrepi izjemnega pomena. Bistveno je upo\u0161tevati varnostne smernice, kot sta uporaba ustrezne osebne za\u0161\u010ditne opreme in zagotavljanje ustreznega usposabljanja upravljavcev. Upo\u0161tevati je treba tudi okoljske dejavnike, kot sta temperatura in vla\u017enost, da se prepre\u010dijo negativni u\u010dinki na delovanje cilindra.<\/p>\n<h2>Odpravljanje te\u017eav in pogoste te\u017eave<\/h2>\n<p>Tukaj je nekaj pogostih te\u017eav, ki se lahko pojavijo z ro\u010dnimi cilindri:<\/p>\n<ul>\n<li>Pu\u0161\u010danje hidravli\u010dne teko\u010dine<\/li>\n<li>Nenavaden hrup med delovanjem<\/li>\n<li>Nedosledno ali sunkovito gibanje<\/li>\n<li>Prekomerna obraba tesnilnih komponent<\/li>\n<\/ul>\n<p>Za odpravo teh te\u017eav upo\u0161tevajte naslednje nasvete in re\u0161itve za odpravljanje te\u017eav:<\/p>\n<ul>\n<li>Preverite in zamenjajte po\u0161kodovana ali obrabljena tesnila.<\/li>\n<li>Preverite morebitne ohlapne povezave in jih po potrebi privijte.<\/li>\n<li>Prepri\u010dajte se, da je nivo hidravli\u010dne teko\u010dine ustrezen in priporo\u010dene kakovosti.<\/li>\n<li>Za specifi\u010dne te\u017eave glejte navodila za odpravljanje te\u017eav proizvajalca.<\/li>\n<\/ul>\n<p><img decoding=\"async\" src=\"https:\/\/www.hydraulic-cylinders.net\/wp-content\/uploads\/2025\/01\/songte-chushion-collar.webp\"><\/p>\n<p>Ne pozabite logi\u010dno organizirati \u010dlanka, uporabiti podnaslovov za la\u017ejo navigacijo, vklju\u010diti ustreznih slik ali grafikonov za bolj\u0161e razumevanje ter zagotoviti, da je vsebina jasna, jedrnata in primerna za bralce z razli\u010dnimi stopnjami tehni\u010dnega znanja.<\/p>\n<h3>O nas<\/h3>\n<p>Smo profesionalni proizvajalec nadomestnih hidravli\u010dnih cilindrov in ponujamo \u0161iroko paleto izdelkov. Postali smo eden vodilnih proizvajalcev in veleprodajnih distributerjev hidravli\u010dnih cilindrov na doma\u010dem in mednarodnem trgu. Spo\u0161tujemo na\u010delo odli\u010dne kakovosti in nenehno izbolj\u0161ujemo svoje tehni\u010dno znanje in u\u010dinkovitost proizvodnje. Z najsodobnej\u0161o digitalno proizvodno opremo in profesionalnimi testnimi sistemi optimiziramo na\u0161o proizvodno platformo in izbolj\u0161ujemo procese nadzora kakovosti izdelkov, s \u010dimer dokazujemo mo\u010dne inovacijske sposobnosti. Na\u0161 cilj je zadovoljiti raznolike potrebe strank z na\u010deli u\u010dinkovitosti, natan\u010dnosti in visoke kakovosti.<\/p>\n<p><img decoding=\"async\" src=\"https:\/\/www.hydraulic-cylinders.net\/wp-content\/uploads\/2025\/01\/songte-company-4.webp\"><br \/>\n<img decoding=\"async\" src=\"https:\/\/www.hydraulic-cylinders.net\/wp-content\/uploads\/2025\/01\/songte-company-3.webp\"><\/p>\n<p>Avtor: lyl<\/p>","protected":false},"excerpt":{"rendered":"<p>Arm Cylinder For Sumitomo Large Excavator SH360HD-5 Introduction The arm cylinder is a specially designed hydraulic cylinder that provides linear motion and power to the arm of various types of machinery, such as excavators, cranes, and robotic arms. It plays a critical role in hydraulic systems, allowing for the effective movement and control of attachments [&hellip;]<\/p>","protected":false},"featured_media":14774,"comment_status":"open","ping_status":"closed","template":"","meta":{"_et_pb_use_builder":"","_et_pb_old_content":"","_et_gb_content_width":""},"product_brand":[],"product_cat":[1497],"product_tag":[1498,1496],"class_list":{"0":"post-16117","1":"product","2":"type-product","3":"status-publish","4":"has-post-thumbnail","6":"product_cat-arm-cylinders","7":"product_tag-arm-cylinders","8":"product_tag-hydraulic-cylinders","10":"first","11":"instock","12":"shipping-taxable","13":"product-type-simple"},"amp_enabled":true,"_links":{"self":[{"href":"https:\/\/www.hydraulic-cylinders.net\/sl\/wp-json\/wp\/v2\/product\/16117","targetHints":{"allow":["GET"]}}],"collection":[{"href":"https:\/\/www.hydraulic-cylinders.net\/sl\/wp-json\/wp\/v2\/product"}],"about":[{"href":"https:\/\/www.hydraulic-cylinders.net\/sl\/wp-json\/wp\/v2\/types\/product"}],"replies":[{"embeddable":true,"href":"https:\/\/www.hydraulic-cylinders.net\/sl\/wp-json\/wp\/v2\/comments?post=16117"}],"wp:featuredmedia":[{"embeddable":true,"href":"https:\/\/www.hydraulic-cylinders.net\/sl\/wp-json\/wp\/v2\/media\/14774"}],"wp:attachment":[{"href":"https:\/\/www.hydraulic-cylinders.net\/sl\/wp-json\/wp\/v2\/media?parent=16117"}],"wp:term":[{"taxonomy":"product_brand","embeddable":true,"href":"https:\/\/www.hydraulic-cylinders.net\/sl\/wp-json\/wp\/v2\/product_brand?post=16117"},{"taxonomy":"product_cat","embeddable":true,"href":"https:\/\/www.hydraulic-cylinders.net\/sl\/wp-json\/wp\/v2\/product_cat?post=16117"},{"taxonomy":"product_tag","embeddable":true,"href":"https:\/\/www.hydraulic-cylinders.net\/sl\/wp-json\/wp\/v2\/product_tag?post=16117"}],"curies":[{"name":"delovni list","href":"https:\/\/api.w.org\/{rel}","templated":true}]}}