{"id":1613,"date":"2023-10-08T02:59:47","date_gmt":"2023-10-08T02:59:47","guid":{"rendered":"https:\/\/hydraulic-cylinders.net\/?post_type=product&#038;p=1613"},"modified":"2025-04-01T07:35:41","modified_gmt":"2025-04-01T07:35:41","slug":"mining-dump-truck-piston-accumulator","status":"publish","type":"product","link":"https:\/\/www.hydraulic-cylinders.net\/sl\/izdelek\/mining-dump-truck-piston-accumulator\/","title":{"rendered":"Batni akumulator za rudarske prekucnike"},"content":{"rendered":"<h1 style=\"text-align: center;\"><strong>Batni akumulator za rudarske prekucnike<\/strong><\/h1>\n<p><img loading=\"lazy\" decoding=\"async\" class=\"aligncenter wp-image-1614\" src=\"https:\/\/hydraulic-cylinders.net\/wp-content\/uploads\/2023\/10\/piston-accumulator-1-300x300.webp\" alt=\"\" width=\"400\" height=\"400\" \/><\/p>\n<p>Zanesljivost in varnost opreme sta v zahtevnem svetu rudarskih dejavnosti najpomembnej\u0161i. Batni akumulator rudarskih prekucnikov je klju\u010dna komponenta, zasnovana za optimizacijo delovanja in pove\u010danje varnosti rudarskih prekucnikov.<\/p>\n<p>Batni akumulator za rudarske prekucnike je klju\u010dna komponenta, ki izbolj\u0161uje zmogljivost in varnost rudarskih prekucnikov. Njegova visokotla\u010dna zmogljivost, u\u010dinkovito shranjevanje energije in varnostne funkcije zagotavljajo zanesljivo in odzivno hidravli\u010dno delovanje. Z integracijo batnega akumulatorja za rudarske prekucnike v va\u0161 rudarski vozni park in upo\u0161tevanjem ustreznih metod uporabe ter vzdr\u017eevalnih praks lahko optimizirate zmogljivost, u\u010dinkovitost in varnost svojih rudarskih operacij. Izberite to izjemno komponento, da sprostite polni potencial svojih rudarskih prekucnikov.<\/p>\n<p>Klju\u010dne zna\u010dilnosti batnega akumulatorja rudarskih prekucnikov:<\/p>\n<ol>\n<li>Visokotla\u010dna zmogljivost:<\/li>\n<\/ol>\n<ul>\n<li>Batni akumulator rudarskih prekucnikov je zasnovan tako, da prenese visokotla\u010dna okolja, ki se pogosto pojavljajo v rudarskih dejavnostih.<\/li>\n<li>Njegova robustna konstrukcija in vzdr\u017eljivi materiali zagotavljajo zanesljivo delovanje tudi v zahtevnih pogojih.<\/li>\n<\/ul>\n<ol start=\"2\">\n<li>U\u010dinkovito shranjevanje energije:<\/li>\n<\/ol>\n<ul>\n<li>Ta batni akumulator u\u010dinkovito shranjuje hidravli\u010dno energijo, kar omogo\u010da hitro in odzivno delovanje razli\u010dnih hidravli\u010dnih funkcij v prekucniku.<\/li>\n<li>Zagotavlja dosledno dobavo energije, zmanj\u0161uje nihanja tlaka sistema in optimizira splo\u0161no delovanje.<\/li>\n<\/ul>\n<ol start=\"3\">\n<li>Izbolj\u0161anje varnosti:<\/li>\n<\/ol>\n<ul>\n<li>Batni akumulator rudarskega prekucnika deluje kot varnostna naprava, saj zagotavlja rezervo hidravli\u010dne energije za nujne primere.<\/li>\n<li>Pomaga prepre\u010diti morebitne nesre\u010de ali \u0161kodo, ki jo povzro\u010dijo nenadne okvare sistema ali prekinitve napajanja.<\/li>\n<\/ul>\n<h2><strong>Parameter bata akumulatorja rudarskega prekucnika:<\/strong><\/h2>\n<table border=\"1\" cellspacing=\"0\" cellpadding=\"0\">\n<tbody>\n<tr>\n<td>Ime izdelka<\/td>\n<td>Batni akumulator za rudarske prekucnike<\/td>\n<\/tr>\n<tr>\n<td>Zna\u010dilnosti:<\/td>\n<td>Obremenitev se v realnem \u010dasu enakomerno porazdeli na srednjo in zadnjo os, da se uravnote\u017ei nosilnost osi.<\/td>\n<\/tr>\n<tr>\n<td>Potisna sila:<\/td>\n<td>Najve\u010d 27,5 MPa<\/td>\n<\/tr>\n<tr>\n<td>Uporaba batnega akumulatorja:<\/td>\n<td>Rudarski prekucnik<\/td>\n<\/tr>\n<\/tbody>\n<\/table>\n<h2><strong>Diagram identifikacije cilindra rudarskega prekucnika:<\/strong><\/h2>\n<p><img loading=\"lazy\" decoding=\"async\" class=\"alignnone wp-image-1594 size-full\" src=\"https:\/\/hydraulic-cylinders.net\/wp-content\/uploads\/2023\/10\/mining-dump-truck-cylinder.webp\" alt=\"\" width=\"1418\" height=\"946\" srcset=\"https:\/\/hydraulic-cylinders.net\/wp-content\/uploads\/2023\/10\/mining-dump-truck-cylinder.webp 1418w, https:\/\/hydraulic-cylinders.net\/wp-content\/uploads\/2023\/10\/mining-dump-truck-cylinder-1280x854.webp 1280w, https:\/\/hydraulic-cylinders.net\/wp-content\/uploads\/2023\/10\/mining-dump-truck-cylinder-980x654.webp 980w, https:\/\/hydraulic-cylinders.net\/wp-content\/uploads\/2023\/10\/mining-dump-truck-cylinder-480x320.webp 480w\" sizes=\"(min-width: 0px) and (max-width: 480px) 480px, (min-width: 481px) and (max-width: 980px) 980px, (min-width: 981px) and (max-width: 1280px) 1280px, (min-width: 1281px) 1418px, 100vw\" \/><\/p>\n<h2><strong>Metoda uporabe batnega akumulatorja rudarskih prekucnikov<\/strong><strong>:<\/strong><\/h2>\n<ol>\n<li><strong>Integracija v hidravli\u010dni sistem:<\/strong><\/li>\n<\/ol>\n<ul>\n<li>Batni akumulator rudarskega prekucnika je integriran v hidravli\u010dni sistem prekucnika.<\/li>\n<li>Obi\u010dajno je priklju\u010den na hidravli\u010dno \u010drpalko in strate\u0161ko name\u0161\u010den v sistemu za optimizacijo shranjevanja in dobave energije.<\/li>\n<\/ul>\n<ol start=\"2\">\n<li><strong>Shranjevanje hidravli\u010dne energije:<\/strong><\/li>\n<\/ol>\n<ul>\n<li>Akumulator shranjuje hidravli\u010dno energijo v obdobjih nizkega povpra\u0161evanja ali ko hidravli\u010dne funkcije niso v uporabi.<\/li>\n<li>Ko se povpra\u0161evanje po hidravli\u010dni mo\u010di pove\u010da, se shranjena energija sprosti, kar zagotavlja zanesljiv in takoj\u0161en vir energije.<\/li>\n<\/ul>\n<ol start=\"3\">\n<li><strong>Pravilna velikost in konfiguracija:<\/strong><\/li>\n<\/ol>\n<ul>\n<li>Bistveno je izbrati ustrezno velikost in konfiguracijo batnega akumulatorja rudarskega prekucnika, ki ustreza specifi\u010dnim zahtevam hidravli\u010dnega sistema prekucnika.<\/li>\n<li>Posvetovanje s strokovnjaki ali upo\u0161tevanje navodil proizvajalca lahko zagotovi optimalno delovanje in varnost.<\/li>\n<\/ul>\n<h2><strong>Kaj je hidravli\u010dni sistem z zaprto zanko?<\/strong><\/h2>\n<p>Hidravli\u010dni sistem z zaprto zanko, znan tudi kot hidravli\u010dni sistem z zaprtim centrom, se pogosto uporablja v industrijskih strojih in mobilni opremi. Uporablja \u010drpalko s spremenljivim pretokom za vzdr\u017eevanje konstantnega tlaka v hidravli\u010dnem sistemu, ne glede na obremenitev.<\/p>\n<p>Tukaj so klju\u010dne zna\u010dilnosti in komponente hidravli\u010dnega sistema z zaprto zanko:<\/p>\n<ol>\n<li><strong>\u010crpalka s spremenljivim pretokom:<\/strong> Hidravli\u010dni sistem z zaprto zanko uporablja \u010drpalko s spremenljivim pretokom za dovajanje hidravli\u010dne teko\u010dine v sistem. \u010crpalka prilagaja svoj pretok ali prostornino hoda glede na zahteve glede obremenitve in vzdr\u017euje konstanten tlak.<\/li>\n<li><strong>Kompenzator tlaka:<\/strong> Kompenzator tlaka, znan tudi kot tla\u010dni regulacijski ventil, uravnava in nadzoruje tlak v sistemu. Zagotavlja, da tlak ostane konstanten, tudi \u010de se zahteve glede obremenitve spremenijo.<\/li>\n<li><strong>Nadzor povratnih informacij:<\/strong> Hidravli\u010dni sistemi z zaprto zanko vklju\u010dujejo mehanizme za nadzor povratne zanke za spremljanje in prilagajanje sistemskega tlaka. Ta nadzor povratne zanke omogo\u010da natan\u010dno regulacijo tlaka, kar zagotavlja optimalno delovanje in u\u010dinkovitost.<\/li>\n<li><strong>Hidravli\u010dni motor ali aktuator:<\/strong> Hidravli\u010dni motor ali aktuator pretvarja hidravli\u010dno energijo v mehansko gibanje ali silo. Prejema hidravli\u010dno teko\u010dino iz sistema z zaprto zanko in jo pretvarja v rotacijsko ali linearno gibanje za opravljanje dela.<\/li>\n<li><strong>Hidravli\u010dni rezervoar:<\/strong> Hidravli\u010dni rezervoar shranjuje hidravli\u010dno teko\u010dino, potrebno za delovanje hidravli\u010dnega sistema z zaprto zanko. Zagotavlja vir teko\u010dine za \u010drpalko in deluje kot odvajalnik toplote, kar pomaga ohranjati temperaturo teko\u010dine v sprejemljivih mejah.<\/li>\n<\/ol>\n<h2><strong>Zmogljivost in zmogljivost tovarne:<\/strong><\/h2>\n<h3>(1) Sestavljanje<\/h3>\n<p>Imamo prvovrstno neodvisno platformo za raziskave in razvoj. Delavnica za proizvodnjo hidravli\u010dnih cilindrov ima \u0161tiri polavtomatske monta\u017ene linije za dvi\u017ene cilindre in eno avtomatsko monta\u017eno linijo za nagibne cilindre z letno proizvodno zmogljivostjo 1 milijona kosov. Delavnica za posebne cilindre je opremljena z razli\u010dnimi specifikacijami polavtomatskega sistema za \u010di\u0161\u010denje in monta\u017eo z letno proizvodno zmogljivostjo 200.000 kosov ter znano CNC obdelovalno opremo, obdelovalnim centrom, visoko precizno posebno opremo za obdelavo cilindrov, robotskim varilnim strojem, avtomatskim \u010distilnim strojem, avtomatskim strojem za monta\u017eo cilindrov in avtomatsko proizvodno linijo za barvanje. Obstoje\u010da kriti\u010dna oprema obsega ve\u010d kot 300 kompletov (kompletov). Optimalna razporeditev in u\u010dinkovita uporaba opremnih virov zagotavljata zahteve glede natan\u010dnosti izdelkov in izpolnjujeta visoke zahteve glede kakovosti izdelkov.<\/p>\n<p><img loading=\"lazy\" decoding=\"async\" class=\"alignnone wp-image-626\" src=\"https:\/\/hydraulic-cylinders.net\/wp-content\/uploads\/2023\/08\/hydraulic-cylinder-product-1-300x158.webp\" alt=\"\" width=\"495\" height=\"260\" srcset=\"https:\/\/hydraulic-cylinders.net\/wp-content\/uploads\/2023\/08\/hydraulic-cylinder-product-1-300x158.webp 495w, https:\/\/hydraulic-cylinders.net\/wp-content\/uploads\/2023\/08\/hydraulic-cylinder-product-1-480x252.webp 480w\" sizes=\"(min-width: 0px) and (max-width: 480px) 480px, (min-width: 481px) 495px, 100vw\" \/> <img loading=\"lazy\" decoding=\"async\" class=\"alignnone wp-image-627\" src=\"https:\/\/hydraulic-cylinders.net\/wp-content\/uploads\/2023\/08\/hydraulic-cylinder-product-2-300x189.webp\" alt=\"\" width=\"413\" height=\"260\" \/><\/p>\n<h3>(2) Strojna obdelava<\/h3>\n<p>Strojna delavnica je opremljena s prilagojenim centrom za stru\u017eenje nagnjenih tirnic, obdelovalnim centrom, visokohitrostnim strojem za honanje, varilnim robotom in drugo sorodno opremo, ki lahko obdeluje cilindri\u010dne cevi z najve\u010djim notranjim premerom 400 mm in najve\u010djo dol\u017eino 6 metrov.<\/p>\n<p><img loading=\"lazy\" decoding=\"async\" class=\"alignnone wp-image-628 size-large\" src=\"https:\/\/hydraulic-cylinders.net\/wp-content\/uploads\/2023\/08\/hydraulic-cylinder-product-3-1024x391.webp\" alt=\"\" width=\"1024\" height=\"391\" srcset=\"https:\/\/hydraulic-cylinders.net\/wp-content\/uploads\/2023\/08\/hydraulic-cylinder-product-3-980x374.webp 980w, https:\/\/hydraulic-cylinders.net\/wp-content\/uploads\/2023\/08\/hydraulic-cylinder-product-3-480x183.webp 480w\" sizes=\"(min-width: 0px) and (max-width: 480px) 480px, (min-width: 481px) and (max-width: 980px) 980px, (min-width: 981px) 1024px, 100vw\" \/><\/p>\n<h3>(3) Varjenje<\/h3>\n<p><img loading=\"lazy\" decoding=\"async\" class=\"alignnone wp-image-629 size-large\" src=\"https:\/\/hydraulic-cylinders.net\/wp-content\/uploads\/2023\/08\/hydraulic-cylinder-product-4-1024x510.webp\" alt=\"\" width=\"1024\" height=\"510\" srcset=\"https:\/\/hydraulic-cylinders.net\/wp-content\/uploads\/2023\/08\/hydraulic-cylinder-product-4-980x488.webp 980w, https:\/\/hydraulic-cylinders.net\/wp-content\/uploads\/2023\/08\/hydraulic-cylinder-product-4-480x239.webp 480w\" sizes=\"(min-width: 0px) and (max-width: 480px) 480px, (min-width: 481px) and (max-width: 980px) 980px, (min-width: 981px) 1024px, 100vw\" \/><\/p>\n<h3>(4) Barvanje in premazovanje<\/h3>\n<p>Z majhnimi in srednje velikimi cilindri\u010dnimi avtomatskimi linijami za barvanje na vodni osnovi, za doseganje avtomatskega nakladanja in razkladanja robotov ter avtomatskega brizganja, je projektna zmogljivost 4000 kosov na izmeno;<br \/>\nImamo tudi polavtomatsko linijo za proizvodnjo barv za velike jeklenke, ki jo poganja veriga, s projektno zmogljivostjo 60 zabojev na izmeno.<\/p>\n<p><img loading=\"lazy\" decoding=\"async\" class=\"alignnone wp-image-630\" src=\"https:\/\/hydraulic-cylinders.net\/wp-content\/uploads\/2023\/08\/hydraulic-cylinder-product-5-300x213.webp\" alt=\"\" width=\"366\" height=\"260\" \/> <img loading=\"lazy\" decoding=\"async\" class=\"alignnone wp-image-631\" src=\"https:\/\/hydraulic-cylinders.net\/wp-content\/uploads\/2023\/08\/hydraulic-cylinder-product-6-300x225.webp\" alt=\"\" width=\"347\" height=\"260\" \/><\/p>\n<h3>(5) Testiranje<\/h3>\n<p>Imamo prvovrstne in\u0161pekcijske prostore in testne postaje, s katerimi zagotavljamo, da delovanje jeklenke izpolnjuje zahteve.<\/p>\n<p><img loading=\"lazy\" decoding=\"async\" class=\"alignnone wp-image-632\" src=\"https:\/\/hydraulic-cylinders.net\/wp-content\/uploads\/2023\/08\/hydraulic-cylinder-product-8-300x200.webp\" alt=\"\" width=\"389\" height=\"260\" \/><\/p>\n<p>&nbsp;<\/p>\n<p>&nbsp;<\/p>\n<p>Smo eden najbolj\u0161ih proizvajalcev hidravli\u010dnih cilindrov. Ponujamo vam celovite hidravli\u010dne cilindre. Zagotavljamo tudi ustrezne <a href=\"https:\/\/hzpt.com\/agricultural-pto-gearbox\/\" target=\"_blank\" rel=\"noopener\">kmetijski menjalniki<\/a>Na\u0161e izdelke smo izvozili strankam po vsem svetu in si prislu\u017eili dober ugled zaradi vrhunske kakovosti izdelkov in poprodajnih storitev. Z veseljem vas vabimo, da nas kontaktirate za poslovne dogovore, izmenjavo informacij in ... <a href=\"https:\/\/www.hydraulic-cylinders.net\/sl\/contact-us\/\">sodelujte z nami<\/a>!<\/p>","protected":false},"excerpt":{"rendered":"<p>Mining Dump Truck Piston Accumulator Equipment reliability and safety are paramount in the demanding world of mining operations. The mining dump truck piston accumulator is a crucial component designed to optimize performance and enhance safety in mining dump trucks The mining dump truck piston accumulator is a vital component that enhances performance and safety in [&hellip;]<\/p>","protected":false},"featured_media":1615,"comment_status":"open","ping_status":"closed","template":"","meta":{"_et_pb_use_builder":"","_et_pb_old_content":"","_et_gb_content_width":""},"product_brand":[],"product_cat":[1517,1532,1376],"product_tag":[1380],"class_list":{"0":"post-1613","1":"product","2":"type-product","3":"status-publish","4":"has-post-thumbnail","6":"product_cat-dump-truck-hydraulic-cylinders","7":"product_cat-mining-dump-truck-hydraulic-cylinders","8":"product_cat-hydraulic-cylinder","9":"product_tag-hydraulic-cylinder","11":"first","12":"instock","13":"shipping-taxable","14":"product-type-simple"},"amp_enabled":true,"_links":{"self":[{"href":"https:\/\/www.hydraulic-cylinders.net\/sl\/wp-json\/wp\/v2\/product\/1613","targetHints":{"allow":["GET"]}}],"collection":[{"href":"https:\/\/www.hydraulic-cylinders.net\/sl\/wp-json\/wp\/v2\/product"}],"about":[{"href":"https:\/\/www.hydraulic-cylinders.net\/sl\/wp-json\/wp\/v2\/types\/product"}],"replies":[{"embeddable":true,"href":"https:\/\/www.hydraulic-cylinders.net\/sl\/wp-json\/wp\/v2\/comments?post=1613"}],"wp:featuredmedia":[{"embeddable":true,"href":"https:\/\/www.hydraulic-cylinders.net\/sl\/wp-json\/wp\/v2\/media\/1615"}],"wp:attachment":[{"href":"https:\/\/www.hydraulic-cylinders.net\/sl\/wp-json\/wp\/v2\/media?parent=1613"}],"wp:term":[{"taxonomy":"product_brand","embeddable":true,"href":"https:\/\/www.hydraulic-cylinders.net\/sl\/wp-json\/wp\/v2\/product_brand?post=1613"},{"taxonomy":"product_cat","embeddable":true,"href":"https:\/\/www.hydraulic-cylinders.net\/sl\/wp-json\/wp\/v2\/product_cat?post=1613"},{"taxonomy":"product_tag","embeddable":true,"href":"https:\/\/www.hydraulic-cylinders.net\/sl\/wp-json\/wp\/v2\/product_tag?post=1613"}],"curies":[{"name":"delovni list","href":"https:\/\/api.w.org\/{rel}","templated":true}]}}