{"id":1623,"date":"2023-10-08T08:41:38","date_gmt":"2023-10-08T08:41:38","guid":{"rendered":"https:\/\/hydraulic-cylinders.net\/?post_type=product&#038;p=1623"},"modified":"2025-04-11T02:55:33","modified_gmt":"2025-04-11T02:55:33","slug":"press-return-cylinder","status":"publish","type":"product","link":"https:\/\/www.hydraulic-cylinders.net\/sl\/izdelek\/press-return-cylinder\/","title":{"rendered":"Pritisnite povratni valj"},"content":{"rendered":"<h1 style=\"text-align: center;\"><strong>Pritisnite povratni valj<\/strong><\/h1>\n<p><img loading=\"lazy\" decoding=\"async\" class=\"aligncenter wp-image-1624\" src=\"https:\/\/hydraulic-cylinders.net\/wp-content\/uploads\/2023\/10\/return-cylinder-1-300x300.webp\" alt=\"\" width=\"400\" height=\"400\" \/><\/p>\n<p>Povratni valj stiskalnice je klju\u010dna komponenta za optimizacijo stiskalnih operacij v razli\u010dnih panogah. S svojimi naprednimi funkcijami in zanesljivim delovanjem ta valj ponuja izbolj\u0161ano u\u010dinkovitost, natan\u010dnost in varnost.<\/p>\n<p>Povratni valj stiskalnice je dragocen za pove\u010danje u\u010dinkovitosti, natan\u010dnosti in varnosti pri stiskanju. Z robustno konstrukcijo, natan\u010dnim pozicioniranjem, u\u010dinkovitim povratnim vra\u010danjem in integriranimi varnostnimi funkcijami vam ta valj omogo\u010da doseganje vrhunskih rezultatov. Z upo\u0161tevanjem priporo\u010denih metod uporabe in vzdr\u017eevalnih praks lahko pove\u010date u\u010dinkovitost, produktivnost in \u017eivljenjsko dobo stiskanja. Izberite povratni valj stiskalnice za poenostavitev kriti\u010dnih procesov in izbolj\u0161anje operativne odli\u010dnosti.<\/p>\n<p>Zna\u010dilnosti klju\u010da cilindra za povratni pritisk:<\/p>\n<ol>\n<li>Robustna konstrukcija:<\/li>\n<\/ol>\n<ul>\n<li>Povratni valj stiskalnice je izdelan iz visokokakovostnih materialov, kar zagotavlja vzdr\u017eljivost in dolgo \u017eivljenjsko dobo.<\/li>\n<li>Njegova robustna zasnova lahko prenese velike obremenitve in te\u017eke obratovalne pogoje ter zagotavlja zanesljivo delovanje v zahtevnih industrijskih okoljih.<\/li>\n<\/ul>\n<ol start=\"2\">\n<li>Natan\u010dno pozicioniranje:<\/li>\n<\/ol>\n<ul>\n<li>Ta valj ponuja natan\u010den nadzor pozicioniranja, kar omogo\u010da natan\u010dno poravnavo mehanizma za vra\u010danje stiskalnice.<\/li>\n<li>Njegova izjemna natan\u010dnost zagotavlja dosledno in zanesljivo pozicioniranje, kar zmanj\u0161uje tveganje napak ali nepravilnih poravnav.<\/li>\n<\/ul>\n<ol start=\"3\">\n<li>U\u010dinkovito vra\u010dilo:<\/li>\n<\/ol>\n<ul>\n<li>Povratni valj stiskalnice omogo\u010da hitro in u\u010dinkovito vrnitev stiskalnega mehanizma v za\u010detni polo\u017eaj.<\/li>\n<li>Njegov zmogljiv hidravli\u010dni sistem omogo\u010da hitro premikanje, skraj\u0161a \u010das prostega teka in pove\u010da splo\u0161no produktivnost.<\/li>\n<\/ul>\n<ol start=\"4\">\n<li>Varnostne funkcije:<\/li>\n<\/ol>\n<ul>\n<li>Ta jeklenka ima varnostne funkcije, kot so tla\u010dni varnostni ventili in mehanizmi za zaustavitev v sili.<\/li>\n<li>Te varnostne funkcije pomagajo za\u0161\u010dititi stiskalnico in upravljavca, prepre\u010dujejo nesre\u010de in zmanj\u0161ujejo tveganje po\u0161kodb.<\/li>\n<\/ul>\n<h2><strong>Parameter povratnega cilindra za pritisk:<\/strong><\/h2>\n<table border=\"1\" cellspacing=\"0\" cellpadding=\"0\">\n<tbody>\n<tr>\n<td>Ime izdelka<\/td>\n<td>Povratni valj hidravli\u010dne stiskalnice<\/td>\n<\/tr>\n<tr>\n<td>Zna\u010dilnosti:<\/td>\n<td>Zagotovite povratno silo za glavni in stranski valj, razdeljeno na tip bata\/tip bata<\/td>\n<\/tr>\n<tr>\n<td>Premer izvrtine:<\/td>\n<td>180 mm\uff5e410 mm<\/td>\n<\/tr>\n<tr>\n<td>Premer palice:<\/td>\n<td>\u00a0120 mm\uff5e360 mm<br \/>\nHod \u2264 4500 mm<\/td>\n<\/tr>\n<tr>\n<td>Potisna sila:<\/td>\n<td>Najve\u010d 2612 kN<br \/>\n(Premer izvrtine: 410 mm\/tlak 31,5 MPa)<\/td>\n<\/tr>\n<tr>\n<td>Bat:<\/td>\n<td>\u00a0140 mm\uff5e360 mm<br \/>\nHod \u2264 3000 mm<\/td>\n<\/tr>\n<tr>\n<td>Potisna sila bata:<\/td>\n<td>Najve\u010d 3206 kN<br \/>\n(Bat 360 mm\/tlak 31,5 MPa)<\/td>\n<\/tr>\n<tr>\n<td>Uporaba povratnega cilindra hidravli\u010dne stiskalnice:<\/td>\n<td>Hidravli\u010dna stiskalnica<\/td>\n<\/tr>\n<\/tbody>\n<\/table>\n<div class=\"txtboxL\">\n<div><\/div>\n<div class=\"txtboxL\">Zna\u010dilnosti:<\/div>\n<div class=\"txtboxR\">Zagotovite povratno silo za glavni in stranski valj, razdeljeno na tip bata\/tip bata<\/div>\n<div class=\"txtboxL\">Specifikacija:<br \/>\nBat<\/div>\n<div class=\"txtboxR\">Premer izvrtine: 180 mm\uff5e410 mm<br \/>\nPremer palice: 120 mm\uff5e360 mm<br \/>\nHod \u2264 4500 mm<\/div>\n<div class=\"txtboxL\">Potisna sila:<\/div>\n<div class=\"txtboxR\">Najve\u010d 2612 kN<br \/>\n(Premer izvrtine: 410 mm\/tlak 31,5 MPa)<\/div>\n<div class=\"txtboxL\">Specifikacija:<br \/>\nBat<\/div>\n<div class=\"txtboxR\">Bat: 140 mm\uff5e360 mm<br \/>\nHod \u2264 3000 mm<\/div>\n<div class=\"txtboxL\">Potisna sila:<\/div>\n<div class=\"txtboxR\">Najve\u010d 3206 kN<br \/>\n(Bat 360 mm\/tlak 31,5 MPa)<\/div>\n<\/div>\n<h2><strong>Tovarna stiskalnih valjev:<\/strong><\/h2>\n<p><img loading=\"lazy\" decoding=\"async\" class=\"alignnone wp-image-1619 size-full\" src=\"https:\/\/hydraulic-cylinders.net\/wp-content\/uploads\/2023\/10\/press-cylinder.webp\" alt=\"\" width=\"1418\" height=\"946\" srcset=\"https:\/\/hydraulic-cylinders.net\/wp-content\/uploads\/2023\/10\/press-cylinder.webp 1418w, https:\/\/hydraulic-cylinders.net\/wp-content\/uploads\/2023\/10\/press-cylinder-1280x854.webp 1280w, https:\/\/hydraulic-cylinders.net\/wp-content\/uploads\/2023\/10\/press-cylinder-980x654.webp 980w, https:\/\/hydraulic-cylinders.net\/wp-content\/uploads\/2023\/10\/press-cylinder-480x320.webp 480w\" sizes=\"(min-width: 0px) and (max-width: 480px) 480px, (min-width: 481px) and (max-width: 980px) 980px, (min-width: 981px) and (max-width: 1280px) 1280px, (min-width: 1281px) 1418px, 100vw\" \/><\/p>\n<h2><strong>Na\u010din uporabe povratnega cilindra stiskalnice<\/strong><strong>:<\/strong><\/h2>\n<ol>\n<li><strong>Namestitev in integracija:<\/strong><\/li>\n<\/ol>\n<ul>\n<li>Povratni valj stiskalnice varno namestite na ogrodje stiskalnice ali za to dolo\u010deno mesto monta\u017ee.<\/li>\n<li>Zagotovite pravilno poravnavo in povezavo, pri \u010demer upo\u0161tevajte navodila in priporo\u010dila proizvajalca.<\/li>\n<\/ul>\n<ol start=\"2\">\n<li><strong>Hidravli\u010dni priklju\u010dki:<\/strong><\/li>\n<\/ol>\n<ul>\n<li>Priklju\u010dite povratni valj stiskalnice na hidravli\u010dni agregat z ustreznimi hidravli\u010dnimi cevmi in priklju\u010dki.<\/li>\n<li>Preverite, ali so hidravli\u010dne povezave varne in ne pu\u0161\u010dajo, da zagotovite u\u010dinkovit prenos teko\u010dine in varno delovanje.<\/li>\n<\/ul>\n<ol start=\"3\">\n<li><strong>Prilagoditev polo\u017eaja:<\/strong><\/li>\n<\/ol>\n<ul>\n<li>Prilagodite polo\u017eaj povratnega valja stiskalnice glede na specifi\u010dne zahteve va\u0161e stiskalnice.<\/li>\n<li>Za optimalno delovanje sledite navodilom proizvajalca, da nastavite \u017eeleni za\u010detni in povratni polo\u017eaj.<\/li>\n<\/ul>\n<ol start=\"4\">\n<li><strong>Operativni nadzor:<\/strong><\/li>\n<\/ol>\n<ul>\n<li>Seznanite se z upravljalnimi elementi, ki jih omogo\u010da povratni valj stiskalnice.<\/li>\n<li>Razumeti morate, kako spro\u017eiti povratno gibanje in dodatne funkcije, kot sta nadzor hitrosti ali funkcije za zaustavitev v sili.<\/li>\n<\/ul>\n<h2><strong>Kateri zakon hidravlike uporablja zavorni sistem?<\/strong><\/h2>\n<p>Zavorni sistem v vozilih obi\u010dajno uporablja Pascalov zakon hidravlike. Pascalov zakon pravi, da se pri delovanju na omejeno teko\u010dino tlak enakomerno prena\u0161a v vse smeri. V kontekstu hidravli\u010dnega zavornega sistema to na\u010delo omogo\u010da prenos sile z zavornega pedala na same zavore.<\/p>\n<p>Tukaj je poenostavljena razlaga, kako zavorni sistem uporablja Pascalov zakon:<\/p>\n<ol>\n<li><strong>Uporaba zavornega pedala:<\/strong>\n<ul>\n<li>Ko voznik pritisne zavorni pedal, se na glavni zavorni valj izvaja mehanska sila.<\/li>\n<\/ul>\n<\/li>\n<li><strong>Glavni valj:<\/strong>\n<ul>\n<li>Glavni zavorni valj vsebuje bat, ki se premika kot odziv na silo, ki jo izvaja zavorni pedal.<\/li>\n<li>Ko se bat premika, pritiska na zavorno teko\u010dino, ki je v glavnem valju.<\/li>\n<\/ul>\n<\/li>\n<li><strong>Prenos tlaka:<\/strong>\n<ul>\n<li>Na tej to\u010dki pride v po\u0161tev Pascalov zakon.<\/li>\n<li>Tlak, ki ga ustvari gibanje bata, se enakomerno prena\u0161a po zavorni teko\u010dini v vse smeri.<\/li>\n<\/ul>\n<\/li>\n<li><strong>Hidravli\u010dne cevi:<\/strong>\n<ul>\n<li>Zavorna teko\u010dina pod tlakom te\u010de skozi hidravli\u010dne cevi ali zavorne cevi.<\/li>\n<li>Te cevi povezujejo glavni zavorni valj z zavornimi \u010deljustmi ali kolesnimi valji na vsakem kolesu.<\/li>\n<\/ul>\n<\/li>\n<li><strong>Zavorne \u010deljusti\/kolesni valji:<\/strong>\n<ul>\n<li>Zavorne \u010deljusti (pri kolutnih zavorah) ali kolesni valji (pri bobnastih zavorah) prejemajo zavorno teko\u010dino pod tlakom na vsakem kolesu.<\/li>\n<li>Zaradi tlaka \u010deljusti ali valji izvajajo silo na zavorne plo\u0161\u010dice ali \u010deljusti, ki pritiskajo na zavorne diske ali bobne.<\/li>\n<\/ul>\n<\/li>\n<li><strong>Trenje in zaviranje:<\/strong>\n<ul>\n<li>Trenje med zavornimi plo\u0161\u010dicami in rotorji (ali \u010devlji in bobni) upo\u010dasni ali ustavi kolesa vozila.<\/li>\n<\/ul>\n<\/li>\n<\/ol>\n<h2><strong>Zmogljivost in zmogljivost tovarne:<\/strong><\/h2>\n<h3>(1) Sestavljanje<\/h3>\n<p>Imamo prvovrstno neodvisno platformo za raziskave in razvoj. Delavnica za proizvodnjo hidravli\u010dnih cilindrov ima \u0161tiri polavtomatske monta\u017ene linije za dvi\u017ene cilindre in eno avtomatsko monta\u017eno linijo za nagibne cilindre z letno proizvodno zmogljivostjo 1 milijona kosov. Delavnica za posebne cilindre je opremljena z razli\u010dnimi specifikacijami polavtomatskega sistema za \u010di\u0161\u010denje in monta\u017eo z letno proizvodno zmogljivostjo 200.000 kosov ter znano CNC obdelovalno opremo, obdelovalnim centrom, visoko precizno posebno opremo za obdelavo cilindrov, robotskim varilnim strojem, avtomatskim \u010distilnim strojem, avtomatskim strojem za monta\u017eo cilindrov in avtomatsko proizvodno linijo za barvanje. Obstoje\u010da kriti\u010dna oprema obsega ve\u010d kot 300 kompletov (kompletov). Optimalna razporeditev in u\u010dinkovita uporaba opremnih virov zagotavljata zahteve glede natan\u010dnosti izdelkov in izpolnjujeta visoke zahteve glede kakovosti izdelkov.<\/p>\n<p><img loading=\"lazy\" decoding=\"async\" class=\"alignnone wp-image-626\" src=\"https:\/\/hydraulic-cylinders.net\/wp-content\/uploads\/2023\/08\/hydraulic-cylinder-product-1-300x158.webp\" alt=\"\" width=\"495\" height=\"260\" srcset=\"https:\/\/hydraulic-cylinders.net\/wp-content\/uploads\/2023\/08\/hydraulic-cylinder-product-1-300x158.webp 495w, https:\/\/hydraulic-cylinders.net\/wp-content\/uploads\/2023\/08\/hydraulic-cylinder-product-1-480x252.webp 480w\" sizes=\"(min-width: 0px) and (max-width: 480px) 480px, (min-width: 481px) 495px, 100vw\" \/> <img loading=\"lazy\" decoding=\"async\" class=\"alignnone wp-image-627\" src=\"https:\/\/hydraulic-cylinders.net\/wp-content\/uploads\/2023\/08\/hydraulic-cylinder-product-2-300x189.webp\" alt=\"\" width=\"413\" height=\"260\" \/><\/p>\n<h3>(2) Strojna obdelava<\/h3>\n<p>Strojna delavnica je opremljena s prilagojenim centrom za stru\u017eenje nagnjenih tirnic, obdelovalnim centrom, visokohitrostnim strojem za honanje, varilnim robotom in drugo sorodno opremo, ki lahko obdeluje cilindri\u010dne cevi z najve\u010djim notranjim premerom 400 mm in najve\u010djo dol\u017eino 6 metrov.<\/p>\n<p><img loading=\"lazy\" decoding=\"async\" class=\"alignnone wp-image-628 size-large\" src=\"https:\/\/hydraulic-cylinders.net\/wp-content\/uploads\/2023\/08\/hydraulic-cylinder-product-3-1024x391.webp\" alt=\"\" width=\"1024\" height=\"391\" srcset=\"https:\/\/hydraulic-cylinders.net\/wp-content\/uploads\/2023\/08\/hydraulic-cylinder-product-3-980x374.webp 980w, https:\/\/hydraulic-cylinders.net\/wp-content\/uploads\/2023\/08\/hydraulic-cylinder-product-3-480x183.webp 480w\" sizes=\"(min-width: 0px) and (max-width: 480px) 480px, (min-width: 481px) and (max-width: 980px) 980px, (min-width: 981px) 1024px, 100vw\" \/><\/p>\n<h3>(3) Varjenje<\/h3>\n<p><img loading=\"lazy\" decoding=\"async\" class=\"alignnone wp-image-629 size-large\" src=\"https:\/\/hydraulic-cylinders.net\/wp-content\/uploads\/2023\/08\/hydraulic-cylinder-product-4-1024x510.webp\" alt=\"\" width=\"1024\" height=\"510\" srcset=\"https:\/\/hydraulic-cylinders.net\/wp-content\/uploads\/2023\/08\/hydraulic-cylinder-product-4-980x488.webp 980w, https:\/\/hydraulic-cylinders.net\/wp-content\/uploads\/2023\/08\/hydraulic-cylinder-product-4-480x239.webp 480w\" sizes=\"(min-width: 0px) and (max-width: 480px) 480px, (min-width: 481px) and (max-width: 980px) 980px, (min-width: 981px) 1024px, 100vw\" \/><\/p>\n<h3>(4) Barvanje in premazovanje<\/h3>\n<p>Z majhnimi in srednje velikimi cilindri\u010dnimi avtomatskimi linijami za barvanje na vodni osnovi, za doseganje avtomatskega nakladanja in razkladanja robotov ter avtomatskega brizganja, je projektna zmogljivost 4000 kosov na izmeno;<br \/>\nImamo tudi polavtomatsko linijo za proizvodnjo barv za velike jeklenke, ki jo poganja veriga, s projektno zmogljivostjo 60 zabojev na izmeno.<\/p>\n<p><img loading=\"lazy\" decoding=\"async\" class=\"alignnone wp-image-630\" src=\"https:\/\/hydraulic-cylinders.net\/wp-content\/uploads\/2023\/08\/hydraulic-cylinder-product-5-300x213.webp\" alt=\"\" width=\"366\" height=\"260\" \/> <img loading=\"lazy\" decoding=\"async\" class=\"alignnone wp-image-631\" src=\"https:\/\/hydraulic-cylinders.net\/wp-content\/uploads\/2023\/08\/hydraulic-cylinder-product-6-300x225.webp\" alt=\"\" width=\"347\" height=\"260\" \/><\/p>\n<h3>(5) Testiranje<\/h3>\n<p>Imamo prvovrstne in\u0161pekcijske prostore in testne postaje, s katerimi zagotavljamo, da delovanje jeklenke izpolnjuje zahteve.<\/p>\n<p><img loading=\"lazy\" decoding=\"async\" class=\"alignnone wp-image-632\" src=\"https:\/\/hydraulic-cylinders.net\/wp-content\/uploads\/2023\/08\/hydraulic-cylinder-product-8-300x200.webp\" alt=\"\" width=\"389\" height=\"260\" \/><\/p>\n<p>&nbsp;<\/p>\n<p>&nbsp;<\/p>\n<p>Smo eden najbolj\u0161ih proizvajalcev hidravli\u010dnih cilindrov. Ponujamo vam celovite hidravli\u010dne cilindre. Zagotavljamo tudi ustrezne <a href=\"https:\/\/hzpt.com\/agricultural-pto-gearbox\/\" target=\"_blank\" rel=\"noopener\">kmetijski menjalniki<\/a>Na\u0161e izdelke smo izvozili strankam po vsem svetu in si prislu\u017eili dober ugled zaradi vrhunske kakovosti izdelkov in poprodajnih storitev. Z veseljem vas vabimo, da nas kontaktirate za poslovne dogovore, izmenjavo informacij in ... <a href=\"https:\/\/www.hydraulic-cylinders.net\/sl\/contact-us\/\">sodelujte z nami<\/a>!<\/p>","protected":false},"excerpt":{"rendered":"<p>Press Return Cylinder The press return cylinder is a vital component in optimizing pressing operations in various industries. With its advanced features and reliable performance, this cylinder offers enhanced efficiency, accuracy, and safety. The press return cylinder is valuable for enhancing efficiency, accuracy, and safety in pressing operations. With its robust construction, precise positioning, efficient [&hellip;]<\/p>","protected":false},"featured_media":1625,"comment_status":"open","ping_status":"closed","template":"","meta":{"_et_pb_use_builder":"","_et_pb_old_content":"","_et_gb_content_width":""},"product_brand":[],"product_cat":[1522,1549,1376],"product_tag":[1380],"class_list":{"0":"post-1623","1":"product","2":"type-product","3":"status-publish","4":"has-post-thumbnail","6":"product_cat-press-hydraulic-cylinders","7":"product_cat-single-acting-hydraulic-cylinder","8":"product_cat-hydraulic-cylinder","9":"product_tag-hydraulic-cylinder","11":"first","12":"instock","13":"shipping-taxable","14":"product-type-simple"},"amp_enabled":true,"_links":{"self":[{"href":"https:\/\/www.hydraulic-cylinders.net\/sl\/wp-json\/wp\/v2\/product\/1623","targetHints":{"allow":["GET"]}}],"collection":[{"href":"https:\/\/www.hydraulic-cylinders.net\/sl\/wp-json\/wp\/v2\/product"}],"about":[{"href":"https:\/\/www.hydraulic-cylinders.net\/sl\/wp-json\/wp\/v2\/types\/product"}],"replies":[{"embeddable":true,"href":"https:\/\/www.hydraulic-cylinders.net\/sl\/wp-json\/wp\/v2\/comments?post=1623"}],"wp:featuredmedia":[{"embeddable":true,"href":"https:\/\/www.hydraulic-cylinders.net\/sl\/wp-json\/wp\/v2\/media\/1625"}],"wp:attachment":[{"href":"https:\/\/www.hydraulic-cylinders.net\/sl\/wp-json\/wp\/v2\/media?parent=1623"}],"wp:term":[{"taxonomy":"product_brand","embeddable":true,"href":"https:\/\/www.hydraulic-cylinders.net\/sl\/wp-json\/wp\/v2\/product_brand?post=1623"},{"taxonomy":"product_cat","embeddable":true,"href":"https:\/\/www.hydraulic-cylinders.net\/sl\/wp-json\/wp\/v2\/product_cat?post=1623"},{"taxonomy":"product_tag","embeddable":true,"href":"https:\/\/www.hydraulic-cylinders.net\/sl\/wp-json\/wp\/v2\/product_tag?post=1623"}],"curies":[{"name":"delovni list","href":"https:\/\/api.w.org\/{rel}","templated":true}]}}