{"id":1626,"date":"2023-10-08T08:46:25","date_gmt":"2023-10-08T08:46:25","guid":{"rendered":"https:\/\/hydraulic-cylinders.net\/?post_type=product&#038;p=1626"},"modified":"2025-04-11T03:46:32","modified_gmt":"2025-04-11T03:46:32","slug":"press-lateral-shift-anvil-cylinder","status":"publish","type":"product","link":"https:\/\/www.hydraulic-cylinders.net\/sl\/izdelek\/press-lateral-shift-anvil-cylinder\/","title":{"rendered":"Pritisnite bo\u010dni premik nakovala cilindra"},"content":{"rendered":"<h1 style=\"text-align: center;\"><strong>Pritisnite bo\u010dni premik nakovala cilindra<\/strong><\/h1>\n<p><img loading=\"lazy\" decoding=\"async\" class=\"aligncenter wp-image-1627\" src=\"https:\/\/hydraulic-cylinders.net\/wp-content\/uploads\/2023\/10\/lateral-shift-anvil-cylinder-300x300.webp\" alt=\"\" width=\"400\" height=\"400\" \/><\/p>\n<p>Nakovalo za bo\u010dni premik stiskalnice je najsodobnej\u0161a komponenta, zasnovana za optimizacijo stiskalnih operacij v razli\u010dnih panogah. S svojimi naprednimi funkcijami in zanesljivim delovanjem ta valj ponuja izbolj\u0161ano natan\u010dnost, u\u010dinkovitost in vsestranskost.<\/p>\n<p>Nakovalo s pre\u010dnim premikom stiskalnice je mo\u010dno orodje za pove\u010danje natan\u010dnosti, u\u010dinkovitosti in vsestranskosti pri stiskanju. Z mo\u017enostjo pre\u010dnega premika, visoko natan\u010dnostjo, hitrim postopkom in zdru\u017eljivostjo z razli\u010dnimi aplikacijami vam ta valj omogo\u010da doseganje vrhunskih rezultatov. Z upo\u0161tevanjem priporo\u010denih metod uporabe in vzdr\u017eevalnih praks lahko pove\u010date u\u010dinkovitost, produktivnost in \u017eivljenjsko dobo stiskanja. Izberite nakovalo s pre\u010dnim premikom stiskalnice, da poenostavite svoje postopke stiskanja in odklenete nove ravni natan\u010dnosti in u\u010dinkovitosti.<\/p>\n<p>Klju\u010dne zna\u010dilnosti cilindra za bo\u010dni premik stiskalnice:<\/p>\n<ol>\n<li>Zmogljivost bo\u010dnega premika:<\/li>\n<\/ol>\n<ul>\n<li>Cilinder za bo\u010dni premik nakovala Press ima edinstven mehanizem za bo\u010dni premik, ki omogo\u010da natan\u010dno pozicioniranje nakovala.<\/li>\n<li>Ta mo\u017enost bo\u010dnega premika omogo\u010da natan\u010dno poravnavo s stiskalnim materialom, kar zagotavlja optimalne rezultate in skraj\u0161a \u010das nastavitve.<\/li>\n<\/ul>\n<ol start=\"2\">\n<li>Visoka natan\u010dnost:<\/li>\n<\/ol>\n<ul>\n<li>Ta valj zagotavlja izjemno natan\u010dnost pri bo\u010dnem premikanju, kar omogo\u010da fino nastavitev polo\u017eaja nakovala.<\/li>\n<li>Z visoko natan\u010dnostjo zagotavlja dosledno in natan\u010dno poravnavo, kar ima za posledico vrhunsko kakovost stiskanja.<\/li>\n<\/ul>\n<ol start=\"3\">\n<li>Hitro in u\u010dinkovito delovanje:<\/li>\n<\/ol>\n<ul>\n<li>Nakovalo za bo\u010dni premik stiskalnice je zasnovano za hitro in u\u010dinkovito delovanje ter maksimizacijo produktivnosti.<\/li>\n<li>Njegov napredni hidravli\u010dni sistem omogo\u010da hitro pre\u010dno premikanje, s \u010dimer se skraj\u0161ajo \u010dasi ciklov in pove\u010da skupna zmogljivost.<\/li>\n<\/ul>\n<ol start=\"4\">\n<li>Vsestranskost:<\/li>\n<\/ol>\n<ul>\n<li>Ta valj je zdru\u017eljiv s \u0161iroko paleto stiskalnih aplikacij, saj ustreza razli\u010dnim materialom in oblikam.<\/li>\n<li>Ne glede na to, ali delate s plo\u010devino, plastiko ali drugimi materiali, vam bo cilinder za bo\u010dno premikanje nakovala Press ponujal vsestranskost, ki bo ustrezala va\u0161im potrebam po stiskanju.<\/li>\n<\/ul>\n<h2><strong>Parameter cilindra za bo\u010dni premik pritiska nakovala:<\/strong><\/h2>\n<table border=\"1\" cellspacing=\"0\" cellpadding=\"0\">\n<tbody>\n<tr>\n<td>Ime izdelka<\/td>\n<td>Hidravli\u010dni stiskalni cilinder s stranskim premikom nakovala<\/td>\n<\/tr>\n<tr>\n<td>Zna\u010dilnosti:<\/td>\n<td>Premaknite nakovalo bo\u010dno<\/td>\n<\/tr>\n<tr>\n<td>Premer izvrtine:<\/td>\n<td>125 mm\uff5e250 mm<\/td>\n<\/tr>\n<tr>\n<td>Premer palice:<\/td>\n<td>90 mm\uff5e180 mm<br \/>\nHod \u2264 5500 mm<\/td>\n<\/tr>\n<tr>\n<td>Potisna sila:<\/td>\n<td>Najve\u010d 1546 kN<br \/>\n(Premer izvrtine: 250 mm\/tlak 31,5 MPa)<\/td>\n<\/tr>\n<tr>\n<td>Uporaba bo\u010dnega premi\u010dnega nakovala:<\/td>\n<td>Hidravli\u010dna stiskalnica<\/td>\n<\/tr>\n<\/tbody>\n<\/table>\n<div><\/div>\n<div class=\"txtboxL\">\n<div class=\"txtboxL\">\n<div class=\"txtboxL\">Zna\u010dilnosti:<\/div>\n<div class=\"txtboxR\">Premaknite nakovalo bo\u010dno<\/div>\n<div class=\"txtboxL\">Specifikacija:<\/div>\n<div class=\"txtboxR\">Premer izvrtine: 125 mm\uff5e250 mm<br \/>\nPremer palice: 90 mm\uff5e180 mm<br \/>\nHod \u2264 5500 mm<\/div>\n<div class=\"txtboxL\">Potisna sila:<\/div>\n<div class=\"txtboxR\">Najve\u010d 1546 kN<br \/>\n(Premer izvrtine: 250 mm\/tlak 31,5 MPa)<\/div>\n<\/div>\n<\/div>\n<h2><strong>Tovarna stiskalnih valjev:<\/strong><\/h2>\n<p><img loading=\"lazy\" decoding=\"async\" class=\"alignnone wp-image-1619 size-full\" src=\"https:\/\/hydraulic-cylinders.net\/wp-content\/uploads\/2023\/10\/press-cylinder.webp\" alt=\"\" width=\"1418\" height=\"946\" srcset=\"https:\/\/hydraulic-cylinders.net\/wp-content\/uploads\/2023\/10\/press-cylinder.webp 1418w, https:\/\/hydraulic-cylinders.net\/wp-content\/uploads\/2023\/10\/press-cylinder-1280x854.webp 1280w, https:\/\/hydraulic-cylinders.net\/wp-content\/uploads\/2023\/10\/press-cylinder-980x654.webp 980w, https:\/\/hydraulic-cylinders.net\/wp-content\/uploads\/2023\/10\/press-cylinder-480x320.webp 480w\" sizes=\"(min-width: 0px) and (max-width: 480px) 480px, (min-width: 481px) and (max-width: 980px) 980px, (min-width: 981px) and (max-width: 1280px) 1280px, (min-width: 1281px) 1418px, 100vw\" \/><\/p>\n<h2><strong>Na\u010din uporabe cilindra s stranskim premikom stiskalnice<\/strong><strong>:<\/strong><\/h2>\n<ol>\n<li><strong>Namestitev in integracija:<\/strong><\/li>\n<\/ol>\n<ul>\n<li>Bo\u010dni premik nakovala stiskalnice varno namestite na okvir stiskalnice ali na dolo\u010deno mesto za monta\u017eo.<\/li>\n<li>Zagotovite pravilno poravnavo in povezavo, pri \u010demer upo\u0161tevajte navodila in priporo\u010dila proizvajalca.<\/li>\n<\/ul>\n<ol start=\"2\">\n<li><strong>Hidravli\u010dni priklju\u010dki:<\/strong><\/li>\n<\/ol>\n<ul>\n<li>Priklju\u010dite bo\u010dni premi\u010dni valj nakovala stiskalnice na hidravli\u010dno enoto z ustreznimi cevmi in spojkami.<\/li>\n<li>Preverite, ali so hidravli\u010dne povezave varne in ne pu\u0161\u010dajo, da zagotovite u\u010dinkovit prenos teko\u010dine in varno delovanje.<\/li>\n<\/ul>\n<ol start=\"3\">\n<li><strong>Prilagoditev polo\u017eaja:<\/strong><\/li>\n<\/ol>\n<ul>\n<li>Prilagodite bo\u010dni polo\u017eaj nakovala glede na specifi\u010dne zahteve va\u0161e stiskalne aplikacije.<\/li>\n<li>Za natan\u010dno poravnavo s stiskalnim materialom uporabite mehanizem za bo\u010dni premik.<\/li>\n<\/ul>\n<ol start=\"4\">\n<li><strong>Operativni nadzor:<\/strong><\/li>\n<\/ol>\n<ul>\n<li>Seznanite se z upravljalnimi elementi, ki jih omogo\u010da valj za bo\u010dno premikanje nakovala stiskalnice.<\/li>\n<li>Razumeti morate, kako spro\u017eiti bo\u010dno premikanje in vse dodatne funkcije, kot sta nadzor hitrosti ali mehanizmi za zaklepanje polo\u017eaja.<\/li>\n<\/ul>\n<h2><strong>Kako sprostiti tlak v hidravli\u010dnem sistemu?<\/strong><\/h2>\n<p>Sprostitev tlaka iz hidravli\u010dnega sistema je klju\u010dni korak za zagotavljanje varnosti in izvajanje vzdr\u017eevanja ali popravil. Tukaj je vodnik po korakih, kako sprostiti tlak v hidravli\u010dnem sistemu:<\/p>\n<ol>\n<li><strong>Dolo\u010dite vir napajanja:<\/strong>\n<ul>\n<li>Dolo\u010dite vir energije, ki dovaja tlak v hidravli\u010dni sistem. To je lahko elektromotor, \u010drpalka, ki jo poganja motor, ali kateri koli drug vir energije.<\/li>\n<\/ul>\n<\/li>\n<li><strong>Izklopite vir napajanja:<\/strong>\n<ul>\n<li>Izklopite ali zaustavite vir napajanja, ki ustvarja tlak za hidravli\u010dni sistem.<\/li>\n<li>\u010ce gre za elektromotor, izklopite napajanje ali ga odklopite.<\/li>\n<li>Pri \u010drpalki, ki jo poganja motor, ugasnite motor.<\/li>\n<\/ul>\n<\/li>\n<li><strong>Vklop zasilne zaustavitve:<\/strong>\n<ul>\n<li>\u010ce ima va\u0161 hidravli\u010dni sistem gumb ali ro\u010dico za zaustavitev v sili, ga aktivirajte, da ustavite nadaljnje ustvarjanje hidravli\u010dnega tlaka.<\/li>\n<\/ul>\n<\/li>\n<li><strong>Predvidite \u010das za sprostitev tlaka:<\/strong>\n<ul>\n<li>Po izklopu vira napajanja in aktiviranju zasilne zaustavitve pustite dovolj \u010dasa, da se tlak sprosti.<\/li>\n<li>\u010cas, potreben za sprostitev tlaka, bo odvisen od velikosti in kompleksnosti hidravli\u010dnega sistema. Popolna sprostitev tlaka lahko traja nekaj minut ali dlje.<\/li>\n<\/ul>\n<\/li>\n<li><strong>Preverite sprostitev tlaka:<\/strong>\n<ul>\n<li>Da se prepri\u010date, da je bil tlak spro\u0161\u010den, preverite manometre ali indikatorje na hidravli\u010dnem sistemu, \u010de so na voljo.<\/li>\n<li>\u010ce je od\u010ditek tlaka ni\u010d ali blizu ni\u010d, to pomeni, da je bil tlak uspe\u0161no spro\u0161\u010den.<\/li>\n<\/ul>\n<\/li>\n<li><strong>Sprostite preostali tlak:<\/strong>\n<ul>\n<li>V nekaterih primerih lahko tudi po izklopu vira napajanja v hidravli\u010dnem sistemu \u0161e vedno obstaja preostali tlak.<\/li>\n<li>Za sprostitev preostalega tlaka poi\u0161\u010dite varnostni ventil na hidravli\u010dnem sistemu.<\/li>\n<li>Z ustreznim orodjem (npr. klju\u010dem) po\u010dasi odprite varnostni ventil, da postopoma sprostite preostali tlak.<\/li>\n<li>Pri spro\u0161\u010danju preostalega tlaka bodite previdni in pozorni, da prepre\u010dite nenadne premike ali brizganje hidravli\u010dne teko\u010dine.<\/li>\n<\/ul>\n<\/li>\n<li><strong>Dvojno preverjanje spro\u0161\u010danja tlaka:<\/strong>\n<ul>\n<li>Po sprostitvi preostalega tlaka \u0161e enkrat preverite, ali kazalniki tlaka ka\u017eejo ni\u010delni tlak ali blizu njega.<\/li>\n<li>Vizualno preglejte hidravli\u010dni sistem glede morebitnih znakov premikanja ali kopi\u010denja tlaka.<\/li>\n<\/ul>\n<\/li>\n<\/ol>\n<h2><strong>Zmogljivost in zmogljivost tovarne:<\/strong><\/h2>\n<h3>(1) Sestavljanje<\/h3>\n<p>Imamo prvovrstno neodvisno platformo za raziskave in razvoj. Delavnica za proizvodnjo hidravli\u010dnih cilindrov ima \u0161tiri polavtomatske monta\u017ene linije za dvi\u017ene cilindre in eno avtomatsko monta\u017eno linijo za nagibne cilindre z letno proizvodno zmogljivostjo 1 milijona kosov. Delavnica za posebne cilindre je opremljena z razli\u010dnimi specifikacijami polavtomatskega sistema za \u010di\u0161\u010denje in monta\u017eo z letno proizvodno zmogljivostjo 200.000 kosov ter znano CNC obdelovalno opremo, obdelovalnim centrom, visoko precizno posebno opremo za obdelavo cilindrov, robotskim varilnim strojem, avtomatskim \u010distilnim strojem, avtomatskim strojem za monta\u017eo cilindrov in avtomatsko proizvodno linijo za barvanje. Obstoje\u010da kriti\u010dna oprema obsega ve\u010d kot 300 kompletov (kompletov). Optimalna razporeditev in u\u010dinkovita uporaba opremnih virov zagotavljata zahteve glede natan\u010dnosti izdelkov in izpolnjujeta visoke zahteve glede kakovosti izdelkov.<\/p>\n<p><img loading=\"lazy\" decoding=\"async\" class=\"alignnone wp-image-626\" src=\"https:\/\/hydraulic-cylinders.net\/wp-content\/uploads\/2023\/08\/hydraulic-cylinder-product-1-300x158.webp\" alt=\"\" width=\"495\" height=\"260\" srcset=\"https:\/\/hydraulic-cylinders.net\/wp-content\/uploads\/2023\/08\/hydraulic-cylinder-product-1-300x158.webp 495w, https:\/\/hydraulic-cylinders.net\/wp-content\/uploads\/2023\/08\/hydraulic-cylinder-product-1-480x252.webp 480w\" sizes=\"(min-width: 0px) and (max-width: 480px) 480px, (min-width: 481px) 495px, 100vw\" \/> <img loading=\"lazy\" decoding=\"async\" class=\"alignnone wp-image-627\" src=\"https:\/\/hydraulic-cylinders.net\/wp-content\/uploads\/2023\/08\/hydraulic-cylinder-product-2-300x189.webp\" alt=\"\" width=\"413\" height=\"260\" \/><\/p>\n<h3>(2) Strojna obdelava<\/h3>\n<p>Strojna delavnica je opremljena s prilagojenim centrom za stru\u017eenje nagnjenih tirnic, obdelovalnim centrom, visokohitrostnim strojem za honanje, varilnim robotom in drugo sorodno opremo, ki lahko obdeluje cilindri\u010dne cevi z najve\u010djim notranjim premerom 400 mm in najve\u010djo dol\u017eino 6 metrov.<\/p>\n<p><img loading=\"lazy\" decoding=\"async\" class=\"alignnone wp-image-628 size-large\" src=\"https:\/\/hydraulic-cylinders.net\/wp-content\/uploads\/2023\/08\/hydraulic-cylinder-product-3-1024x391.webp\" alt=\"\" width=\"1024\" height=\"391\" srcset=\"https:\/\/hydraulic-cylinders.net\/wp-content\/uploads\/2023\/08\/hydraulic-cylinder-product-3-980x374.webp 980w, https:\/\/hydraulic-cylinders.net\/wp-content\/uploads\/2023\/08\/hydraulic-cylinder-product-3-480x183.webp 480w\" sizes=\"(min-width: 0px) and (max-width: 480px) 480px, (min-width: 481px) and (max-width: 980px) 980px, (min-width: 981px) 1024px, 100vw\" \/><\/p>\n<h3>(3) Varjenje<\/h3>\n<p><img loading=\"lazy\" decoding=\"async\" class=\"alignnone wp-image-629 size-large\" src=\"https:\/\/hydraulic-cylinders.net\/wp-content\/uploads\/2023\/08\/hydraulic-cylinder-product-4-1024x510.webp\" alt=\"\" width=\"1024\" height=\"510\" srcset=\"https:\/\/hydraulic-cylinders.net\/wp-content\/uploads\/2023\/08\/hydraulic-cylinder-product-4-980x488.webp 980w, https:\/\/hydraulic-cylinders.net\/wp-content\/uploads\/2023\/08\/hydraulic-cylinder-product-4-480x239.webp 480w\" sizes=\"(min-width: 0px) and (max-width: 480px) 480px, (min-width: 481px) and (max-width: 980px) 980px, (min-width: 981px) 1024px, 100vw\" \/><\/p>\n<h3>(4) Barvanje in premazovanje<\/h3>\n<p>Z majhnimi in srednje velikimi cilindri\u010dnimi avtomatskimi linijami za barvanje na vodni osnovi, za doseganje avtomatskega nakladanja in razkladanja robotov ter avtomatskega brizganja, je projektna zmogljivost 4000 kosov na izmeno;<br \/>\nImamo tudi polavtomatsko linijo za proizvodnjo barv za velike jeklenke, ki jo poganja veriga, s projektno zmogljivostjo 60 zabojev na izmeno.<\/p>\n<p><img loading=\"lazy\" decoding=\"async\" class=\"alignnone wp-image-630\" src=\"https:\/\/hydraulic-cylinders.net\/wp-content\/uploads\/2023\/08\/hydraulic-cylinder-product-5-300x213.webp\" alt=\"\" width=\"366\" height=\"260\" \/> <img loading=\"lazy\" decoding=\"async\" class=\"alignnone wp-image-631\" src=\"https:\/\/hydraulic-cylinders.net\/wp-content\/uploads\/2023\/08\/hydraulic-cylinder-product-6-300x225.webp\" alt=\"\" width=\"347\" height=\"260\" \/><\/p>\n<h3>(5) Testiranje<\/h3>\n<p>Imamo prvovrstne in\u0161pekcijske prostore in testne postaje, s katerimi zagotavljamo, da delovanje jeklenke izpolnjuje zahteve.<\/p>\n<p><img loading=\"lazy\" decoding=\"async\" class=\"alignnone wp-image-632\" src=\"https:\/\/hydraulic-cylinders.net\/wp-content\/uploads\/2023\/08\/hydraulic-cylinder-product-8-300x200.webp\" alt=\"\" width=\"389\" height=\"260\" \/><\/p>\n<p>&nbsp;<\/p>\n<p>&nbsp;<\/p>\n<p>Smo eden najbolj\u0161ih proizvajalcev hidravli\u010dnih cilindrov. Ponujamo vam celovite hidravli\u010dne cilindre. Zagotavljamo tudi ustrezne <a href=\"https:\/\/hzpt.com\/agricultural-pto-gearbox\/\" target=\"_blank\" rel=\"noopener\">kmetijski menjalniki<\/a>Na\u0161e izdelke smo izvozili strankam po vsem svetu in si prislu\u017eili dober ugled zaradi vrhunske kakovosti izdelkov in poprodajnih storitev. Z veseljem vas vabimo, da nas kontaktirate za poslovne dogovore, izmenjavo informacij in ... <a href=\"https:\/\/www.hydraulic-cylinders.net\/sl\/contact-us\/\">sodelujte z nami<\/a>!<\/p>","protected":false},"excerpt":{"rendered":"<p>Press Lateral Shift Anvil Cylinder The press lateral shift anvil cylinder is a cutting-edge component designed to optimize pressing operations in various industries. With its advanced features and reliable performance, this cylinder offers enhanced precision, efficiency, and versatility. The press lateral shift anvil cylinder is a powerful tool for enhancing precision, efficiency, and versatility in [&hellip;]<\/p>","protected":false},"featured_media":1628,"comment_status":"open","ping_status":"closed","template":"","meta":{"_et_pb_use_builder":"","_et_pb_old_content":"","_et_gb_content_width":""},"product_brand":[],"product_cat":[1550,1522,1376],"product_tag":[1380],"class_list":{"0":"post-1626","1":"product","2":"type-product","3":"status-publish","4":"has-post-thumbnail","6":"product_cat-double-acting-hydraulic-cylinder","7":"product_cat-press-hydraulic-cylinders","8":"product_cat-hydraulic-cylinder","9":"product_tag-hydraulic-cylinder","11":"first","12":"instock","13":"shipping-taxable","14":"product-type-simple"},"amp_enabled":true,"_links":{"self":[{"href":"https:\/\/www.hydraulic-cylinders.net\/sl\/wp-json\/wp\/v2\/product\/1626","targetHints":{"allow":["GET"]}}],"collection":[{"href":"https:\/\/www.hydraulic-cylinders.net\/sl\/wp-json\/wp\/v2\/product"}],"about":[{"href":"https:\/\/www.hydraulic-cylinders.net\/sl\/wp-json\/wp\/v2\/types\/product"}],"replies":[{"embeddable":true,"href":"https:\/\/www.hydraulic-cylinders.net\/sl\/wp-json\/wp\/v2\/comments?post=1626"}],"wp:featuredmedia":[{"embeddable":true,"href":"https:\/\/www.hydraulic-cylinders.net\/sl\/wp-json\/wp\/v2\/media\/1628"}],"wp:attachment":[{"href":"https:\/\/www.hydraulic-cylinders.net\/sl\/wp-json\/wp\/v2\/media?parent=1626"}],"wp:term":[{"taxonomy":"product_brand","embeddable":true,"href":"https:\/\/www.hydraulic-cylinders.net\/sl\/wp-json\/wp\/v2\/product_brand?post=1626"},{"taxonomy":"product_cat","embeddable":true,"href":"https:\/\/www.hydraulic-cylinders.net\/sl\/wp-json\/wp\/v2\/product_cat?post=1626"},{"taxonomy":"product_tag","embeddable":true,"href":"https:\/\/www.hydraulic-cylinders.net\/sl\/wp-json\/wp\/v2\/product_tag?post=1626"}],"curies":[{"name":"delovni list","href":"https:\/\/api.w.org\/{rel}","templated":true}]}}