{"id":16265,"date":"2025-01-20T09:00:46","date_gmt":"2025-01-20T09:00:46","guid":{"rendered":"https:\/\/www.hydraulic-cylinders.net\/product\/arm-cylinderfor-kobelco-small-excavator-sk55srx-6\/"},"modified":"2025-01-20T09:00:48","modified_gmt":"2025-01-20T09:00:48","slug":"arm-cylinderfor-kobelco-small-excavator-sk55srx-6","status":"publish","type":"product","link":"https:\/\/www.hydraulic-cylinders.net\/sl\/izdelek\/arm-cylinderfor-kobelco-small-excavator-sk55srx-6\/","title":{"rendered":"Ro\u010dica cilindra za majhen bager Kobelco SK55SRX-6"},"content":{"rendered":"<h1>Ro\u010dica cilindra za majhen bager Kobelco SK55SRX-6<\/h1>\n<h2>Uvod<\/h2>\n<p>Hidravli\u010dni cilinder za majhen bager Kobelco SK55SRX-6 je specializiran hidravli\u010dni cilinder, zasnovan za zagotavljanje linearnega gibanja in mo\u010di roki razli\u010dnih strojev, kot so bagri, \u017eerjavi in \u200b\u200brobotske roke. Cilinder roke igra klju\u010dno vlogo v hidravli\u010dnih sistemih, saj omogo\u010da u\u010dinkovito gibanje in nadzor dodatnih orodij ali priklju\u010dkov. Ti cilindri ne omogo\u010dajo le gladkega gibanja, temve\u010d so tudi zmo\u017eni prenesti velike obremenitve, kar zagotavlja u\u010dinkovito delovanje in zanesljivost v razli\u010dnih delovnih pogojih.<\/p>\n<p><img decoding=\"async\" src=\"https:\/\/www.hydraulic-cylinders.net\/wp-content\/uploads\/2025\/01\/songte-company-2.webp\" alt=\"Ro\u010daj cilindra\" \/><\/p>\n<h2>Zna\u010dilnosti<\/h2>\n<ul>\n<li>Visoko u\u010dinkovit menjalnik: Cilinder roke zagotavlja mo\u010dno linearno gibanje in silo, kar zagotavlja visoko zmogljivost med razli\u010dnimi operacijami.<\/li>\n<li>Natan\u010den nadzor: S hidravli\u010dnim sistemom omogo\u010da cilinder roke natan\u010den nadzor gibanja, zaradi \u010desar so operacije z dodatnimi orodji bolj prilagodljive in natan\u010dne.<\/li>\n<li>Vzdr\u017eljivost: Valji rok so obi\u010dajno izdelani iz visoko trdnih materialov, ki ponujajo odli\u010dno odpornost proti obrabi in koroziji, zaradi \u010desar so primerni za dolgotrajno uporabo v zahtevnih okoljih.<\/li>\n<li>Ve\u010dnamenska prilagodljivost: Ti cilindri se \u0161iroko uporabljajo v razli\u010dnih strojih, kot so bagri, \u017eerjavi in \u200b\u200brobotske roke, ter zadovoljujejo razli\u010dne delovne zahteve.<\/li>\n<li>Enostavno vzdr\u017eevanje: Zasnova upo\u0161teva enostavno vzdr\u017eevanje in zamenjavo, zaradi \u010desar so redni pregledi in vzdr\u017eevanje bolj priro\u010dni ter se skraj\u0161a \u010das izpada opreme.<\/li>\n<\/ul>\n<p><img decoding=\"async\" src=\"https:\/\/www.hydraulic-cylinders.net\/wp-content\/uploads\/2025\/01\/songte-oil-pipes-and-spare-parts.webp\" alt=\"Deli hidravli\u010dnega cilindra\" \/><\/p>\n<h2>Aplikacije<\/h2>\n<p>Ro\u010dni valj za majhen bager Kobelco SK55SRX-6 se uporablja v:<\/p>\n<ul>\n<li>Gradbeni\u0161tvo: Pri bagrih in \u017eerjavih valj roke nadzoruje gibanje \u017elice ali roke za zemeljska dela, ravnanje z materiali in konstrukcijsko monta\u017eo.<\/li>\n<li>Proizvodna industrija: V avtomatiziranih proizvodnih linijah valj roke olaj\u0161a gibanje robotskih rok za procese, kot so monta\u017ea, varjenje in ravnanje z materiali, s \u010dimer se izbolj\u0161a u\u010dinkovitost in natan\u010dnost proizvodnje.<\/li>\n<li>Kmetijska mehanizacija: Pri kmetijski mehanizaciji, kot so kombajni in sejalnice, cilinder roke nadzoruje gibanje delovne roke za naloge, kot so setev, gnojenje in \u017eetev.<\/li>\n<li>Rudarstvo: V rudarski opremi cilinder roke nadzoruje gibanje roke rudarskih strojev za pridobivanje in transport rude.<\/li>\n<li>Logistika in transport: Pri vili\u010darjih in robotih za manipulacijo cilinder roke nadzoruje dvigovanje in premikanje vilic, kar omogo\u010da ravnanje z materiali in zlaganje.<\/li>\n<\/ul>\n<h2>Oblikovalski vidiki in izbirna merila<\/h2>\n<p>Ko gre za konstrukcijske vidike in izbirna merila za ro\u010dni valj za majhen bager Kobelco SK55SRX-6, je treba upo\u0161tevati ve\u010d dejavnikov:<\/p>\n<ul>\n<li>Nosilnost: Cilinder mora biti zasnovan tako, da prenese najve\u010djo pri\u010dakovano obremenitev, da se zagotovi varno in u\u010dinkovito delovanje.<\/li>\n<li>Tesnjenje: Za u\u010dinkovito tesnjenje se uporabljajo razli\u010dne tesnilne komponente, kot so tesnila bata in tesnila ojnic, izdelane iz materialov, odpornih proti obrabi, kot sta poliuretan in nitrilna guma.<\/li>\n<li>Vzdr\u017eljivost: Ohi\u0161je valja in navojni konci so skrbno obdelani za izbolj\u0161anje odpornosti proti obrabi in vzdr\u017eljivosti.<\/li>\n<li>Varnost: Varnostni vidiki so bistveni med procesom na\u010drtovanja, da se prepre\u010dijo nesre\u010de in zagotovi dobro po\u010dutje upravljavca.<\/li>\n<li>Vzdr\u017eevanje: Zasnova cilindra omogo\u010da enostavno vzdr\u017eevanje in hitro zamenjavo komponent, kar zmanj\u0161uje \u010das izpada.<\/li>\n<\/ul>\n<p><img decoding=\"async\" src=\"https:\/\/www.hydraulic-cylinders.net\/wp-content\/uploads\/2025\/01\/songte-cylinder-head-with-all-kinds-excavator-models.webp\" alt=\"Glava valja\" \/><\/p>\n<h2>Tesnjenje in mazanje<\/h2>\n<p>Ro\u010dajni valj za majhen bager Kobelco SK55SRX-6 uporablja razli\u010dne tesnilne komponente, kot so tesnila bata in tesnila palice. Ta tesnila so izdelana iz materialov, odpornih proti obrabi, vklju\u010dno s poliuretanom in nitrilno gumo. Telo valja in navojni konci so natan\u010dno obdelani za ve\u010djo odpornost proti obrabi. Pravilno mazanje je bistvenega pomena, za zagotovitev nemotenega delovanja pa je priporo\u010dljivo redno dodajanje hidravli\u010dnega olja.<\/p>\n<h2>Redni pregledi in preventivni vzdr\u017eevalni ukrepi<\/h2>\n<p>Redni pregledi in preventivno vzdr\u017eevanje so klju\u010dnega pomena za optimalno delovanje in dolgo \u017eivljenjsko dobo ro\u010dnega cilindra za majhen bager Kobelco SK55SRX-6. Sprejeti je treba naslednje ukrepe:<\/p>\n<ul>\n<li>Redno pregledujte jeklenko glede morebitnih znakov obrabe ali po\u0161kodb.<\/li>\n<li>Preverite in privijte vse povezave, da prepre\u010dite pu\u0161\u010danje.<\/li>\n<li>Jeklenko in njeno okolico vzdr\u017eujte \u010disto, da prepre\u010dite kontaminacijo.<\/li>\n<li>Upo\u0161tevajte navodila proizvajalca za vzdr\u017eevanje in mazanje.<\/li>\n<li>Obrabljena tesnila ali komponente nemudoma zamenjajte, da prepre\u010dite nadaljnjo \u0161kodo.<\/li>\n<\/ul>\n<h2>Navodila za namestitev izdelka<\/h2>\n<p>Pravilna namestitev cilindra roke za majhen bager Kobelco SK55SRX-6 je klju\u010dnega pomena za njegovo optimalno delovanje. Upo\u0161tevajte ta navodila:<\/p>\n<ul>\n<li>Prepri\u010dajte se, da je valj zdru\u017eljiv z modelom in specifikacijami bagra.<\/li>\n<li>Previdno namestite in poravnajte valj z ustreznimi pritrdilnimi to\u010dkami.<\/li>\n<li>Vse povezave trdno privijte v skladu s specifikacijami proizvajalca.<\/li>\n<li>Preverite namestitev glede morebitnih te\u017eav ali nepravilnosti.<\/li>\n<li>Preden v celoti za\u017eenete cilindri\u010dni valj, ga preizkusite.<\/li>\n<\/ul>\n<p><img decoding=\"async\" src=\"https:\/\/www.hydraulic-cylinders.net\/wp-content\/uploads\/2025\/01\/songte-bushings-with-all-kinds-of-excavator-models.webp\" alt=\"Pu\u0161e cilindra\" \/><\/p>\n<h2>Varnostni vidiki in okoljski dejavniki<\/h2>\n<p>Zagotavljanje varnostnih ukrepov pri uporabi ro\u010di\u010dnega cilindra je izjemnega pomena. Pri delu s hidravli\u010dnimi sistemi je treba upo\u0161tevati varnostne ukrepe, da prepre\u010dite nesre\u010de in po\u0161kodbe. Upo\u0161tevati je treba tudi okoljske dejavnike, kot je pravilno odstranjevanje hidravli\u010dnih teko\u010din, da se \u010dim bolj zmanj\u0161a negativen vpliv na okolje.<\/p>\n<h2>Odpravljanje te\u017eav in pogoste te\u017eave<\/h2>\n<p>Nekatere pogoste te\u017eave, ki se lahko pojavijo z ro\u010di\u010dnim cilindrom za majhen bager Kobelco SK55SRX-6, vklju\u010dujejo:<\/p>\n<ul>\n<li>Pu\u0161\u010danje iz tesnil ali priklju\u010dkov<\/li>\n<li>Zmanj\u0161ana mo\u010d ali po\u010dasno delovanje<\/li>\n<li>Nenavaden hrup med delovanjem<\/li>\n<li>Neenakomerno ali sunkovito gibanje<\/li>\n<li>Nedosledno ali nepravilno delovanje<\/li>\n<\/ul>\n<p>Za re\u0161evanje teh te\u017eav:<\/p>\n<ul>\n<li>Preverite in zamenjajte obrabljena tesnila ali povezave.<\/li>\n<li>Preverite nivo in kakovost hidravli\u010dne teko\u010dine.<\/li>\n<li>Zagotovite ustrezno mazanje vseh gibljivih delov.<\/li>\n<li>Preverite morebitne nepravilnosti ali ovire.<\/li>\n<li>Po potrebi se posvetujte z navodili proizvajalca za odpravljanje te\u017eav ali poi\u0161\u010dite strokovno pomo\u010d.<\/li>\n<\/ul>\n<p><img decoding=\"async\" src=\"https:\/\/www.hydraulic-cylinders.net\/wp-content\/uploads\/2025\/01\/songte-chushion-collar.webp\" alt=\"Ovratnik Chushion\" \/><\/p>\n<p>Ne pozabite logi\u010dno organizirati \u010dlanka, uporabiti podnaslovov za la\u017ejo navigacijo, vklju\u010diti ustreznih slik ali grafikonov za bolj\u0161e razumevanje ter zagotoviti, da je vsebina jasna, jedrnata in primerna za bralce z razli\u010dnimi stopnjami tehni\u010dnega znanja.<\/p>\n<h2>O na\u0161em podjetju<\/h2>\n<p>Smo profesionalni proizvajalec nadomestnih hidravli\u010dnih cilindrov in ponujamo \u0161iroko paleto izdelkov. Postali smo eden vodilnih proizvajalcev in veleprodajnih distributerjev na doma\u010dem in mednarodnem trgu. Na\u0161o zavezanost k odli\u010dnosti kakovosti podpiramo s strategijo upravljanja industrijske proizvodnje, ki jo izvajamo v na\u0161ih sofisticiranih proizvodnih delavnicah. Nenehno si prizadevamo za izbolj\u0161anje na\u0161ega tehni\u010dnega znanja in u\u010dinkovitosti proizvodnje. Z uvedbo napredne digitalne proizvodne opreme in profesionalnih sistemov testiranja optimiziramo na\u0161o proizvodno platformo in izbolj\u0161ujemo na\u0161e procese nadzora kakovosti izdelkov. To nam omogo\u010da, da poka\u017eemo mo\u010dne inovacijske sposobnosti. Na\u0161 cilj je zadovoljiti raznolike potrebe na\u0161ih strank z u\u010dinkovitostjo, natan\u010dnostjo in visokokakovostnimi izdelki.<\/p>\n<p>Poleg tega smo ponosni na:<\/p>\n<ul>\n<li>Profesionalnost in strokovnost<\/li>\n<li>Mednarodni certifikati<\/li>\n<li>Prilagajanje<br \/>","protected":false},"excerpt":{"rendered":"<p>Arm Cylinder For Kobelco Small Excavator SK55SRX-6 Introduction The Arm Cylinder for Kobelco Small Excavator SK55SRX-6 is a specialized hydraulic cylinder designed to provide linear motion and power to the arm of various machinery such as excavators, cranes, and robotic arms. The arm cylinder plays a crucial role in hydraulic systems, allowing for effective movement [&hellip;]<\/p>","protected":false},"featured_media":14786,"comment_status":"open","ping_status":"closed","template":"","meta":{"_et_pb_use_builder":"","_et_pb_old_content":"","_et_gb_content_width":""},"product_brand":[],"product_cat":[1497],"product_tag":[1498,1496],"class_list":{"0":"post-16265","1":"product","2":"type-product","3":"status-publish","4":"has-post-thumbnail","6":"product_cat-arm-cylinders","7":"product_tag-arm-cylinders","8":"product_tag-hydraulic-cylinders","10":"first","11":"instock","12":"shipping-taxable","13":"product-type-simple"},"amp_enabled":true,"_links":{"self":[{"href":"https:\/\/www.hydraulic-cylinders.net\/sl\/wp-json\/wp\/v2\/product\/16265","targetHints":{"allow":["GET"]}}],"collection":[{"href":"https:\/\/www.hydraulic-cylinders.net\/sl\/wp-json\/wp\/v2\/product"}],"about":[{"href":"https:\/\/www.hydraulic-cylinders.net\/sl\/wp-json\/wp\/v2\/types\/product"}],"replies":[{"embeddable":true,"href":"https:\/\/www.hydraulic-cylinders.net\/sl\/wp-json\/wp\/v2\/comments?post=16265"}],"wp:featuredmedia":[{"embeddable":true,"href":"https:\/\/www.hydraulic-cylinders.net\/sl\/wp-json\/wp\/v2\/media\/14786"}],"wp:attachment":[{"href":"https:\/\/www.hydraulic-cylinders.net\/sl\/wp-json\/wp\/v2\/media?parent=16265"}],"wp:term":[{"taxonomy":"product_brand","embeddable":true,"href":"https:\/\/www.hydraulic-cylinders.net\/sl\/wp-json\/wp\/v2\/product_brand?post=16265"},{"taxonomy":"product_cat","embeddable":true,"href":"https:\/\/www.hydraulic-cylinders.net\/sl\/wp-json\/wp\/v2\/product_cat?post=16265"},{"taxonomy":"product_tag","embeddable":true,"href":"https:\/\/www.hydraulic-cylinders.net\/sl\/wp-json\/wp\/v2\/product_tag?post=16265"}],"curies":[{"name":"delovni list","href":"https:\/\/api.w.org\/{rel}","templated":true}]}}