{"id":1629,"date":"2023-10-08T08:53:04","date_gmt":"2023-10-08T08:53:04","guid":{"rendered":"https:\/\/hydraulic-cylinders.net\/?post_type=product&#038;p=1629"},"modified":"2025-04-11T03:46:29","modified_gmt":"2025-04-11T03:46:29","slug":"press-mobile-workbench-cylinder","status":"publish","type":"product","link":"https:\/\/www.hydraulic-cylinders.net\/sl\/izdelek\/press-mobile-workbench-cylinder\/","title":{"rendered":"Mobilni delovni valj za stiskanje"},"content":{"rendered":"<h1 style=\"text-align: center;\"><strong>Mobilni delovni valj za stiskanje<\/strong><\/h1>\n<p><img loading=\"lazy\" decoding=\"async\" class=\"aligncenter wp-image-1630\" src=\"https:\/\/hydraulic-cylinders.net\/wp-content\/uploads\/2023\/10\/mobile-workbench-cylinder-300x300.webp\" alt=\"\" width=\"400\" height=\"400\" \/><\/p>\n<p>Mobilni delovni cilinder za stiskalnice je revolucionaren izdelek, zasnovan za optimizacijo u\u010dinkovitosti in vsestranskosti delovnih miz v razli\u010dnih panogah. Z naprednimi funkcijami in zanesljivim delovanjem ta cilinder ponuja izbolj\u0161ano mobilnost, stabilnost in enostavno uporabo.<\/p>\n<p>Mobilni delovni cilinder press je revolucionaren dodatek k vsaki delovni mizi, saj zagotavlja izbolj\u0161ano mobilnost, stabilnost in vsestranskost. Z enostavnim premikanjem, nastavljivostjo vi\u0161ine in zanesljivim mehanizmom zaklepanja vam ta cilinder omogo\u010da ustvarjanje dinami\u010dnega in u\u010dinkovitega delovnega prostora. Z upo\u0161tevanjem priporo\u010denih na\u010dinov uporabe in vzdr\u017eevalnih praks lahko pove\u010date u\u010dinkovitost, dolgo \u017eivljenjsko dobo in varnost svoje delovne mize. Izberite mobilni delovni cilinder press za pove\u010danje produktivnosti, udobja in priro\u010dnosti v delovnem okolju.<\/p>\n<p>Klju\u010dne zna\u010dilnosti cilindra mobilne delovne mize Press:<\/p>\n<ol>\n<li>Izbolj\u0161ana mobilnost:<\/li>\n<\/ol>\n<ul>\n<li>Cilinder mobilne delovne mize za stiskalnico ima robusten in zanesljiv mobilni mehanizem, ki omogo\u010da enostavno premikanje delovne mize.<\/li>\n<li>Z gladko teko\u010dimi kolesci in robustno konstrukcijo ta valj omogo\u010da enostavno premikanje delovne mize, s \u010dimer odpravlja potrebo po ro\u010dnem dvigovanju ali razstavljanju.<\/li>\n<\/ul>\n<ol start=\"2\">\n<li>Nastavljivost vi\u0161ine:<\/li>\n<\/ol>\n<ul>\n<li>Ta valj ponuja priro\u010dno nastavljivost vi\u0161ine, kar vam omogo\u010da, da vi\u0161ino delovne mize prilagodite svojim specifi\u010dnim potrebam.<\/li>\n<li>Ne glede na to, ali potrebujete udoben stoje\u010di polo\u017eaj ali ni\u017ejo vi\u0161ino za zahtevna opravila, vam mobilna delovna miza Press zagotavlja fleksibilnost in prilagodljivost.<\/li>\n<\/ul>\n<ol start=\"3\">\n<li>Mehanizem za stabilnost in zaklepanje:<\/li>\n<\/ol>\n<ul>\n<li>Cilinder je opremljen z varnim mehanizmom za zaklepanje, ki zagotavlja stabilnost in varnost med uporabo delovne mize.<\/li>\n<li>Ko dose\u017eete \u017eeleni polo\u017eaj, preprosto aktivirate zaklepni mehanizem, da pritrdite delovno mizo in si zagotovite stabilno in stabilno delovno mesto.<\/li>\n<\/ul>\n<ol start=\"4\">\n<li>Trpe\u017ena konstrukcija:<\/li>\n<\/ol>\n<ul>\n<li>Mobilni delovni cilinder stiskalnice je izdelan iz visokokakovostnih materialov, ki prenesejo velike obremenitve in redno uporabo.<\/li>\n<li>Njegova robustna konstrukcija zagotavlja dolgo \u017eivljenjsko dobo in zanesljivost, zaradi \u010desar je odli\u010dna nalo\u017eba za va\u0161e delovno mesto.<\/li>\n<\/ul>\n<h2><strong>Parameter cilindra mobilne delovne mize:<\/strong><\/h2>\n<table border=\"1\" cellspacing=\"0\" cellpadding=\"0\">\n<tbody>\n<tr>\n<td>Ime izdelka<\/td>\n<td>Mobilni delovni cilinder hidravli\u010dne stiskalnice<\/td>\n<\/tr>\n<tr>\n<td>Zna\u010dilnosti:<\/td>\n<td>Pogon delovne mize za premikanje<\/td>\n<\/tr>\n<tr>\n<td>Premer izvrtine:<\/td>\n<td>125 mm\uff5e320 mm<\/td>\n<\/tr>\n<tr>\n<td>Premer palice:<\/td>\n<td>90 mm\uff5e220 mm<br \/>\nHod \u2264 7500 mm<\/td>\n<\/tr>\n<tr>\n<td>Potisna sila:<\/td>\n<td>Najve\u010d 2533 kN<br \/>\n(Premer valja 320 mm\/tlak 31,5 MPa)<\/td>\n<\/tr>\n<tr>\n<td>Uporaba cilindra za mobilno delovno mizo:<\/td>\n<td>Hidravli\u010dna stiskalnica<\/td>\n<\/tr>\n<\/tbody>\n<\/table>\n<div class=\"txtboxL\">\n<div class=\"txtboxL\">\n<div class=\"txtboxL\">\n<div class=\"txtboxL\">Zna\u010dilnosti:<\/div>\n<div class=\"txtboxR\">Pogon delovne mize za premikanje<\/div>\n<div class=\"txtboxL\">Specifikacija:<\/div>\n<div class=\"txtboxR\">Premer izvrtine: 125 mm\uff5e320 mm<br \/>\nPremer palice: 90 mm\uff5e220 mm<br \/>\nHod \u2264 7500 mm<\/div>\n<div class=\"txtboxL\">Potisna sila:<\/div>\n<div class=\"txtboxR\">Najve\u010d 2533 kN<br \/>\n(Premer valja 320 mm\/tlak 31,5 MPa)<\/div>\n<\/div>\n<\/div>\n<\/div>\n<h2><strong>Tovarna stiskalnih valjev:<\/strong><\/h2>\n<p><img loading=\"lazy\" decoding=\"async\" class=\"alignnone wp-image-1619 size-full\" src=\"https:\/\/hydraulic-cylinders.net\/wp-content\/uploads\/2023\/10\/press-cylinder.webp\" alt=\"\" width=\"1418\" height=\"946\" srcset=\"https:\/\/hydraulic-cylinders.net\/wp-content\/uploads\/2023\/10\/press-cylinder.webp 1418w, https:\/\/hydraulic-cylinders.net\/wp-content\/uploads\/2023\/10\/press-cylinder-1280x854.webp 1280w, https:\/\/hydraulic-cylinders.net\/wp-content\/uploads\/2023\/10\/press-cylinder-980x654.webp 980w, https:\/\/hydraulic-cylinders.net\/wp-content\/uploads\/2023\/10\/press-cylinder-480x320.webp 480w\" sizes=\"(min-width: 0px) and (max-width: 480px) 480px, (min-width: 481px) and (max-width: 980px) 980px, (min-width: 981px) and (max-width: 1280px) 1280px, (min-width: 1281px) 1418px, 100vw\" \/><\/p>\n<h2><strong>Na\u010din uporabe cilindra mobilne delovne mize<\/strong><strong>:<\/strong><\/h2>\n<ol>\n<li><strong>Monta\u017ea in namestitev:<\/strong><\/li>\n<\/ol>\n<ul>\n<li>Za\u010dnite s sestavljanjem cilindra mobilne delovne mize stiskalnice v skladu s prilo\u017eenimi navodili ali smernicami proizvajalca.<\/li>\n<li>Prepri\u010dajte se, da so vse komponente varno pritrjene in da so povezave zategnjene, da zagotovite stabilnost in varnost.<\/li>\n<\/ul>\n<ol start=\"2\">\n<li><strong>Nastavitev vi\u0161ine:<\/strong><\/li>\n<\/ol>\n<ul>\n<li>Poi\u0161\u010dite mehanizem za nastavitev vi\u0161ine na valju, da nastavite vi\u0161ino delovne mize.<\/li>\n<li>Sledite navodilom za dvigovanje ali spu\u0161\u010danje delovne mize v \u017eeleni polo\u017eaj, s \u010dimer zagotovite optimalno udobje in ergonomijo.<\/li>\n<\/ul>\n<ol start=\"3\">\n<li><strong>Mobilnost in pozicioniranje:<\/strong><\/li>\n<\/ol>\n<ul>\n<li>Ko morate premakniti delovno mizo, se prepri\u010dajte, da je zaklepni mehanizem izklopljen.<\/li>\n<li>Delovno mizo ne\u017eno potisnite na \u017eeleno mesto, pri \u010demer izkoristite gladko teko\u010da kolesca.<\/li>\n<li>Ko je delovna miza v pravilnem polo\u017eaju, aktivirajte zaklepni mehanizem, da jo pritrdite in prepre\u010dite nenamerno premikanje.<\/li>\n<\/ul>\n<h2><strong>Kako odstraniti zrak iz hidravli\u010dnega sistema?<\/strong><\/h2>\n<p>Odstranjevanje zraka iz hidravli\u010dnega sistema, znano tudi kot odzra\u010devanje ali prepihovanje sistema, je bistvenega pomena za ohranjanje pravilnega delovanja in prepre\u010devanje te\u017eav, kot so mehke zavore ali zmanj\u0161ana zmogljivost. Tukaj je podroben vodnik za odstranjevanje zraka iz hidravli\u010dnega sistema:<\/p>\n<ol>\n<li><strong>Dolo\u010dite to\u010dke vstopa zraka:<\/strong>\n<ul>\n<li>Dolo\u010dite morebitne vstopne to\u010dke, kjer je zrak lahko vdrl v hidravli\u010dni sistem. Pogoste vstopne to\u010dke vklju\u010dujejo ohlapne spoje, po\u0161kodovana tesnila ali nedavno zamenjane komponente.<\/li>\n<\/ul>\n<\/li>\n<li><strong>Zberite potrebna orodja in materiale:<\/strong>\n<ul>\n<li>Preden za\u010dnete s postopkom odzra\u010devanja, pripravite potrebno orodje in materiale, vklju\u010dno s kompletom klju\u010dev ali nastavkov, posodo za zbiranje teko\u010dine, sve\u017eo hidravli\u010dno teko\u010dino in za\u0161\u010ditne rokavice.<\/li>\n<\/ul>\n<\/li>\n<li><strong>Poi\u0161\u010dite odzra\u010devalni ventil:<\/strong>\n<ul>\n<li>Poi\u0161\u010dite odzra\u010devalni ventil(e) na hidravli\u010dnem sistemu. Odzra\u010devalni ventil se obi\u010dajno nahaja v bli\u017eini komponente, ki jo je treba odzra\u010diti, kot so zavorna \u010deljust, delovni valj sklopke ali hidravli\u010dni valj.<\/li>\n<\/ul>\n<\/li>\n<li><strong>Pripravljalni koraki:<\/strong>\n<ul>\n<li>Prepri\u010dajte se, da je rezervoar za hidravli\u010dno teko\u010dino napolnjen do ustrezne ravni. To bo pomagalo prepre\u010diti vdor dodatnega zraka v sistem med odzra\u010devanjem.<\/li>\n<li>Po potrebi se za posebne smernice glede vrste teko\u010dine in priporo\u010denega postopka odzra\u010devanja posvetujte z priro\u010dnikom za opremo ali navodili proizvajalca.<\/li>\n<\/ul>\n<\/li>\n<li><strong>Odprite odzra\u010devalni ventil:<\/strong>\n<ul>\n<li>Z ustreznim klju\u010dem ali nasadnim klju\u010dem previdno zrahljajte odzra\u010devalni ventil na odzra\u010devalnem delu. Prepri\u010dajte se, da je ventil dovolj zaprt, da lahko ujeti zrak in teko\u010dina uideta.<\/li>\n<\/ul>\n<\/li>\n<li><strong>Postopek krvavitve:<\/strong>\n<ul>\n<li>Pri odprtem odzra\u010devalnem ventilu naj pomo\u010dnik po\u010dasi pritiska na hidravli\u010dni sistem z aktiviranjem ustreznega krmilnega elementa (npr. s pritiskom na zavorni pedal ali upravljanjem hidravli\u010dne ro\u010dice).<\/li>\n<li>Ko se tlak pove\u010duje, bi morali zra\u010dni mehur\u010dki, ujeti v sistemu, za\u010deti uhajati skozi odprt odzra\u010devalni ventil. Pustite, da teko\u010dina te\u010de, dokler niso odstranjeni vsi vidni zra\u010dni mehur\u010dki in dokler ne opazite enakomernega toka teko\u010dine.<\/li>\n<\/ul>\n<\/li>\n<li><strong>Zaprite odzra\u010devalni ventil:<\/strong>\n<ul>\n<li>Ko so zra\u010dni mehur\u010dki odstranjeni in iz odzra\u010devalnega ventila te\u010de samo \u0161e teko\u010dina, ventil tesno zaprite, da prepre\u010dite nadaljnji vdor zraka v sistem.<\/li>\n<li>Prepri\u010dajte se, da je ventil varno zaprt, vendar ga ne zategujte preve\u010d, saj lahko s tem po\u0161kodujete ventil ali njegovo tesnilo.<\/li>\n<\/ul>\n<\/li>\n<li><strong>Ponovite postopek:<\/strong>\n<ul>\n<li>Po potrebi ponovite postopek odzra\u010devanja za vsako komponento hidravli\u010dnega sistema, za\u010den\u0161i s tisto, ki je najbli\u017eje rezervoarju hidravli\u010dne teko\u010dine, in se pomikajte proti najbolj oddaljeni komponenti.<\/li>\n<\/ul>\n<\/li>\n<li><strong>Preverite nivo teko\u010dine:<\/strong>\n<ul>\n<li>Po kon\u010danem postopku odzra\u010devanja preverite nivo hidravli\u010dne teko\u010dine v rezervoarju in ga po potrebi dolijte. Prepri\u010dajte se, da je nivo teko\u010dine znotraj priporo\u010denega obmo\u010dja.<\/li>\n<\/ul>\n<\/li>\n<li><strong>Funkcionalnost testnega sistema:<\/strong>\n<ul>\n<li>Ko je postopek odzra\u010devanja kon\u010dan in je sistem pravilno zatesnjen, preizkusite delovanje hidravli\u010dnega sistema, da zagotovite nemoteno delovanje in optimalno zmogljivost.<\/li>\n<\/ul>\n<\/li>\n<\/ol>\n<h2><strong>Zmogljivost in zmogljivost tovarne:<\/strong><\/h2>\n<h3>(1) Sestavljanje<\/h3>\n<p>Imamo prvovrstno neodvisno platformo za raziskave in razvoj. Delavnica za proizvodnjo hidravli\u010dnih cilindrov ima \u0161tiri polavtomatske monta\u017ene linije za dvi\u017ene cilindre in eno avtomatsko monta\u017eno linijo za nagibne cilindre z letno proizvodno zmogljivostjo 1 milijona kosov. Delavnica za posebne cilindre je opremljena z razli\u010dnimi specifikacijami polavtomatskega sistema za \u010di\u0161\u010denje in monta\u017eo z letno proizvodno zmogljivostjo 200.000 kosov ter znano CNC obdelovalno opremo, obdelovalnim centrom, visoko precizno posebno opremo za obdelavo cilindrov, robotskim varilnim strojem, avtomatskim \u010distilnim strojem, avtomatskim strojem za monta\u017eo cilindrov in avtomatsko proizvodno linijo za barvanje. Obstoje\u010da kriti\u010dna oprema obsega ve\u010d kot 300 kompletov (kompletov). Optimalna razporeditev in u\u010dinkovita uporaba opremnih virov zagotavljata zahteve glede natan\u010dnosti izdelkov in izpolnjujeta visoke zahteve glede kakovosti izdelkov.<\/p>\n<p><img loading=\"lazy\" decoding=\"async\" class=\"alignnone wp-image-626\" src=\"https:\/\/hydraulic-cylinders.net\/wp-content\/uploads\/2023\/08\/hydraulic-cylinder-product-1-300x158.webp\" alt=\"\" width=\"495\" height=\"260\" srcset=\"https:\/\/hydraulic-cylinders.net\/wp-content\/uploads\/2023\/08\/hydraulic-cylinder-product-1-300x158.webp 495w, https:\/\/hydraulic-cylinders.net\/wp-content\/uploads\/2023\/08\/hydraulic-cylinder-product-1-480x252.webp 480w\" sizes=\"(min-width: 0px) and (max-width: 480px) 480px, (min-width: 481px) 495px, 100vw\" \/> <img loading=\"lazy\" decoding=\"async\" class=\"alignnone wp-image-627\" src=\"https:\/\/hydraulic-cylinders.net\/wp-content\/uploads\/2023\/08\/hydraulic-cylinder-product-2-300x189.webp\" alt=\"\" width=\"413\" height=\"260\" \/><\/p>\n<h3>(2) Strojna obdelava<\/h3>\n<p>Strojna delavnica je opremljena s prilagojenim centrom za stru\u017eenje nagnjenih tirnic, obdelovalnim centrom, visokohitrostnim strojem za honanje, varilnim robotom in drugo sorodno opremo, ki lahko obdeluje cilindri\u010dne cevi z najve\u010djim notranjim premerom 400 mm in najve\u010djo dol\u017eino 6 metrov.<\/p>\n<p><img loading=\"lazy\" decoding=\"async\" class=\"alignnone wp-image-628 size-large\" src=\"https:\/\/hydraulic-cylinders.net\/wp-content\/uploads\/2023\/08\/hydraulic-cylinder-product-3-1024x391.webp\" alt=\"\" width=\"1024\" height=\"391\" srcset=\"https:\/\/hydraulic-cylinders.net\/wp-content\/uploads\/2023\/08\/hydraulic-cylinder-product-3-980x374.webp 980w, https:\/\/hydraulic-cylinders.net\/wp-content\/uploads\/2023\/08\/hydraulic-cylinder-product-3-480x183.webp 480w\" sizes=\"(min-width: 0px) and (max-width: 480px) 480px, (min-width: 481px) and (max-width: 980px) 980px, (min-width: 981px) 1024px, 100vw\" \/><\/p>\n<h3>(3) Varjenje<\/h3>\n<p><img loading=\"lazy\" decoding=\"async\" class=\"alignnone wp-image-629 size-large\" src=\"https:\/\/hydraulic-cylinders.net\/wp-content\/uploads\/2023\/08\/hydraulic-cylinder-product-4-1024x510.webp\" alt=\"\" width=\"1024\" height=\"510\" srcset=\"https:\/\/hydraulic-cylinders.net\/wp-content\/uploads\/2023\/08\/hydraulic-cylinder-product-4-980x488.webp 980w, https:\/\/hydraulic-cylinders.net\/wp-content\/uploads\/2023\/08\/hydraulic-cylinder-product-4-480x239.webp 480w\" sizes=\"(min-width: 0px) and (max-width: 480px) 480px, (min-width: 481px) and (max-width: 980px) 980px, (min-width: 981px) 1024px, 100vw\" \/><\/p>\n<h3>(4) Barvanje in premazovanje<\/h3>\n<p>Z majhnimi in srednje velikimi cilindri\u010dnimi avtomatskimi linijami za barvanje na vodni osnovi, za doseganje avtomatskega nakladanja in razkladanja robotov ter avtomatskega brizganja, je projektna zmogljivost 4000 kosov na izmeno;<br \/>\nImamo tudi polavtomatsko linijo za proizvodnjo barv za velike jeklenke, ki jo poganja veriga, s projektno zmogljivostjo 60 zabojev na izmeno.<\/p>\n<p><img loading=\"lazy\" decoding=\"async\" class=\"alignnone wp-image-630\" src=\"https:\/\/hydraulic-cylinders.net\/wp-content\/uploads\/2023\/08\/hydraulic-cylinder-product-5-300x213.webp\" alt=\"\" width=\"366\" height=\"260\" \/> <img loading=\"lazy\" decoding=\"async\" class=\"alignnone wp-image-631\" src=\"https:\/\/hydraulic-cylinders.net\/wp-content\/uploads\/2023\/08\/hydraulic-cylinder-product-6-300x225.webp\" alt=\"\" width=\"347\" height=\"260\" \/><\/p>\n<h3>(5) Testiranje<\/h3>\n<p>Imamo prvovrstne in\u0161pekcijske prostore in testne postaje, s katerimi zagotavljamo, da delovanje jeklenke izpolnjuje zahteve.<\/p>\n<p><img loading=\"lazy\" decoding=\"async\" class=\"alignnone wp-image-632\" src=\"https:\/\/hydraulic-cylinders.net\/wp-content\/uploads\/2023\/08\/hydraulic-cylinder-product-8-300x200.webp\" alt=\"\" width=\"389\" height=\"260\" \/><\/p>\n<p>&nbsp;<\/p>\n<p>&nbsp;<\/p>\n<p>Smo eden najbolj\u0161ih proizvajalcev hidravli\u010dnih cilindrov. Ponujamo vam celovite hidravli\u010dne cilindre. Zagotavljamo tudi ustrezne <a href=\"https:\/\/hzpt.com\/agricultural-pto-gearbox\/\" target=\"_blank\" rel=\"noopener\">kmetijski menjalniki<\/a>Na\u0161e izdelke smo izvozili strankam po vsem svetu in si prislu\u017eili dober ugled zaradi vrhunske kakovosti izdelkov in poprodajnih storitev. Z veseljem vas vabimo, da nas kontaktirate za poslovne dogovore, izmenjavo informacij in ... <a href=\"https:\/\/www.hydraulic-cylinders.net\/sl\/contact-us\/\">sodelujte z nami<\/a>!<\/p>","protected":false},"excerpt":{"rendered":"<p>Press Mobile Workbench Cylinder The press mobile workbench cylinder is a revolutionary product designed to optimize efficiency and versatility in workbench setups across various industries. With its advanced features and reliable performance, this cylinder offers enhanced mobility, stability, and ease of use. The press mobile workbench cylinder is a game-changing addition to any workbench setup, [&hellip;]<\/p>","protected":false},"featured_media":1631,"comment_status":"open","ping_status":"closed","template":"","meta":{"_et_pb_use_builder":"","_et_pb_old_content":"","_et_gb_content_width":""},"product_brand":[],"product_cat":[1550,1522,1376],"product_tag":[1380],"class_list":{"0":"post-1629","1":"product","2":"type-product","3":"status-publish","4":"has-post-thumbnail","6":"product_cat-double-acting-hydraulic-cylinder","7":"product_cat-press-hydraulic-cylinders","8":"product_cat-hydraulic-cylinder","9":"product_tag-hydraulic-cylinder","11":"first","12":"instock","13":"shipping-taxable","14":"product-type-simple"},"amp_enabled":true,"_links":{"self":[{"href":"https:\/\/www.hydraulic-cylinders.net\/sl\/wp-json\/wp\/v2\/product\/1629","targetHints":{"allow":["GET"]}}],"collection":[{"href":"https:\/\/www.hydraulic-cylinders.net\/sl\/wp-json\/wp\/v2\/product"}],"about":[{"href":"https:\/\/www.hydraulic-cylinders.net\/sl\/wp-json\/wp\/v2\/types\/product"}],"replies":[{"embeddable":true,"href":"https:\/\/www.hydraulic-cylinders.net\/sl\/wp-json\/wp\/v2\/comments?post=1629"}],"wp:featuredmedia":[{"embeddable":true,"href":"https:\/\/www.hydraulic-cylinders.net\/sl\/wp-json\/wp\/v2\/media\/1631"}],"wp:attachment":[{"href":"https:\/\/www.hydraulic-cylinders.net\/sl\/wp-json\/wp\/v2\/media?parent=1629"}],"wp:term":[{"taxonomy":"product_brand","embeddable":true,"href":"https:\/\/www.hydraulic-cylinders.net\/sl\/wp-json\/wp\/v2\/product_brand?post=1629"},{"taxonomy":"product_cat","embeddable":true,"href":"https:\/\/www.hydraulic-cylinders.net\/sl\/wp-json\/wp\/v2\/product_cat?post=1629"},{"taxonomy":"product_tag","embeddable":true,"href":"https:\/\/www.hydraulic-cylinders.net\/sl\/wp-json\/wp\/v2\/product_tag?post=1629"}],"curies":[{"name":"delovni list","href":"https:\/\/api.w.org\/{rel}","templated":true}]}}