{"id":16306,"date":"2025-01-20T09:04:12","date_gmt":"2025-01-20T09:04:12","guid":{"rendered":"https:\/\/www.hydraulic-cylinders.net\/product\/arm-cylinderfor-yugong-wy150-8\/"},"modified":"2025-01-20T09:04:14","modified_gmt":"2025-01-20T09:04:14","slug":"arm-cylinderfor-yugong-wy150-8","status":"publish","type":"product","link":"https:\/\/www.hydraulic-cylinders.net\/sl\/izdelek\/arm-cylinderfor-yugong-wy150-8\/","title":{"rendered":"Ro\u010dica cilindra za Yugong WY150-8"},"content":{"rendered":"<h1>Ro\u010dica cilindra za Yugong WY150-8<\/h1>\n<h2>Uvod<\/h2>\n<p>Hidravli\u010dni valj roke je posebej zasnovan hidravli\u010dni valj, ki zagotavlja linearno gibanje in mo\u010d rokam razli\u010dnih strojev, kot so bagri, \u017eerjavi in \u200b\u200brobotske roke. Igra klju\u010dno vlogo v hidravli\u010dnih sistemih, saj omogo\u010da u\u010dinkovito gibanje in nadzor dodatnih orodij ali priklju\u010dkov. Ti cilindri ne zagotavljajo le gladkega gibanja, temve\u010d tudi prenesejo velike obremenitve, kar zagotavlja u\u010dinkovito delovanje in zanesljivost strojev v razli\u010dnih delovnih pogojih.<\/p>\n<p><img decoding=\"async\" src=\"https:\/\/www.hydraulic-cylinders.net\/wp-content\/uploads\/2025\/01\/songte-company-2.webp\" alt=\"Slika ro\u010dnega cilindra\"><\/p>\n<h2>Zna\u010dilnosti<\/h2>\n<ul>\n<li><strong>Visoko u\u010dinkovit prenos:<\/strong> Cilinder roke zagotavlja mo\u010dno linearno gibanje in silo, kar zagotavlja visoko zmogljivost mehanske roke pri razli\u010dnih operacijah.<\/li>\n<li><strong>Natan\u010den nadzor:<\/strong> S hidravli\u010dnim sistemom omogo\u010da cilinder roke natan\u010den nadzor gibanja, zaradi \u010desar je upravljanje dodatnih orodij bolj prilagodljivo in natan\u010dno.<\/li>\n<li><strong>Vzdr\u017eljivost:<\/strong> Ro\u010dajni cilindri so obi\u010dajno izdelani iz visoko trdnih materialov, ki ponujajo dobro odpornost proti obrabi in koroziji, zaradi \u010desar so primerni za dolgotrajno uporabo v zahtevnih okoljih.<\/li>\n<li><strong>Ve\u010dnamenska prilagodljivost:<\/strong> Ti cilindri se lahko \u0161iroko uporabljajo v razli\u010dnih strojih, kot so bagri, \u017eerjavi in \u200b\u200brobotske roke, da se prilagodijo razli\u010dnim delovnim zahtevam.<\/li>\n<li><strong>Enostavno vzdr\u017eevanje:<\/strong> Zasnovani z mislijo na vzdr\u017eevanje in zamenjavo, ti cilindri omogo\u010dajo la\u017eje redne preglede in vzdr\u017eevanje ter skraj\u0161ujejo \u010das izpada opreme.<\/li>\n<\/ul>\n<p><img decoding=\"async\" src=\"https:\/\/www.hydraulic-cylinders.net\/wp-content\/uploads\/2025\/01\/songte-oil-pipes-and-spare-parts.webp\" alt=\"Slika izdelka\"><\/p>\n<h2>Aplikacije<\/h2>\n<ul>\n<li><strong>Gradbeni\u0161tvo:<\/strong> Pri bagrih in \u017eerjavih cilinder roke nadzoruje gibanje \u017elic ali rok za zemeljska dela, ravnanje z materiali in monta\u017eo konstrukcij.<\/li>\n<li><strong>Predelovalna industrija:<\/strong> V avtomatiziranih proizvodnih linijah valj roke olaj\u0161a gibanje robotskih rok za procese, kot so monta\u017ea, varjenje in ravnanje z materiali, s \u010dimer se izbolj\u0161a u\u010dinkovitost in natan\u010dnost proizvodnje.<\/li>\n<li><strong>Kmetijska mehanizacija:<\/strong> V kmetijski opremi, kot so kombajni in sejalnice, cilinder roke nadzoruje gibanje delovnih rok za naloge, kot so setev, gnojenje in \u017eetev.<\/li>\n<li><strong>Rudarstvo:<\/strong> V rudarski opremi cilinder roke nadzoruje gibanje roke za namene rudarjenja in transporta materiala.<\/li>\n<li><strong>Logistika in transport:<\/strong> Pri vili\u010darjih in robotih za manipulacijo cilinder roke nadzoruje dvigovanje in premikanje vilic, kar omogo\u010da ravnanje z materiali in zlaganje.<\/li>\n<\/ul>\n<h2>Oblikovalski vidiki in izbirna merila<\/h2>\n<ul>\n<li><strong>Nosilnost:<\/strong> Razpravljajte o sposobnosti valja za prena\u0161anje razli\u010dnih obremenitev.<\/li>\n<li><strong>Tesnjenje:<\/strong> Razi\u0161\u010dite uporabo razli\u010dnih tesnil, kot so tesnila bata in tesnila ojnic, izdelanih iz materialov, odpornih proti obrabi, kot sta poliuretan in nitrilna guma.<\/li>\n<li><strong>Vzdr\u017eljivost:<\/strong> Poudarite fino povr\u0161insko obdelavo ohi\u0161ja valja in navojnih koncev za izbolj\u0161anje odpornosti proti obrabi.<\/li>\n<li><strong>Varnost:<\/strong> Pri na\u010drtovanju poudarite varnostne ukrepe, ki zagotavljajo varno delovanje in prepre\u010dujejo nesre\u010de.<\/li>\n<li><strong>Vzdr\u017eevanje:<\/strong> Pogovorite se o enostavnosti vzdr\u017eevanja in pomenu rednih pregledov in mazanja.<\/li>\n<\/ul>\n<p><img decoding=\"async\" src=\"https:\/\/www.hydraulic-cylinders.net\/wp-content\/uploads\/2025\/01\/songte-cylinder-head-with-all-kinds-excavator-models.webp\" alt=\"Slika izdelka\"><\/p>\n<h2>Tesnjenje in mazanje<\/h2>\n<p>Ro\u010dajni valj uporablja razli\u010dne tesnilne komponente, kot so tesnila bata in ojnice, izdelane iz materialov, odpornih proti obrabi, kot sta poliuretan in nitrilna guma. Telo valja in navojni konci so podvr\u017eeni skrbni povr\u0161inski obdelavi za pove\u010danje odpornosti proti obrabi. Za optimalno delovanje je potrebno redno mazanje z ustreznim hidravli\u010dnim oljem.<\/p>\n<h2>Redni pregledi in preventivno vzdr\u017eevanje<\/h2>\n<ul>\n<li>Redno pregledujte jeklenko glede morebitnih pu\u0161\u010danj, nenavadnih zvokov ali znakov obrabe.<\/li>\n<li>Preverite in privijte vse priklju\u010dke in spoje.<\/li>\n<li>Spremljajte nivo in kakovost hidravli\u010dnega olja.<\/li>\n<li>Prepri\u010dajte se, da so tesnilne komponente v dobrem stanju.<\/li>\n<li>Upo\u0161tevajte priporo\u010dila proizvajalca glede urnikov in postopkov vzdr\u017eevanja.<\/li>\n<\/ul>\n<h2>Vodnik za namestitev izdelka<\/h2>\n<p>Za pravilno namestitev ro\u010dnega cilindra sledite tem korakom:<\/p>\n<ol>\n<li>Pripravite mesto za monta\u017eo in se prepri\u010dajte, da je \u010disto in brez ostankov ali ovir.<\/li>\n<li>Poravnajte valj s pritrdilnimi to\u010dkami in ga pritrdite z ustreznimi vijaki ali pritrdilnimi elementi.<\/li>\n<li>Pritrdite hidravli\u010dne cevi in \u200b\u200bpriklju\u010dke ter zagotovite tesno in neprepustno povezavo.<\/li>\n<li>Preizkusite delovanje cilindra, da preverite pravilno namestitev in funkcionalnost.<\/li>\n<\/ol>\n<p><img decoding=\"async\" src=\"https:\/\/www.hydraulic-cylinders.net\/wp-content\/uploads\/2025\/01\/songte-bushings-with-all-kinds-of-excavator-models.webp\" alt=\"Slika izdelka\"><\/p>\n<h2>Varnostni vidiki in okoljski dejavniki<\/h2>\n<p>Pri uporabi cilindra z roko je klju\u010dnega pomena dati prednost varnostnim ukrepom. Ustrezno usposabljanje, upo\u0161tevanje navodil za uporabo in uporaba ustrezne varnostne opreme so bistveni za prepre\u010devanje nesre\u010d in zagotavljanje varnega delovnega okolja. Poleg tega lahko upo\u0161tevanje okoljskih dejavnikov, kot so temperatura, vla\u017enost in korozivne snovi, pomaga podalj\u0161ati \u017eivljenjsko dobo in delovanje cilindra.<\/p>\n<h2>Odpravljanje te\u017eav in pogoste te\u017eave<\/h2>\n<p>Pogoste te\u017eave, ki se lahko pojavijo z valjem roke, vklju\u010dujejo pu\u0161\u010danje, nezadostno mo\u010d in nenormalne gibe. Za diagnosticiranje in odpravljanje teh te\u017eav:<\/p>\n<ul>\n<li>Preverite vse priklju\u010dke glede pu\u0161\u010danja in jih po potrebi privijte.<\/li>\n<li>Preverite nivo in kakovost hidravli\u010dne teko\u010dine ter jo po potrebi dolijte ali zamenjajte.<\/li>\n<li>Preverite, ali vsi regulacijski ventili in komponente delujejo pravilno.<\/li>\n<li>Preverite valj glede znakov po\u0161kodb ali obrabe in zamenjajte vse po\u0161kodovane dele.<\/li>\n<\/ul>\n<p>Z upo\u0161tevanjem teh korakov za odpravljanje te\u017eav in izvajanjem preventivnih ukrepov je mogo\u010de zmanj\u0161ati morebitne te\u017eave in zagotoviti optimalno delovanje cilindra roke.<\/p>\n<p><img decoding=\"async\" src=\"https:\/\/www.hydraulic-cylinders.net\/wp-content\/uploads\/2025\/01\/songte-chushion-collar.webp\" alt=\"Slika izdelka\"><\/p>\n<p>Avtor: lyl<\/p>\n<h2>O nas<\/h2>\n<p>Smo profesionalni proizvajalec nadomestnih hidravli\u010dnih cilindrov in ponujamo \u0161iroko paleto izdelkov. Postali smo eden vodilnih proizvajalcev in veleprodajnih distributerjev hidravli\u010dnih cilindrov na doma\u010dem in mednarodnem trgu. Na\u0161o zavezanost odli\u010dni kakovosti podpirajo na\u0161e industrializirane strategije upravljanja proizvodnje v na\u0161ih sofisticiranih proizvodnih delavnicah, s \u010dimer nenehno izbolj\u0161ujemo na\u0161e tehnolo\u0161ke zmogljivosti in u\u010dinkovitost proizvodnje. Z uvedbo vrhunske digitalne proizvodne opreme in profesionalnih sistemov testiranja optimiziramo na\u0161o proizvodno platformo, izpopolnjujemo procese nadzora kakovosti izdelkov in imamo mo\u010dne inovacijske sposobnosti. Na\u0161 cilj je zadovoljiti raznolike potrebe strank z na\u010deli u\u010dinkovitosti, natan\u010dnosti in visoke kakovosti. <\/p>\n<p><img decoding=\"async\" src=\"https:\/\/www.hydraulic-cylinders.net\/wp-content\/uploads\/2025\/01\/songte-company-4.webp\" alt=\"Slika podjetja\"><br \/>\n<img decoding=\"async\" src=\"https:\/\/www.hydraulic-cylinders.net\/wp-content\/uploads\/2025\/01\/songte-company-3.webp\" alt=\"Slika podjetja\"><\/p>","protected":false},"excerpt":{"rendered":"<p>Arm Cylinder For Yugong WY150-8 Introduction The arm cylinder is a specially designed hydraulic cylinder that provides linear motion and power to the arms of various machinery, such as excavators, cranes, and robotic arms. It plays a crucial role in hydraulic systems, enabling the efficient movement and control of additional tools or attachments. These cylinders [&hellip;]<\/p>","protected":false},"featured_media":14783,"comment_status":"open","ping_status":"closed","template":"","meta":{"_et_pb_use_builder":"","_et_pb_old_content":"","_et_gb_content_width":""},"product_brand":[],"product_cat":[1497],"product_tag":[1498,1496],"class_list":{"0":"post-16306","1":"product","2":"type-product","3":"status-publish","4":"has-post-thumbnail","6":"product_cat-arm-cylinders","7":"product_tag-arm-cylinders","8":"product_tag-hydraulic-cylinders","10":"first","11":"instock","12":"shipping-taxable","13":"product-type-simple"},"amp_enabled":true,"_links":{"self":[{"href":"https:\/\/www.hydraulic-cylinders.net\/sl\/wp-json\/wp\/v2\/product\/16306","targetHints":{"allow":["GET"]}}],"collection":[{"href":"https:\/\/www.hydraulic-cylinders.net\/sl\/wp-json\/wp\/v2\/product"}],"about":[{"href":"https:\/\/www.hydraulic-cylinders.net\/sl\/wp-json\/wp\/v2\/types\/product"}],"replies":[{"embeddable":true,"href":"https:\/\/www.hydraulic-cylinders.net\/sl\/wp-json\/wp\/v2\/comments?post=16306"}],"wp:featuredmedia":[{"embeddable":true,"href":"https:\/\/www.hydraulic-cylinders.net\/sl\/wp-json\/wp\/v2\/media\/14783"}],"wp:attachment":[{"href":"https:\/\/www.hydraulic-cylinders.net\/sl\/wp-json\/wp\/v2\/media?parent=16306"}],"wp:term":[{"taxonomy":"product_brand","embeddable":true,"href":"https:\/\/www.hydraulic-cylinders.net\/sl\/wp-json\/wp\/v2\/product_brand?post=16306"},{"taxonomy":"product_cat","embeddable":true,"href":"https:\/\/www.hydraulic-cylinders.net\/sl\/wp-json\/wp\/v2\/product_cat?post=16306"},{"taxonomy":"product_tag","embeddable":true,"href":"https:\/\/www.hydraulic-cylinders.net\/sl\/wp-json\/wp\/v2\/product_tag?post=16306"}],"curies":[{"name":"delovni list","href":"https:\/\/api.w.org\/{rel}","templated":true}]}}