{"id":16379,"date":"2025-01-20T09:10:40","date_gmt":"2025-01-20T09:10:40","guid":{"rendered":"https:\/\/www.hydraulic-cylinders.net\/product\/arm-cylinderfor-sany-large-excavator-sy335c-9h\/"},"modified":"2025-01-20T09:10:41","modified_gmt":"2025-01-20T09:10:41","slug":"arm-cylinderfor-sany-large-excavator-sy335c-9h","status":"publish","type":"product","link":"https:\/\/www.hydraulic-cylinders.net\/sl\/izdelek\/arm-cylinderfor-sany-large-excavator-sy335c-9h\/","title":{"rendered":"Ro\u010dica cilindra za Sany Large Excavator SY335C-9H"},"content":{"rendered":"<h1>Ro\u010dica cilindra za Sany Large Excavator SY335C-9H<\/h1>\n<h2>Definicija in razlaga<\/h2>\n<p>Hidravli\u010dni valj roke je posebej zasnovan hidravli\u010dni valj, ki zagotavlja linearno gibanje in mo\u010d roki razli\u010dnih strojev, kot so bagri, \u017eerjavi in \u200b\u200brobotske roke. Cilinder roke igra klju\u010dno vlogo v hidravli\u010dnih sistemih, saj omogo\u010da u\u010dinkovito gibanje in nadzor dodatnih orodij ali priklju\u010dkov. Ti cilindri ne omogo\u010dajo le gladkega gibanja, temve\u010d tudi prenesejo velike obremenitve, kar zagotavlja u\u010dinkovito delovanje in zanesljivost strojev v razli\u010dnih delovnih pogojih.<\/p>\n<p><img decoding=\"async\" src=\"https:\/\/www.hydraulic-cylinders.net\/wp-content\/uploads\/2025\/01\/songte-company-2.webp\" alt=\"Ro\u010daj cilindra\"><\/p>\n<h2>Zna\u010dilnosti ro\u010dnega cilindra<\/h2>\n<ul>\n<li><strong>Visoko u\u010dinkovit menjalnik:<\/strong> Cilinder roke zagotavlja mo\u010dno linearno gibanje in silo, kar zagotavlja visoko u\u010dinkovitost med razli\u010dnimi operacijami.<\/li>\n<li><strong>Natan\u010den nadzor:<\/strong> S pomo\u010djo hidravli\u010dnih sistemov omogo\u010da valj roke natan\u010den nadzor gibanja, zaradi \u010desar je delovanje priklju\u010denih orodij bolj prilagodljivo in natan\u010dno.<\/li>\n<li><strong>Vzdr\u017eljivost:<\/strong> Ro\u010dajni cilindri so obi\u010dajno izdelani iz visoko trdnih materialov, ki zagotavljajo odli\u010dno odpornost proti obrabi in koroziji, zaradi \u010desar so primerni za dolgotrajno uporabo v zahtevnih okoljih.<\/li>\n<li><strong>Ve\u010dnamenska prilagodljivost:<\/strong> Ti cilindri se lahko \u0161iroko uporabljajo v razli\u010dnih strojih, kot so bagri, \u017eerjavi in \u200b\u200brobotske roke, ter se prilagajajo razli\u010dnim delovnim zahtevam.<\/li>\n<li><strong>Enostavno vzdr\u017eevanje:<\/strong> Zasnovani za enostavno vzdr\u017eevanje in zamenjavo, cilindri rok omogo\u010dajo redne preglede in vzdr\u017eevanje, kar zmanj\u0161uje \u010das izpada opreme.<\/li>\n<\/ul>\n<p><img decoding=\"async\" src=\"https:\/\/www.hydraulic-cylinders.net\/wp-content\/uploads\/2025\/01\/songte-oil-pipes-and-spare-parts.webp\" alt=\"Rezervni deli cilindra roke\"><\/p>\n<h2>Uporaba ro\u010dnega cilindra<\/h2>\n<p>Ro\u010dni cilindri se uporabljajo v razli\u010dnih panogah in sektorjih:<\/p>\n<ol>\n<li><strong>Gradbeni\u0161tvo:<\/strong> V bagrih in \u017eerjavih cilindri roke nadzorujejo gibanje \u017elic ali rok za zemeljska dela, ravnanje z materiali in monta\u017eo konstrukcij.<\/li>\n<li><strong>Predelovalna industrija:<\/strong> V avtomatiziranih proizvodnih linijah cilindri rok omogo\u010dajo gibanje robotskih rok za procese monta\u017ee, varjenja in rokovanja, kar izbolj\u0161uje u\u010dinkovitost in natan\u010dnost proizvodnje.<\/li>\n<li><strong>Kmetijska mehanizacija:<\/strong> V kmetijski opremi, kot so kombajni in sejalnice, cilindri roke nadzorujejo gibanje delovnih rok, ki opravljajo naloge, kot so setev, gnojenje in \u017eetev.<\/li>\n<li><strong>Rudarstvo:<\/strong> V rudarski opremi se cilindri rok uporabljajo za krmiljenje gibanja roke rudarskih strojev za pridobivanje in transport rude.<\/li>\n<li><strong>Logistika in transport:<\/strong> V vili\u010darjih in robotih za manipulacijo cilindri roke nadzorujejo dvigovanje in premikanje vilic, kar olaj\u0161a ravnanje z materiali in zlaganje.<\/li>\n<\/ol>\n<h2>Oblikovalski vidiki in izbirna merila<\/h2>\n<p>Pri na\u010drtovanju cilindri\u010dnih ro\u010dajev je treba upo\u0161tevati ve\u010d dejavnikov:<\/p>\n<ol>\n<li><strong>Nosilnost:<\/strong> Ro\u010dajni cilindri morajo biti zasnovani tako, da prenesejo zahtevano nosilnost, da se zagotovi varno in u\u010dinkovito delovanje.<\/li>\n<li><strong>Tesnjenje:<\/strong> Za zagotovitev u\u010dinkovitega tesnjenja je treba uporabiti razli\u010dne tesnilne elemente, kot so tesnila bata in tesnila ojnic, izdelana iz materialov, odpornih proti obrabi, kot sta poliuretan ali nitrilna guma.<\/li>\n<li><strong>Vzdr\u017eljivost:<\/strong> Ohi\u0161je valja in navojni konci morajo biti natan\u010dno obdelani za izbolj\u0161anje odpornosti proti obrabi, redno mazanje s hidravli\u010dnim oljem pa pomaga pove\u010dati vzdr\u017eljivost.<\/li>\n<li><strong>Varnost:<\/strong> V na\u010drt je treba vklju\u010diti varnostne ukrepe, pri \u010demer je treba upo\u0161tevati dejavnike, kot so tla\u010dni varnostni ventili in sistemi za zaustavitev v sili, da se prepre\u010dijo nesre\u010de.<\/li>\n<li><strong>Vzdr\u017eevanje:<\/strong> Zasnova cilindra za enostavno vzdr\u017eevanje in popravilo zmanj\u0161uje \u010das izpada in omogo\u010da redne preglede in servisiranje.<\/li>\n<\/ol>\n<p><img decoding=\"async\" src=\"https:\/\/www.hydraulic-cylinders.net\/wp-content\/uploads\/2025\/01\/songte-cylinder-head-with-all-kinds-excavator-models.webp\" alt=\"Glava valja\"><\/p>\n<h2>Tesnjenje in mazanje<\/h2>\n<p>Ro\u010dajni cilindri uporabljajo razli\u010dne tesnilne komponente, vklju\u010dno s tesnili bata, tesnili palice itd., izdelane iz materialov, odpornih proti obrabi, kot sta poliuretan in nitrilna guma. Telo cilindra in navojni konci so fino obdelani za izbolj\u0161anje odpornosti proti obrabi. Redno mazanje z ustreznim hidravli\u010dnim oljem je potrebno za zagotovitev nemotenega delovanja in podalj\u0161anje \u017eivljenjske dobe cilindra.<\/p>\n<h2>Redni pregledi in preventivno vzdr\u017eevanje<\/h2>\n<p>Za zagotovitev optimalne zmogljivosti in dolge \u017eivljenjske dobe cilindra roke je treba izvesti naslednje preventivne ukrepe:<\/p>\n<ol>\n<li>Redno pregledujte jeklenko glede znakov obrabe, pu\u0161\u010danja ali po\u0161kodb.<\/li>\n<li>Redno preverjajte in \u010distite hidravli\u010dno olje ter ga po potrebi dolijte.<\/li>\n<li>Preverite in vzdr\u017eujte tesnila, da prepre\u010dite pu\u0161\u010danje olja.<\/li>\n<li>Zategnite ohlapne povezave in pritrdilne elemente.<\/li>\n<li>Izvajajte redno vzdr\u017eevanje in upo\u0161tevajte navodila proizvajalca.<\/li>\n<\/ol>\n<h2>Vodnik za namestitev izdelka<\/h2>\n<p>Pravilna namestitev ro\u010dnega cilindra je klju\u010dnega pomena za njegovo delovanje in varnost. Za pravilno namestitev sledite tem korakom:<\/p>\n<ol>\n<li>Pripravite potrebno orodje in opremo za namestitev.<\/li>\n<li>Previdno namestite in poravnajte valj s pritrdilnimi to\u010dkami.<\/li>\n<li>Jeklenko varno pritrdite z ustreznimi vijaki in spojkami.<\/li>\n<li>Hidravli\u010dne cevi in \u200b\u200bpriklju\u010dke priklju\u010dite v skladu z zahtevami sistema.<\/li>\n<li>Prepri\u010dajte se, da so vse povezave tesne in brez pu\u0161\u010danja.<\/li>\n<\/ol>\n<p><img decoding=\"async\" src=\"https:\/\/www.hydraulic-cylinders.net\/wp-content\/uploads\/2025\/01\/songte-bushings-with-all-kinds-of-excavator-models.webp\" alt=\"Pu\u0161e\"><\/p>\n<h2>Varnostni vidiki in okoljski dejavniki<\/h2>\n<p>Pri delu z ro\u010dnimi cilindri so varnostni ukrepi bistveni za prepre\u010devanje nesre\u010d in zagotavljanje dobrega po\u010dutja upravljavca. Ustrezno usposabljanje, upo\u0161tevanje varnostnih smernic in uporaba ustrezne za\u0161\u010ditne opreme so klju\u010dnega pomena za ohranjanje varnega delovnega okolja. Poleg tega upo\u0161tevanje okoljskih dejavnikov, kot sta prepre\u010devanje pu\u0161\u010danja teko\u010din in pravilno ravnanje z odpadki, pomaga zmanj\u0161ati vpliv na okolje.<\/p>\n<h2>Odpravljanje te\u017eav in pogoste te\u017eave<\/h2>\n<p>Ro\u010dajni cilindri lahko naletijo na dolo\u010dene te\u017eave ali okvare. Tukaj so pogosti nasveti in re\u0161itve za odpravljanje te\u017eav:<\/p>\n<ol>\n<li><strong>Te\u017eava:<\/strong> Pu\u0161\u010danje okoli tesnil valjev.<br \/>\n    <br \/><strong>Re\u0161itev:<\/strong> Preverite in zamenjajte obrabljena tesnila, da obnovite pravilno tesnilno delovanje.<\/li>\n<li><strong>Te\u017eava:<\/strong> Neenakomerno ali sunkovito gibanje valja.<br \/>\n    <br \/><strong>Re\u0161itev:<\/strong> Preverite, ali je hidravli\u010dna teko\u010dina onesna\u017eena, ali je v sistemu premalo mazanja ali ali je prisoten zrak. Te\u017eavo ustrezno odpravite.<\/li>\n<li><strong>Te\u017eava:<\/strong> Prekomeren hrup med delovanjem cilindra.<br \/>\n    <br \/><strong>Re\u0161itev:<\/strong> Preverite, ali so prisotni ohlapni spoji, obrabljeni sestavni deli ali nepravilna poravnava. Po potrebi zategnite povezave ali zamenjajte po\u0161kodovane dele.<\/li>\n<\/ol>\n<p>Z upo\u0161tevanjem teh nasvetov za odpravljanje te\u017eav in izvajanjem preventivnih ukrepov je mogo\u010de zmanj\u0161ati morebitne te\u017eave in optimizirati delovanje cilindra roke.<\/p>\n<p><img decoding=\"async\" src=\"https:\/\/www.hydraulic-cylinders.net\/wp-content\/uploads\/2025\/01\/songte-chushion-collar.webp\" alt=\"Ovratnik Chushion\"><\/p>\n<p>Avtor: lyl<\/p>\n<h2>O na\u0161em podjetju<\/h2>\n<p>Smo profesionalni proizvajalec nadomestnih hidravli\u010dnih cilindrov in ponujamo \u0161iroko paleto izdelkov. Postali smo eden vodilnih proizvajalcev in veleprodajnih distributerjev hidravli\u010dnih cilindrov na doma\u010dem in mednarodnem trgu. V skladu z na\u010delom odli\u010dnosti nenehno izbolj\u0161ujemo svoje tehni\u010dno znanje in u\u010dinkovitost proizvodnje z izkori\u0161\u010danjem na\u0161ih finih proizvodnih delavnic in strategij upravljanja industrijske proizvodnje. Z uvedbo vrhunske digitalne proizvodne opreme in profesionalnih sistemov testiranja optimiziramo na\u0161o proizvodno platformo in izbolj\u0161ujemo procese nadzora kakovosti izdelkov, s \u010dimer dokazujemo svoje mo\u010dne inovacijske sposobnosti. Na\u0161 cilj je zadovoljiti raznolike potrebe strank z u\u010dinkovitostjo, natan\u010dnostjo in visokokakovostnimi izdelki.<\/p>\n<p><img decoding=\"async\" src=\"https:\/\/www.hydraulic-cylinders.net\/wp-content\/uploads\/2025\/01\/songte-company-4.webp\" alt=\"Slika podjetja 1\"><br \/>\n<img decoding=\"async\" src=\"https:\/\/www.hydraulic-cylinders.net\/wp-content\/uploads\/2025\/01\/songte-company-3.webp\" alt=\"Slika podjetja 2\"><\/p>\n<p>Znani smo po:<\/p>\n<ul>","protected":false},"excerpt":{"rendered":"<p>Arm Cylinder For Sany Large Excavator SY335C-9H Definition and Explanation An arm cylinder is a specially designed hydraulic cylinder that provides linear motion and power to the arm of various machinery, such as excavators, cranes, and robotic arms. The arm cylinder plays a critical role in hydraulic systems, allowing for the efficient movement and control [&hellip;]<\/p>","protected":false},"featured_media":14774,"comment_status":"open","ping_status":"closed","template":"","meta":{"_et_pb_use_builder":"","_et_pb_old_content":"","_et_gb_content_width":""},"product_brand":[],"product_cat":[1497],"product_tag":[1498,1496],"class_list":{"0":"post-16379","1":"product","2":"type-product","3":"status-publish","4":"has-post-thumbnail","6":"product_cat-arm-cylinders","7":"product_tag-arm-cylinders","8":"product_tag-hydraulic-cylinders","10":"first","11":"instock","12":"shipping-taxable","13":"product-type-simple"},"amp_enabled":true,"_links":{"self":[{"href":"https:\/\/www.hydraulic-cylinders.net\/sl\/wp-json\/wp\/v2\/product\/16379","targetHints":{"allow":["GET"]}}],"collection":[{"href":"https:\/\/www.hydraulic-cylinders.net\/sl\/wp-json\/wp\/v2\/product"}],"about":[{"href":"https:\/\/www.hydraulic-cylinders.net\/sl\/wp-json\/wp\/v2\/types\/product"}],"replies":[{"embeddable":true,"href":"https:\/\/www.hydraulic-cylinders.net\/sl\/wp-json\/wp\/v2\/comments?post=16379"}],"wp:featuredmedia":[{"embeddable":true,"href":"https:\/\/www.hydraulic-cylinders.net\/sl\/wp-json\/wp\/v2\/media\/14774"}],"wp:attachment":[{"href":"https:\/\/www.hydraulic-cylinders.net\/sl\/wp-json\/wp\/v2\/media?parent=16379"}],"wp:term":[{"taxonomy":"product_brand","embeddable":true,"href":"https:\/\/www.hydraulic-cylinders.net\/sl\/wp-json\/wp\/v2\/product_brand?post=16379"},{"taxonomy":"product_cat","embeddable":true,"href":"https:\/\/www.hydraulic-cylinders.net\/sl\/wp-json\/wp\/v2\/product_cat?post=16379"},{"taxonomy":"product_tag","embeddable":true,"href":"https:\/\/www.hydraulic-cylinders.net\/sl\/wp-json\/wp\/v2\/product_tag?post=16379"}],"curies":[{"name":"delovni list","href":"https:\/\/api.w.org\/{rel}","templated":true}]}}