{"id":16386,"date":"2025-01-20T09:11:17","date_gmt":"2025-01-20T09:11:17","guid":{"rendered":"https:\/\/www.hydraulic-cylinders.net\/product\/arm-cylinderfor-sany-large-excavator-sy485h-9\/"},"modified":"2025-01-20T09:11:19","modified_gmt":"2025-01-20T09:11:19","slug":"arm-cylinderfor-sany-large-excavator-sy485h-9","status":"publish","type":"product","link":"https:\/\/www.hydraulic-cylinders.net\/sl\/izdelek\/arm-cylinderfor-sany-large-excavator-sy485h-9\/","title":{"rendered":"Ro\u010dica cilindra za Sany Large Excavator SY485H-9"},"content":{"rendered":"<h1>Ro\u010dni valj za Sany Large Excavator SY485H-9<\/h1>\n<h2>Uvod<\/h2>\n<h3>Opredelitev ro\u010dnega cilindra<\/h3>\n<p>Hidravli\u010dni valj roke je posebej zasnovan hidravli\u010dni valj, ki se uporablja predvsem za zagotavljanje linearnega gibanja in mo\u010di rok razli\u010dnih vrst strojev, kot so bagri, \u017eerjavi in \u200b\u200brobotske roke. Cilindri roke igrajo klju\u010dno vlogo v hidravli\u010dnih sistemih, saj omogo\u010dajo u\u010dinkovito premikanje in krmiljenje dodatnih orodij ali priklju\u010dkov. Ti cilindri ne zagotavljajo le gladkega gibanja, temve\u010d lahko prenesejo tudi velike obremenitve, kar zagotavlja u\u010dinkovito delovanje in zanesljivost strojev v razli\u010dnih obratovalnih pogojih.<\/p>\n<p><img decoding=\"async\" src=\"https:\/\/www.hydraulic-cylinders.net\/wp-content\/uploads\/2025\/01\/songte-company-2.webp\"><\/p>\n<h3>Zna\u010dilnosti ro\u010dnega cilindra<\/h3>\n<ul>\n<li><strong>U\u010dinkovit prenos mo\u010di:<\/strong> Cilindri roke lahko zagotavljajo mo\u010dno linearno gibanje in silo, kar zagotavlja visoko u\u010dinkovitost delovanja robotske roke pri razli\u010dnih operacijah.<\/li>\n<li><strong>Natan\u010den nadzor:<\/strong> S hidravli\u010dnim sistemom lahko cilindri roke dose\u017eejo natan\u010den nadzor gibanja, zaradi \u010desar je delovanje dodatnih orodij bolj prilagodljivo in natan\u010dno.<\/li>\n<li><strong>Mo\u010dna vzdr\u017eljivost:<\/strong> Ro\u010dajni cilindri so obi\u010dajno izdelani iz visoko trdnih materialov in imajo dobro odpornost proti obrabi in koroziji, zaradi \u010desar so primerni za dolgotrajno uporabo v zahtevnih okoljih.<\/li>\n<li><strong>Ve\u010dnamenska prilagodljivost:<\/strong> Ti cilindri se lahko \u0161iroko uporabljajo v razli\u010dnih vrstah strojev, kot so bagri, \u017eerjavi in \u200b\u200brobotske roke, ter se prilagajajo razli\u010dnim delovnim potrebam.<\/li>\n<li><strong>Enostavno vzdr\u017eevanje:<\/strong> Zasnova upo\u0161teva enostavno vzdr\u017eevanje in zamenjavo, zaradi \u010desar so redni pregledi in vzdr\u017eevanje bolj priro\u010dni ter skraj\u0161ajo \u010das izpada opreme.<\/li>\n<\/ul>\n<p>Ta izdelek lahko tudi izdelamo, na\u0161 izdelek pa lahko odli\u010dno nadomesti te hidravli\u010dne cilindre.<\/p>\n<p><img decoding=\"async\" src=\"https:\/\/www.hydraulic-cylinders.net\/wp-content\/uploads\/2025\/01\/songte-oil-pipes-and-spare-parts.webp\"><\/p>\n<h2>Uporaba ro\u010dnega cilindra<\/h2>\n<p>Ro\u010dni cilindri imajo vsestransko uporabo v razli\u010dnih panogah:<\/p>\n<ul>\n<li><strong>Gradbeni\u0161tvo:<\/strong> V bagrih in \u017eerjavih se cilindri rok uporabljajo za krmiljenje gibanja \u017elic ali rok, izvajanje zemeljskih del, ravnanje z materiali in monta\u017eo konstrukcij.<\/li>\n<li><strong>Predelovalna industrija:<\/strong> V avtomatiziranih proizvodnih linijah se cilindri rok uporabljajo za premikanje robotskih rok, izvajanje postopkov monta\u017ee, varjenja in rokovanja, kar izbolj\u0161uje u\u010dinkovitost in natan\u010dnost proizvodnje.<\/li>\n<li><strong>Kmetijska mehanizacija:<\/strong> V kmetijskih strojih, kot so \u017eetveni stroji in sejalniki, cilindri rok nadzorujejo gibanje delovnih rok, kar omogo\u010da setev, gnojenje in \u017eetev.<\/li>\n<li><strong>Rudarska industrija:<\/strong> V rudarski opremi se cilindri rok uporabljajo za krmiljenje gibanja roke rudarske opreme, ki izvaja rudarjenje in transport rud.<\/li>\n<li><strong>Logistika in transport:<\/strong> V vili\u010darjih in robotih za manipulacijo se cilindri rok uporabljajo za nadzor dvigovanja in premikanja vilic, s \u010dimer se dose\u017ee ravnanje z materiali in zlaganje.<\/li>\n<\/ul>\n<h2>Oblikovalski vidiki in standardi izbire<\/h2>\n<h3>Nosilnost<\/h3>\n<p>Nosilnost je klju\u010dni dejavnik, ki ga je treba upo\u0161tevati pri na\u010drtovanju cilindrov roke. Cilinder mora biti sposoben prenesti obremenitev stroja, na katerega je pritrjen, in dodatno obremenitev orodij ali priklju\u010dkov.<\/p>\n<h3>Tesnjenje<\/h3>\n<p>Tesnjenje cilindrov roke igra klju\u010dno vlogo pri celotnem delovanju hidravli\u010dnega sistema. Izbira ustreznih tesnil, kot so tesnila bata in tesnila ojnic, je bistvenega pomena za prepre\u010devanje pu\u0161\u010danja olja in zagotavljanje nemotenega delovanja cilindra.<\/p>\n<h3>Vzdr\u017eljivost<\/h3>\n<p>Vzdr\u017eljivost cilindrov roke je bistven dejavnik, ki ga je treba upo\u0161tevati v zahtevnih delovnih okoljih. Cilinder mora biti izdelan iz visokokakovostnih materialov z ustrezno povr\u0161insko obdelavo za izbolj\u0161anje odpornosti proti obrabi in koroziji.<\/p>\n<h3>Varnost<\/h3>\n<p>Varnost cilindrov roke je treba zagotoviti \u017ee v procesu na\u010drtovanja, da se prepre\u010dijo nesre\u010de med delovanjem. Cilinder mora biti zasnovan z varnostnimi elementi, kot so varnostni ventili, varnostne klju\u010davnice in zasilni izklopi, da se zagotovi varno delovanje.<\/p>\n<h3>Vzdr\u017eevanje<\/h3>\n<p>Pri zasnovi cilindrov roke je treba upo\u0161tevati enostavnost vzdr\u017eevanja in zamenjave delov. Na\u010drtovano vzdr\u017eevanje in pravo\u010dasna zamenjava obrabljenih delov lahko zmanj\u0161ata \u010das izpada in podalj\u0161ata \u017eivljenjsko dobo cilindra.<\/p>\n<p><img decoding=\"async\" src=\"https:\/\/www.hydraulic-cylinders.net\/wp-content\/uploads\/2025\/01\/songte-cylinder-head-with-all-kinds-excavator-models.webp\"><\/p>\n<h2>Tesnjenje in mazanje<\/h2>\n<p>V cilindrih rok se uporabljajo razli\u010dni tesnilni elementi, kot so tesnila bata in tesnila palic, da se prepre\u010di pu\u0161\u010danje olja in zagotovi nemoteno delovanje. Izbira ustreznih tesnilnih materialov, kot sta poliuretan in nitrilna guma, lahko pove\u010da odpornost cilindra proti obrabi, fina obdelava telesa cilindra in povr\u0161ine navojnega konca pa lahko izbolj\u0161a odpornost cilindra proti obrabi.<\/p>\n<p>Mazanje je klju\u010dnega pomena tudi za delovanje cilindrov roke. Redno dodajanje ustreznega hidravli\u010dnega olja v valj lahko izbolj\u0161a tesnilno sposobnost, zmanj\u0161a trenje in prepre\u010di obrabo cilindra.<\/p>\n<h2>Vzdr\u017eevanje in previdnostni ukrepi<\/h2>\n<p>Redni pregledi in preventivno vzdr\u017eevanje so potrebni za zagotovitev dobrega delovanja cilindrov roke. Tukaj je nekaj vzdr\u017eevalnih ukrepov:<\/p>\n<ul>\n<li>Redno preverjajte nivo in kakovost olja ter ga pravo\u010dasno dolijte ali zamenjajte.<\/li>\n<li>Redno preverjajte tesnjenje cilindra in pravo\u010dasno zamenjajte obrabljena tesnila.<\/li>\n<li>Redno \u010distite povr\u0161ino cilindra, da prepre\u010dite vdor prahu in ne\u010disto\u010d vanj.<\/li>\n<li>Redno preverjajte pritrdilne vijake in matice ter jih po potrebi privijte.<\/li>\n<\/ul>\n<p>Preventivni ukrepi:<\/p>\n<ul>\n<li>Pazite, da je jeklenka ne bo preobremenjena, da se ne po\u0161koduje.<\/li>\n<li>Prepre\u010dite udarce zunanjih sil na valj, da prepre\u010dite deformacijo ali po\u0161kodbo.<\/li>\n<li>Za\u0161\u010ditite jeklenko pred korozivnim okoljem, da prepre\u010dite korozijo.<\/li>\n<\/ul>\n<p><img decoding=\"async\" src=\"https:\/\/www.hydraulic-cylinders.net\/wp-content\/uploads\/2025\/01\/songte-chushion-collar.webp\"><\/p>\n<h2>Navodila za namestitev<\/h2>\n<p>Namestitev ro\u010dnih cilindrov mora slediti naslednjim korakom:<\/p>\n<ol>\n<li>Izberite ustrezen valj roke glede na zahteve stroja in izberite ustrezen polo\u017eaj namestitve.<\/li>\n<li>Preverite ravnost in \u010disto\u010do namestitvene povr\u0161ine stroja in valja ter odstranite morebitne ostanke ali oljne made\u017ee.<\/li>\n<li>Namestite valj v skladu z navodili za namestitev in bodite pozorni na smer glave valja in batnice.<\/li>\n<li>Hidravli\u010dne cevi in \u200b\u200bpriklju\u010dke priklju\u010dite v skladu s shemo hidravli\u010dnega vezja in privijte vijake.<\/li>\n<li>Preverite namestitev jeklenke in cevi glede tesnjenja ter preizkusite delovanje jeklenke.<\/li>\n<\/ol>\n<p><img decoding=\"async\" src=\"https:\/\/www.hydraulic-cylinders.net\/wp-content\/uploads\/2025\/01\/songte-bushings-with-all-kinds-of-excavator-models.webp\"><\/p>\n<h2>Varnostni in okoljski vidiki<\/h2>\n<p>Varnost cilindrov roke je klju\u010dnega pomena za prepre\u010devanje nesre\u010d med delovanjem. Uporabniki morajo upo\u0161tevati varnostna navodila in pravilno upravljati stroj, da se izognejo nevarnosti.<\/p>\n<p>Med uporabo in vzdr\u017eevanjem cilindrov roke je treba upo\u0161tevati tudi varstvo okolja. Redno vzdr\u017eevanje in zamenjava obrabljenih delov lahko zmanj\u0161ata pu\u0161\u010danje olja in prepre\u010dita onesna\u017eevanje okolja.<\/p>\n<h2>Odpravljanje te\u017eav in pogoste te\u017eave<\/h2>\n<p>Pogoste te\u017eave z cilindri roke vklju\u010dujejo pu\u0161\u010danje olja, nezadostno mo\u010d in nenavaden hrup. Tukaj je nekaj nasvetov za diagnosticiranje in re\u0161evanje te\u017eav:<\/p>\n<ul>\n<li>\u010ce pride do pu\u0161\u010danja olja, preverite tesnila in jih po potrebi zamenjajte.<\/li>\n<li>\u010ce mo\u010d ni zadostna, preverite, ali je valj preobremenjen ali ali je hidravli\u010dni tokokrog blokiran.<\/li>\n<li>\u010ce se pojavi nenavaden hrup, preverite valj in hidravli\u010dni tokokrog glede po\u0161kodb ali ohlapnih delov.<\/li>\n<\/ul>\n<p>Da bi prepre\u010dili morebitne te\u017eave, morajo uporabniki upo\u0161tevati zgoraj omenjene vzdr\u017eevalne ukrepe in previdnostne ukrepe ter nemudoma odpraviti te\u017eave, ko se pojavijo.<\/p>\n<p><img decoding=\"async\" src=\"https:\/\/www.hydraulic-cylinders.net\/wp-content\/uploads\/2025\/01\/songte-company-4.webp\"><br \/>\n<img decoding=\"async\" src=\"https:\/\/www.hydraulic-cylinders.net\/wp-content\/uploads\/2025\/01\/songte-company-3.webp\"><\/p>\n<h2>O nas<\/h2>\n<p>Smo profesionalni proizvajalec nadomestnih hidravli\u010dnih cilindrov s \u0161iroko paleto izdelkov in smo postali eden vodilnih proizvajalcev in veleprodajnih distributerjev hidravli\u010dnih cilindrov doma in v tujini. Vedno se dr\u017eimo na\u010dela odli\u010dne kakovosti, se zana\u0161amo na industrializirane strategije upravljanja proizvodnje v sofisticiranih proizvodnih delavnicah in nenehno izbolj\u0161ujemo na\u0161o tehnologijo in u\u010dinkovitost proizvodnje. Z uvedbo vrhunske digitalne proizvodne opreme in profesionalnih sistemov testiranja optimiziramo proizvodno platformo, izbolj\u0161ujemo proces nadzora kakovosti izdelkov in imamo mo\u010dne inovacijske zmogljivosti. Na\u0161 cilj je zadovoljiti raznolike potrebe strank z visoko u\u010dinkovitostjo, natan\u010dnostjo in visokokakovostnimi na\u010deli.<\/p>\n<h3>Profesionalnost<\/h3>\n<p>Na\u0161o ekipo sestavljajo izku\u0161eni strokovnjaki, ki se \u017ee vrsto let ukvarjajo z hidravli\u010dnimi cilindri. Dobro razumemo trg hidravli\u010dnih cilindrov in potrebe strank ter jim lahko zagotovimo profesionalne in u\u010dinkovite storitve.<\/p>\n<h3>Mednarodno certificiranje<\/h3>\n<p>Na\u0161i hidravli\u010dni cilindri so prestali mednarodne certifikate, vklju\u010dno s CE, SGS in ISO9001, kar zagotavlja visoko kakovost na\u0161ih izdelkov in varnost uporabnikov.<\/p>\n<h3>Storitve prilagajanja<\/h3>\n<p>Ponujamo lahko prilagojene hidravli\u010dne cilindre glede na zahteve strank, vklju\u010dno z velikostjo, materialom in povr\u0161insko obdelavo, da zadostimo raznolikim potrebam strank.<\/p>\n<h3>Napredna proizvodna oprema<\/h3>\n<p>Uvedli smo napredno proizvodno opremo, kot so CNC obdelovalni centri, da bi izbolj\u0161ali natan\u010dnost in u\u010dinkovitost na\u0161e proizvodnje ter zagotovili visoko kakovost na\u0161ih izdelkov.<\/p>\n<h3>Poprodajne storitve<\/h3>\n<p>Na\u0161a ekipa za poprodajne storitve lahko strankam nudi strokovno in pravo\u010dasno tehni\u010dno podporo ter pomo\u010d za nemoteno delovanje hidravli\u010dnih cilindrov.<\/p>\n<h4>Avtor: lyl<\/h4>","protected":false},"excerpt":{"rendered":"<p>Arm Cylinder For Sany Large Excavator SY485H-9 Introduction Definition of Arm Cylinder An arm cylinder is a specially designed hydraulic cylinder used primarily to provide linear motion and power to the arms of various types of machinery, such as excavators, cranes, and robotic arms. Arm cylinders play a crucial role in hydraulic systems, allowing additional [&hellip;]<\/p>","protected":false},"featured_media":14783,"comment_status":"open","ping_status":"closed","template":"","meta":{"_et_pb_use_builder":"","_et_pb_old_content":"","_et_gb_content_width":""},"product_brand":[],"product_cat":[1497],"product_tag":[1498,1496],"class_list":{"0":"post-16386","1":"product","2":"type-product","3":"status-publish","4":"has-post-thumbnail","6":"product_cat-arm-cylinders","7":"product_tag-arm-cylinders","8":"product_tag-hydraulic-cylinders","10":"first","11":"instock","12":"shipping-taxable","13":"product-type-simple"},"amp_enabled":true,"_links":{"self":[{"href":"https:\/\/www.hydraulic-cylinders.net\/sl\/wp-json\/wp\/v2\/product\/16386","targetHints":{"allow":["GET"]}}],"collection":[{"href":"https:\/\/www.hydraulic-cylinders.net\/sl\/wp-json\/wp\/v2\/product"}],"about":[{"href":"https:\/\/www.hydraulic-cylinders.net\/sl\/wp-json\/wp\/v2\/types\/product"}],"replies":[{"embeddable":true,"href":"https:\/\/www.hydraulic-cylinders.net\/sl\/wp-json\/wp\/v2\/comments?post=16386"}],"wp:featuredmedia":[{"embeddable":true,"href":"https:\/\/www.hydraulic-cylinders.net\/sl\/wp-json\/wp\/v2\/media\/14783"}],"wp:attachment":[{"href":"https:\/\/www.hydraulic-cylinders.net\/sl\/wp-json\/wp\/v2\/media?parent=16386"}],"wp:term":[{"taxonomy":"product_brand","embeddable":true,"href":"https:\/\/www.hydraulic-cylinders.net\/sl\/wp-json\/wp\/v2\/product_brand?post=16386"},{"taxonomy":"product_cat","embeddable":true,"href":"https:\/\/www.hydraulic-cylinders.net\/sl\/wp-json\/wp\/v2\/product_cat?post=16386"},{"taxonomy":"product_tag","embeddable":true,"href":"https:\/\/www.hydraulic-cylinders.net\/sl\/wp-json\/wp\/v2\/product_tag?post=16386"}],"curies":[{"name":"delovni list","href":"https:\/\/api.w.org\/{rel}","templated":true}]}}