{"id":16391,"date":"2025-01-20T09:11:44","date_gmt":"2025-01-20T09:11:44","guid":{"rendered":"https:\/\/www.hydraulic-cylinders.net\/product\/arm-cylinderfor-xcmg-small-excavator-xe150d\/"},"modified":"2025-01-20T09:11:46","modified_gmt":"2025-01-20T09:11:46","slug":"arm-cylinderfor-xcmg-small-excavator-xe150d","status":"publish","type":"product","link":"https:\/\/www.hydraulic-cylinders.net\/sl\/izdelek\/arm-cylinderfor-xcmg-small-excavator-xe150d\/","title":{"rendered":"Ro\u010dica cilindra za majhen bager XCMG XE150D"},"content":{"rendered":"<p><html><\/p>\n<h1>Ro\u010dica cilindra za majhen bager XCMG XE150D<\/h1>\n<h2>Uvod<\/h2>\n<p>Hidravli\u010dni valj roke je posebej zasnovan hidravli\u010dni valj, ki zagotavlja linearno gibanje in mo\u010d roki razli\u010dnih vrst strojev, kot so bagri, \u017eerjavi in \u200b\u200brobotske roke. Igra klju\u010dno vlogo v hidravli\u010dnih sistemih, saj omogo\u010da u\u010dinkovito gibanje in nadzor priklju\u010dkov ali dodatne opreme. Ti cilindri ne omogo\u010dajo le gladkega gibanja, temve\u010d tudi prenesejo velike obremenitve, kar zagotavlja u\u010dinkovito delovanje in zanesljivost strojev v razli\u010dnih delovnih pogojih.<\/p>\n<p>  <img decoding=\"async\" src=\"https:\/\/www.hydraulic-cylinders.net\/wp-content\/uploads\/2025\/01\/songte-company-2.webp\" alt=\"Slika ro\u010dnega cilindra\"><\/p>\n<h2>Zna\u010dilnosti<\/h2>\n<ul>\n<li><strong>Visoko u\u010dinkovit prenos:<\/strong> Cilinder roke zagotavlja mo\u010dno linearno gibanje in silo, kar zagotavlja visoko zmogljivost mehanske roke pri razli\u010dnih operacijah.<\/li>\n<li><strong>Natan\u010den nadzor:<\/strong> S hidravli\u010dnim sistemom omogo\u010da cilinder roke natan\u010den nadzor gibanja, zaradi \u010desar je upravljanje priklju\u010denih orodij bolj prilagodljivo in natan\u010dno.<\/li>\n<li><strong>Vzdr\u017eljivost:<\/strong> Ro\u010dajni cilindri so obi\u010dajno izdelani iz visoko trdnih materialov, z odli\u010dno odpornostjo proti obrabi in koroziji, primerni za dolgotrajno uporabo v zahtevnih okoljih.<\/li>\n<li><strong>Ve\u010dnamenska prilagodljivost:<\/strong> Ti cilindri se lahko \u0161iroko uporabljajo v razli\u010dnih strojih, kot so bagri, \u017eerjavi in \u200b\u200brobotske roke, ter se prilagajajo razli\u010dnim delovnim zahtevam.<\/li>\n<li><strong>Enostavno vzdr\u017eevanje:<\/strong> Zasnova upo\u0161teva enostavno vzdr\u017eevanje in zamenjavo, zaradi \u010desar so redni pregledi in servisiranje bolj priro\u010dni ter se skraj\u0161a \u010das izpada opreme.<\/li>\n<\/ul>\n<p>  <img decoding=\"async\" src=\"https:\/\/www.hydraulic-cylinders.net\/wp-content\/uploads\/2025\/01\/songte-oil-pipes-and-spare-parts.webp\" alt=\"Slika rezervnih delov ro\u010dice cilindra\"><\/p>\n<h2>Aplikacije<\/h2>\n<ul>\n<li><strong>Gradbeni\u0161tvo:<\/strong> V bagrih in \u017eerjavih se cilindri rok uporabljajo za krmiljenje gibanja \u017elic ali rok pri zemeljskih delih, ravnanju z materiali in monta\u017ei konstrukcij.<\/li>\n<li><strong>Predelovalna industrija:<\/strong> V avtomatiziranih proizvodnih linijah se cilindri rok uporabljajo za gibanje robotskih rok v procesih, kot so monta\u017ea, varjenje in ravnanje z materiali, kar pove\u010duje u\u010dinkovitost in natan\u010dnost proizvodnje.<\/li>\n<li><strong>Kmetijska mehanizacija:<\/strong> V kmetijskih strojih, kot so \u017eetveni stroji in sejalnice, cilindri rok nadzorujejo gibanje delovnih rok za naloge, kot so setev, gnojenje in \u017eetev.<\/li>\n<li><strong>Rudarska industrija:<\/strong> V rudarski opremi se cilindri rok uporabljajo za nadzor gibanja roke rudarske opreme za pridobivanje in transport rude.<\/li>\n<li><strong>Logistika in transport:<\/strong> V vili\u010darjih in robotih za manipulacijo cilindri roke nadzorujejo dvigovanje in premikanje vilic, kar omogo\u010da ravnanje z materiali in zlaganje.<\/li>\n<\/ul>\n<h2>Oblikovalski vidiki in izbirna merila<\/h2>\n<p>  <img decoding=\"async\" src=\"https:\/\/www.hydraulic-cylinders.net\/wp-content\/uploads\/2025\/01\/songte-cylinder-head-with-all-kinds-excavator-models.webp\" alt=\"Slika zasnove ro\u010dnega cilindra\"><\/p>\n<ul>\n<li><strong>Nosilnost:<\/strong> Razpravljajte o nosilnosti cilindra roke in njenem pomenu pri izbiri pravega cilindra za specifi\u010dne aplikacije.<\/li>\n<li><strong>Tesnjenje:<\/strong> Razlo\u017eite uporabo razli\u010dnih tesnil, kot so tesnila bata in tesnila batnic, izdelanih iz materialov, odpornih proti obrabi, kot sta poliuretan in nitrilna guma. Poudarite pomen fino obdelanega ohi\u0161ja valja in navojnih kon\u010dnih povr\u0161in za pove\u010danje odpornosti proti obrabi. Omenite potrebo po rednem mazanju s hidravli\u010dnim oljem.<\/li>\n<li><strong>Vzdr\u017eljivost:<\/strong> Razpravljajte o trajnosti valjev roke, upo\u0161tevajo\u010d njihove konstrukcijske materiale, povr\u0161insko obdelavo in odpornost proti koroziji.<\/li>\n<li><strong>Varnost:<\/strong> Poudarite varnostne vidike pri zasnovi cilindra roke, kot je zagotavljanje ustreznih mehanizmov za zaklepanje in varnostnih funkcij za prepre\u010devanje nesre\u010d.<\/li>\n<li><strong>Vzdr\u017eevanje:<\/strong> Razpravljajte o pomenu rednih pregledov in preventivnih vzdr\u017eevalnih ukrepov za zagotovitev dolge \u017eivljenjske dobe in optimalnega delovanja cilindrov roke.<\/li>\n<\/ul>\n<h2>Navodila za namestitev<\/h2>\n<p>  <img decoding=\"async\" src=\"https:\/\/www.hydraulic-cylinders.net\/wp-content\/uploads\/2025\/01\/songte-bushings-with-all-kinds-of-excavator-models.webp\" alt=\"Slika namestitve ro\u010dice cilindra\"><\/p>\n<p>Navedite podroben vodnik za pravilno namestitev cilindra roke, vklju\u010dno z navodili po korakih, potrebnim orodjem in varnostnimi ukrepi. Poudarite pomen upo\u0161tevanja navodil proizvajalca.<\/p>\n<h2>Varnostni vidiki in okoljski dejavniki<\/h2>\n<p>Pogovorite se o pomenu varnostnih ukrepov pri uporabi cilindri\u010dnih ro\u010dajev in o tem, kako ti prispevajo k varnemu delovnemu okolju. Poudarite potrebo po ustreznem usposabljanju, upo\u0161tevanju varnostnih protokolov in uporabi osebne za\u0161\u010ditne opreme.<\/p>\n<h2>Odpravljanje te\u017eav in pogoste te\u017eave<\/h2>\n<ul>\n<li><strong>Diagnoza napake:<\/strong> Prepoznajte pogoste te\u017eave, ki se lahko pojavijo z valji roke, in razlo\u017eite, kako jih u\u010dinkovito diagnosticirati.<\/li>\n<li><strong>Odpravljanje te\u017eav in re\u0161itve:<\/strong> Zagotovite nasvete in re\u0161itve za odpravljanje te\u017eav in re\u0161evanje ugotovljenih te\u017eav, vklju\u010dno s preventivnimi ukrepi za zmanj\u0161anje morebitnih te\u017eav.<\/li>\n<\/ul>\n<p>  <img decoding=\"async\" src=\"https:\/\/www.hydraulic-cylinders.net\/wp-content\/uploads\/2025\/01\/songte-chushion-collar.webp\" alt=\"Slika odpravljanja te\u017eav z ro\u010di\u010dnim cilindrom\"><\/p>\n<p>Ne pozabite logi\u010dno organizirati \u010dlanka z uporabo podnaslovov za la\u017ejo navigacijo. Vklju\u010dite ustrezne slike ali grafikone za bolj\u0161e razumevanje in zagotovite, da je vsebina jasna, jedrnata in primerna za bralce z razli\u010dnimi stopnjami tehni\u010dnega znanja.<\/p>\n<h2>O nas<\/h2>\n<p>  <img decoding=\"async\" src=\"https:\/\/www.hydraulic-cylinders.net\/wp-content\/uploads\/2025\/01\/songte-company-4.webp\" alt=\"Slika podjetja\"><br \/>\n  <img decoding=\"async\" src=\"https:\/\/www.hydraulic-cylinders.net\/wp-content\/uploads\/2025\/01\/songte-company-3.webp\" alt=\"Slika podjetja\"><\/p>\n<p>Smo profesionalni proizvajalec nadomestnih hidravli\u010dnih cilindrov s \u0161iroko paleto izdelkov. Postali smo eden vodilnih proizvajalcev in veleprodajnih distributerjev hidravli\u010dnih cilindrov na doma\u010dem in mednarodnem trgu. Vedno se dr\u017eimo na\u010dela odli\u010dne kakovosti in nenehno izbolj\u0161ujemo svoje tehnolo\u0161ke zmogljivosti in u\u010dinkovitost proizvodnje z izpopolnjenimi proizvodnimi delavnicami in industrializiranimi strategijami upravljanja proizvodnje. Z uvedbo vrhunske digitalne proizvodne opreme in profesionalnih sistemov testiranja optimiziramo na\u0161o proizvodno platformo in izbolj\u0161ujemo procese nadzora kakovosti izdelkov, s \u010dimer dokazujemo mo\u010dne inovacijske sposobnosti. Na\u0161 cilj je zadovoljiti raznolike potrebe strank z na\u010deli u\u010dinkovitosti, natan\u010dnosti in visoke kakovosti.<\/p>\n<p>Od profesionalnosti, mednarodnih certifikatov, prilagojenih storitev, proizvodne opreme do poprodajnih storitev, nudimo celovito predstavitev na\u0161ega podjetja.<\/p>\n<p><em>Avtor: lyl<\/em><\/p>\n<p><\/html><\/p>","protected":false},"excerpt":{"rendered":"<p>Arm Cylinder For XCMG Small Excavator XE150D Introduction Arm Cylinder is a specially designed hydraulic cylinder that provides linear motion and power to the arm of various types of machinery, such as excavators, cranes, and robotic arms. It plays a crucial role in hydraulic systems, allowing for efficient movement and control of attachments or accessories. [&hellip;]<\/p>","protected":false},"featured_media":14770,"comment_status":"open","ping_status":"closed","template":"","meta":{"_et_pb_use_builder":"","_et_pb_old_content":"","_et_gb_content_width":""},"product_brand":[],"product_cat":[1497],"product_tag":[1498,1496],"class_list":{"0":"post-16391","1":"product","2":"type-product","3":"status-publish","4":"has-post-thumbnail","6":"product_cat-arm-cylinders","7":"product_tag-arm-cylinders","8":"product_tag-hydraulic-cylinders","10":"first","11":"instock","12":"shipping-taxable","13":"product-type-simple"},"amp_enabled":true,"_links":{"self":[{"href":"https:\/\/www.hydraulic-cylinders.net\/sl\/wp-json\/wp\/v2\/product\/16391","targetHints":{"allow":["GET"]}}],"collection":[{"href":"https:\/\/www.hydraulic-cylinders.net\/sl\/wp-json\/wp\/v2\/product"}],"about":[{"href":"https:\/\/www.hydraulic-cylinders.net\/sl\/wp-json\/wp\/v2\/types\/product"}],"replies":[{"embeddable":true,"href":"https:\/\/www.hydraulic-cylinders.net\/sl\/wp-json\/wp\/v2\/comments?post=16391"}],"wp:featuredmedia":[{"embeddable":true,"href":"https:\/\/www.hydraulic-cylinders.net\/sl\/wp-json\/wp\/v2\/media\/14770"}],"wp:attachment":[{"href":"https:\/\/www.hydraulic-cylinders.net\/sl\/wp-json\/wp\/v2\/media?parent=16391"}],"wp:term":[{"taxonomy":"product_brand","embeddable":true,"href":"https:\/\/www.hydraulic-cylinders.net\/sl\/wp-json\/wp\/v2\/product_brand?post=16391"},{"taxonomy":"product_cat","embeddable":true,"href":"https:\/\/www.hydraulic-cylinders.net\/sl\/wp-json\/wp\/v2\/product_cat?post=16391"},{"taxonomy":"product_tag","embeddable":true,"href":"https:\/\/www.hydraulic-cylinders.net\/sl\/wp-json\/wp\/v2\/product_tag?post=16391"}],"curies":[{"name":"delovni list","href":"https:\/\/api.w.org\/{rel}","templated":true}]}}